{"id":7405,"date":"2022-07-24T14:41:49","date_gmt":"2022-07-24T14:41:49","guid":{"rendered":"https:\/\/yindamachinery.com\/?page_id=7405"},"modified":"2025-10-21T08:31:31","modified_gmt":"2025-10-21T08:31:31","slug":"maquina-de-embalar-po-vertical","status":"publish","type":"page","link":"https:\/\/yindamachinery.com\/pt\/maquina-de-embalar-po-vertical\/","title":{"rendered":"M\u00e1quina de embalagem de p\u00f3 vertical"},"content":{"rendered":"<div data-elementor-type=\"wp-page\" data-elementor-id=\"7405\" class=\"elementor elementor-7405\">\n\t\t\t\t\t\t<section class=\"elementor-section elementor-top-section elementor-element elementor-element-b8812dd elementor-section-boxed elementor-section-height-default elementor-section-height-default\" data-id=\"b8812dd\" data-element_type=\"section\" data-e-type=\"section\">\n\t\t\t\t\t\t<div class=\"elementor-container elementor-column-gap-default\">\n\t\t\t\t\t<div class=\"elementor-column elementor-col-66 elementor-top-column elementor-element elementor-element-f0266ca\" data-id=\"f0266ca\" data-element_type=\"column\" data-e-type=\"column\">\n\t\t\t<div class=\"elementor-widget-wrap elementor-element-populated\">\n\t\t\t\t\t\t<div class=\"elementor-element elementor-element-8839d29 elementor-widget elementor-widget-text-editor\" data-id=\"8839d29\" data-element_type=\"widget\" data-e-type=\"widget\" data-widget_type=\"text-editor.default\">\n\t\t\t\t<div class=\"elementor-widget-container\">\n\t\t\t\t\t\t\t\t\t<h1><strong>M\u00e1quina de embalagem de p\u00f3 vertical YDBZ-2 <\/strong><\/h1><p><img fetchpriority=\"high\" decoding=\"async\" class=\"alignnone size-full wp-image-7409\" src=\"https:\/\/yindamachinery.com\/wp-content\/uploads\/2022\/07\/YDBZ-2-vertical-Powder-packing-machine-1.png\" alt=\"ydbz 2 m\u00e1quina de embalagem de p\u00f3 vertical (1)\" width=\"394\" height=\"646\" srcset=\"https:\/\/yindamachinery.com\/wp-content\/uploads\/2022\/07\/YDBZ-2-vertical-Powder-packing-machine-1.png 394w, https:\/\/yindamachinery.com\/wp-content\/uploads\/2022\/07\/YDBZ-2-vertical-Powder-packing-machine-1-7x12.png 7w\" sizes=\"(max-width: 394px) 100vw, 394px\" \/><\/p><h2><strong>Descri\u00e7\u00e3o <\/strong><\/h2><p>Esta m\u00e1quina e a m\u00e1quina de medi\u00e7\u00e3o podem completar automaticamente todo o processo de embalagem de medi\u00e7\u00e3o, alimenta\u00e7\u00e3o, enchimento, fabrica\u00e7\u00e3o de sacos, impress\u00e3o de data, infla\u00e7\u00e3o (exaust\u00e3o) e entrega do produto acabado, e completar automaticamente a contagem.<\/p><p>\u00c9 adequado para embalagem de leite em p\u00f3, prote\u00edna em p\u00f3, bebida s\u00f3lida, a\u00e7\u00facar, glicose, caf\u00e9 em p\u00f3, especiarias, aditivos alimentares, etc.<\/p><h2><strong>Vantagens<\/strong><\/h2><ol><li>O equipamento adota a tra\u00e7\u00e3o e libera\u00e7\u00e3o de filme acionadas por servo para garantir a tra\u00e7\u00e3o precisa do filme e o efeito de embalagem de saco limpo e bonito.<\/li><li>O equipamento adota componentes el\u00e9tricos famosos nacionais\/estrangeiros e foi testado por muitos anos no mercado para garantir um desempenho mais est\u00e1vel e dur\u00e1vel.<\/li><li>A m\u00e1quina inteira \u00e9 projetada de acordo com o padr\u00e3o GMP e passou pela certifica\u00e7\u00e3o CE.<\/li><li>Toda a m\u00e1quina \u00e9 feita de a\u00e7o inoxid\u00e1vel 304, de acordo com os padr\u00f5es de produ\u00e7\u00e3o de alimentos e medicamentos, para garantir limpeza e higiene<\/li><li>O parafuso de medi\u00e7\u00e3o \u00e9 feito por m\u00e1quina-ferramenta CNC com mec\u00e2nica de precis\u00e3o, com processo suave e alta precis\u00e3o de medi\u00e7\u00e3o<\/li><li>Adote o controle de acionamento do servo motor, desempenho r\u00e1pido e est\u00e1vel, velocidade de produ\u00e7\u00e3o r\u00e1pida<\/li><\/ol><h2><strong>Dados t\u00e9cnicos<\/strong><\/h2><table><tbody><tr><td width=\"225\"><p>Modelos<\/p><\/td><td width=\"216\"><p>YDBZ-2<\/p><\/td><td width=\"302\"><p>YDBZ-3<\/p><\/td><td width=\"302\"><p>YDBZ-4<\/p><\/td><\/tr><tr><td width=\"225\"><p>Tamanho do saco (mm)<\/p><\/td><td width=\"216\"><p>W:50-150<br \/>L:50-200<\/p><\/td><td width=\"302\"><p>W:80-200<br \/>L:80-250<\/p><\/td><td width=\"302\"><p>W:80-200<br \/>L:80-250<\/p><\/td><\/tr><tr><td width=\"225\"><p>Forma do saco<\/p><\/td><td colspan=\"3\" width=\"820\"><p>Bolsa de travesseiro, bolsa de buraco, bolsa de corrente, bolsa de pinos<\/p><\/td><\/tr><tr><td width=\"225\"><p>Pot\u00eancia (kw)<\/p><\/td><td colspan=\"3\" width=\"820\"><p>2.5<\/p><\/td><\/tr><tr><td width=\"225\"><p>Faixa de peso da embalagem (p\u00f3) (g)<\/p><\/td><td width=\"216\"><p>\u2264200<\/p><\/td><td width=\"302\"><p>\u2264200<\/p><\/td><td width=\"302\"><p>\u22641500<\/p><\/td><\/tr><tr><td width=\"225\"><p>Velocidade de embalagem (saco\/min)<\/p><\/td><td colspan=\"3\" width=\"820\"><p>25-60 (de acordo com as caracter\u00edsticas do material e peso da embalagem)<\/p><\/td><\/tr><tr><td width=\"225\"><p>Velocidade de embalagem (saco\/min)<\/p><\/td><td colspan=\"3\" width=\"820\"><p>\u00b11% (de acordo com as caracter\u00edsticas do material e peso da embalagem)<\/p><\/td><\/tr><tr><td width=\"225\"><p>Tamanho do saco (mm)<\/p><\/td><td width=\"216\"><p>W:50-150<br \/>L:50-200<\/p><\/td><td width=\"302\"><p>W:80-200<br \/>L:80-250<\/p><\/td><td width=\"302\"><p>W:80-200<br \/>L:80-250<\/p><\/td><\/tr><\/tbody><\/table><h2><img decoding=\"async\" class=\"alignnone size-full wp-image-7412\" src=\"https:\/\/yindamachinery.com\/wp-content\/uploads\/2022\/07\/YDBZ-2-vertical-Powder-packing-machine-4.png\" alt=\"ydbz 2 m\u00e1quina de embalagem de p\u00f3 vertical (4)\" width=\"435\" height=\"333\" srcset=\"https:\/\/yindamachinery.com\/wp-content\/uploads\/2022\/07\/YDBZ-2-vertical-Powder-packing-machine-4.png 435w, https:\/\/yindamachinery.com\/wp-content\/uploads\/2022\/07\/YDBZ-2-vertical-Powder-packing-machine-4-16x12.png 16w\" sizes=\"(max-width: 435px) 100vw, 435px\" \/> <img decoding=\"async\" class=\"alignnone size-full wp-image-7411\" src=\"https:\/\/yindamachinery.com\/wp-content\/uploads\/2022\/07\/YDBZ-2-vertical-Powder-packing-machine-3.png\" alt=\"m\u00e1quina de embalagem de p\u00f3 vertical ydbz 2 (3)\" width=\"979\" height=\"800\" srcset=\"https:\/\/yindamachinery.com\/wp-content\/uploads\/2022\/07\/YDBZ-2-vertical-Powder-packing-machine-3.png 979w, https:\/\/yindamachinery.com\/wp-content\/uploads\/2022\/07\/YDBZ-2-vertical-Powder-packing-machine-3-768x628.png 768w, https:\/\/yindamachinery.com\/wp-content\/uploads\/2022\/07\/YDBZ-2-vertical-Powder-packing-machine-3-15x12.png 15w\" sizes=\"(max-width: 979px) 100vw, 979px\" \/><\/h2><h2><strong>Qual bolsa voc\u00ea quer?<\/strong><\/h2><p>\u00a0<\/p><p><img loading=\"lazy\" decoding=\"async\" class=\"alignnone size-full wp-image-7413\" src=\"https:\/\/yindamachinery.com\/wp-content\/uploads\/2022\/07\/YDBZ-2-vertical-Powder-packing-machine-5.png\" alt=\"ydbz 2 m\u00e1quina de embalagem de p\u00f3 vertical (5)\" width=\"949\" height=\"482\" srcset=\"https:\/\/yindamachinery.com\/wp-content\/uploads\/2022\/07\/YDBZ-2-vertical-Powder-packing-machine-5.png 949w, https:\/\/yindamachinery.com\/wp-content\/uploads\/2022\/07\/YDBZ-2-vertical-Powder-packing-machine-5-768x390.png 768w, https:\/\/yindamachinery.com\/wp-content\/uploads\/2022\/07\/YDBZ-2-vertical-Powder-packing-machine-5-18x9.png 18w\" sizes=\"(max-width: 949px) 100vw, 949px\" \/><\/p><h2><strong>M\u00e9todos de alimenta\u00e7\u00e3o opcionais:<\/strong><\/h2><p><img loading=\"lazy\" decoding=\"async\" class=\"alignnone size-full wp-image-7410\" src=\"https:\/\/yindamachinery.com\/wp-content\/uploads\/2022\/07\/YDBZ-2-vertical-Powder-packing-machine-2.png\" alt=\"ydbz 2 m\u00e1quina de embalagem de p\u00f3 vertical (2)\" width=\"929\" height=\"695\" srcset=\"https:\/\/yindamachinery.com\/wp-content\/uploads\/2022\/07\/YDBZ-2-vertical-Powder-packing-machine-2.png 929w, https:\/\/yindamachinery.com\/wp-content\/uploads\/2022\/07\/YDBZ-2-vertical-Powder-packing-machine-2-768x575.png 768w, https:\/\/yindamachinery.com\/wp-content\/uploads\/2022\/07\/YDBZ-2-vertical-Powder-packing-machine-2-16x12.png 16w\" sizes=\"(max-width: 929px) 100vw, 929px\" \/><\/p><p>\u00a0<\/p><p>\u00a0<\/p><p>\u00a0<\/p>\t\t\t\t\t\t\t\t<\/div>\n\t\t\t\t<\/div>\n\t\t\t\t\t<\/div>\n\t\t<\/div>\n\t\t\t\t<div class=\"elementor-column elementor-col-33 elementor-top-column elementor-element elementor-element-ef0e054\" data-id=\"ef0e054\" data-element_type=\"column\" data-e-type=\"column\">\n\t\t\t<div class=\"elementor-widget-wrap elementor-element-populated\">\n\t\t\t\t\t\t<div class=\"elementor-element elementor-element-c91ca70 elementor-widget elementor-widget-text-editor\" data-id=\"c91ca70\" data-element_type=\"widget\" data-e-type=\"widget\" data-widget_type=\"text-editor.default\">\n\t\t\t\t<div class=\"elementor-widget-container\">\n\t\t\t\t\t\t\t\t\t<p><\/p>\t\t\t\t\t\t\t\t<\/div>\n\t\t\t\t<\/div>\n\t\t\t\t<div class=\"elementor-element elementor-element-c146b7b elementor-widget elementor-widget-sidebar\" data-id=\"c146b7b\" data-element_type=\"widget\" data-e-type=\"widget\" data-widget_type=\"sidebar.default\">\n\t\t\t\t<div class=\"elementor-widget-container\">\n\t\t\t\t\t<aside id=\"search-2\" class=\"widget widget_search\"><form role=\"search\" method=\"get\" class=\"search-form\" action=\"https:\/\/yindamachinery.com\/pt\/\" data-trp-original-action=\"https:\/\/yindamachinery.com\/pt\/\">\n\t<label for=\"search-field\">\n\t\t<span class=\"screen-reader-text\">Procurar por:<\/span>\n\t\t<input type=\"search\" id=\"search-field\" class=\"search-field\"   placeholder=\"Search...\" value=\"\" name=\"s\" tabindex=\"-1\">\n\t\t\t<\/label>\n\t\t\t<input type=\"submit\" class=\"search-submit\" value=\"Procurar\">\n\t<input type=\"hidden\" name=\"trp-form-language\" value=\"pt\"\/><\/form>\n<\/aside>\n\t\t<aside id=\"recent-posts-3\" class=\"widget widget_recent_entries\">\n\t\t<h2 class=\"widget-title\">Novos Produtos<\/h2><nav aria-label=\"Novos Produtos\">\n\t\t<ul>\n\t\t\t\t\t\t\t\t\t\t\t<li>\n\t\t\t\t\t<a href=\"https:\/\/yindamachinery.com\/pt\/hammer-mill-grinder-machine-high-efficiency-pulverizing-solution-by-yinda-machinery\/\">Hammer Mill Grinder Machine \u2013 High-Efficiency Pulverizing Solution by Yinda Machinery<\/a>\n\t\t\t\t\t\t\t\t\t<\/li>\n\t\t\t\t\t\t\t\t\t\t\t<li>\n\t\t\t\t\t<a href=\"https:\/\/yindamachinery.com\/pt\/advanced-pharmaceutical-powder-processing-equipment-vibrating-sifter-solution-by-yinda-machinery\/\">Advanced Pharmaceutical Powder Processing Equipment Vibrating Sifter Solution by Yinda Machinery<\/a>\n\t\t\t\t\t\t\t\t\t<\/li>\n\t\t\t\t\t\t\t\t\t\t\t<li>\n\t\t\t\t\t<a href=\"https:\/\/yindamachinery.com\/pt\/how-to-choose-the-right-chicory-grinding-machine-for-efficient-powder-production\/\">How to Choose the Right Chicory Grinding Machine for Efficient Powder Production<\/a>\n\t\t\t\t\t\t\t\t\t<\/li>\n\t\t\t\t\t\t\t\t\t\t\t<li>\n\t\t\t\t\t<a href=\"https:\/\/yindamachinery.com\/pt\/what-machine-is-suitable-for-coarse-crushing-high-oil-nuts\/\">What Machine Is Suitable for Coarse Crushing High-Oil Nuts<\/a>\n\t\t\t\t\t\t\t\t\t<\/li>\n\t\t\t\t\t\t\t\t\t\t\t<li>\n\t\t\t\t\t<a href=\"https:\/\/yindamachinery.com\/pt\/3d-powder-mixing-solutions-3d-blender-mixer-machine-by-yinda-machinery\/\">3D Powder Mixing Solutions | 3D Blender Mixer Machine by Yinda Machinery<\/a>\n\t\t\t\t\t\t\t\t\t<\/li>\n\t\t\t\t\t<\/ul>\n\n\t\t<\/nav><\/aside><aside id=\"categories-2\" class=\"widget widget_categories\"><h2 class=\"widget-title\">Pesquisa r\u00e1pida<\/h2><nav aria-label=\"Pesquisa r\u00e1pida\">\n\t\t\t<ul>\n\t\t\t\t\t<li class=\"cat-item cat-item-1\"><a href=\"https:\/\/yindamachinery.com\/pt\/categoria\/blog\/\">Blogue<\/a>\n<\/li>\n\t<li class=\"cat-item cat-item-12\"><a href=\"https:\/\/yindamachinery.com\/pt\/categoria\/liquidificador-duplo\/\">Liquidificador duplo<\/a>\n<\/li>\n\t<li class=\"cat-item cat-item-10\"><a href=\"https:\/\/yindamachinery.com\/pt\/categoria\/liquidificador\/\">Batedor de fitas<\/a>\n<\/li>\n\t\t\t<\/ul>\n\n\t\t\t<\/nav><\/aside><aside id=\"custom_html-8\" class=\"widget_text widget widget_custom_html\"><div class=\"textwidget custom-html-widget\"><div class=\"quickQuote divScroll\">\r\n<div class=\"quickQuoteTitle\">Envie sua consulta hoje<\/div>\r\n<form name=\"form1\" method=\"post\" action=\"https:\/\/yindamachinery.wufoo.com\/forms\/z1w948rh0coebsw\/#public\">\r\n<input name=\"Field1\" type=\"text\" value=\"\" placeholder=\"Nome*\" required \/>\r\n<input name=\"Field2\" type=\"email\" value=\"\" placeholder=\"E-mail*\" required \/>\r\n<input name=\"Field3\" type=\"text\" value=\"\" placeholder=\"Telefone\" \/>\r\n<textarea name=\"Field4\" placeholder=\"Mensagem*\" required><\/textarea>\r\n<div class=\"hidden\"><input name=\"Field5\" type=\"text\" value=\"http:\/\/yindamachinery.com\/pt\/wp-json\/wp\/v2\/pages\/7405\"\/><\/div>\r\n<div class=\"hidden\"><input name=\"Field6\" type=\"text\" value=\"216.73.216.73, Columbus, United States\"\/><\/div>\r\n<div class=\"text-right\"><input name=\"saveForm\" type=\"submit\" value=\"Enviar\"\/><\/div>\r\n<div class=\"hidden\">\r\n<textarea name=\"comment\" id=\"comment\" rows=\"1\" cols=\"1\"><\/textarea>\r\n<input type=\"hidden\" id=\"idstamp\" name=\"idstamp\" value=\"Z76ScsiwY4S4aTigjiNXzc+TU2c4yz9sdD5K49qczUs=\" >\r\n<input type=\"hidden\" id=\"encryptedPassword\" name=\"encryptedPassword\" value=\"\" >\r\n<\/div>\r\n<\/form>\r\n<\/div><\/div><\/aside>\t\t\t\t<\/div>\n\t\t\t\t<\/div>\n\t\t\t\t\t<\/div>\n\t\t<\/div>\n\t\t\t\t\t<\/div>\n\t\t<\/section>\n\t\t\t\t<\/div>","protected":false},"excerpt":{"rendered":"","protected":false},"author":1,"featured_media":0,"parent":0,"menu_order":0,"comment_status":"closed","ping_status":"closed","template":"","meta":{"_acf_changed":false,"_seopress_robots_primary_cat":"","_seopress_titles_title":"Vertical Powder Packing Machine | Yinda Machinery","_seopress_titles_desc":"The stainless steel-made vertical powder packing machine can pack milk, spice, and coffee powder at 50-65 BPM. Get a free quote!","_seopress_robots_index":"","site-sidebar-layout":"no-sidebar","site-content-layout":"page-builder","ast-site-content-layout":"default","site-content-style":"default","site-sidebar-style":"default","ast-global-header-display":"","ast-banner-title-visibility":"","ast-main-header-display":"","ast-hfb-above-header-display":"","ast-hfb-below-header-display":"","ast-hfb-mobile-header-display":"","site-post-title":"disabled","ast-breadcrumbs-content":"","ast-featured-img":"disabled","footer-sml-layout":"","ast-disable-related-posts":"","theme-transparent-header-meta":"default","adv-header-id-meta":"","stick-header-meta":"","header-above-stick-meta":"","header-main-stick-meta":"","header-below-stick-meta":"","astra-migrate-meta-layouts":"default","ast-page-background-enabled":"default","ast-page-background-meta":{"desktop":{"background-color":"","background-image":"","background-repeat":"repeat","background-position":"center center","background-size":"auto","background-attachment":"scroll","background-type":"","background-media":"","overlay-type":"","overlay-color":"","overlay-opacity":"","overlay-gradient":""},"tablet":{"background-color":"","background-image":"","background-repeat":"repeat","background-position":"center center","background-size":"auto","background-attachment":"scroll","background-type":"","background-media":"","overlay-type":"","overlay-color":"","overlay-opacity":"","overlay-gradient":""},"mobile":{"background-color":"","background-image":"","background-repeat":"repeat","background-position":"center center","background-size":"auto","background-attachment":"scroll","background-type":"","background-media":"","overlay-type":"","overlay-color":"","overlay-opacity":"","overlay-gradient":""}},"ast-content-background-meta":{"desktop":{"background-color":"var(--ast-global-color-5)","background-image":"","background-repeat":"repeat","background-position":"center center","background-size":"auto","background-attachment":"scroll","background-type":"","background-media":"","overlay-type":"","overlay-color":"","overlay-opacity":"","overlay-gradient":""},"tablet":{"background-color":"var(--ast-global-color-5)","background-image":"","background-repeat":"repeat","background-position":"center center","background-size":"auto","background-attachment":"scroll","background-type":"","background-media":"","overlay-type":"","overlay-color":"","overlay-opacity":"","overlay-gradient":""},"mobile":{"background-color":"var(--ast-global-color-5)","background-image":"","background-repeat":"repeat","background-position":"center center","background-size":"auto","background-attachment":"scroll","background-type":"","background-media":"","overlay-type":"","overlay-color":"","overlay-opacity":"","overlay-gradient":""}},"footnotes":""},"class_list":["post-7405","page","type-page","status-publish","hentry"],"acf":[],"_links":{"self":[{"href":"https:\/\/yindamachinery.com\/pt\/wp-json\/wp\/v2\/pages\/7405","targetHints":{"allow":["GET"]}}],"collection":[{"href":"https:\/\/yindamachinery.com\/pt\/wp-json\/wp\/v2\/pages"}],"about":[{"href":"https:\/\/yindamachinery.com\/pt\/wp-json\/wp\/v2\/types\/page"}],"author":[{"embeddable":true,"href":"https:\/\/yindamachinery.com\/pt\/wp-json\/wp\/v2\/users\/1"}],"replies":[{"embeddable":true,"href":"https:\/\/yindamachinery.com\/pt\/wp-json\/wp\/v2\/comments?post=7405"}],"version-history":[{"count":1,"href":"https:\/\/yindamachinery.com\/pt\/wp-json\/wp\/v2\/pages\/7405\/revisions"}],"predecessor-version":[{"id":8982,"href":"https:\/\/yindamachinery.com\/pt\/wp-json\/wp\/v2\/pages\/7405\/revisions\/8982"}],"wp:attachment":[{"href":"https:\/\/yindamachinery.com\/pt\/wp-json\/wp\/v2\/media?parent=7405"}],"curies":[{"name":"wp","href":"https:\/\/api.w.org\/{rel}","templated":true}]}}