{"id":7387,"date":"2022-07-14T14:05:11","date_gmt":"2022-07-14T14:05:11","guid":{"rendered":"https:\/\/yindamachinery.com\/?page_id=7387"},"modified":"2025-10-20T15:20:03","modified_gmt":"2025-10-20T15:20:03","slug":"caixa-ibc","status":"publish","type":"page","link":"https:\/\/yindamachinery.com\/pt\/caixa-ibc\/","title":{"rendered":"Caixa IBC"},"content":{"rendered":"<div data-elementor-type=\"wp-page\" data-elementor-id=\"7387\" class=\"elementor elementor-7387\">\n\t\t\t\t\t\t<section class=\"elementor-section elementor-top-section elementor-element elementor-element-2379fbd6 elementor-section-boxed elementor-section-height-default elementor-section-height-default\" data-id=\"2379fbd6\" data-element_type=\"section\" data-e-type=\"section\">\n\t\t\t\t\t\t<div class=\"elementor-container elementor-column-gap-default\">\n\t\t\t\t\t<div class=\"elementor-column elementor-col-50 elementor-top-column elementor-element elementor-element-7fec76e1\" data-id=\"7fec76e1\" data-element_type=\"column\" data-e-type=\"column\">\n\t\t\t<div class=\"elementor-widget-wrap elementor-element-populated\">\n\t\t\t\t\t\t<div class=\"elementor-element elementor-element-4918c8c1 elementor-widget elementor-widget-image\" data-id=\"4918c8c1\" data-element_type=\"widget\" data-e-type=\"widget\" data-widget_type=\"image.default\">\n\t\t\t\t<div class=\"elementor-widget-container\">\n\t\t\t\t\t\t\t\t\t\t\t\t\t\t\t<img fetchpriority=\"high\" decoding=\"async\" width=\"491\" height=\"494\" src=\"https:\/\/yindamachinery.com\/wp-content\/uploads\/2022\/07\/IBC-bin.png\" class=\"attachment-large size-large wp-image-7392\" alt=\"caixa ibc\" srcset=\"https:\/\/yindamachinery.com\/wp-content\/uploads\/2022\/07\/IBC-bin.png 491w, https:\/\/yindamachinery.com\/wp-content\/uploads\/2022\/07\/IBC-bin-150x150.png 150w, https:\/\/yindamachinery.com\/wp-content\/uploads\/2022\/07\/IBC-bin-12x12.png 12w\" sizes=\"(max-width: 491px) 100vw, 491px\" \/>\t\t\t\t\t\t\t\t\t\t\t\t\t\t\t<\/div>\n\t\t\t\t<\/div>\n\t\t\t\t\t<\/div>\n\t\t<\/div>\n\t\t\t\t<div class=\"elementor-column elementor-col-50 elementor-top-column elementor-element elementor-element-afa90c5\" data-id=\"afa90c5\" data-element_type=\"column\" data-e-type=\"column\">\n\t\t\t<div class=\"elementor-widget-wrap elementor-element-populated\">\n\t\t\t\t\t\t<div class=\"elementor-element elementor-element-13e9e563 elementor-widget elementor-widget-spacer\" data-id=\"13e9e563\" data-element_type=\"widget\" data-e-type=\"widget\" data-widget_type=\"spacer.default\">\n\t\t\t\t<div class=\"elementor-widget-container\">\n\t\t\t\t\t\t\t<div class=\"elementor-spacer\">\n\t\t\t<div class=\"elementor-spacer-inner\"><\/div>\n\t\t<\/div>\n\t\t\t\t\t\t<\/div>\n\t\t\t\t<\/div>\n\t\t\t\t<div class=\"elementor-element elementor-element-381cdadc elementor-widget elementor-widget-text-editor\" data-id=\"381cdadc\" data-element_type=\"widget\" data-e-type=\"widget\" data-widget_type=\"text-editor.default\">\n\t\t\t\t<div class=\"elementor-widget-container\">\n\t\t\t\t\t\t\t\t\t<h1 style=\"text-align: center;\">Caixa IBC<\/h1><p>Yinda \u00e9 um dos melhores fabricantes e fornecedores de caixas IBC da China. Se voc\u00ea estiver procurando por IBC bin, voc\u00ea pode responder sobre n\u00f3s.<\/p><p>Os equipamentos de armazenagem no sistema mecanizado de movimenta\u00e7\u00e3o de materiais a granel, exercem principalmente a fun\u00e7\u00e3o de armazenagem intermedi\u00e1ria, buffer do sistema e opera\u00e7\u00e3o balanceada. O dispositivo de silo consiste em silo, componentes de alimenta\u00e7\u00e3o e descarga.<\/p>\t\t\t\t\t\t\t\t<\/div>\n\t\t\t\t<\/div>\n\t\t\t\t<div class=\"elementor-element elementor-element-2d0e0d13 elementor-align-center elementor-widget elementor-widget-button\" data-id=\"2d0e0d13\" data-element_type=\"widget\" data-e-type=\"widget\" data-widget_type=\"button.default\">\n\t\t\t\t<div class=\"elementor-widget-container\">\n\t\t\t\t\t\t\t\t\t<div class=\"elementor-button-wrapper\">\n\t\t\t\t\t<a class=\"elementor-button elementor-button-link elementor-size-md\" href=\"https:\/\/yindamachinery.com\/pt\/contate-nos\/\">\n\t\t\t\t\t\t<span class=\"elementor-button-content-wrapper\">\n\t\t\t\t\t\t\t\t\t<span class=\"elementor-button-text\">FA\u00c7A UMA COTA\u00c7\u00c3O AGORA!<\/span>\n\t\t\t\t\t<\/span>\n\t\t\t\t\t<\/a>\n\t\t\t\t<\/div>\n\t\t\t\t\t\t\t\t<\/div>\n\t\t\t\t<\/div>\n\t\t\t\t\t<\/div>\n\t\t<\/div>\n\t\t\t\t\t<\/div>\n\t\t<\/section>\n\t\t\t\t<section class=\"elementor-section elementor-top-section elementor-element elementor-element-59969299 elementor-section-boxed elementor-section-height-default elementor-section-height-default\" data-id=\"59969299\" data-element_type=\"section\" data-e-type=\"section\">\n\t\t\t\t\t\t<div class=\"elementor-container elementor-column-gap-default\">\n\t\t\t\t\t<div class=\"elementor-column elementor-col-50 elementor-top-column elementor-element elementor-element-1b554453\" data-id=\"1b554453\" data-element_type=\"column\" data-e-type=\"column\">\n\t\t\t<div class=\"elementor-widget-wrap elementor-element-populated\">\n\t\t\t\t\t\t<div class=\"elementor-element elementor-element-3fdcdb41 elementor-widget elementor-widget-text-editor\" data-id=\"3fdcdb41\" data-element_type=\"widget\" data-e-type=\"widget\" data-widget_type=\"text-editor.default\">\n\t\t\t\t<div class=\"elementor-widget-container\">\n\t\t\t\t\t\t\t\t\t<h2 style=\"text-align: center;\">Inscri\u00e7\u00e3o:<\/h2><ol><li>Sistema de enchimento IBC<\/li><li>Sistema de granula\u00e7\u00e3o<\/li><li>Sistema de mistura de p\u00f3<\/li><li>Biofarmac\u00eauticos<\/li><li>Sistema de comprimidos e embalagens<\/li><\/ol><div><h2 style=\"text-align: center;\">Vantagem<\/h2><ol><li>Nosso silo IBC, seja de 200 litros ou 2000 litros, n\u00e3o tem espa\u00e7o morto para facilitar a limpeza para garantir que os silos IBC n\u00e3o causem contamina\u00e7\u00e3o cruzada.<\/li><li>As soldas internas e externas s\u00e3o retificadas e niveladas com a superf\u00edcie da placa.<\/li><li>Nossas soldas de alta qualidade completam a apar\u00eancia ap\u00f3s moagem e polimento.<\/li><li>Para a ind\u00fastria farmac\u00eautica, geralmente usamos nosso sistema de tampa estampada leve, que \u00e9 f\u00e1cil de remover e limpar e pesa muito pouco.<\/li><li>A fixa\u00e7\u00e3o \u00e9 facilitada por um anel de fixa\u00e7\u00e3o exc\u00eantrico integral com trava de seguran\u00e7a antiviola\u00e7\u00e3o.<\/li><li>O silo IBC \u00e9 feito de tubos totalmente fechados e \u00e9 fornecido com pernas verticais redondas ou tubos quadrados e p\u00e9s de pl\u00e1stico embutidos na cor branca, para que o piso n\u00e3o seja danificado durante o manuseio.<\/li><\/ol><\/div>\t\t\t\t\t\t\t\t<\/div>\n\t\t\t\t<\/div>\n\t\t\t\t\t<\/div>\n\t\t<\/div>\n\t\t\t\t<div class=\"elementor-column elementor-col-50 elementor-top-column elementor-element elementor-element-517beda9\" data-id=\"517beda9\" data-element_type=\"column\" data-e-type=\"column\">\n\t\t\t<div class=\"elementor-widget-wrap elementor-element-populated\">\n\t\t\t\t\t\t<div class=\"elementor-element elementor-element-5a70b628 elementor-widget elementor-widget-spacer\" data-id=\"5a70b628\" data-element_type=\"widget\" data-e-type=\"widget\" data-widget_type=\"spacer.default\">\n\t\t\t\t<div class=\"elementor-widget-container\">\n\t\t\t\t\t\t\t<div class=\"elementor-spacer\">\n\t\t\t<div class=\"elementor-spacer-inner\"><\/div>\n\t\t<\/div>\n\t\t\t\t\t\t<\/div>\n\t\t\t\t<\/div>\n\t\t\t\t<div class=\"elementor-element elementor-element-b623057 elementor-arrows-position-inside elementor-pagination-position-outside elementor-widget elementor-widget-image-carousel\" data-id=\"b623057\" data-element_type=\"widget\" data-e-type=\"widget\" data-settings=\"{&quot;slides_to_show&quot;:&quot;1&quot;,&quot;navigation&quot;:&quot;both&quot;,&quot;autoplay&quot;:&quot;yes&quot;,&quot;pause_on_hover&quot;:&quot;yes&quot;,&quot;pause_on_interaction&quot;:&quot;yes&quot;,&quot;autoplay_speed&quot;:5000,&quot;infinite&quot;:&quot;yes&quot;,&quot;effect&quot;:&quot;slide&quot;,&quot;speed&quot;:500}\" data-widget_type=\"image-carousel.default\">\n\t\t\t\t<div class=\"elementor-widget-container\">\n\t\t\t\t\t\t\t<div class=\"elementor-image-carousel-wrapper swiper\" role=\"region\" aria-roledescription=\"carousel\" aria-label=\"Carrusel de im\u00e1genes\" dir=\"ltr\" data-no-translation-aria-label=\"\">\n\t\t\t<div class=\"elementor-image-carousel swiper-wrapper\" aria-live=\"off\">\n\t\t\t\t\t\t\t\t<div class=\"swiper-slide\" role=\"group\" aria-roledescription=\"slide\" aria-label=\"1 de 3\" data-no-translation-aria-label=\"\"><figure class=\"swiper-slide-inner\"><img decoding=\"async\" class=\"swiper-slide-image\" src=\"https:\/\/yindamachinery.com\/wp-content\/uploads\/2022\/07\/IBC-bin-drawing.png\" alt=\"desenho de caixa ibc\" \/><\/figure><\/div><div class=\"swiper-slide\" role=\"group\" aria-roledescription=\"slide\" aria-label=\"2 de 3\" data-no-translation-aria-label=\"\"><figure class=\"swiper-slide-inner\"><img decoding=\"async\" class=\"swiper-slide-image\" src=\"https:\/\/yindamachinery.com\/wp-content\/uploads\/2022\/07\/IBC-bin-photo.png\" alt=\"foto da caixa ibc\" \/><\/figure><\/div><div class=\"swiper-slide\" role=\"group\" aria-roledescription=\"slide\" aria-label=\"3 de 3\" data-no-translation-aria-label=\"\"><figure class=\"swiper-slide-inner\"><img decoding=\"async\" class=\"swiper-slide-image\" src=\"https:\/\/yindamachinery.com\/wp-content\/uploads\/2022\/07\/IBC-bins.png\" alt=\"caixas ibc\" \/><\/figure><\/div>\t\t\t<\/div>\n\t\t\t\t\t\t\t\t\t\t\t\t<div class=\"elementor-swiper-button elementor-swiper-button-prev\" role=\"button\" tabindex=\"0\">\n\t\t\t\t\t\t<i aria-hidden=\"true\" class=\"eicon-chevron-left\"><\/i>\t\t\t\t\t<\/div>\n\t\t\t\t\t<div class=\"elementor-swiper-button elementor-swiper-button-next\" role=\"button\" tabindex=\"0\">\n\t\t\t\t\t\t<i aria-hidden=\"true\" class=\"eicon-chevron-right\"><\/i>\t\t\t\t\t<\/div>\n\t\t\t\t\n\t\t\t\t\t\t\t\t\t<div class=\"swiper-pagination\"><\/div>\n\t\t\t\t\t\t\t\t\t<\/div>\n\t\t\t\t\t\t<\/div>\n\t\t\t\t<\/div>\n\t\t\t\t\t<\/div>\n\t\t<\/div>\n\t\t\t\t\t<\/div>\n\t\t<\/section>\n\t\t\t\t<section class=\"elementor-section elementor-top-section elementor-element elementor-element-2f48bef0 elementor-section-boxed elementor-section-height-default elementor-section-height-default\" data-id=\"2f48bef0\" data-element_type=\"section\" data-e-type=\"section\">\n\t\t\t\t\t\t<div class=\"elementor-container elementor-column-gap-default\">\n\t\t\t\t\t<div class=\"elementor-column elementor-col-100 elementor-top-column elementor-element elementor-element-2ca16219\" data-id=\"2ca16219\" data-element_type=\"column\" data-e-type=\"column\">\n\t\t\t<div class=\"elementor-widget-wrap elementor-element-populated\">\n\t\t\t\t\t\t<div class=\"elementor-element elementor-element-2bf3d29f elementor-widget elementor-widget-spacer\" data-id=\"2bf3d29f\" data-element_type=\"widget\" data-e-type=\"widget\" data-widget_type=\"spacer.default\">\n\t\t\t\t<div class=\"elementor-widget-container\">\n\t\t\t\t\t\t\t<div class=\"elementor-spacer\">\n\t\t\t<div class=\"elementor-spacer-inner\"><\/div>\n\t\t<\/div>\n\t\t\t\t\t\t<\/div>\n\t\t\t\t<\/div>\n\t\t\t\t<div class=\"elementor-element elementor-element-1ea5e1dd elementor-widget elementor-widget-text-editor\" data-id=\"1ea5e1dd\" data-element_type=\"widget\" data-e-type=\"widget\" data-widget_type=\"text-editor.default\">\n\t\t\t\t<div class=\"elementor-widget-container\">\n\t\t\t\t\t\t\t\t\t<h2 style=\"text-align: center;\">Dados t\u00e9cnicos:<\/h2><table><tbody><tr><td rowspan=\"2\" width=\"105\"><p>Modelo<\/p><\/td><td colspan=\"5\" width=\"533\"><p>Dimens\u00f5es da estrutura principal<\/p><\/td><td width=\"105\"><p>volume<\/p><\/td><td width=\"106\"><p>espessura da parede<\/p><\/td><\/tr><tr><td width=\"119\"><p>H1<\/p><\/td><td width=\"103\"><p>H2<\/p><\/td><td width=\"103\"><p>C<\/p><\/td><td width=\"103\"><p>D<\/p><\/td><td width=\"103\"><p>DN<\/p><\/td><td width=\"105\"><p>eu<\/p><\/td><td width=\"106\"><p>t<\/p><\/td><\/tr><tr><td width=\"105\"><p>YDIBC-200<\/p><\/td><td width=\"119\"><p>1097<\/p><\/td><td width=\"103\"><p>158<\/p><\/td><td width=\"103\"><p>594<\/p><\/td><td width=\"103\"><p>100<\/p><\/td><td width=\"103\"><p>150<\/p><\/td><td width=\"105\"><p>200<\/p><\/td><td width=\"106\"><p>2.5<\/p><\/td><\/tr><tr><td width=\"105\"><p>YDIBC-300<\/p><\/td><td width=\"119\"><p>1168<\/p><\/td><td width=\"103\"><p>204<\/p><\/td><td width=\"103\"><p>794<\/p><\/td><td width=\"103\"><p>125<\/p><\/td><td width=\"103\"><p>200<\/p><\/td><td width=\"105\"><p>300<\/p><\/td><td width=\"106\"><p>2.5<\/p><\/td><\/tr><tr><td width=\"105\"><p>YDIBC-400<\/p><\/td><td width=\"119\"><p>1290<\/p><\/td><td width=\"103\"><p>165<\/p><\/td><td width=\"103\"><p>794<\/p><\/td><td width=\"103\"><p>125<\/p><\/td><td width=\"103\"><p>200<\/p><\/td><td width=\"105\"><p>400<\/p><\/td><td width=\"106\"><p>2.5<\/p><\/td><\/tr><tr><td width=\"105\"><p>YDIBC-500<\/p><\/td><td width=\"119\"><p>1331<\/p><\/td><td width=\"103\"><p>229<\/p><\/td><td width=\"103\"><p>994<\/p><\/td><td width=\"103\"><p>125<\/p><\/td><td width=\"103\"><p>200<\/p><\/td><td width=\"105\"><p>500<\/p><\/td><td width=\"106\"><p>2.5<\/p><\/td><\/tr><tr><td width=\"105\"><p>YDIBC-600<\/p><\/td><td width=\"119\"><p>1366<\/p><\/td><td width=\"103\"><p>151<\/p><\/td><td width=\"103\"><p>994<\/p><\/td><td width=\"103\"><p>125<\/p><\/td><td width=\"103\"><p>200<\/p><\/td><td width=\"105\"><p>600<\/p><\/td><td width=\"106\"><p>2.5<\/p><\/td><\/tr><tr><td width=\"105\"><p>YDIBC-800<\/p><\/td><td width=\"119\"><p>1545<\/p><\/td><td width=\"103\"><p>118<\/p><\/td><td width=\"103\"><p>994<\/p><\/td><td width=\"103\"><p>125<\/p><\/td><td width=\"103\"><p>200<\/p><\/td><td width=\"105\"><p>800<\/p><\/td><td width=\"106\"><p>2.5<\/p><\/td><\/tr><tr><td width=\"105\"><p>YDIBC-1000<\/p><\/td><td width=\"119\"><p>1586<\/p><\/td><td width=\"103\"><p>165<\/p><\/td><td width=\"103\"><p>1194<\/p><\/td><td width=\"103\"><p>150<\/p><\/td><td width=\"103\"><p>250<\/p><\/td><td width=\"105\"><p>1000<\/p><\/td><td width=\"106\"><p>2.5<\/p><\/td><\/tr><tr><td width=\"105\"><p>YDIBC-1500<\/p><\/td><td width=\"119\"><p>1868<\/p><\/td><td width=\"103\"><p>99<\/p><\/td><td width=\"103\"><p>1194<\/p><\/td><td width=\"103\"><p>150<\/p><\/td><td width=\"103\"><p>250<\/p><\/td><td width=\"105\"><p>1500<\/p><\/td><td width=\"106\"><p>3<\/p><\/td><\/tr><tr><td width=\"105\"><p>YDIBC-2000<\/p><\/td><td width=\"119\"><p>2238<\/p><\/td><td width=\"103\"><p>113<\/p><\/td><td width=\"103\"><p>1194<\/p><\/td><td width=\"103\"><p>150<\/p><\/td><td width=\"103\"><p>250<\/p><\/td><td width=\"105\"><p>2000<\/p><\/td><td width=\"106\"><p>3<\/p><\/td><\/tr><\/tbody><\/table><h2 style=\"text-align: center;\">\u00a0<\/h2>\t\t\t\t\t\t\t\t<\/div>\n\t\t\t\t<\/div>\n\t\t\t\t\t<\/div>\n\t\t<\/div>\n\t\t\t\t\t<\/div>\n\t\t<\/section>\n\t\t\t\t<section class=\"elementor-section elementor-top-section elementor-element elementor-element-71a2a9b7 elementor-section-boxed elementor-section-height-default elementor-section-height-default\" data-id=\"71a2a9b7\" data-element_type=\"section\" data-e-type=\"section\">\n\t\t\t\t\t\t<div class=\"elementor-container elementor-column-gap-default\">\n\t\t\t\t\t<div class=\"elementor-column elementor-col-100 elementor-top-column elementor-element elementor-element-7ac11c47\" data-id=\"7ac11c47\" data-element_type=\"column\" data-e-type=\"column\">\n\t\t\t<div class=\"elementor-widget-wrap elementor-element-populated\">\n\t\t\t\t\t\t<div class=\"elementor-element elementor-element-22afb8b7 elementor-widget elementor-widget-spacer\" data-id=\"22afb8b7\" data-element_type=\"widget\" data-e-type=\"widget\" data-widget_type=\"spacer.default\">\n\t\t\t\t<div class=\"elementor-widget-container\">\n\t\t\t\t\t\t\t<div class=\"elementor-spacer\">\n\t\t\t<div class=\"elementor-spacer-inner\"><\/div>\n\t\t<\/div>\n\t\t\t\t\t\t<\/div>\n\t\t\t\t<\/div>\n\t\t\t\t<div class=\"elementor-element elementor-element-661b7729 elementor-widget elementor-widget-image\" data-id=\"661b7729\" data-element_type=\"widget\" data-e-type=\"widget\" data-widget_type=\"image.default\">\n\t\t\t\t<div class=\"elementor-widget-container\">\n\t\t\t\t\t\t\t\t\t\t\t\t\t\t\t<img decoding=\"async\" width=\"550\" height=\"370\" src=\"https:\/\/yindamachinery.com\/wp-content\/uploads\/2020\/11\/YD-Powder-Handling-Systems-certification.png\" class=\"attachment-large size-large wp-image-850\" alt=\"Certifica\u00e7\u00e3o YD Powder Handling Systems\" \/>\t\t\t\t\t\t\t\t\t\t\t\t\t\t\t<\/div>\n\t\t\t\t<\/div>\n\t\t\t\t\t<\/div>\n\t\t<\/div>\n\t\t\t\t\t<\/div>\n\t\t<\/section>\n\t\t\t\t<section class=\"elementor-section elementor-top-section elementor-element elementor-element-2395a683 elementor-section-boxed elementor-section-height-default elementor-section-height-default\" data-id=\"2395a683\" data-element_type=\"section\" data-e-type=\"section\">\n\t\t\t\t\t\t<div class=\"elementor-container elementor-column-gap-default\">\n\t\t\t\t\t<div class=\"elementor-column elementor-col-100 elementor-top-column elementor-element elementor-element-514e2457\" data-id=\"514e2457\" data-element_type=\"column\" data-e-type=\"column\">\n\t\t\t<div class=\"elementor-widget-wrap elementor-element-populated\">\n\t\t\t\t\t\t<div class=\"elementor-element elementor-element-5e86ec08 elementor-widget elementor-widget-text-editor\" data-id=\"5e86ec08\" data-element_type=\"widget\" data-e-type=\"widget\" data-widget_type=\"text-editor.default\">\n\t\t\t\t<div class=\"elementor-widget-container\">\n\t\t\t\t\t\t\t\t\t<h2 style=\"text-align: center;\">Pe\u00e7as de reposi\u00e7\u00e3o importadas da yinda da ind\u00fastria global gosta de marcas:<\/h2>\t\t\t\t\t\t\t\t<\/div>\n\t\t\t\t<\/div>\n\t\t\t\t\t<\/div>\n\t\t<\/div>\n\t\t\t\t\t<\/div>\n\t\t<\/section>\n\t\t\t\t<section class=\"elementor-section elementor-top-section elementor-element elementor-element-7265caf elementor-section-boxed elementor-section-height-default elementor-section-height-default\" data-id=\"7265caf\" data-element_type=\"section\" data-e-type=\"section\">\n\t\t\t\t\t\t<div class=\"elementor-container elementor-column-gap-default\">\n\t\t\t\t\t<div class=\"elementor-column elementor-col-33 elementor-top-column elementor-element elementor-element-3b538fb5\" data-id=\"3b538fb5\" data-element_type=\"column\" data-e-type=\"column\">\n\t\t\t<div class=\"elementor-widget-wrap elementor-element-populated\">\n\t\t\t\t\t\t<div class=\"elementor-element elementor-element-2d55a94a elementor-widget elementor-widget-image\" data-id=\"2d55a94a\" data-element_type=\"widget\" data-e-type=\"widget\" data-widget_type=\"image.default\">\n\t\t\t\t<div class=\"elementor-widget-container\">\n\t\t\t\t\t\t\t\t\t\t\t\t\t\t\t<img decoding=\"async\" width=\"370\" height=\"320\" src=\"https:\/\/yindamachinery.com\/wp-content\/uploads\/2021\/02\/yinda-machine-2.jpg\" class=\"attachment-large size-large wp-image-2727\" alt=\"m\u00e1quina yinda 2\" \/>\t\t\t\t\t\t\t\t\t\t\t\t\t\t\t<\/div>\n\t\t\t\t<\/div>\n\t\t\t\t\t<\/div>\n\t\t<\/div>\n\t\t\t\t<div class=\"elementor-column elementor-col-33 elementor-top-column elementor-element elementor-element-70bdbe44\" data-id=\"70bdbe44\" data-element_type=\"column\" data-e-type=\"column\">\n\t\t\t<div class=\"elementor-widget-wrap elementor-element-populated\">\n\t\t\t\t\t\t<div class=\"elementor-element elementor-element-125e515e elementor-widget elementor-widget-image\" data-id=\"125e515e\" data-element_type=\"widget\" data-e-type=\"widget\" data-widget_type=\"image.default\">\n\t\t\t\t<div class=\"elementor-widget-container\">\n\t\t\t\t\t\t\t\t\t\t\t\t\t\t\t<img loading=\"lazy\" decoding=\"async\" width=\"370\" height=\"320\" src=\"https:\/\/yindamachinery.com\/wp-content\/uploads\/2021\/02\/yinda-machine-1-e1761985343327.jpg\" class=\"attachment-large size-large wp-image-2725\" alt=\"m\u00e1quina yinda 1\" \/>\t\t\t\t\t\t\t\t\t\t\t\t\t\t\t<\/div>\n\t\t\t\t<\/div>\n\t\t\t\t\t<\/div>\n\t\t<\/div>\n\t\t\t\t<div class=\"elementor-column elementor-col-33 elementor-top-column elementor-element elementor-element-abe179c\" data-id=\"abe179c\" data-element_type=\"column\" data-e-type=\"column\">\n\t\t\t<div class=\"elementor-widget-wrap elementor-element-populated\">\n\t\t\t\t\t\t<div class=\"elementor-element elementor-element-5f681cc4 elementor-widget elementor-widget-image\" data-id=\"5f681cc4\" data-element_type=\"widget\" data-e-type=\"widget\" data-widget_type=\"image.default\">\n\t\t\t\t<div class=\"elementor-widget-container\">\n\t\t\t\t\t\t\t\t\t\t\t\t\t\t\t<img loading=\"lazy\" decoding=\"async\" width=\"370\" height=\"320\" src=\"https:\/\/yindamachinery.com\/wp-content\/uploads\/2021\/02\/yinda-machine-3.jpg\" class=\"attachment-large size-large wp-image-2726\" alt=\"m\u00e1quina yinda 3\" \/>\t\t\t\t\t\t\t\t\t\t\t\t\t\t\t<\/div>\n\t\t\t\t<\/div>\n\t\t\t\t\t<\/div>\n\t\t<\/div>\n\t\t\t\t\t<\/div>\n\t\t<\/section>\n\t\t\t\t<\/div>","protected":false},"excerpt":{"rendered":"<p>IBC bin Yinda is one of the best IBC bin manufacturer&amp;supplier in China. If you are looking for IBC bin, you can reply on us. The storage equipment in the mechanized system of bulk material handling, mainly plays the role of intermediate storage, system buffer and balanced operation. The silo device consists of silo, feeding [&hellip;]<\/p>\n","protected":false},"author":1,"featured_media":0,"parent":0,"menu_order":0,"comment_status":"closed","ping_status":"closed","template":"","meta":{"_acf_changed":false,"_seopress_robots_primary_cat":"","_seopress_titles_title":"IBC Bin Machine | Yinda Machinery","_seopress_titles_desc":"IBC bins are stainless steel, press-formed, polished, and safe. They are used for mixing, transfer, and automatic mixing, can be operated flexibly, and is safe and reliable.","_seopress_robots_index":"","site-sidebar-layout":"no-sidebar","site-content-layout":"page-builder","ast-site-content-layout":"default","site-content-style":"default","site-sidebar-style":"default","ast-global-header-display":"","ast-banner-title-visibility":"","ast-main-header-display":"","ast-hfb-above-header-display":"","ast-hfb-below-header-display":"","ast-hfb-mobile-header-display":"","site-post-title":"disabled","ast-breadcrumbs-content":"","ast-featured-img":"disabled","footer-sml-layout":"","ast-disable-related-posts":"","theme-transparent-header-meta":"default","adv-header-id-meta":"","stick-header-meta":"","header-above-stick-meta":"","header-main-stick-meta":"","header-below-stick-meta":"","astra-migrate-meta-layouts":"default","ast-page-background-enabled":"default","ast-page-background-meta":{"desktop":{"background-color":"","background-image":"","background-repeat":"repeat","background-position":"center center","background-size":"auto","background-attachment":"scroll","background-type":"","background-media":"","overlay-type":"","overlay-color":"","overlay-opacity":"","overlay-gradient":""},"tablet":{"background-color":"","background-image":"","background-repeat":"repeat","background-position":"center center","background-size":"auto","background-attachment":"scroll","background-type":"","background-media":"","overlay-type":"","overlay-color":"","overlay-opacity":"","overlay-gradient":""},"mobile":{"background-color":"","background-image":"","background-repeat":"repeat","background-position":"center center","background-size":"auto","background-attachment":"scroll","background-type":"","background-media":"","overlay-type":"","overlay-color":"","overlay-opacity":"","overlay-gradient":""}},"ast-content-background-meta":{"desktop":{"background-color":"var(--ast-global-color-5)","background-image":"","background-repeat":"repeat","background-position":"center center","background-size":"auto","background-attachment":"scroll","background-type":"","background-media":"","overlay-type":"","overlay-color":"","overlay-opacity":"","overlay-gradient":""},"tablet":{"background-color":"var(--ast-global-color-5)","background-image":"","background-repeat":"repeat","background-position":"center center","background-size":"auto","background-attachment":"scroll","background-type":"","background-media":"","overlay-type":"","overlay-color":"","overlay-opacity":"","overlay-gradient":""},"mobile":{"background-color":"var(--ast-global-color-5)","background-image":"","background-repeat":"repeat","background-position":"center center","background-size":"auto","background-attachment":"scroll","background-type":"","background-media":"","overlay-type":"","overlay-color":"","overlay-opacity":"","overlay-gradient":""}},"footnotes":""},"class_list":["post-7387","page","type-page","status-publish","hentry"],"acf":[],"_links":{"self":[{"href":"https:\/\/yindamachinery.com\/pt\/wp-json\/wp\/v2\/pages\/7387","targetHints":{"allow":["GET"]}}],"collection":[{"href":"https:\/\/yindamachinery.com\/pt\/wp-json\/wp\/v2\/pages"}],"about":[{"href":"https:\/\/yindamachinery.com\/pt\/wp-json\/wp\/v2\/types\/page"}],"author":[{"embeddable":true,"href":"https:\/\/yindamachinery.com\/pt\/wp-json\/wp\/v2\/users\/1"}],"replies":[{"embeddable":true,"href":"https:\/\/yindamachinery.com\/pt\/wp-json\/wp\/v2\/comments?post=7387"}],"version-history":[{"count":1,"href":"https:\/\/yindamachinery.com\/pt\/wp-json\/wp\/v2\/pages\/7387\/revisions"}],"predecessor-version":[{"id":8934,"href":"https:\/\/yindamachinery.com\/pt\/wp-json\/wp\/v2\/pages\/7387\/revisions\/8934"}],"wp:attachment":[{"href":"https:\/\/yindamachinery.com\/pt\/wp-json\/wp\/v2\/media?parent=7387"}],"curies":[{"name":"wp","href":"https:\/\/api.w.org\/{rel}","templated":true}]}}