{"id":7337,"date":"2022-06-20T13:17:14","date_gmt":"2022-06-20T13:17:14","guid":{"rendered":"https:\/\/yindamachinery.com\/?page_id=7337"},"modified":"2025-10-20T15:27:23","modified_gmt":"2025-10-20T15:27:23","slug":"granulador-oscilante","status":"publish","type":"page","link":"https:\/\/yindamachinery.com\/pt\/granulador-oscilante\/","title":{"rendered":"Oscillating Granulator"},"content":{"rendered":"<p><img fetchpriority=\"high\" decoding=\"async\" src=\"https:\/\/yindamachinery.com\/wp-content\/uploads\/2022\/06\/oscillating-granulator.png\" sizes=\"(max-width: 280px) 100vw, 280px\" srcset=\"https:\/\/yindamachinery.com\/wp-content\/uploads\/2022\/06\/oscillating-granulator.png 280w, https:\/\/yindamachinery.com\/wp-content\/uploads\/2022\/06\/oscillating-granulator-10x12.png 10w\" alt=\"granulador oscilante\" width=\"280\" height=\"349\" \/><\/p>\n<h1 style=\"text-align: center;\">Granulador oscilante<\/h1>\n<p>Yinda \u00e9 um dos melhores fabricantes e fornecedores de granuladores oscilantes da China. Se voc\u00ea est\u00e1 procurando granulador oscilante, voc\u00ea pode responder sobre n\u00f3s.<\/p>\n<p>Um granulador oscilante \u00e9 um tipo de granulador que usa movimento oscilante para triturar e moer materiais. O movimento oscilante produz um alto grau de for\u00e7a que ajuda a quebrar as part\u00edculas em um tamanho uniforme. O granulador pode ser usado para uma variedade de materiais, incluindo metais, pl\u00e1sticos e at\u00e9 produtos aliment\u00edcios. O granulador oscilante \u00e9 uma ferramenta vers\u00e1til que pode ser utilizada em uma ampla gama de ind\u00fastrias, desde a fabrica\u00e7\u00e3o at\u00e9 o processamento de alimentos.<\/p>\n<p><a href=\"https:\/\/yindamachinery.com\/pt\/contate-nos\/\"><br \/>\nFA\u00c7A UMA COTA\u00c7\u00c3O AGORA!<br \/>\n<\/a><\/p>\n<h2 style=\"text-align: center;\">Inscri\u00e7\u00e3o:<\/h2>\n<p>Esta m\u00e1quina \u00e9 amplamente utilizada nas ind\u00fastrias farmac\u00eautica, qu\u00edmica, aliment\u00edcia e outras, para transformar materiais em p\u00f3 \u00famido em part\u00edculas, tamb\u00e9m pode esmagar o material granulado seco.<\/p>\n<p><img decoding=\"async\" src=\"https:\/\/yindamachinery.com\/wp-content\/uploads\/2022\/06\/oscillating-granulator-2.png\" sizes=\"(max-width: 953px) 100vw, 953px\" srcset=\"https:\/\/yindamachinery.com\/wp-content\/uploads\/2022\/06\/oscillating-granulator-2.png 953w, https:\/\/yindamachinery.com\/wp-content\/uploads\/2022\/06\/oscillating-granulator-2-768x426.png 768w, https:\/\/yindamachinery.com\/wp-content\/uploads\/2022\/06\/oscillating-granulator-2-18x10.png 18w\" alt=\"granulador oscilante 2\" width=\"953\" height=\"528\" \/><\/p>\n<h3 style=\"text-align: center;\">Detalhes:<\/h3>\n<p>Por transmiss\u00e3o mec\u00e2nica, extrus\u00e3o do material de uma peneira em pellets ou tritura\u00e7\u00e3o e granula\u00e7\u00e3o.<\/p>\n<p>O granulador oscilante \u00e9 um tipo popular de granulador, principalmente por reduzir o tamanho do material ou formar o tamanho de part\u00edcula desejado a partir de material em p\u00f3 \u00famido, tamb\u00e9m adequado para triturar materiais grumosos secos, p\u00f3s sens\u00edveis e gr\u00e2nulos nas ind\u00fastrias farmac\u00eautica, qu\u00edmica e aliment\u00edcia.<\/p>\n<p>O granulador oscilante possui um rotor que oscila em um eixo horizontal. A parte inferior do rotor \u00e9 equipada com uma peneira que atende aos requisitos de tamanho do p\u00f3. Esta peneira pode ser facilmente removida e remontada e a tens\u00e3o pode ser ajustada. O material \u00e9 carregado atrav\u00e9s da entrada e cai nas p\u00e1s do rotor. \u00c0 medida que se move de um lado para o outro, o material \u00e9 quebrado por um conjunto de rotores oscilantes. As bordas afiadas no rotor, o movimento oscilante do rotor e a press\u00e3o subsequente do material na tela fazem com que o material granular sofra uma redu\u00e7\u00e3o de tamanho \u00e0 medida que \u00e9 empurrado atrav\u00e9s da tela. (As telas podem ser personalizadas).<\/p>\n<p>O sistema de acionamento \u00e9 completamente fechado no corpo para alta seguran\u00e7a. O granulador oscilante da s\u00e9rie YDYK \u00e9 feito de a\u00e7o inoxid\u00e1vel 304 de alta qualidade, que \u00e9 seguro e higi\u00eanico e garante qualidade eficiente do produto acabado e atende aos padr\u00f5es GMP.<\/p>\n<h2 style=\"text-align: center;\">Vantagem:<\/h2>\n<ol>\n<li>O projeto da m\u00e1quina \u00e9 compat\u00edvel com GMP para garantir a conformidade de produ\u00e7\u00e3o segura de materiais<\/li>\n<li>Todas as pe\u00e7as em contato com o produto s\u00e3o de a\u00e7o inoxid\u00e1vel 304 ou 316L, pe\u00e7as sem contato no m\u00ednimo SUS304<\/li>\n<li>Adequado para materiais \u00famidos e secos, granula\u00e7\u00e3o uniforme<\/li>\n<li>Estrutura simples, f\u00e1cil de operar e mover e f\u00e1cil de limpar, economizando m\u00e3o de obra<\/li>\n<li>Pelotiza\u00e7\u00e3o em linha, princ\u00edpio simples e f\u00e1cil de entender, f\u00e1cil de usar.<\/li>\n<li>Zero poeira, baixo custo de manuten\u00e7\u00e3o.<\/li>\n<\/ol>\n<h2 style=\"text-align: center;\">Dados t\u00e9cnicos:<\/h2>\n<table>\n<tbody>\n<tr>\n<td width=\"224\">Modelo<\/td>\n<td width=\"167\">YDYK-100<\/td>\n<td width=\"183\">YDYK-160<\/td>\n<td width=\"217\">YDYK-250<\/td>\n<td width=\"217\">YDYK-300<\/td>\n<\/tr>\n<tr>\n<td width=\"224\">Capacidade produtiva (kg\/h)<\/td>\n<td width=\"167\">30-100<\/td>\n<td width=\"183\">100-300<\/td>\n<td width=\"217\">150-400<\/td>\n<td width=\"217\">200-600<\/td>\n<\/tr>\n<tr>\n<td width=\"224\">Pot\u00eancia do motor (kW)<\/td>\n<td width=\"167\">1.1<\/td>\n<td width=\"183\">2.2<\/td>\n<td width=\"217\">4<\/td>\n<td width=\"217\">5.5<\/td>\n<\/tr>\n<tr>\n<td width=\"224\">Revolu\u00e7\u00e3o do rolo (rpm)<\/td>\n<td width=\"167\">55<\/td>\n<td width=\"183\">55<\/td>\n<td width=\"217\">55<\/td>\n<td width=\"217\">55<\/td>\n<\/tr>\n<tr>\n<td width=\"224\">\u00c2ngulo de balan\u00e7o (<sup>\u3002<\/sup>)<\/td>\n<td width=\"167\">360<\/td>\n<td width=\"183\">360<\/td>\n<td width=\"217\">360<\/td>\n<td width=\"217\">360<\/td>\n<\/tr>\n<tr>\n<td width=\"224\">Di\u00e2metro do rolo (mm)<\/td>\n<td width=\"167\">\u03c6120<\/td>\n<td width=\"183\">\u03c6160<\/td>\n<td width=\"217\">\u03c6250<\/td>\n<td width=\"217\">\u03c6300<\/td>\n<\/tr>\n<tr>\n<td width=\"224\">Dimens\u00f5es totais (mm)<\/td>\n<td width=\"167\">700\u00d7400\u00d71050<\/td>\n<td width=\"183\">1000\u00d7800\u00d71300<\/td>\n<td width=\"217\">1200\u00d7950\u00d71400<\/td>\n<td width=\"217\">1300\u00d71050\u00d71500<\/td>\n<\/tr>\n<tr>\n<td width=\"224\">Peso (kg)<\/td>\n<td width=\"167\">280<\/td>\n<td width=\"183\">380<\/td>\n<td width=\"217\">540<\/td>\n<td width=\"217\">890<\/td>\n<\/tr>\n<\/tbody>\n<\/table>\n<h2 style=\"text-align: center;\"><\/h2>\n<p><img decoding=\"async\" src=\"https:\/\/yindamachinery.com\/wp-content\/uploads\/2020\/11\/YD-Powder-Handling-Systems-certification.png\" alt=\"Certifica\u00e7\u00e3o YD Powder Handling Systems\" width=\"550\" height=\"370\" \/><\/p>\n<p><a href=\"https:\/\/yindamachinery.com\/pt\/contate-nos\/\"><br \/>\nFa\u00e7a uma cota\u00e7\u00e3o agora\uff01<br \/>\n<\/a><\/p>\n<h2 style=\"text-align: center;\">Pe\u00e7as de reposi\u00e7\u00e3o importadas da yinda da ind\u00fastria global gosta de marcas:<\/h2>\n<p><img loading=\"lazy\" decoding=\"async\" src=\"https:\/\/yindamachinery.com\/wp-content\/uploads\/2021\/02\/yinda-machine-2.jpg\" alt=\"m\u00e1quina yinda 2\" width=\"370\" height=\"320\" \/><br \/>\n<img loading=\"lazy\" decoding=\"async\" src=\"https:\/\/yindamachinery.com\/wp-content\/uploads\/2021\/02\/yinda-machine-1.jpg\" alt=\"m\u00e1quina yinda 1\" width=\"370\" height=\"320\" \/><br \/>\n<img loading=\"lazy\" decoding=\"async\" src=\"https:\/\/yindamachinery.com\/wp-content\/uploads\/2021\/02\/yinda-machine-3.jpg\" alt=\"m\u00e1quina yinda 3\" width=\"370\" height=\"320\" \/><\/p>","protected":false},"excerpt":{"rendered":"<p>Oscillating granulator Yinda is one of the best oscillating granulator manufacturer&amp;supplier in China. If you are looking for oscillating granulator, you can reply on us. An oscillating granulator is a type of granulator that uses oscillating motion to crush and grind materials. The oscillating motion produces a high degree of force that helps to break [&hellip;]<\/p>\n","protected":false},"author":1,"featured_media":0,"parent":0,"menu_order":0,"comment_status":"closed","ping_status":"closed","template":"","meta":{"_acf_changed":false,"_seopress_robots_primary_cat":"","_seopress_titles_title":"Oscillating Granulator Machine | Yinda Machinery","_seopress_titles_desc":"Oscillating Granulator, a chemical device that converts larger particles into uniform granules, used in pharmaceutical, chemical and food industries.","_seopress_robots_index":"","site-sidebar-layout":"no-sidebar","site-content-layout":"page-builder","ast-site-content-layout":"full-width-container","site-content-style":"unboxed","site-sidebar-style":"unboxed","ast-global-header-display":"","ast-banner-title-visibility":"","ast-main-header-display":"","ast-hfb-above-header-display":"","ast-hfb-below-header-display":"","ast-hfb-mobile-header-display":"","site-post-title":"disabled","ast-breadcrumbs-content":"","ast-featured-img":"disabled","footer-sml-layout":"","ast-disable-related-posts":"","theme-transparent-header-meta":"default","adv-header-id-meta":"","stick-header-meta":"","header-above-stick-meta":"","header-main-stick-meta":"","header-below-stick-meta":"","astra-migrate-meta-layouts":"set","ast-page-background-enabled":"default","ast-page-background-meta":{"desktop":{"background-color":"","background-image":"","background-repeat":"repeat","background-position":"center center","background-size":"auto","background-attachment":"scroll","background-type":"","background-media":"","overlay-type":"","overlay-color":"","overlay-opacity":"","overlay-gradient":""},"tablet":{"background-color":"","background-image":"","background-repeat":"repeat","background-position":"center center","background-size":"auto","background-attachment":"scroll","background-type":"","background-media":"","overlay-type":"","overlay-color":"","overlay-opacity":"","overlay-gradient":""},"mobile":{"background-color":"","background-image":"","background-repeat":"repeat","background-position":"center center","background-size":"auto","background-attachment":"scroll","background-type":"","background-media":"","overlay-type":"","overlay-color":"","overlay-opacity":"","overlay-gradient":""}},"ast-content-background-meta":{"desktop":{"background-color":"var(--ast-global-color-5)","background-image":"","background-repeat":"repeat","background-position":"center center","background-size":"auto","background-attachment":"scroll","background-type":"","background-media":"","overlay-type":"","overlay-color":"","overlay-opacity":"","overlay-gradient":""},"tablet":{"background-color":"var(--ast-global-color-5)","background-image":"","background-repeat":"repeat","background-position":"center center","background-size":"auto","background-attachment":"scroll","background-type":"","background-media":"","overlay-type":"","overlay-color":"","overlay-opacity":"","overlay-gradient":""},"mobile":{"background-color":"var(--ast-global-color-5)","background-image":"","background-repeat":"repeat","background-position":"center center","background-size":"auto","background-attachment":"scroll","background-type":"","background-media":"","overlay-type":"","overlay-color":"","overlay-opacity":"","overlay-gradient":""}},"footnotes":""},"class_list":["post-7337","page","type-page","status-publish","hentry"],"acf":[],"_links":{"self":[{"href":"https:\/\/yindamachinery.com\/pt\/wp-json\/wp\/v2\/pages\/7337","targetHints":{"allow":["GET"]}}],"collection":[{"href":"https:\/\/yindamachinery.com\/pt\/wp-json\/wp\/v2\/pages"}],"about":[{"href":"https:\/\/yindamachinery.com\/pt\/wp-json\/wp\/v2\/types\/page"}],"author":[{"embeddable":true,"href":"https:\/\/yindamachinery.com\/pt\/wp-json\/wp\/v2\/users\/1"}],"replies":[{"embeddable":true,"href":"https:\/\/yindamachinery.com\/pt\/wp-json\/wp\/v2\/comments?post=7337"}],"version-history":[{"count":8,"href":"https:\/\/yindamachinery.com\/pt\/wp-json\/wp\/v2\/pages\/7337\/revisions"}],"predecessor-version":[{"id":8938,"href":"https:\/\/yindamachinery.com\/pt\/wp-json\/wp\/v2\/pages\/7337\/revisions\/8938"}],"wp:attachment":[{"href":"https:\/\/yindamachinery.com\/pt\/wp-json\/wp\/v2\/media?parent=7337"}],"curies":[{"name":"wp","href":"https:\/\/api.w.org\/{rel}","templated":true}]}}