{"id":7302,"date":"2022-06-13T12:15:54","date_gmt":"2022-06-13T12:15:54","guid":{"rendered":"https:\/\/yindamachinery.com\/?page_id=7302"},"modified":"2025-10-21T05:30:20","modified_gmt":"2025-10-21T05:30:20","slug":"maquina-de-moer-borracha","status":"publish","type":"page","link":"https:\/\/yindamachinery.com\/pt\/maquina-de-moer-borracha\/","title":{"rendered":"M\u00e1quina de moer borracha"},"content":{"rendered":"<div data-elementor-type=\"wp-page\" data-elementor-id=\"7302\" class=\"elementor elementor-7302\">\n\t\t\t\t\t\t<section class=\"elementor-section elementor-top-section elementor-element elementor-element-68421661 elementor-section-boxed elementor-section-height-default elementor-section-height-default\" data-id=\"68421661\" data-element_type=\"section\" data-e-type=\"section\">\n\t\t\t\t\t\t<div class=\"elementor-container elementor-column-gap-default\">\n\t\t\t\t\t<div class=\"elementor-column elementor-col-50 elementor-top-column elementor-element elementor-element-68164c8c\" data-id=\"68164c8c\" data-element_type=\"column\" data-e-type=\"column\">\n\t\t\t<div class=\"elementor-widget-wrap elementor-element-populated\">\n\t\t\t\t\t\t<div class=\"elementor-element elementor-element-35876ab2 elementor-widget elementor-widget-image\" data-id=\"35876ab2\" data-element_type=\"widget\" data-e-type=\"widget\" data-widget_type=\"image.default\">\n\t\t\t\t<div class=\"elementor-widget-container\">\n\t\t\t\t\t\t\t\t\t\t\t\t\t\t\t<img fetchpriority=\"high\" decoding=\"async\" width=\"866\" height=\"866\" src=\"https:\/\/yindamachinery.com\/wp-content\/uploads\/2022\/06\/Rubber-grinding-machine.png\" class=\"attachment-large size-large wp-image-7306\" alt=\"m\u00e1quina de moer borracha\" srcset=\"https:\/\/yindamachinery.com\/wp-content\/uploads\/2022\/06\/Rubber-grinding-machine.png 866w, https:\/\/yindamachinery.com\/wp-content\/uploads\/2022\/06\/Rubber-grinding-machine-150x150.png 150w, https:\/\/yindamachinery.com\/wp-content\/uploads\/2022\/06\/Rubber-grinding-machine-768x768.png 768w, https:\/\/yindamachinery.com\/wp-content\/uploads\/2022\/06\/Rubber-grinding-machine-12x12.png 12w\" sizes=\"(max-width: 866px) 100vw, 866px\" \/>\t\t\t\t\t\t\t\t\t\t\t\t\t\t\t<\/div>\n\t\t\t\t<\/div>\n\t\t\t\t\t<\/div>\n\t\t<\/div>\n\t\t\t\t<div class=\"elementor-column elementor-col-50 elementor-top-column elementor-element elementor-element-32d5982d\" data-id=\"32d5982d\" data-element_type=\"column\" data-e-type=\"column\">\n\t\t\t<div class=\"elementor-widget-wrap elementor-element-populated\">\n\t\t\t\t\t\t<div class=\"elementor-element elementor-element-7aaaf86c elementor-widget elementor-widget-spacer\" data-id=\"7aaaf86c\" data-element_type=\"widget\" data-e-type=\"widget\" data-widget_type=\"spacer.default\">\n\t\t\t\t<div class=\"elementor-widget-container\">\n\t\t\t\t\t\t\t<div class=\"elementor-spacer\">\n\t\t\t<div class=\"elementor-spacer-inner\"><\/div>\n\t\t<\/div>\n\t\t\t\t\t\t<\/div>\n\t\t\t\t<\/div>\n\t\t\t\t<div class=\"elementor-element elementor-element-179a94d7 elementor-widget elementor-widget-text-editor\" data-id=\"179a94d7\" data-element_type=\"widget\" data-e-type=\"widget\" data-widget_type=\"text-editor.default\">\n\t\t\t\t<div class=\"elementor-widget-container\">\n\t\t\t\t\t\t\t\t\t<h1 style=\"text-align: center;\">M\u00e1quina de moer borracha<\/h1><p>Yinda \u00e9 um dos melhores fabricantes e fornecedores de m\u00e1quinas de moagem de borracha na China. Se voc\u00ea estiver procurando por m\u00e1quinas de moagem de borracha, voc\u00ea pode responder sobre n\u00f3s.<\/p><p>M\u00e1quina de moagem de borracha \u00e9 uma m\u00e1quina usada para processar part\u00edculas de borracha. Pode moer borracha em p\u00f3 ou gr\u00e2nulos de diferentes tamanhos. A m\u00e1quina de moagem de borracha tem muitos tipos, incluindo tipo oscilante, tipo de disco, tipo de rolo e assim por diante. Cada tipo de m\u00e1quina de moagem de borracha tem suas pr\u00f3prias vantagens e desvantagens. As retificadoras de borracha s\u00e3o amplamente utilizadas na ind\u00fastria da borracha, ind\u00fastria da constru\u00e7\u00e3o e ind\u00fastria de reciclagem de pneus. As m\u00e1quinas de tritura\u00e7\u00e3o de borracha podem processar todos os tipos de res\u00edduos de produtos de borracha, incluindo res\u00edduos de pneus, mangueiras de res\u00edduos, tubos de res\u00edduos e solas de res\u00edduos. M\u00e1quinas de moagem de borracha tamb\u00e9m podem ser usadas para processar part\u00edculas de borracha reciclada. As retificadoras de borracha podem alcan\u00e7ar prote\u00e7\u00e3o ambiental e reciclagem de recursos ao mesmo tempo.<\/p>\t\t\t\t\t\t\t\t<\/div>\n\t\t\t\t<\/div>\n\t\t\t\t<div class=\"elementor-element elementor-element-6dcb4e61 elementor-align-center elementor-widget elementor-widget-button\" data-id=\"6dcb4e61\" data-element_type=\"widget\" data-e-type=\"widget\" data-widget_type=\"button.default\">\n\t\t\t\t<div class=\"elementor-widget-container\">\n\t\t\t\t\t\t\t\t\t<div class=\"elementor-button-wrapper\">\n\t\t\t\t\t<a class=\"elementor-button elementor-button-link elementor-size-md\" href=\"https:\/\/yindamachinery.com\/pt\/contate-nos\/\">\n\t\t\t\t\t\t<span class=\"elementor-button-content-wrapper\">\n\t\t\t\t\t\t\t\t\t<span class=\"elementor-button-text\">FA\u00c7A UMA COTA\u00c7\u00c3O AGORA!<\/span>\n\t\t\t\t\t<\/span>\n\t\t\t\t\t<\/a>\n\t\t\t\t<\/div>\n\t\t\t\t\t\t\t\t<\/div>\n\t\t\t\t<\/div>\n\t\t\t\t\t<\/div>\n\t\t<\/div>\n\t\t\t\t\t<\/div>\n\t\t<\/section>\n\t\t\t\t<section class=\"elementor-section elementor-top-section elementor-element elementor-element-433f6d76 elementor-section-boxed elementor-section-height-default elementor-section-height-default\" data-id=\"433f6d76\" data-element_type=\"section\" data-e-type=\"section\">\n\t\t\t\t\t\t<div class=\"elementor-container elementor-column-gap-default\">\n\t\t\t\t\t<div class=\"elementor-column elementor-col-50 elementor-top-column elementor-element elementor-element-77efad7b\" data-id=\"77efad7b\" data-element_type=\"column\" data-e-type=\"column\">\n\t\t\t<div class=\"elementor-widget-wrap elementor-element-populated\">\n\t\t\t\t\t\t<div class=\"elementor-element elementor-element-676eb923 elementor-widget elementor-widget-spacer\" data-id=\"676eb923\" data-element_type=\"widget\" data-e-type=\"widget\" data-widget_type=\"spacer.default\">\n\t\t\t\t<div class=\"elementor-widget-container\">\n\t\t\t\t\t\t\t<div class=\"elementor-spacer\">\n\t\t\t<div class=\"elementor-spacer-inner\"><\/div>\n\t\t<\/div>\n\t\t\t\t\t\t<\/div>\n\t\t\t\t<\/div>\n\t\t\t\t<div class=\"elementor-element elementor-element-6d3d7ec2 elementor-widget elementor-widget-text-editor\" data-id=\"6d3d7ec2\" data-element_type=\"widget\" data-e-type=\"widget\" data-widget_type=\"text-editor.default\">\n\t\t\t\t<div class=\"elementor-widget-container\">\n\t\t\t\t\t\t\t\t\t<h2 style=\"text-align: center;\">Descri\u00e7\u00e3o e Aplica\u00e7\u00e3o:<\/h2><p>O moinho fino de borracha modelo CXFJ-28 tritura part\u00edculas de borracha pura de 1 ~ 4 mm em p\u00f3 de borracha de malha 30 ~ 40 em condi\u00e7\u00f5es normais. \u00c9 composto principalmente por um motor de fresagem, alimentador de frequ\u00eancia, dispositivo de regula\u00e7\u00e3o, tremonha de alimenta\u00e7\u00e3o, disco de moagem fixo e rotativo, estrutura da m\u00e1quina, fuso, tubo coletor, sistema de refrigera\u00e7\u00e3o de \u00e1gua circulante, etc.<\/p><p>\u00a0<\/p><p>A m\u00e1quina adota o carboneto de tungst\u00eanio como superf\u00edcie de fresagem do disco de fresagem, e a base da placa adota material de tratamento especial, que \u00e9 anticolis\u00e3o, resistente ao desgaste, dur\u00e1vel e boa ductilidade.<\/p>\t\t\t\t\t\t\t\t<\/div>\n\t\t\t\t<\/div>\n\t\t\t\t\t<\/div>\n\t\t<\/div>\n\t\t\t\t<div class=\"elementor-column elementor-col-50 elementor-top-column elementor-element elementor-element-6acdde93\" data-id=\"6acdde93\" data-element_type=\"column\" data-e-type=\"column\">\n\t\t\t<div class=\"elementor-widget-wrap elementor-element-populated\">\n\t\t\t\t\t\t<div class=\"elementor-element elementor-element-2e113345 elementor-widget elementor-widget-spacer\" data-id=\"2e113345\" data-element_type=\"widget\" data-e-type=\"widget\" data-widget_type=\"spacer.default\">\n\t\t\t\t<div class=\"elementor-widget-container\">\n\t\t\t\t\t\t\t<div class=\"elementor-spacer\">\n\t\t\t<div class=\"elementor-spacer-inner\"><\/div>\n\t\t<\/div>\n\t\t\t\t\t\t<\/div>\n\t\t\t\t<\/div>\n\t\t\t\t<div class=\"elementor-element elementor-element-69f3533d elementor-widget elementor-widget-video\" data-id=\"69f3533d\" data-element_type=\"widget\" data-e-type=\"widget\" data-settings=\"{&quot;youtube_url&quot;:&quot;https:\\\/\\\/www.youtube.com\\\/watch?v=yC1kHLGJ7ao&quot;,&quot;video_type&quot;:&quot;youtube&quot;,&quot;controls&quot;:&quot;yes&quot;}\" data-widget_type=\"video.default\">\n\t\t\t\t<div class=\"elementor-widget-container\">\n\t\t\t\t\t\t\t<div class=\"elementor-wrapper elementor-open-inline\">\n\t\t\t<div class=\"elementor-video\"><\/div>\t\t<\/div>\n\t\t\t\t\t\t<\/div>\n\t\t\t\t<\/div>\n\t\t\t\t\t<\/div>\n\t\t<\/div>\n\t\t\t\t\t<\/div>\n\t\t<\/section>\n\t\t\t\t<section class=\"elementor-section elementor-top-section elementor-element elementor-element-5f61094f elementor-section-boxed elementor-section-height-default elementor-section-height-default\" data-id=\"5f61094f\" data-element_type=\"section\" data-e-type=\"section\">\n\t\t\t\t\t\t<div class=\"elementor-container elementor-column-gap-default\">\n\t\t\t\t\t<div class=\"elementor-column elementor-col-100 elementor-top-column elementor-element elementor-element-2fd5478c\" data-id=\"2fd5478c\" data-element_type=\"column\" data-e-type=\"column\">\n\t\t\t<div class=\"elementor-widget-wrap elementor-element-populated\">\n\t\t\t\t\t\t<div class=\"elementor-element elementor-element-3e8cf275 elementor-widget elementor-widget-spacer\" data-id=\"3e8cf275\" data-element_type=\"widget\" data-e-type=\"widget\" data-widget_type=\"spacer.default\">\n\t\t\t\t<div class=\"elementor-widget-container\">\n\t\t\t\t\t\t\t<div class=\"elementor-spacer\">\n\t\t\t<div class=\"elementor-spacer-inner\"><\/div>\n\t\t<\/div>\n\t\t\t\t\t\t<\/div>\n\t\t\t\t<\/div>\n\t\t\t\t<div class=\"elementor-element elementor-element-6afdd927 elementor-widget elementor-widget-text-editor\" data-id=\"6afdd927\" data-element_type=\"widget\" data-e-type=\"widget\" data-widget_type=\"text-editor.default\">\n\t\t\t\t<div class=\"elementor-widget-container\">\n\t\t\t\t\t\t\t\t\t<h2>Vantagens:<\/h2><ol><li>As caracter\u00edsticas do cxfj-28 s\u00e3o f\u00e1ceis de operar, disco com opera\u00e7\u00e3o de alta velocidade, para que a m\u00e1quina possa funcionar continuamente corretamente \u00e0 temperatura ambiente, produzir o p\u00f3 fino, atender aos requisitos.<\/li><li>Esta m\u00e1quina tem estrutura de transmiss\u00e3o razo\u00e1vel e toda a estrutura de alimenta\u00e7\u00e3o do disco com natureza de travamento autom\u00e1tico e est\u00e1 equipada com temperatura da \u00e1gua, instrumenta\u00e7\u00e3o de monitoramento de energia, etc.<\/li><\/ol>\t\t\t\t\t\t\t\t<\/div>\n\t\t\t\t<\/div>\n\t\t\t\t\t<\/div>\n\t\t<\/div>\n\t\t\t\t\t<\/div>\n\t\t<\/section>\n\t\t\t\t<section class=\"elementor-section elementor-top-section elementor-element elementor-element-1b347483 elementor-section-boxed elementor-section-height-default elementor-section-height-default\" data-id=\"1b347483\" data-element_type=\"section\" data-e-type=\"section\">\n\t\t\t\t\t\t<div class=\"elementor-container elementor-column-gap-default\">\n\t\t\t\t\t<div class=\"elementor-column elementor-col-100 elementor-top-column elementor-element elementor-element-7a841336\" data-id=\"7a841336\" data-element_type=\"column\" data-e-type=\"column\">\n\t\t\t<div class=\"elementor-widget-wrap elementor-element-populated\">\n\t\t\t\t\t\t<div class=\"elementor-element elementor-element-446e3813 elementor-widget elementor-widget-spacer\" data-id=\"446e3813\" data-element_type=\"widget\" data-e-type=\"widget\" data-widget_type=\"spacer.default\">\n\t\t\t\t<div class=\"elementor-widget-container\">\n\t\t\t\t\t\t\t<div class=\"elementor-spacer\">\n\t\t\t<div class=\"elementor-spacer-inner\"><\/div>\n\t\t<\/div>\n\t\t\t\t\t\t<\/div>\n\t\t\t\t<\/div>\n\t\t\t\t<div class=\"elementor-element elementor-element-516d4d1d elementor-widget elementor-widget-text-editor\" data-id=\"516d4d1d\" data-element_type=\"widget\" data-e-type=\"widget\" data-widget_type=\"text-editor.default\">\n\t\t\t\t<div class=\"elementor-widget-container\">\n\t\t\t\t\t\t\t\t\t<h2 style=\"text-align: center;\">Dados t\u00e9cnicos:<\/h2><table><tbody><tr><td><p>Modelo<\/p><\/td><td><p>CXFJ-28\u00a0<\/p><\/td><\/tr><tr><td><p>Tamanho de entrada (mm)<\/p><\/td><td><p>1-4\u00a0<\/p><\/td><\/tr><tr><td><p>Tamanho de sa\u00edda (malha)<\/p><\/td><td><p>30-100\u00a0<\/p><\/td><\/tr><tr><td><p>Materiais<\/p><\/td><td><p>EPDM, NBR, SBR, Gr\u00e2nulos de borracha de res\u00edduos de pneus.<\/p><\/td><\/tr><tr><td><p>Capacidade (Kg\/h)<\/p><\/td><td><p>40-150\u00a0<\/p><\/td><\/tr><tr><td><p>Padr\u00e3o<\/p><\/td><td><p>CE\u00a0<\/p><\/td><\/tr><tr><td><p>Resfriamento<\/p><\/td><td><p>refrigera\u00e7\u00e3o a \u00e1gua\u00a0<\/p><\/td><\/tr><tr><td><p>Pot\u00eancia (Kw)<\/p><\/td><td><p>30.2\u00a0<\/p><\/td><\/tr><tr><td><p>Dimens\u00e3o (CxLxA) (mm)<\/p><\/td><td><p>1920x1250x1320\u00a0<\/p><\/td><\/tr><tr><td><p>Peso (Kg)\u00a0<\/p><\/td><td><p>1200\u00a0<\/p><\/td><\/tr><\/tbody><\/table><h2 style=\"text-align: center;\">\u00a0<\/h2>\t\t\t\t\t\t\t\t<\/div>\n\t\t\t\t<\/div>\n\t\t\t\t\t<\/div>\n\t\t<\/div>\n\t\t\t\t\t<\/div>\n\t\t<\/section>\n\t\t\t\t<section class=\"elementor-section elementor-top-section elementor-element elementor-element-724e5b4f elementor-section-boxed elementor-section-height-default elementor-section-height-default\" data-id=\"724e5b4f\" data-element_type=\"section\" data-e-type=\"section\">\n\t\t\t\t\t\t<div class=\"elementor-container elementor-column-gap-default\">\n\t\t\t\t\t<div class=\"elementor-column elementor-col-100 elementor-top-column elementor-element elementor-element-23d625fd\" data-id=\"23d625fd\" data-element_type=\"column\" data-e-type=\"column\">\n\t\t\t<div class=\"elementor-widget-wrap elementor-element-populated\">\n\t\t\t\t\t\t<div class=\"elementor-element elementor-element-19b3e5 elementor-widget elementor-widget-spacer\" data-id=\"19b3e5\" data-element_type=\"widget\" data-e-type=\"widget\" data-widget_type=\"spacer.default\">\n\t\t\t\t<div class=\"elementor-widget-container\">\n\t\t\t\t\t\t\t<div class=\"elementor-spacer\">\n\t\t\t<div class=\"elementor-spacer-inner\"><\/div>\n\t\t<\/div>\n\t\t\t\t\t\t<\/div>\n\t\t\t\t<\/div>\n\t\t\t\t<div class=\"elementor-element elementor-element-20e2c692 elementor-widget elementor-widget-image\" data-id=\"20e2c692\" data-element_type=\"widget\" data-e-type=\"widget\" data-widget_type=\"image.default\">\n\t\t\t\t<div class=\"elementor-widget-container\">\n\t\t\t\t\t\t\t\t\t\t\t\t\t\t\t<img decoding=\"async\" width=\"550\" height=\"370\" src=\"https:\/\/yindamachinery.com\/wp-content\/uploads\/2020\/11\/YD-Powder-Handling-Systems-certification.png\" class=\"attachment-large size-large wp-image-850\" alt=\"Certifica\u00e7\u00e3o YD Powder Handling Systems\" \/>\t\t\t\t\t\t\t\t\t\t\t\t\t\t\t<\/div>\n\t\t\t\t<\/div>\n\t\t\t\t\t<\/div>\n\t\t<\/div>\n\t\t\t\t\t<\/div>\n\t\t<\/section>\n\t\t\t\t<section class=\"elementor-section elementor-top-section elementor-element elementor-element-613eef11 elementor-section-boxed elementor-section-height-default elementor-section-height-default\" data-id=\"613eef11\" data-element_type=\"section\" data-e-type=\"section\">\n\t\t\t\t\t\t<div class=\"elementor-container elementor-column-gap-default\">\n\t\t\t\t\t<div class=\"elementor-column elementor-col-100 elementor-top-column elementor-element elementor-element-60932f12\" data-id=\"60932f12\" data-element_type=\"column\" data-e-type=\"column\">\n\t\t\t<div class=\"elementor-widget-wrap elementor-element-populated\">\n\t\t\t\t\t\t<div class=\"elementor-element elementor-element-26b2d83 elementor-align-center elementor-widget elementor-widget-button\" data-id=\"26b2d83\" data-element_type=\"widget\" data-e-type=\"widget\" data-widget_type=\"button.default\">\n\t\t\t\t<div class=\"elementor-widget-container\">\n\t\t\t\t\t\t\t\t\t<div class=\"elementor-button-wrapper\">\n\t\t\t\t\t<a class=\"elementor-button elementor-button-link elementor-size-lg\" href=\"https:\/\/yindamachinery.com\/pt\/contate-nos\/\">\n\t\t\t\t\t\t<span class=\"elementor-button-content-wrapper\">\n\t\t\t\t\t\t\t\t\t<span class=\"elementor-button-text\">Fa\u00e7a uma cota\u00e7\u00e3o agora\uff01<\/span>\n\t\t\t\t\t<\/span>\n\t\t\t\t\t<\/a>\n\t\t\t\t<\/div>\n\t\t\t\t\t\t\t\t<\/div>\n\t\t\t\t<\/div>\n\t\t\t\t<div class=\"elementor-element elementor-element-780eee1 elementor-widget elementor-widget-spacer\" data-id=\"780eee1\" data-element_type=\"widget\" data-e-type=\"widget\" data-widget_type=\"spacer.default\">\n\t\t\t\t<div class=\"elementor-widget-container\">\n\t\t\t\t\t\t\t<div class=\"elementor-spacer\">\n\t\t\t<div class=\"elementor-spacer-inner\"><\/div>\n\t\t<\/div>\n\t\t\t\t\t\t<\/div>\n\t\t\t\t<\/div>\n\t\t\t\t\t<\/div>\n\t\t<\/div>\n\t\t\t\t\t<\/div>\n\t\t<\/section>\n\t\t\t\t<section class=\"elementor-section elementor-top-section elementor-element elementor-element-4a0b61d0 elementor-section-boxed elementor-section-height-default elementor-section-height-default\" data-id=\"4a0b61d0\" data-element_type=\"section\" data-e-type=\"section\">\n\t\t\t\t\t\t<div class=\"elementor-container elementor-column-gap-default\">\n\t\t\t\t\t<div class=\"elementor-column elementor-col-100 elementor-top-column elementor-element elementor-element-5b7d0110\" data-id=\"5b7d0110\" data-element_type=\"column\" data-e-type=\"column\">\n\t\t\t<div class=\"elementor-widget-wrap elementor-element-populated\">\n\t\t\t\t\t\t<div class=\"elementor-element elementor-element-2118d elementor-widget elementor-widget-text-editor\" data-id=\"2118d\" data-element_type=\"widget\" data-e-type=\"widget\" data-widget_type=\"text-editor.default\">\n\t\t\t\t<div class=\"elementor-widget-container\">\n\t\t\t\t\t\t\t\t\t<h2 style=\"text-align: center;\">Pe\u00e7as de reposi\u00e7\u00e3o importadas da yinda da ind\u00fastria global gosta de marcas:<\/h2>\t\t\t\t\t\t\t\t<\/div>\n\t\t\t\t<\/div>\n\t\t\t\t\t<\/div>\n\t\t<\/div>\n\t\t\t\t\t<\/div>\n\t\t<\/section>\n\t\t\t\t<section class=\"elementor-section elementor-top-section elementor-element elementor-element-498bd81d elementor-section-boxed elementor-section-height-default elementor-section-height-default\" data-id=\"498bd81d\" data-element_type=\"section\" data-e-type=\"section\">\n\t\t\t\t\t\t<div class=\"elementor-container elementor-column-gap-default\">\n\t\t\t\t\t<div class=\"elementor-column elementor-col-33 elementor-top-column elementor-element elementor-element-4e5a8780\" data-id=\"4e5a8780\" data-element_type=\"column\" data-e-type=\"column\">\n\t\t\t<div class=\"elementor-widget-wrap elementor-element-populated\">\n\t\t\t\t\t\t<div class=\"elementor-element elementor-element-1141fd2a elementor-widget elementor-widget-image\" data-id=\"1141fd2a\" data-element_type=\"widget\" data-e-type=\"widget\" data-widget_type=\"image.default\">\n\t\t\t\t<div class=\"elementor-widget-container\">\n\t\t\t\t\t\t\t\t\t\t\t\t\t\t\t<img decoding=\"async\" width=\"370\" height=\"320\" src=\"https:\/\/yindamachinery.com\/wp-content\/uploads\/2021\/02\/yinda-machine-2.jpg\" class=\"attachment-large size-large wp-image-2727\" alt=\"m\u00e1quina yinda 2\" \/>\t\t\t\t\t\t\t\t\t\t\t\t\t\t\t<\/div>\n\t\t\t\t<\/div>\n\t\t\t\t\t<\/div>\n\t\t<\/div>\n\t\t\t\t<div class=\"elementor-column elementor-col-33 elementor-top-column elementor-element elementor-element-7f5f2f5d\" data-id=\"7f5f2f5d\" data-element_type=\"column\" data-e-type=\"column\">\n\t\t\t<div class=\"elementor-widget-wrap elementor-element-populated\">\n\t\t\t\t\t\t<div class=\"elementor-element elementor-element-7efee46f elementor-widget elementor-widget-image\" data-id=\"7efee46f\" data-element_type=\"widget\" data-e-type=\"widget\" data-widget_type=\"image.default\">\n\t\t\t\t<div class=\"elementor-widget-container\">\n\t\t\t\t\t\t\t\t\t\t\t\t\t\t\t<img loading=\"lazy\" decoding=\"async\" width=\"370\" height=\"320\" src=\"https:\/\/yindamachinery.com\/wp-content\/uploads\/2021\/02\/yinda-machine-1-e1761985343327.jpg\" class=\"attachment-large size-large wp-image-2725\" alt=\"m\u00e1quina yinda 1\" \/>\t\t\t\t\t\t\t\t\t\t\t\t\t\t\t<\/div>\n\t\t\t\t<\/div>\n\t\t\t\t\t<\/div>\n\t\t<\/div>\n\t\t\t\t<div class=\"elementor-column elementor-col-33 elementor-top-column elementor-element elementor-element-5eb91ecb\" data-id=\"5eb91ecb\" data-element_type=\"column\" data-e-type=\"column\">\n\t\t\t<div class=\"elementor-widget-wrap elementor-element-populated\">\n\t\t\t\t\t\t<div class=\"elementor-element elementor-element-7a795cbb elementor-widget elementor-widget-image\" data-id=\"7a795cbb\" data-element_type=\"widget\" data-e-type=\"widget\" data-widget_type=\"image.default\">\n\t\t\t\t<div class=\"elementor-widget-container\">\n\t\t\t\t\t\t\t\t\t\t\t\t\t\t\t<img loading=\"lazy\" decoding=\"async\" width=\"370\" height=\"320\" src=\"https:\/\/yindamachinery.com\/wp-content\/uploads\/2021\/02\/yinda-machine-3.jpg\" class=\"attachment-large size-large wp-image-2726\" alt=\"m\u00e1quina yinda 3\" \/>\t\t\t\t\t\t\t\t\t\t\t\t\t\t\t<\/div>\n\t\t\t\t<\/div>\n\t\t\t\t\t<\/div>\n\t\t<\/div>\n\t\t\t\t\t<\/div>\n\t\t<\/section>\n\t\t\t\t<\/div>","protected":false},"excerpt":{"rendered":"<p>Rubber grinding machine Yinda is one of the best Rubber grinding machine manufacturer&amp;supplier in China. If you are looking for rubber grinding machines, you can reply on us. Rubber grinding machine is a machine used for processing rubber particles. It can grind rubber into powder or granules of different sizes. The rubber grinding machine has [&hellip;]<\/p>\n","protected":false},"author":1,"featured_media":0,"parent":0,"menu_order":0,"comment_status":"closed","ping_status":"closed","template":"","meta":{"_acf_changed":false,"_seopress_robots_primary_cat":"","_seopress_titles_title":"Rubber Grinding Machine | Yinda Machinery","_seopress_titles_desc":"Discover rubber grinder machines with high-accuracy blades and PLC control for tire recycling, produces 40-130 mesh powder from 5-30 mesh input. Get a quote!","_seopress_robots_index":"","site-sidebar-layout":"no-sidebar","site-content-layout":"page-builder","ast-site-content-layout":"default","site-content-style":"default","site-sidebar-style":"default","ast-global-header-display":"","ast-banner-title-visibility":"","ast-main-header-display":"","ast-hfb-above-header-display":"","ast-hfb-below-header-display":"","ast-hfb-mobile-header-display":"","site-post-title":"disabled","ast-breadcrumbs-content":"","ast-featured-img":"disabled","footer-sml-layout":"","ast-disable-related-posts":"","theme-transparent-header-meta":"default","adv-header-id-meta":"","stick-header-meta":"","header-above-stick-meta":"","header-main-stick-meta":"","header-below-stick-meta":"","astra-migrate-meta-layouts":"default","ast-page-background-enabled":"default","ast-page-background-meta":{"desktop":{"background-color":"","background-image":"","background-repeat":"repeat","background-position":"center center","background-size":"auto","background-attachment":"scroll","background-type":"","background-media":"","overlay-type":"","overlay-color":"","overlay-opacity":"","overlay-gradient":""},"tablet":{"background-color":"","background-image":"","background-repeat":"repeat","background-position":"center center","background-size":"auto","background-attachment":"scroll","background-type":"","background-media":"","overlay-type":"","overlay-color":"","overlay-opacity":"","overlay-gradient":""},"mobile":{"background-color":"","background-image":"","background-repeat":"repeat","background-position":"center center","background-size":"auto","background-attachment":"scroll","background-type":"","background-media":"","overlay-type":"","overlay-color":"","overlay-opacity":"","overlay-gradient":""}},"ast-content-background-meta":{"desktop":{"background-color":"var(--ast-global-color-5)","background-image":"","background-repeat":"repeat","background-position":"center center","background-size":"auto","background-attachment":"scroll","background-type":"","background-media":"","overlay-type":"","overlay-color":"","overlay-opacity":"","overlay-gradient":""},"tablet":{"background-color":"var(--ast-global-color-5)","background-image":"","background-repeat":"repeat","background-position":"center center","background-size":"auto","background-attachment":"scroll","background-type":"","background-media":"","overlay-type":"","overlay-color":"","overlay-opacity":"","overlay-gradient":""},"mobile":{"background-color":"var(--ast-global-color-5)","background-image":"","background-repeat":"repeat","background-position":"center center","background-size":"auto","background-attachment":"scroll","background-type":"","background-media":"","overlay-type":"","overlay-color":"","overlay-opacity":"","overlay-gradient":""}},"footnotes":""},"class_list":["post-7302","page","type-page","status-publish","hentry"],"acf":[],"_links":{"self":[{"href":"https:\/\/yindamachinery.com\/pt\/wp-json\/wp\/v2\/pages\/7302","targetHints":{"allow":["GET"]}}],"collection":[{"href":"https:\/\/yindamachinery.com\/pt\/wp-json\/wp\/v2\/pages"}],"about":[{"href":"https:\/\/yindamachinery.com\/pt\/wp-json\/wp\/v2\/types\/page"}],"author":[{"embeddable":true,"href":"https:\/\/yindamachinery.com\/pt\/wp-json\/wp\/v2\/users\/1"}],"replies":[{"embeddable":true,"href":"https:\/\/yindamachinery.com\/pt\/wp-json\/wp\/v2\/comments?post=7302"}],"version-history":[{"count":1,"href":"https:\/\/yindamachinery.com\/pt\/wp-json\/wp\/v2\/pages\/7302\/revisions"}],"predecessor-version":[{"id":8957,"href":"https:\/\/yindamachinery.com\/pt\/wp-json\/wp\/v2\/pages\/7302\/revisions\/8957"}],"wp:attachment":[{"href":"https:\/\/yindamachinery.com\/pt\/wp-json\/wp\/v2\/media?parent=7302"}],"curies":[{"name":"wp","href":"https:\/\/api.w.org\/{rel}","templated":true}]}}