{"id":7223,"date":"2022-06-02T13:13:48","date_gmt":"2022-06-02T13:13:48","guid":{"rendered":"https:\/\/yindamachinery.com\/?page_id=7223"},"modified":"2022-06-02T13:17:48","modified_gmt":"2022-06-02T13:17:48","slug":"estudo-de-caso-de-processamento-de-alimentos","status":"publish","type":"page","link":"https:\/\/yindamachinery.com\/pt\/estudo-de-caso-de-processamento-de-alimentos\/","title":{"rendered":"Estudo de caso de processamento de alimentos"},"content":{"rendered":"<div data-elementor-type=\"wp-page\" data-elementor-id=\"7223\" class=\"elementor elementor-7223\">\n\t\t\t\t\t\t<section class=\"elementor-section elementor-top-section elementor-element elementor-element-43649cc elementor-section-boxed elementor-section-height-default elementor-section-height-default\" data-id=\"43649cc\" data-element_type=\"section\" data-e-type=\"section\">\n\t\t\t\t\t\t<div class=\"elementor-container elementor-column-gap-default\">\n\t\t\t\t\t<div class=\"elementor-column elementor-col-66 elementor-top-column elementor-element elementor-element-d1a317e\" data-id=\"d1a317e\" data-element_type=\"column\" data-e-type=\"column\">\n\t\t\t<div class=\"elementor-widget-wrap elementor-element-populated\">\n\t\t\t\t\t\t<div class=\"elementor-element elementor-element-7ef09c6 elementor-widget elementor-widget-text-editor\" data-id=\"7ef09c6\" data-element_type=\"widget\" data-e-type=\"widget\" data-widget_type=\"text-editor.default\">\n\t\t\t\t<div class=\"elementor-widget-container\">\n\t\t\t\t\t\t\t\t\t<h1><strong>Estudo de caso de processamento de alimentos:<\/strong><\/h1><p>A Yinda Machinery \u00e9 uma empresa de \u00faltima gera\u00e7\u00e3o que oferece todos os tipos de solu\u00e7\u00f5es de manuseio de p\u00f3 para seus clientes. A Yinda Machinery afirma com orgulho que tem a confian\u00e7a de mais de 489 fabricantes de part\u00edculas e processos em p\u00f3 em todo o mundo. Com mais de 20 anos de experi\u00eancia no neg\u00f3cio de manuseio de p\u00f3, a Yinda Machinery \u00e9 a empresa de refer\u00eancia ao lidar com m\u00e1quinas de manuseio de p\u00f3.<\/p><p>Desde a fabrica\u00e7\u00e3o de edif\u00edcios at\u00e9 o processamento de alimentos, a Yinda Machinery sempre tem a solu\u00e7\u00e3o certa de manuseio de p\u00f3 para os clientes.<\/p><h2>1-\u00a0<strong>Que dose a Premier Foods faz?<\/strong><\/h2><p><img decoding=\"async\" class=\"alignnone size-full wp-image-7226\" src=\"https:\/\/yindamachinery.com\/wp-content\/uploads\/2022\/06\/Food-processing-case-study-1.png\" alt=\"estudo de caso de processamento de alimentos (1)\" width=\"218\" height=\"113\" srcset=\"https:\/\/yindamachinery.com\/wp-content\/uploads\/2022\/06\/Food-processing-case-study-1.png 218w, https:\/\/yindamachinery.com\/wp-content\/uploads\/2022\/06\/Food-processing-case-study-1-18x9.png 18w\" sizes=\"(max-width: 218px) 100vw, 218px\" \/><\/p><p>A Premier Foods \u00e9 um dos principais produtores de leite e produtos l\u00e1cteos com sede em Cartum, Sud\u00e3o. E estabeleceu escrit\u00f3rios em Xangai e Hangzhou. A empresa cresceu significativamente durante sua curta hist\u00f3ria (fundada em 2002) e expandiu o portf\u00f3lio de produtos para incluir queijos, sobremesas e leite em p\u00f3 integral instant\u00e2neo. Al\u00e9m de um forte portf\u00f3lio de produtos l\u00e1cteos, a Premier tamb\u00e9m produz uma deliciosa variedade de sucos de frutas e recentemente tamb\u00e9m adicionou geleia com sabor de frutas \u00e0 crescente linha de produtos.<\/p><h2>2-\u00a0<strong>Qual a dose de servi\u00e7o oferecida pela Premier Foods? <\/strong><\/h2><p>A filosofia da empresa \u00e9 simples: todos os dias, sempre.<\/p><p>Na Premier, eles visam fornecer o que os clientes esperam \u2013 produtos de alta qualidade a um pre\u00e7o justo. O seu objectivo \u00e9 fornecer aos consumidores a produ\u00e7\u00e3o e distribui\u00e7\u00e3o de produtos alimentares e bebidas de qualidade consistentemente elevada a um pre\u00e7o de mercado razo\u00e1vel.<\/p><p>O objetivo: a Premier reconheceu e abordou a necessidade de aumentar a capacidade de produ\u00e7\u00e3o e se esfor\u00e7ar\u00e1 para atender \u00e0s demandas do mercado sudan\u00eas em evolu\u00e7\u00e3o, mesmo em mais pa\u00edses, usando a mais recente tecnologia de produ\u00e7\u00e3o e embalagem e ingredientes de alta qualidade.<\/p><h2>3-\u00a0<strong>Cria\u00e7\u00e3o da Premier Foods <\/strong><\/h2><p><img fetchpriority=\"high\" decoding=\"async\" class=\"alignnone size-full wp-image-7227\" src=\"https:\/\/yindamachinery.com\/wp-content\/uploads\/2022\/06\/Food-processing-case-study-2.png\" alt=\"estudo de caso de processamento de alimentos (2)\" width=\"1186\" height=\"496\" srcset=\"https:\/\/yindamachinery.com\/wp-content\/uploads\/2022\/06\/Food-processing-case-study-2.png 1186w, https:\/\/yindamachinery.com\/wp-content\/uploads\/2022\/06\/Food-processing-case-study-2-768x321.png 768w, https:\/\/yindamachinery.com\/wp-content\/uploads\/2022\/06\/Food-processing-case-study-2-18x8.png 18w\" sizes=\"(max-width: 1186px) 100vw, 1186px\" \/><\/p><p><img decoding=\"async\" class=\"alignnone size-full wp-image-7228\" src=\"https:\/\/yindamachinery.com\/wp-content\/uploads\/2022\/06\/Food-processing-case-study-3.png\" alt=\"estudo de caso de processamento de alimentos (3)\" width=\"1180\" height=\"350\" srcset=\"https:\/\/yindamachinery.com\/wp-content\/uploads\/2022\/06\/Food-processing-case-study-3.png 1180w, https:\/\/yindamachinery.com\/wp-content\/uploads\/2022\/06\/Food-processing-case-study-3-768x228.png 768w, https:\/\/yindamachinery.com\/wp-content\/uploads\/2022\/06\/Food-processing-case-study-3-18x5.png 18w\" sizes=\"(max-width: 1180px) 100vw, 1180px\" \/> <img loading=\"lazy\" decoding=\"async\" class=\"alignnone size-full wp-image-7229\" src=\"https:\/\/yindamachinery.com\/wp-content\/uploads\/2022\/06\/Food-processing-case-study-4.png\" alt=\"estudo de caso de processamento de alimentos (4)\" width=\"308\" height=\"351\" srcset=\"https:\/\/yindamachinery.com\/wp-content\/uploads\/2022\/06\/Food-processing-case-study-4.png 308w, https:\/\/yindamachinery.com\/wp-content\/uploads\/2022\/06\/Food-processing-case-study-4-11x12.png 11w\" sizes=\"(max-width: 308px) 100vw, 308px\" \/> <img loading=\"lazy\" decoding=\"async\" class=\"alignnone size-full wp-image-7230\" src=\"https:\/\/yindamachinery.com\/wp-content\/uploads\/2022\/06\/Food-processing-case-study-5.png\" alt=\"estudo de caso de processamento de alimentos (5)\" width=\"279\" height=\"337\" srcset=\"https:\/\/yindamachinery.com\/wp-content\/uploads\/2022\/06\/Food-processing-case-study-5.png 279w, https:\/\/yindamachinery.com\/wp-content\/uploads\/2022\/06\/Food-processing-case-study-5-10x12.png 10w\" sizes=\"(max-width: 279px) 100vw, 279px\" \/><\/p><p>A Premier Foods desenvolve mais produtos de alta qualidade para escolher os liquidificadores de fita de a\u00e7o inoxid\u00e1vel 316 da Yinda e os moedores de p\u00f3.<\/p><p><img loading=\"lazy\" decoding=\"async\" class=\"alignnone size-full wp-image-7231\" src=\"https:\/\/yindamachinery.com\/wp-content\/uploads\/2022\/06\/Food-processing-case-study-6.png\" alt=\"estudo de caso de processamento de alimentos (6)\" width=\"717\" height=\"717\" srcset=\"https:\/\/yindamachinery.com\/wp-content\/uploads\/2022\/06\/Food-processing-case-study-6.png 717w, https:\/\/yindamachinery.com\/wp-content\/uploads\/2022\/06\/Food-processing-case-study-6-150x150.png 150w, https:\/\/yindamachinery.com\/wp-content\/uploads\/2022\/06\/Food-processing-case-study-6-12x12.png 12w\" sizes=\"(max-width: 717px) 100vw, 717px\" \/> <img loading=\"lazy\" decoding=\"async\" class=\"alignnone size-full wp-image-7232\" src=\"https:\/\/yindamachinery.com\/wp-content\/uploads\/2022\/06\/Food-processing-case-study-7.png\" alt=\"estudo de caso de processamento de alimentos (7)\" width=\"662\" height=\"662\" srcset=\"https:\/\/yindamachinery.com\/wp-content\/uploads\/2022\/06\/Food-processing-case-study-7.png 662w, https:\/\/yindamachinery.com\/wp-content\/uploads\/2022\/06\/Food-processing-case-study-7-150x150.png 150w, https:\/\/yindamachinery.com\/wp-content\/uploads\/2022\/06\/Food-processing-case-study-7-12x12.png 12w\" sizes=\"(max-width: 662px) 100vw, 662px\" \/><\/p><h2>4-\u00a0<strong>Quais pa\u00edses eles atendem?<\/strong><\/h2><p>\u00a0<\/p><p>\u00c1sia<\/p><ul><li>China<\/li><li>\u00cdndia<\/li><li>Tail\u00e2ndia<\/li><li>Emirados \u00c1rabes Unidos<\/li><li>Ar\u00e1bia Saudita<\/li><li>Catar<\/li><li>Om\u00e3<\/li><li>Mal\u00e1sia<\/li><li>Cingapura<\/li><\/ul><p>\u00c1frica<\/p><ul><li>Sud\u00e3o<\/li><li>\u00c1frica do Sul<\/li><li>Nig\u00e9ria<\/li><li>Qu\u00eania<\/li><\/ul><p>\u00a0<\/p><h2>5-\u00a0<strong>Fabrica\u00e7\u00e3o <\/strong><strong>e M\u00e1quinas de Cria\u00e7\u00e3o de Mat\u00e9ria Prima<\/strong><\/h2><p>As mat\u00e9rias-primas utilizadas na produ\u00e7\u00e3o de seus diversos produtos l\u00e1cteos e sucos s\u00e3o em p\u00f3 ou em estado viscoso e semil\u00edquido. Para a seguran\u00e7a dos alimentos e para obter um produto de maior qualidade, todas essas mat\u00e9rias-primas precisam ser processadas com m\u00e1quinas de \u00faltima gera\u00e7\u00e3o antes que o produto final esteja pronto para uso.<\/p><p>Eles escolheram o misturador e pulverizador de fita de a\u00e7o inoxid\u00e1vel 316 da Yinda Machinery<\/p><p>\u00a0<\/p><h2>6-\u00a0<strong>Sobre nossa empresa-Quem \u00e9 a maquinaria yinda?<\/strong><\/h2><p>A Yinda Machinery \u00e9 uma das principais empresas de m\u00e1quinas de manuseio de p\u00f3 na China e tem mais de 20 anos de experi\u00eancia na ind\u00fastria e \u00e9 bem conhecida no campo de m\u00e1quinas de manuseio de p\u00f3 para a ind\u00fastria aliment\u00edcia. A Yinda Machinery fornece suporte t\u00e9cnico, de produ\u00e7\u00e3o e desenvolvimento para alimentos de primeira linha para processamento em p\u00f3.<\/p><p>\u00a0<\/p><h2>7-\u00a0<strong>Melhoramos os neg\u00f3cios de nossos clientes<\/strong><\/h2><p>A Yinda Machinery acredita que seu pr\u00f3prio crescimento est\u00e1 ligado ao crescimento de seus clientes. Como resultado, atendemos a essa ind\u00fastria fornecendo equipamentos de manuseio e processamento de p\u00f3 da mais alta qualidade. Al\u00e9m disso, o suporte de nossa equipe experiente ajuda nossos clientes a ganhar confian\u00e7a para entrar com sucesso em novos neg\u00f3cios.<\/p><p>\u00a0<\/p><p>A Yinda Machinery ajudar\u00e1 seus clientes a crescer fornecendo maquin\u00e1rio de manuseio de p\u00f3, maquin\u00e1rio misturador de fita e todos os outros equipamentos de alta qualidade para apoiar seus clientes.<\/p><p>\u00a0<\/p><h2>8-\u00a0<strong>O melhor equipamento de manuseio de p\u00f3 do mercado<\/strong><\/h2><p>O que torna a Yinda Machinery t\u00e3o confi\u00e1vel para os clientes? Porque temos uma equipe profissional de P&amp;D que h\u00e1 d\u00e9cadas est\u00e1 profundamente envolvida na ind\u00fastria de equipamentos para processamento de p\u00f3, aprimorando constantemente a tecnologia, desenvolvendo novos equipamentos que atendam ao mercado e criando constantemente mais possibilidades para nossos clientes com pensamento positivo e inovador.<\/p><p>\u00a0<\/p><h2>9-\u00a0<strong>Yinda <\/strong><strong>M<\/strong><strong>achinery pode ser a solu\u00e7\u00e3o completa para suas necessidades de sistemas de manuseio de p\u00f3<\/strong><\/h2><p>N\u00e3o importa em que setor voc\u00ea esteja, podemos atender \u00e0s suas necessidades, desde que voc\u00ea precise de equipamentos de manuseio de p\u00f3. N\u00e3o s\u00f3 em equipamentos, tamb\u00e9m podemos ajud\u00e1-lo e fornecer-lhe um servi\u00e7o one-stop. Desde a consulta inicial do equipamento, at\u00e9 o uso espec\u00edfico do equipamento de manuseio de p\u00f3, e o tratamento de v\u00e1rios problemas no processo de uso, etc., seremos seu parceiro s\u00f3lido e confi\u00e1vel!<\/p>\t\t\t\t\t\t\t\t<\/div>\n\t\t\t\t<\/div>\n\t\t\t\t\t<\/div>\n\t\t<\/div>\n\t\t\t\t<div class=\"elementor-column elementor-col-33 elementor-top-column elementor-element elementor-element-fd8852d\" data-id=\"fd8852d\" data-element_type=\"column\" data-e-type=\"column\">\n\t\t\t<div class=\"elementor-widget-wrap elementor-element-populated\">\n\t\t\t\t\t\t<div class=\"elementor-element elementor-element-de6d908 elementor-widget elementor-widget-text-editor\" data-id=\"de6d908\" data-element_type=\"widget\" data-e-type=\"widget\" data-widget_type=\"text-editor.default\">\n\t\t\t\t<div class=\"elementor-widget-container\">\n\t\t\t\t\t\t\t\t\t<p><\/p>\t\t\t\t\t\t\t\t<\/div>\n\t\t\t\t<\/div>\n\t\t\t\t<div class=\"elementor-element elementor-element-1e11226 elementor-widget elementor-widget-sidebar\" data-id=\"1e11226\" data-element_type=\"widget\" data-e-type=\"widget\" data-widget_type=\"sidebar.default\">\n\t\t\t\t<div class=\"elementor-widget-container\">\n\t\t\t\t\t<aside id=\"search-2\" class=\"widget widget_search\"><form role=\"search\" method=\"get\" class=\"search-form\" action=\"https:\/\/yindamachinery.com\/pt\/\" data-trp-original-action=\"https:\/\/yindamachinery.com\/pt\/\">\n\t<label for=\"search-field\">\n\t\t<span class=\"screen-reader-text\">Procurar por:<\/span>\n\t\t<input type=\"search\" id=\"search-field\" class=\"search-field\"   placeholder=\"Search...\" value=\"\" name=\"s\" tabindex=\"-1\">\n\t\t\t<\/label>\n\t\t\t<input type=\"submit\" class=\"search-submit\" value=\"Procurar\">\n\t<input type=\"hidden\" name=\"trp-form-language\" value=\"pt\"\/><\/form>\n<\/aside>\n\t\t<aside id=\"recent-posts-3\" class=\"widget widget_recent_entries\">\n\t\t<h2 class=\"widget-title\">Novos Produtos<\/h2><nav aria-label=\"Novos Produtos\">\n\t\t<ul>\n\t\t\t\t\t\t\t\t\t\t\t<li>\n\t\t\t\t\t<a href=\"https:\/\/yindamachinery.com\/pt\/industrial-chemicals-grinding-plant-high-performance-powder-processing-by-yinda-machinery\/\">Industrial Chemicals Grinding Plant \u2013 High-Performance Powder Processing by Yinda Machinery<\/a>\n\t\t\t\t\t\t\t\t\t<\/li>\n\t\t\t\t\t\t\t\t\t\t\t<li>\n\t\t\t\t\t<a href=\"https:\/\/yindamachinery.com\/pt\/vibrating-screen-machines-a-complete-guide-to-efficient-particle-separation-with-yinda-machinery\/\">Vibrating Screen Machines: A Complete Guide to Efficient Particle Separation with Yinda Machinery<\/a>\n\t\t\t\t\t\t\t\t\t<\/li>\n\t\t\t\t\t\t\t\t\t\t\t<li>\n\t\t\t\t\t<a href=\"https:\/\/yindamachinery.com\/pt\/how-an-air-classifier-mill-ensures-ultrafine-and-uniform-particle-size-after-sulfur-grinding\/\">How an Air Classifier Mill Ensures Ultrafine and Uniform Particle Size After Sulfur Grinding<\/a>\n\t\t\t\t\t\t\t\t\t<\/li>\n\t\t\t\t\t\t\t\t\t\t\t<li>\n\t\t\t\t\t<a href=\"https:\/\/yindamachinery.com\/pt\/carom-seeds-grinding-machine-for-small-and-large-capacity-production\/\">Carom Seeds Grinding Machine for Small and Large Capacity Production<\/a>\n\t\t\t\t\t\t\t\t\t<\/li>\n\t\t\t\t\t\t\t\t\t\t\t<li>\n\t\t\t\t\t<a href=\"https:\/\/yindamachinery.com\/pt\/advanced-instant-tea-processing-equipment-pin-mill-with-pulse-dust-collection-system-solution-for-crystal-instant-tea\/\">Advanced Instant Tea Processing Equipment Pin Mill with Pulse Dust Collection System Solution for Crystal Instant Tea<\/a>\n\t\t\t\t\t\t\t\t\t<\/li>\n\t\t\t\t\t<\/ul>\n\n\t\t<\/nav><\/aside><aside id=\"categories-2\" class=\"widget widget_categories\"><h2 class=\"widget-title\">Pesquisa r\u00e1pida<\/h2><nav aria-label=\"Pesquisa r\u00e1pida\">\n\t\t\t<ul>\n\t\t\t\t\t<li class=\"cat-item cat-item-1\"><a href=\"https:\/\/yindamachinery.com\/pt\/categoria\/blog\/\">Blogue<\/a>\n<\/li>\n\t<li class=\"cat-item cat-item-12\"><a href=\"https:\/\/yindamachinery.com\/pt\/categoria\/liquidificador-duplo\/\">Liquidificador duplo<\/a>\n<\/li>\n\t<li class=\"cat-item cat-item-10\"><a href=\"https:\/\/yindamachinery.com\/pt\/categoria\/liquidificador\/\">Batedor de fitas<\/a>\n<\/li>\n\t\t\t<\/ul>\n\n\t\t\t<\/nav><\/aside><aside id=\"custom_html-8\" class=\"widget_text widget widget_custom_html\"><div class=\"textwidget custom-html-widget\"><div class=\"quickQuote divScroll\">\r\n<div class=\"quickQuoteTitle\">Envie sua consulta hoje<\/div>\r\n<form name=\"form1\" method=\"post\" action=\"https:\/\/yindamachinery.wufoo.com\/forms\/z1w948rh0coebsw\/#public\">\r\n<input name=\"Field1\" type=\"text\" value=\"\" placeholder=\"Nome*\" required \/>\r\n<input name=\"Field2\" type=\"email\" value=\"\" placeholder=\"E-mail*\" required \/>\r\n<input name=\"Field3\" type=\"text\" value=\"\" placeholder=\"Telefone\" \/>\r\n<textarea name=\"Field4\" placeholder=\"Mensagem*\" required><\/textarea>\r\n<div class=\"hidden\"><input name=\"Field5\" type=\"text\" value=\"http:\/\/yindamachinery.com\/pt\/wp-json\/wp\/v2\/pages\/7223\"\/><\/div>\r\n<div class=\"hidden\"><input name=\"Field6\" type=\"text\" value=\"216.73.217.113, Columbus, United States\"\/><\/div>\r\n<div class=\"text-right\"><input name=\"saveForm\" type=\"submit\" value=\"Enviar\"\/><\/div>\r\n<div class=\"hidden\">\r\n<textarea name=\"comment\" id=\"comment\" rows=\"1\" cols=\"1\"><\/textarea>\r\n<input type=\"hidden\" id=\"idstamp\" name=\"idstamp\" value=\"Z76ScsiwY4S4aTigjiNXzc+TU2c4yz9sdD5K49qczUs=\" >\r\n<input type=\"hidden\" id=\"encryptedPassword\" name=\"encryptedPassword\" value=\"\" >\r\n<\/div>\r\n<\/form>\r\n<\/div><\/div><\/aside>\t\t\t\t<\/div>\n\t\t\t\t<\/div>\n\t\t\t\t\t<\/div>\n\t\t<\/div>\n\t\t\t\t\t<\/div>\n\t\t<\/section>\n\t\t\t\t<\/div>","protected":false},"excerpt":{"rendered":"<p>Food processing case study: Yinda Machinery is a state of the art company that offers all sorts of powder handling solutions for its clients. Yinda Machinery proudly claims that it is trusted by over 489 particles and powder process manufacturers around the world. With over 20 years of experience in the powder handling business, Yinda [&hellip;]<\/p>\n","protected":false},"author":1,"featured_media":0,"parent":0,"menu_order":0,"comment_status":"closed","ping_status":"closed","template":"","meta":{"_acf_changed":false,"_seopress_robots_primary_cat":"","_seopress_titles_title":"","_seopress_titles_desc":"","_seopress_robots_index":"","site-sidebar-layout":"no-sidebar","site-content-layout":"page-builder","ast-site-content-layout":"default","site-content-style":"default","site-sidebar-style":"default","ast-global-header-display":"","ast-banner-title-visibility":"","ast-main-header-display":"","ast-hfb-above-header-display":"","ast-hfb-below-header-display":"","ast-hfb-mobile-header-display":"","site-post-title":"disabled","ast-breadcrumbs-content":"","ast-featured-img":"disabled","footer-sml-layout":"","ast-disable-related-posts":"","theme-transparent-header-meta":"default","adv-header-id-meta":"","stick-header-meta":"","header-above-stick-meta":"","header-main-stick-meta":"","header-below-stick-meta":"","astra-migrate-meta-layouts":"default","ast-page-background-enabled":"default","ast-page-background-meta":{"desktop":{"background-color":"","background-image":"","background-repeat":"repeat","background-position":"center center","background-size":"auto","background-attachment":"scroll","background-type":"","background-media":"","overlay-type":"","overlay-color":"","overlay-opacity":"","overlay-gradient":""},"tablet":{"background-color":"","background-image":"","background-repeat":"repeat","background-position":"center center","background-size":"auto","background-attachment":"scroll","background-type":"","background-media":"","overlay-type":"","overlay-color":"","overlay-opacity":"","overlay-gradient":""},"mobile":{"background-color":"","background-image":"","background-repeat":"repeat","background-position":"center center","background-size":"auto","background-attachment":"scroll","background-type":"","background-media":"","overlay-type":"","overlay-color":"","overlay-opacity":"","overlay-gradient":""}},"ast-content-background-meta":{"desktop":{"background-color":"var(--ast-global-color-5)","background-image":"","background-repeat":"repeat","background-position":"center center","background-size":"auto","background-attachment":"scroll","background-type":"","background-media":"","overlay-type":"","overlay-color":"","overlay-opacity":"","overlay-gradient":""},"tablet":{"background-color":"var(--ast-global-color-5)","background-image":"","background-repeat":"repeat","background-position":"center center","background-size":"auto","background-attachment":"scroll","background-type":"","background-media":"","overlay-type":"","overlay-color":"","overlay-opacity":"","overlay-gradient":""},"mobile":{"background-color":"var(--ast-global-color-5)","background-image":"","background-repeat":"repeat","background-position":"center center","background-size":"auto","background-attachment":"scroll","background-type":"","background-media":"","overlay-type":"","overlay-color":"","overlay-opacity":"","overlay-gradient":""}},"footnotes":""},"class_list":["post-7223","page","type-page","status-publish","hentry"],"acf":[],"_links":{"self":[{"href":"https:\/\/yindamachinery.com\/pt\/wp-json\/wp\/v2\/pages\/7223","targetHints":{"allow":["GET"]}}],"collection":[{"href":"https:\/\/yindamachinery.com\/pt\/wp-json\/wp\/v2\/pages"}],"about":[{"href":"https:\/\/yindamachinery.com\/pt\/wp-json\/wp\/v2\/types\/page"}],"author":[{"embeddable":true,"href":"https:\/\/yindamachinery.com\/pt\/wp-json\/wp\/v2\/users\/1"}],"replies":[{"embeddable":true,"href":"https:\/\/yindamachinery.com\/pt\/wp-json\/wp\/v2\/comments?post=7223"}],"version-history":[{"count":0,"href":"https:\/\/yindamachinery.com\/pt\/wp-json\/wp\/v2\/pages\/7223\/revisions"}],"wp:attachment":[{"href":"https:\/\/yindamachinery.com\/pt\/wp-json\/wp\/v2\/media?parent=7223"}],"curies":[{"name":"wp","href":"https:\/\/api.w.org\/{rel}","templated":true}]}}