{"id":7208,"date":"2022-06-01T15:58:37","date_gmt":"2022-06-01T15:58:37","guid":{"rendered":"https:\/\/yindamachinery.com\/?page_id=7208"},"modified":"2025-10-20T15:06:56","modified_gmt":"2025-10-20T15:06:56","slug":"solucao-de-mistura-de-fita-de-cimento-seco","status":"publish","type":"page","link":"https:\/\/yindamachinery.com\/pt\/solucao-de-mistura-de-fita-de-cimento-seco\/","title":{"rendered":"Solu\u00e7\u00e3o de mistura de fita de tintas de cimento seco"},"content":{"rendered":"<div data-elementor-type=\"wp-page\" data-elementor-id=\"7208\" class=\"elementor elementor-7208\">\n\t\t\t\t\t\t<section class=\"elementor-section elementor-top-section elementor-element elementor-element-7ba16d1 elementor-section-boxed elementor-section-height-default elementor-section-height-default\" data-id=\"7ba16d1\" data-element_type=\"section\" data-e-type=\"section\">\n\t\t\t\t\t\t<div class=\"elementor-container elementor-column-gap-default\">\n\t\t\t\t\t<div class=\"elementor-column elementor-col-66 elementor-top-column elementor-element elementor-element-0cdc6d4\" data-id=\"0cdc6d4\" data-element_type=\"column\" data-e-type=\"column\">\n\t\t\t<div class=\"elementor-widget-wrap elementor-element-populated\">\n\t\t\t\t\t\t<div class=\"elementor-element elementor-element-a6d8257 elementor-widget elementor-widget-text-editor\" data-id=\"a6d8257\" data-element_type=\"widget\" data-e-type=\"widget\" data-widget_type=\"text-editor.default\">\n\t\t\t\t<div class=\"elementor-widget-container\">\n\t\t\t\t\t\t\t\t\t<h1 style=\"text-align: center;\">Solu\u00e7\u00e3o de mistura de fita de tintas de cimento seco<\/h1><p>A Yinda Machinery oferece uma solu\u00e7\u00e3o completa para todos os tipos de solu\u00e7\u00f5es de manuseio e processamento de p\u00f3. Com mais de 20 anos de experi\u00eancia na \u00e1rea de manuseio de p\u00f3, a Yinda Machinery se destaca no mercado nacional e internacional. Temos mais de 283 clientes satisfeitos que confiam na Yinda Machinery em todo o mundo.<\/p><p>Desde a fabrica\u00e7\u00e3o de cimento at\u00e9 o processamento de alimentos, a Yinda Machinery tem uma solu\u00e7\u00e3o para todos os processos de manuseio de p\u00f3.<\/p><h2>1-\u00a0<strong>O que <\/strong><strong>PISOS Y TECHADOS TORGINOL, SAS<\/strong><strong>\u00a0<\/strong><strong>\u00a0Faz?<\/strong><\/h2><p><img fetchpriority=\"high\" decoding=\"async\" class=\"alignnone size-full wp-image-7212\" src=\"https:\/\/yindamachinery.com\/wp-content\/uploads\/2022\/06\/\u56fe\u7247-1.png\" alt=\"\u56fe\u7247 1\" width=\"231\" height=\"218\" srcset=\"https:\/\/yindamachinery.com\/wp-content\/uploads\/2022\/06\/\u56fe\u7247-1.png 231w, https:\/\/yindamachinery.com\/wp-content\/uploads\/2022\/06\/\u56fe\u7247-1-13x12.png 13w\" sizes=\"(max-width: 231px) 100vw, 231px\" \/><\/p><p>A PISOS Y TECHADOS TORGINOL, SAS \u00e9 uma prestigiada empresa que se dedica ao fabrico de Tintas, Revestimentos e Adesivos. Com vendas anuais de mais de $ 90,31 milh\u00f5es e 1.066 funcion\u00e1rios.<\/p><p>A PISOS Y TECHADOS TORGINOL, SAS orgulha-se de servir os seus clientes e clientes com material de alta qualidade. Nossas altas vendas e lista de funcion\u00e1rios satisfeitos falam pela alta qualidade do material que fornecemos aos nossos clientes.<\/p><p><img decoding=\"async\" class=\"alignnone size-full wp-image-7211\" src=\"https:\/\/yindamachinery.com\/wp-content\/uploads\/2022\/06\/\u56fe\u7247-11.png\" alt=\"\u56fe\u7247 1(1)\" width=\"808\" height=\"448\" srcset=\"https:\/\/yindamachinery.com\/wp-content\/uploads\/2022\/06\/\u56fe\u7247-11.png 808w, https:\/\/yindamachinery.com\/wp-content\/uploads\/2022\/06\/\u56fe\u7247-11-768x426.png 768w, https:\/\/yindamachinery.com\/wp-content\/uploads\/2022\/06\/\u56fe\u7247-11-18x10.png 18w\" sizes=\"(max-width: 808px) 100vw, 808px\" \/><\/p><h2>2-\u00a0<strong>Servi\u00e7o diferente que<\/strong><strong>\u00a0<\/strong><strong>PISOS Y TECHADOS TORGINOL, SAS<\/strong><strong>\u00a0Faz<\/strong><strong>?<\/strong><\/h2><p>A PISOS Y TECHADOS TORGINOL, SAS oferece aos seus clientes uma s\u00e9rie de servi\u00e7os:<\/p><ol><li>Fabrica\u00e7\u00e3o de Tintas de Cimento Seco<\/li><li>Fabrica\u00e7\u00e3o de tintas de alta qualidade de todos os tipos<\/li><\/ol><ul><li>Desenvolvimento de adesivos para uso comercial e industrial<\/li><\/ul><ol><li>Prepara\u00e7\u00f5es de Revestimentos para aplica\u00e7\u00f5es de mercado<\/li><\/ol><p>A empresa oferece v\u00e1rios servi\u00e7os para a fabrica\u00e7\u00e3o de tintas de alta qualidade para autom\u00f3veis, constru\u00e7\u00e3o, acr\u00edlico, manufatura e outras ind\u00fastrias similares. Al\u00e9m disso, os adesivos e revestimentos est\u00e3o dispon\u00edveis para aplica\u00e7\u00e3o em \u00e1reas cr\u00edticas e ind\u00fastrias como a ind\u00fastria militar e armamentista.<\/p><h2>3-\u00a0<strong>Cria\u00e7\u00e3o de <\/strong><strong>PISOS Y TECHADOS TORGINOL, SAS<\/strong><strong>\u00a0produtos<\/strong><\/h2><p>A PISOS Y TECHADOS TORGINOL, SAS desenvolve tintas de cimento seco utilizando a m\u00e1quina misturadora de fitas da Yinda Machinery.<\/p><p><img decoding=\"async\" class=\"alignnone size-full wp-image-7216\" src=\"https:\/\/yindamachinery.com\/wp-content\/uploads\/2022\/06\/\u56fe\u7247-6.png\" alt=\"\u56fe\u7247 6\" width=\"800\" height=\"800\" srcset=\"https:\/\/yindamachinery.com\/wp-content\/uploads\/2022\/06\/\u56fe\u7247-6.png 800w, https:\/\/yindamachinery.com\/wp-content\/uploads\/2022\/06\/\u56fe\u7247-6-150x150.png 150w, https:\/\/yindamachinery.com\/wp-content\/uploads\/2022\/06\/\u56fe\u7247-6-768x768.png 768w, https:\/\/yindamachinery.com\/wp-content\/uploads\/2022\/06\/\u56fe\u7247-6-12x12.png 12w\" sizes=\"(max-width: 800px) 100vw, 800px\" \/> <img loading=\"lazy\" decoding=\"async\" class=\"alignnone size-full wp-image-7215\" src=\"https:\/\/yindamachinery.com\/wp-content\/uploads\/2022\/06\/\u56fe\u7247-5.png\" alt=\"\u56fe\u7247 5\" width=\"835\" height=\"1114\" srcset=\"https:\/\/yindamachinery.com\/wp-content\/uploads\/2022\/06\/\u56fe\u7247-5.png 835w, https:\/\/yindamachinery.com\/wp-content\/uploads\/2022\/06\/\u56fe\u7247-5-768x1025.png 768w, https:\/\/yindamachinery.com\/wp-content\/uploads\/2022\/06\/\u56fe\u7247-5-9x12.png 9w\" sizes=\"(max-width: 835px) 100vw, 835px\" \/> <img loading=\"lazy\" decoding=\"async\" class=\"alignnone size-full wp-image-7214\" src=\"https:\/\/yindamachinery.com\/wp-content\/uploads\/2022\/06\/\u56fe\u7247-4.png\" alt=\"\u56fe\u7247 4\" width=\"938\" height=\"1251\" srcset=\"https:\/\/yindamachinery.com\/wp-content\/uploads\/2022\/06\/\u56fe\u7247-4.png 938w, https:\/\/yindamachinery.com\/wp-content\/uploads\/2022\/06\/\u56fe\u7247-4-768x1024.png 768w, https:\/\/yindamachinery.com\/wp-content\/uploads\/2022\/06\/\u56fe\u7247-4-9x12.png 9w\" sizes=\"(max-width: 938px) 100vw, 938px\" \/> <img loading=\"lazy\" decoding=\"async\" class=\"alignnone size-full wp-image-7213\" src=\"https:\/\/yindamachinery.com\/wp-content\/uploads\/2022\/06\/\u56fe\u7247-3.png\" alt=\"\u56fe\u7247 3\" width=\"1512\" height=\"2016\" srcset=\"https:\/\/yindamachinery.com\/wp-content\/uploads\/2022\/06\/\u56fe\u7247-3.png 1512w, https:\/\/yindamachinery.com\/wp-content\/uploads\/2022\/06\/\u56fe\u7247-3-768x1024.png 768w, https:\/\/yindamachinery.com\/wp-content\/uploads\/2022\/06\/\u56fe\u7247-3-1152x1536.png 1152w, https:\/\/yindamachinery.com\/wp-content\/uploads\/2022\/06\/\u56fe\u7247-3-9x12.png 9w\" sizes=\"(max-width: 1512px) 100vw, 1512px\" \/><\/p><h2>4-\u00a0<strong>Quais pa\u00edses eles atendem?<\/strong><\/h2><p>\u00a0<\/p><p>Am\u00e9rica do Sul<\/p><ul><li>Chile<\/li><li>Brasil<\/li><li>Argentina<\/li><li>M\u00e9xico<\/li><\/ul><p>Austr\u00e1lia<\/p><ul><li>Nova Zel\u00e2ndia<\/li><li>Austr\u00e1lia<\/li><\/ul><p>Europa<\/p><ul><li>Dinamarca<\/li><li>It\u00e1lia<\/li><li>Finl\u00e2ndia<\/li><\/ul><p>\u00c1sia<\/p><ul><li>China<\/li><li>\u00cdndia<\/li><li>Taiwan<\/li><li>Tail\u00e2ndia<\/li><li>Indon\u00e9sia<\/li><li>Cingapura<\/li><li>Mal\u00e1sia<\/li><li>Om\u00e3<\/li><li>Catar<\/li><li>Emirados \u00c1rabes Unidos<\/li><li>Ar\u00e1bia Saudita<\/li><\/ul><p>\u00c1frica<\/p><ul><li>Qu\u00eania<\/li><li>Nig\u00e9ria<\/li><li>\u00c1frica do Sul<\/li><\/ul><h2>5-\u00a0<strong>\u00a0Equipamentos, M\u00e1quinas e Componentes <\/strong><strong>PISOS Y TECHADOS TORGINOL, SAS<\/strong><strong>.<\/strong><strong>\u00a0usar?<\/strong><strong>\u00a0<\/strong><strong>(liquidificador de fita)<\/strong><\/h2><h2>6-\u00a0<strong>M\u00e1quinas de fabrica\u00e7\u00e3o e cria\u00e7\u00e3o de mat\u00e9ria-prima<\/strong><\/h2><p>A principal utiliza\u00e7\u00e3o da m\u00e1quina na ind\u00fastria de manuseio de p\u00f3 na \u00e1rea de fabrica\u00e7\u00e3o de tintas \u00e9 a m\u00e1quina misturadora de fita. A m\u00e1quina misturadora de fita da Yinda Machinery tem a capacidade de lidar com tintas de grau industrial e sua mat\u00e9ria-prima.<\/p><h2>7- <strong>Sobre nossa empresa-Quem \u00e9 a maquinaria yinda?<\/strong><\/h2><p>A Yinda Machinery \u00e9 uma empresa de fabrica\u00e7\u00e3o de m\u00e1quinas de manuseio de p\u00f3 de \u00faltima gera\u00e7\u00e3o. A Yinda Machinery tem mais de 20 anos de experi\u00eancia na ind\u00fastria de manuseio de p\u00f3. As m\u00e1quinas de manuseio de p\u00f3 da Yinda Machinery variam de todos os tipos de misturadores a trituradores. Lidamos com todos os tipos de m\u00e1quinas de manuseio e processamento de p\u00f3.<\/p><h2><strong>8-<\/strong><strong>Melhoramos nossos clientes<\/strong><strong>&#039; <\/strong><strong>Neg\u00f3cios<\/strong><\/h2><p>A Yinda Machinery acredita que seu pr\u00f3prio crescimento est\u00e1 ligado ao crescimento de seus clientes. Portanto, estamos atendendo a ind\u00fastria fornecendo a mais alta qualidade de equipamentos de manuseio e processamento de p\u00f3. Al\u00e9m disso, o apoio de nossa equipe altamente experiente ajuda nossos clientes a obter a confian\u00e7a necess\u00e1ria para entrar em novos empreendimentos com sucesso.<\/p><p>A Yinda Machinery cuidar\u00e1 de seus clientes fornecendo maquin\u00e1rio de manuseio de p\u00f3, maquin\u00e1rio misturador de fita e todos os outros equipamentos de primeira linha que ajudar\u00e3o a empresa a crescer.<\/p><h2>9-\u00a0<strong>O melhor manuseio de p\u00f3 <\/strong><strong>equipamento<\/strong><strong>\u00a0no mercado<\/strong><\/h2><p>O que faz o equipamento da Yinda Machinery se destacar do resto do lote? Zero compromisso com a qualidade. A Yinda Machinery opera sob a lideran\u00e7a din\u00e2mica de seus l\u00edderes jovens, experientes e entusiasmados. A Yinda Machinery possui um rigoroso processo de finaliza\u00e7\u00e3o de m\u00e1quina em que a qualidade da m\u00e1quina \u00e9 priorizada.<\/p><p>A Yinda Machinery tamb\u00e9m se preocupa em oferecer as taxas mais competitivas do mercado. Entende-se que a qualidade e o pre\u00e7o s\u00e3o dois aspectos que nenhum cliente ter\u00e1 que fazer sequer um compromisso.<\/p><h2>10-\u00a0<strong>Yinda <\/strong><strong>M<\/strong><strong>achinery pode ser a solu\u00e7\u00e3o completa para suas necessidades de sistemas de manuseio de p\u00f3<\/strong><\/h2><p>Ind\u00fastria de tintas, ind\u00fastria de revestimentos, ind\u00fastria de adesivos, voc\u00ea escolhe. A Yinda Machienry tem a solu\u00e7\u00e3o para lidar com todos os tipos de trabalhos relacionados a p\u00f3. Desde o fornecimento de maquin\u00e1rio sofisticado at\u00e9 a consulta sobre a sele\u00e7\u00e3o de mat\u00e9rias-primas e m\u00e1quinas, voc\u00ea ter\u00e1 todas essas informa\u00e7\u00f5es sob o mesmo teto da Yinda Machinery. \u00a0<\/p>\t\t\t\t\t\t\t\t<\/div>\n\t\t\t\t<\/div>\n\t\t\t\t\t<\/div>\n\t\t<\/div>\n\t\t\t\t<div class=\"elementor-column elementor-col-33 elementor-top-column elementor-element elementor-element-ca3b197\" data-id=\"ca3b197\" data-element_type=\"column\" data-e-type=\"column\">\n\t\t\t<div class=\"elementor-widget-wrap elementor-element-populated\">\n\t\t\t\t\t\t<div class=\"elementor-element elementor-element-247287d elementor-widget elementor-widget-text-editor\" data-id=\"247287d\" data-element_type=\"widget\" data-e-type=\"widget\" data-widget_type=\"text-editor.default\">\n\t\t\t\t<div class=\"elementor-widget-container\">\n\t\t\t\t\t\t\t\t\t<p><\/p>\t\t\t\t\t\t\t\t<\/div>\n\t\t\t\t<\/div>\n\t\t\t\t<div class=\"elementor-element elementor-element-105c13d elementor-widget elementor-widget-sidebar\" data-id=\"105c13d\" data-element_type=\"widget\" data-e-type=\"widget\" data-widget_type=\"sidebar.default\">\n\t\t\t\t<div class=\"elementor-widget-container\">\n\t\t\t\t\t<aside id=\"search-2\" class=\"widget widget_search\"><form role=\"search\" method=\"get\" class=\"search-form\" action=\"https:\/\/yindamachinery.com\/pt\/\" data-trp-original-action=\"https:\/\/yindamachinery.com\/pt\/\">\n\t<label for=\"search-field\">\n\t\t<span class=\"screen-reader-text\">Procurar por:<\/span>\n\t\t<input type=\"search\" id=\"search-field\" class=\"search-field\"   placeholder=\"Search...\" value=\"\" name=\"s\" tabindex=\"-1\">\n\t\t\t<\/label>\n\t\t\t<input type=\"submit\" class=\"search-submit\" value=\"Procurar\">\n\t<input type=\"hidden\" name=\"trp-form-language\" value=\"pt\"\/><\/form>\n<\/aside>\n\t\t<aside id=\"recent-posts-3\" class=\"widget widget_recent_entries\">\n\t\t<h2 class=\"widget-title\">Novos Produtos<\/h2><nav aria-label=\"Novos Produtos\">\n\t\t<ul>\n\t\t\t\t\t\t\t\t\t\t\t<li>\n\t\t\t\t\t<a href=\"https:\/\/yindamachinery.com\/pt\/industrial-chemicals-grinding-plant-high-performance-powder-processing-by-yinda-machinery\/\">Industrial Chemicals Grinding Plant \u2013 High-Performance Powder Processing by Yinda Machinery<\/a>\n\t\t\t\t\t\t\t\t\t<\/li>\n\t\t\t\t\t\t\t\t\t\t\t<li>\n\t\t\t\t\t<a href=\"https:\/\/yindamachinery.com\/pt\/vibrating-screen-machines-a-complete-guide-to-efficient-particle-separation-with-yinda-machinery\/\">Vibrating Screen Machines: A Complete Guide to Efficient Particle Separation with Yinda Machinery<\/a>\n\t\t\t\t\t\t\t\t\t<\/li>\n\t\t\t\t\t\t\t\t\t\t\t<li>\n\t\t\t\t\t<a href=\"https:\/\/yindamachinery.com\/pt\/how-an-air-classifier-mill-ensures-ultrafine-and-uniform-particle-size-after-sulfur-grinding\/\">How an Air Classifier Mill Ensures Ultrafine and Uniform Particle Size After Sulfur Grinding<\/a>\n\t\t\t\t\t\t\t\t\t<\/li>\n\t\t\t\t\t\t\t\t\t\t\t<li>\n\t\t\t\t\t<a href=\"https:\/\/yindamachinery.com\/pt\/carom-seeds-grinding-machine-for-small-and-large-capacity-production\/\">Carom Seeds Grinding Machine for Small and Large Capacity Production<\/a>\n\t\t\t\t\t\t\t\t\t<\/li>\n\t\t\t\t\t\t\t\t\t\t\t<li>\n\t\t\t\t\t<a href=\"https:\/\/yindamachinery.com\/pt\/advanced-instant-tea-processing-equipment-pin-mill-with-pulse-dust-collection-system-solution-for-crystal-instant-tea\/\">Advanced Instant Tea Processing Equipment Pin Mill with Pulse Dust Collection System Solution for Crystal Instant Tea<\/a>\n\t\t\t\t\t\t\t\t\t<\/li>\n\t\t\t\t\t<\/ul>\n\n\t\t<\/nav><\/aside><aside id=\"categories-2\" class=\"widget widget_categories\"><h2 class=\"widget-title\">Pesquisa r\u00e1pida<\/h2><nav aria-label=\"Pesquisa r\u00e1pida\">\n\t\t\t<ul>\n\t\t\t\t\t<li class=\"cat-item cat-item-1\"><a href=\"https:\/\/yindamachinery.com\/pt\/categoria\/blog\/\">Blogue<\/a>\n<\/li>\n\t<li class=\"cat-item cat-item-12\"><a href=\"https:\/\/yindamachinery.com\/pt\/categoria\/liquidificador-duplo\/\">Liquidificador duplo<\/a>\n<\/li>\n\t<li class=\"cat-item cat-item-10\"><a href=\"https:\/\/yindamachinery.com\/pt\/categoria\/liquidificador\/\">Batedor de fitas<\/a>\n<\/li>\n\t\t\t<\/ul>\n\n\t\t\t<\/nav><\/aside><aside id=\"custom_html-8\" class=\"widget_text widget widget_custom_html\"><div class=\"textwidget custom-html-widget\"><div class=\"quickQuote divScroll\">\r\n<div class=\"quickQuoteTitle\">Envie sua consulta hoje<\/div>\r\n<form name=\"form1\" method=\"post\" action=\"https:\/\/yindamachinery.wufoo.com\/forms\/z1w948rh0coebsw\/#public\">\r\n<input name=\"Field1\" type=\"text\" value=\"\" placeholder=\"Nome*\" required \/>\r\n<input name=\"Field2\" type=\"email\" value=\"\" placeholder=\"E-mail*\" required \/>\r\n<input name=\"Field3\" type=\"text\" value=\"\" placeholder=\"Telefone\" \/>\r\n<textarea name=\"Field4\" placeholder=\"Mensagem*\" required><\/textarea>\r\n<div class=\"hidden\"><input name=\"Field5\" type=\"text\" value=\"http:\/\/yindamachinery.com\/pt\/wp-json\/wp\/v2\/pages\/7208\"\/><\/div>\r\n<div class=\"hidden\"><input name=\"Field6\" type=\"text\" value=\"216.73.217.113, Columbus, United States\"\/><\/div>\r\n<div class=\"text-right\"><input name=\"saveForm\" type=\"submit\" value=\"Enviar\"\/><\/div>\r\n<div class=\"hidden\">\r\n<textarea name=\"comment\" id=\"comment\" rows=\"1\" cols=\"1\"><\/textarea>\r\n<input type=\"hidden\" id=\"idstamp\" name=\"idstamp\" value=\"Z76ScsiwY4S4aTigjiNXzc+TU2c4yz9sdD5K49qczUs=\" >\r\n<input type=\"hidden\" id=\"encryptedPassword\" name=\"encryptedPassword\" value=\"\" >\r\n<\/div>\r\n<\/form>\r\n<\/div><\/div><\/aside>\t\t\t\t<\/div>\n\t\t\t\t<\/div>\n\t\t\t\t\t<\/div>\n\t\t<\/div>\n\t\t\t\t\t<\/div>\n\t\t<\/section>\n\t\t\t\t<\/div>","protected":false},"excerpt":{"rendered":"<p>Dry Cement Paints ribbon mixing solution Yinda\u00a0Machinery offers a one stop solution for all types of powder handling and processing solutions. With an experience of over 20 years in the powder handling field, Yinda Machinery stands out in the domestic and international market. We have over 283 satisfied clients who trust Yinda Machinery around the [&hellip;]<\/p>\n","protected":false},"author":1,"featured_media":0,"parent":0,"menu_order":0,"comment_status":"closed","ping_status":"closed","template":"","meta":{"_acf_changed":false,"_seopress_robots_primary_cat":"","_seopress_titles_title":"Dry Cement Paints Ribbon Mixing Solution | Yinda Machinery","_seopress_titles_desc":"Dry Cement Paints Ribbon Mixing Solution is widely used in wide range of cement manufacturing to food processing industries. Contact us for quotation.","_seopress_robots_index":"","site-sidebar-layout":"no-sidebar","site-content-layout":"page-builder","ast-site-content-layout":"default","site-content-style":"default","site-sidebar-style":"default","ast-global-header-display":"","ast-banner-title-visibility":"","ast-main-header-display":"","ast-hfb-above-header-display":"","ast-hfb-below-header-display":"","ast-hfb-mobile-header-display":"","site-post-title":"disabled","ast-breadcrumbs-content":"","ast-featured-img":"disabled","footer-sml-layout":"","ast-disable-related-posts":"","theme-transparent-header-meta":"default","adv-header-id-meta":"","stick-header-meta":"","header-above-stick-meta":"","header-main-stick-meta":"","header-below-stick-meta":"","astra-migrate-meta-layouts":"default","ast-page-background-enabled":"default","ast-page-background-meta":{"desktop":{"background-color":"","background-image":"","background-repeat":"repeat","background-position":"center center","background-size":"auto","background-attachment":"scroll","background-type":"","background-media":"","overlay-type":"","overlay-color":"","overlay-opacity":"","overlay-gradient":""},"tablet":{"background-color":"","background-image":"","background-repeat":"repeat","background-position":"center center","background-size":"auto","background-attachment":"scroll","background-type":"","background-media":"","overlay-type":"","overlay-color":"","overlay-opacity":"","overlay-gradient":""},"mobile":{"background-color":"","background-image":"","background-repeat":"repeat","background-position":"center center","background-size":"auto","background-attachment":"scroll","background-type":"","background-media":"","overlay-type":"","overlay-color":"","overlay-opacity":"","overlay-gradient":""}},"ast-content-background-meta":{"desktop":{"background-color":"var(--ast-global-color-5)","background-image":"","background-repeat":"repeat","background-position":"center center","background-size":"auto","background-attachment":"scroll","background-type":"","background-media":"","overlay-type":"","overlay-color":"","overlay-opacity":"","overlay-gradient":""},"tablet":{"background-color":"var(--ast-global-color-5)","background-image":"","background-repeat":"repeat","background-position":"center center","background-size":"auto","background-attachment":"scroll","background-type":"","background-media":"","overlay-type":"","overlay-color":"","overlay-opacity":"","overlay-gradient":""},"mobile":{"background-color":"var(--ast-global-color-5)","background-image":"","background-repeat":"repeat","background-position":"center center","background-size":"auto","background-attachment":"scroll","background-type":"","background-media":"","overlay-type":"","overlay-color":"","overlay-opacity":"","overlay-gradient":""}},"footnotes":""},"class_list":["post-7208","page","type-page","status-publish","hentry"],"acf":[],"_links":{"self":[{"href":"https:\/\/yindamachinery.com\/pt\/wp-json\/wp\/v2\/pages\/7208","targetHints":{"allow":["GET"]}}],"collection":[{"href":"https:\/\/yindamachinery.com\/pt\/wp-json\/wp\/v2\/pages"}],"about":[{"href":"https:\/\/yindamachinery.com\/pt\/wp-json\/wp\/v2\/types\/page"}],"author":[{"embeddable":true,"href":"https:\/\/yindamachinery.com\/pt\/wp-json\/wp\/v2\/users\/1"}],"replies":[{"embeddable":true,"href":"https:\/\/yindamachinery.com\/pt\/wp-json\/wp\/v2\/comments?post=7208"}],"version-history":[{"count":1,"href":"https:\/\/yindamachinery.com\/pt\/wp-json\/wp\/v2\/pages\/7208\/revisions"}],"predecessor-version":[{"id":8896,"href":"https:\/\/yindamachinery.com\/pt\/wp-json\/wp\/v2\/pages\/7208\/revisions\/8896"}],"wp:attachment":[{"href":"https:\/\/yindamachinery.com\/pt\/wp-json\/wp\/v2\/media?parent=7208"}],"curies":[{"name":"wp","href":"https:\/\/api.w.org\/{rel}","templated":true}]}}