{"id":7159,"date":"2022-06-01T05:05:30","date_gmt":"2022-06-01T05:05:30","guid":{"rendered":"https:\/\/yindamachinery.com\/?page_id=7159"},"modified":"2025-10-20T15:14:42","modified_gmt":"2025-10-20T15:14:42","slug":"estudo-de-caso-de-aditivos-alimentares","status":"publish","type":"page","link":"https:\/\/yindamachinery.com\/pt\/estudo-de-caso-de-aditivos-alimentares\/","title":{"rendered":"Estudo de caso de aditivos alimentares"},"content":{"rendered":"<div data-elementor-type=\"wp-page\" data-elementor-id=\"7159\" class=\"elementor elementor-7159\">\n\t\t\t\t\t\t<section class=\"elementor-section elementor-top-section elementor-element elementor-element-42b7645 elementor-section-boxed elementor-section-height-default elementor-section-height-default\" data-id=\"42b7645\" data-element_type=\"section\" data-e-type=\"section\">\n\t\t\t\t\t\t<div class=\"elementor-container elementor-column-gap-default\">\n\t\t\t\t\t<div class=\"elementor-column elementor-col-66 elementor-top-column elementor-element elementor-element-4b2012d\" data-id=\"4b2012d\" data-element_type=\"column\" data-e-type=\"column\">\n\t\t\t<div class=\"elementor-widget-wrap elementor-element-populated\">\n\t\t\t\t\t\t<div class=\"elementor-element elementor-element-11fb7e7 elementor-widget elementor-widget-text-editor\" data-id=\"11fb7e7\" data-element_type=\"widget\" data-e-type=\"widget\" data-widget_type=\"text-editor.default\">\n\t\t\t\t<div class=\"elementor-widget-container\">\n\t\t\t\t\t\t\t\t\t<h2>1-\u00a0<strong>F<\/strong><strong>estudo de caso de aditivos alimentares<\/strong><strong>: yinda como solu\u00e7\u00e3o de processamento de manuseio de p\u00f3<\/strong><\/h2><p><img decoding=\"async\" class=\"alignnone size-full wp-image-7166\" src=\"https:\/\/yindamachinery.com\/wp-content\/uploads\/2022\/06\/Food-additives-case-study-5.png\" alt=\"estudo de caso de aditivos alimentares (5)\" width=\"318\" height=\"124\" srcset=\"https:\/\/yindamachinery.com\/wp-content\/uploads\/2022\/06\/Food-additives-case-study-5.png 318w, https:\/\/yindamachinery.com\/wp-content\/uploads\/2022\/06\/Food-additives-case-study-5-18x7.png 18w\" sizes=\"(max-width: 318px) 100vw, 318px\" \/><\/p><p>Fonte: ICFOOD Vietn\u00e3 (https:\/\/icfood.vn\/)<\/p><p>A Yinda Machinery \u00e9 uma empresa reconhecida internacionalmente que oferece solu\u00e7\u00f5es para empresas que trabalham no dom\u00ednio do manuseio de p\u00f3. Com mais de 20 anos de experi\u00eancia na ind\u00fastria de manuseio de p\u00f3 e exposi\u00e7\u00e3o de trabalhar com mais de centenas de clientes satisfeitos, a Yinda Machinery \u00e9 uma das empresas de fabrica\u00e7\u00e3o de m\u00e1quinas de manuseio de p\u00f3 mais bem-sucedidas.<\/p><p>A Yinda Machinery possui todas as solu\u00e7\u00f5es para empresas envolvidas direta ou indiretamente no neg\u00f3cio de manuseio de p\u00f3.<\/p><h2>2-\u00a0<strong>O que o Ifood faz?<\/strong><\/h2><p>ICFOOD \u00e9 um nome famoso na ind\u00fastria de processamento de aditivos alimentares do Oriente. Quando se trata de qualidade e reputa\u00e7\u00e3o, ICFOOD \u00e9 um nome a ser lembrado. A ICFOOD \u00e9 especializada na preserva\u00e7\u00e3o de alimentos, mat\u00e9rias-primas, produtos farmac\u00eauticos e produtos pecu\u00e1rios. O principal objetivo do ICFOOD \u00e9 preservar a naturalidade dos alimentos e proteg\u00ea-los do meio ambiente cada vez mais deteriorado.<\/p><p>A ICFOOD acredita firmemente que a naturalidade dos produtos ser\u00e1 uma caracter\u00edstica definidora no futuro das ind\u00fastrias de processamento de alimentos e fabrica\u00e7\u00e3o de aditivos.<\/p><p><img fetchpriority=\"high\" decoding=\"async\" class=\"alignnone size-full wp-image-7162\" src=\"https:\/\/yindamachinery.com\/wp-content\/uploads\/2022\/06\/Food-additives-case-study-1.png\" alt=\"estudo de caso de aditivos alimentares (1)\" width=\"668\" height=\"315\" srcset=\"https:\/\/yindamachinery.com\/wp-content\/uploads\/2022\/06\/Food-additives-case-study-1.png 668w, https:\/\/yindamachinery.com\/wp-content\/uploads\/2022\/06\/Food-additives-case-study-1-18x8.png 18w\" sizes=\"(max-width: 668px) 100vw, 668px\" \/><\/p><p>Fonte: ICFOOD Vietn\u00e3 (https:\/\/icfood.vn\/)<\/p><h2>3-\u00a0<strong>Servi\u00e7o diferente que<\/strong><strong>\u00a0icfood<\/strong><strong>\u00a0Faz?<\/strong><\/h2><p>\u00a0<\/p><p>A ICFOOD est\u00e1 determinada a cumprir seu objetivo de manter os alimentos, produtos farmac\u00eauticos e outras mat\u00e9rias-primas frescas e preservadas contra os impactos ambientais. Neste campo, o ICFOOD oferece os seguintes servi\u00e7os:<\/p><ul><li>Fermenta\u00e7\u00e3o microbiana<\/li><li>Fermenta\u00e7\u00e3o alco\u00f3lica<\/li><li>Tempero de alimentos<\/li><li>Produ\u00e7\u00e3o de Enzimas<\/li><\/ul><p>O ICFOOD tamb\u00e9m est\u00e1 dispon\u00edvel para qualquer consulta sobre exporta\u00e7\u00e3o e embalagem dos produtos acima mencionados. Al\u00e9m disso, o ICFOOD oferece diversos tutoriais para seus clientes entenderem o uso adequado de aditivos e enzimas e realizarem a receita ideal para conserva\u00e7\u00e3o de alimentos.<\/p><p><img decoding=\"async\" class=\"alignnone size-full wp-image-7164\" src=\"https:\/\/yindamachinery.com\/wp-content\/uploads\/2022\/06\/Food-additives-case-study-3.png\" alt=\"estudo de caso de aditivos alimentares (3)\" width=\"302\" height=\"146\" srcset=\"https:\/\/yindamachinery.com\/wp-content\/uploads\/2022\/06\/Food-additives-case-study-3.png 302w, https:\/\/yindamachinery.com\/wp-content\/uploads\/2022\/06\/Food-additives-case-study-3-18x9.png 18w\" sizes=\"(max-width: 302px) 100vw, 302px\" \/><\/p><p>Fonte: ICFOOD Vietn\u00e3 (https:\/\/icfood.vn\/)<\/p><h2>4-\u00a0<strong>Cria\u00e7\u00e3o de <\/strong><strong>icfood<\/strong><strong>\u00a0produtos<\/strong><\/h2><p>A ICFOOD se orgulha do desenvolvimento de seus produtos de marca registrada. Os principais produtos que o ICFOOD oferece s\u00e3o os seguintes:<\/p><ul><li>Parede Celular de Levedura<\/li><li>Levedura Seca Aqua<\/li><li>Aqua Probi\u00f3ticos<\/li><li>Aqua Licheniformis<\/li><li>BIO-KV01 (Etiqueta Verde)<\/li><li>BIO-KV01 (Etiqueta Amarela)<\/li><\/ul><p>Al\u00e9m do acima, ICFOOD tamb\u00e9m produz as seguintes enzimas:<\/p><ul><li>Protease Alcalina<\/li><li>Protease \u00e1cida<\/li><li>Protease Neutra<\/li><li>Glucoamilase<\/li><li>Pectinase<\/li><li>Fitase FPTT (resistente ao calor)<\/li><li>Fitase FPH \u2013 10 (n\u00e3o resistente ao calor)<\/li><li>Lipase FLP-100<\/li><li>Xilanase FXY-100<\/li><li>Amilase FAM - 5<\/li><li>Celulase FCE-10<\/li><li>Alfa-amilase AHA-100T<\/li><li>Gluco - Amilase GA-260<\/li><\/ul><p><img loading=\"lazy\" decoding=\"async\" class=\"alignnone size-full wp-image-7165\" src=\"https:\/\/yindamachinery.com\/wp-content\/uploads\/2022\/06\/Food-additives-case-study-4.png\" alt=\"estudo de caso de aditivos alimentares (4)\" width=\"298\" height=\"140\" srcset=\"https:\/\/yindamachinery.com\/wp-content\/uploads\/2022\/06\/Food-additives-case-study-4.png 298w, https:\/\/yindamachinery.com\/wp-content\/uploads\/2022\/06\/Food-additives-case-study-4-18x8.png 18w\" sizes=\"(max-width: 298px) 100vw, 298px\" \/><\/p><p>Fonte: ICFOOD Vietn\u00e3 (https:\/\/icfood.vn\/)<\/p><p>Com rela\u00e7\u00e3o ao Tempero Natural Alimentar dos itens, os seguintes produtos s\u00e3o oferecidos pelo ICFOOD:<\/p><ul><li>Extrato de Levedura SA322<\/li><li>Alta Umami<\/li><li>Extrato de Levedura HU01<\/li><li>Pasta Hyomoro<\/li><li>Prote\u00edna de Soja em P\u00f3<\/li><li>Mitop<\/li><\/ul><p>O ICFOOD tamb\u00e9m tem muitos outros produtos para oferecer, que podem ser verificados em seu site.<\/p><h2>5-\u00a0<strong>Quais pa\u00edses eles atendem?<\/strong><\/h2><p>Europa<\/p><ul><li>Dinamarca<\/li><li>It\u00e1lia<\/li><li>Finl\u00e2ndia<\/li><li>R\u00fassia<\/li><\/ul><p>\u00c1sia<\/p><ul><li>China<\/li><li>\u00cdndia<\/li><li>Taiwan<\/li><li>Tail\u00e2ndia<\/li><li>Emirados \u00c1rabes Unidos<\/li><li>Ar\u00e1bia Saudita<\/li><li>Catar<\/li><li>Om\u00e3<\/li><li>Mal\u00e1sia<\/li><li>Cingapura<\/li><\/ul><p>\u00c1frica<\/p><ul><li>\u00c1frica do Sul<\/li><li>Nig\u00e9ria<\/li><li>Qu\u00eania<\/li><\/ul><p>Austr\u00e1lia<\/p><ul><li>Nova Zel\u00e2ndia<\/li><li>Austr\u00e1lia<\/li><\/ul><p>Am\u00e9rica do Sul<\/p><ul><li>Chile<\/li><li>Brasil<\/li><\/ul><h2>6-\u00a0<strong>Equipamentos, M\u00e1quinas e Componentes <\/strong><strong>ICFOOD <\/strong><strong>usar?<\/strong><\/h2><p>(liquidificador de fita e m\u00e1quina de moer p\u00f3)<\/p><p><img loading=\"lazy\" decoding=\"async\" class=\"alignnone size-full wp-image-7163\" src=\"https:\/\/yindamachinery.com\/wp-content\/uploads\/2022\/06\/Food-additives-case-study-2.png\" alt=\"estudo de caso de aditivos alimentares (2)\" width=\"303\" height=\"199\" srcset=\"https:\/\/yindamachinery.com\/wp-content\/uploads\/2022\/06\/Food-additives-case-study-2.png 303w, https:\/\/yindamachinery.com\/wp-content\/uploads\/2022\/06\/Food-additives-case-study-2-18x12.png 18w\" sizes=\"(max-width: 303px) 100vw, 303px\" \/><\/p><p>A ICFOOD usa extensivamente a m\u00e1quina misturadora de fita e a m\u00e1quina de moagem de p\u00f3 da Yinda Machinery para a produ\u00e7\u00e3o de seus produtos. Como a ICFOOD est\u00e1 envolvida no processo de conservantes e aditivos de alimentos, as m\u00e1quinas de manuseio de p\u00f3 da Yinda Machinery s\u00e3o uma combina\u00e7\u00e3o natural.<\/p><p>Todos os componentes de reposi\u00e7\u00e3o da m\u00e1quina est\u00e3o dispon\u00edveis com a Yinda Machinery e, a pedido do cliente, as pe\u00e7as defeituosas s\u00e3o substitu\u00eddas no menor tempo poss\u00edvel.<\/p><h2>7-\u00a0<strong>M\u00e1quinas de fabrica\u00e7\u00e3o e cria\u00e7\u00e3o de mat\u00e9ria-prima<\/strong><\/h2><p>A mat\u00e9ria prima utilizada na fabrica\u00e7\u00e3o de Leveduras, Enzimas e demais produtos fabricados pela ICFOOD s\u00e3o na forma de p\u00f3. Parte do material usado pelo ICFOOD tamb\u00e9m est\u00e1 na forma de pasta viscosa e semil\u00edquida. Todas essas mat\u00e9rias-primas precisam ser processadas pelas m\u00e1quinas mais recentes antes que o produto final esteja pronto para uso.<\/p><h2>8-\u00a0<strong>Sobre nossa empresa-Quem \u00e9 a maquinaria yinda?<\/strong><\/h2><p>A Yinda Machinery \u00e9 uma marca l\u00edder em m\u00e1quinas de manuseio de p\u00f3 no mundo. Com seu maquin\u00e1rio de manuseio de p\u00f3 de \u00faltima gera\u00e7\u00e3o, a Yinda Machinery colabora com os neg\u00f3cios de empresas como ICFOOD de maneira ampla. A m\u00e1quina misturadora de fita e a m\u00e1quina de moagem de p\u00f3 formam a espinha dorsal dos processos em muitas empresas como a ICFOOD.<\/p><p>\u00a0<\/p><h2>9-\u00a0<strong>Melhoramos os neg\u00f3cios de nossos clientes<\/strong><\/h2><p>A Yinda Machinery sempre colabora com seus clientes fornecendo m\u00e1quinas da melhor e mais alta qualidade. A Yinda Machinery est\u00e1 sempre trabalhando em estreita colabora\u00e7\u00e3o com seus clientes, como o ICFOOD, para determinar as \u00e1reas onde mais suporte pode ser fornecido. Isso torna os clientes mais do que apenas clientes. Isso os torna como uma fam\u00edlia profissional e a fam\u00edlia sempre \u00e9 a primeira prioridade.<\/p><p>\u00a0<\/p><p>Al\u00e9m disso, as m\u00e1quinas da Yinda Machinery s\u00e3o confi\u00e1veis e n\u00e3o causam problemas frequentes para interromper a produ\u00e7\u00e3o em lote. Portanto, os clientes da Yinda Machinery como ICFOOD t\u00eam uma grande vantagem de sess\u00f5es de produ\u00e7\u00e3o ininterruptas. Essa produ\u00e7\u00e3o suave \u00e9 garantida pelas longas horas de pesquisa da Yinda Machinery e pelo seguimento de altos padr\u00f5es de qualidade para a fabrica\u00e7\u00e3o de m\u00e1quinas de manuseio de p\u00f3. \u00a0<\/p><h2>10-\u00a0<strong>O melhor manuseio de p\u00f3 <\/strong><strong>equipamento<\/strong><strong>\u00a0no mercado<\/strong><\/h2><p>A Yinda Machinery possui alguns dos melhores equipamentos e m\u00e1quinas para o manuseio de p\u00f3 e ind\u00fastrias associadas. Da mesma forma, a Yinda Machinery oferece a mais alta qualidade de m\u00e1quinas de manuseio de p\u00f3 que atendem aos padr\u00f5es internacionais de qualidade.<\/p><p>A longa lista de depoimentos de clientes satisfeitos da Yinda Machinery \u00e9 um an\u00fancio aberto da alta qualidade das m\u00e1quinas que a empresa oferece.<\/p><h2>11-\u00a0<strong>O maquin\u00e1rio Yinda pode ser a solu\u00e7\u00e3o completa para suas necessidades de sistemas de manuseio de p\u00f3<\/strong><\/h2><p>Quando se trata de manuseio de p\u00f3 e ind\u00fastrias associadas, a Yinda Machinery \u00e9 um nome a ser lembrado. Com m\u00e1quinas de alta qualidade, uma equipe experiente e uma lideran\u00e7a din\u00e2mica, a empresa oferece todas as solu\u00e7\u00f5es relacionadas ao manuseio de p\u00f3 sob o mesmo teto. Portanto, se voc\u00ea estiver trabalhando com a ind\u00fastria de manufatura, ind\u00fastria aliment\u00edcia ou qualquer outra ind\u00fastria que utilize os processos de manuseio de p\u00f3, a Yinda Machinery deve ser sua pr\u00f3xima parada. Porque \u00e9 o balc\u00e3o \u00fanico.<\/p><p>\u00a0<\/p>\t\t\t\t\t\t\t\t<\/div>\n\t\t\t\t<\/div>\n\t\t\t\t\t<\/div>\n\t\t<\/div>\n\t\t\t\t<div class=\"elementor-column elementor-col-33 elementor-top-column elementor-element elementor-element-57e0aab\" data-id=\"57e0aab\" data-element_type=\"column\" data-e-type=\"column\">\n\t\t\t<div class=\"elementor-widget-wrap elementor-element-populated\">\n\t\t\t\t\t\t<div class=\"elementor-element elementor-element-1ebbba2 elementor-widget elementor-widget-text-editor\" data-id=\"1ebbba2\" data-element_type=\"widget\" data-e-type=\"widget\" data-widget_type=\"text-editor.default\">\n\t\t\t\t<div class=\"elementor-widget-container\">\n\t\t\t\t\t\t\t\t\t<p><\/p>\t\t\t\t\t\t\t\t<\/div>\n\t\t\t\t<\/div>\n\t\t\t\t<div class=\"elementor-element elementor-element-c9e9dab elementor-widget elementor-widget-sidebar\" data-id=\"c9e9dab\" data-element_type=\"widget\" data-e-type=\"widget\" data-widget_type=\"sidebar.default\">\n\t\t\t\t<div class=\"elementor-widget-container\">\n\t\t\t\t\t<aside id=\"search-2\" class=\"widget widget_search\"><form role=\"search\" method=\"get\" class=\"search-form\" action=\"https:\/\/yindamachinery.com\/pt\/\" data-trp-original-action=\"https:\/\/yindamachinery.com\/pt\/\">\n\t<label for=\"search-field\">\n\t\t<span class=\"screen-reader-text\">Procurar por:<\/span>\n\t\t<input type=\"search\" id=\"search-field\" class=\"search-field\"   placeholder=\"Search...\" value=\"\" name=\"s\" tabindex=\"-1\">\n\t\t\t<\/label>\n\t\t\t<input type=\"submit\" class=\"search-submit\" value=\"Procurar\">\n\t<input type=\"hidden\" name=\"trp-form-language\" value=\"pt\"\/><\/form>\n<\/aside>\n\t\t<aside id=\"recent-posts-3\" class=\"widget widget_recent_entries\">\n\t\t<h2 class=\"widget-title\">Novos Produtos<\/h2><nav aria-label=\"Novos Produtos\">\n\t\t<ul>\n\t\t\t\t\t\t\t\t\t\t\t<li>\n\t\t\t\t\t<a href=\"https:\/\/yindamachinery.com\/pt\/industrial-chemicals-grinding-plant-high-performance-powder-processing-by-yinda-machinery\/\">Industrial Chemicals Grinding Plant \u2013 High-Performance Powder Processing by Yinda Machinery<\/a>\n\t\t\t\t\t\t\t\t\t<\/li>\n\t\t\t\t\t\t\t\t\t\t\t<li>\n\t\t\t\t\t<a href=\"https:\/\/yindamachinery.com\/pt\/vibrating-screen-machines-a-complete-guide-to-efficient-particle-separation-with-yinda-machinery\/\">Vibrating Screen Machines: A Complete Guide to Efficient Particle Separation with Yinda Machinery<\/a>\n\t\t\t\t\t\t\t\t\t<\/li>\n\t\t\t\t\t\t\t\t\t\t\t<li>\n\t\t\t\t\t<a href=\"https:\/\/yindamachinery.com\/pt\/how-an-air-classifier-mill-ensures-ultrafine-and-uniform-particle-size-after-sulfur-grinding\/\">How an Air Classifier Mill Ensures Ultrafine and Uniform Particle Size After Sulfur Grinding<\/a>\n\t\t\t\t\t\t\t\t\t<\/li>\n\t\t\t\t\t\t\t\t\t\t\t<li>\n\t\t\t\t\t<a href=\"https:\/\/yindamachinery.com\/pt\/carom-seeds-grinding-machine-for-small-and-large-capacity-production\/\">Carom Seeds Grinding Machine for Small and Large Capacity Production<\/a>\n\t\t\t\t\t\t\t\t\t<\/li>\n\t\t\t\t\t\t\t\t\t\t\t<li>\n\t\t\t\t\t<a href=\"https:\/\/yindamachinery.com\/pt\/advanced-instant-tea-processing-equipment-pin-mill-with-pulse-dust-collection-system-solution-for-crystal-instant-tea\/\">Advanced Instant Tea Processing Equipment Pin Mill with Pulse Dust Collection System Solution for Crystal Instant Tea<\/a>\n\t\t\t\t\t\t\t\t\t<\/li>\n\t\t\t\t\t<\/ul>\n\n\t\t<\/nav><\/aside><aside id=\"categories-2\" class=\"widget widget_categories\"><h2 class=\"widget-title\">Pesquisa r\u00e1pida<\/h2><nav aria-label=\"Pesquisa r\u00e1pida\">\n\t\t\t<ul>\n\t\t\t\t\t<li class=\"cat-item cat-item-1\"><a href=\"https:\/\/yindamachinery.com\/pt\/categoria\/blog\/\">Blogue<\/a>\n<\/li>\n\t<li class=\"cat-item cat-item-12\"><a href=\"https:\/\/yindamachinery.com\/pt\/categoria\/liquidificador-duplo\/\">Liquidificador duplo<\/a>\n<\/li>\n\t<li class=\"cat-item cat-item-10\"><a href=\"https:\/\/yindamachinery.com\/pt\/categoria\/liquidificador\/\">Batedor de fitas<\/a>\n<\/li>\n\t\t\t<\/ul>\n\n\t\t\t<\/nav><\/aside><aside id=\"custom_html-8\" class=\"widget_text widget widget_custom_html\"><div class=\"textwidget custom-html-widget\"><div class=\"quickQuote divScroll\">\r\n<div class=\"quickQuoteTitle\">Envie sua consulta hoje<\/div>\r\n<form name=\"form1\" method=\"post\" action=\"https:\/\/yindamachinery.wufoo.com\/forms\/z1w948rh0coebsw\/#public\">\r\n<input name=\"Field1\" type=\"text\" value=\"\" placeholder=\"Nome*\" required \/>\r\n<input name=\"Field2\" type=\"email\" value=\"\" placeholder=\"E-mail*\" required \/>\r\n<input name=\"Field3\" type=\"text\" value=\"\" placeholder=\"Telefone\" \/>\r\n<textarea name=\"Field4\" placeholder=\"Mensagem*\" required><\/textarea>\r\n<div class=\"hidden\"><input name=\"Field5\" type=\"text\" value=\"http:\/\/yindamachinery.com\/pt\/wp-json\/wp\/v2\/pages\/7159\"\/><\/div>\r\n<div class=\"hidden\"><input name=\"Field6\" type=\"text\" value=\"216.73.217.113, Columbus, United States\"\/><\/div>\r\n<div class=\"text-right\"><input name=\"saveForm\" type=\"submit\" value=\"Enviar\"\/><\/div>\r\n<div class=\"hidden\">\r\n<textarea name=\"comment\" id=\"comment\" rows=\"1\" cols=\"1\"><\/textarea>\r\n<input type=\"hidden\" id=\"idstamp\" name=\"idstamp\" value=\"Z76ScsiwY4S4aTigjiNXzc+TU2c4yz9sdD5K49qczUs=\" >\r\n<input type=\"hidden\" id=\"encryptedPassword\" name=\"encryptedPassword\" value=\"\" >\r\n<\/div>\r\n<\/form>\r\n<\/div><\/div><\/aside>\t\t\t\t<\/div>\n\t\t\t\t<\/div>\n\t\t\t\t\t<\/div>\n\t\t<\/div>\n\t\t\t\t\t<\/div>\n\t\t<\/section>\n\t\t\t\t<\/div>","protected":false},"excerpt":{"rendered":"<p>1-\u00a0Food additives case study: yinda as an powder handling processing solution Source:\u00a0ICFOOD Vi\u1ec7t Nam ( https:\/\/icfood.vn\/) Yinda Machinery is an internationally recognized company that offers solutions for companies working in the powder handling domain. With over 20 years of experience in the powder handling industry and exposure of working with over hundreds of satisfied clients, [&hellip;]<\/p>\n","protected":false},"author":1,"featured_media":0,"parent":0,"menu_order":0,"comment_status":"closed","ping_status":"closed","template":"","meta":{"_acf_changed":false,"_seopress_robots_primary_cat":"","_seopress_titles_title":"Food Additives Case Study | Yinda Machinery","_seopress_titles_desc":"Explore the Food Additives Case Study by Yinda Machinery.","_seopress_robots_index":"","site-sidebar-layout":"no-sidebar","site-content-layout":"page-builder","ast-site-content-layout":"default","site-content-style":"default","site-sidebar-style":"default","ast-global-header-display":"","ast-banner-title-visibility":"","ast-main-header-display":"","ast-hfb-above-header-display":"","ast-hfb-below-header-display":"","ast-hfb-mobile-header-display":"","site-post-title":"disabled","ast-breadcrumbs-content":"","ast-featured-img":"disabled","footer-sml-layout":"","ast-disable-related-posts":"","theme-transparent-header-meta":"default","adv-header-id-meta":"","stick-header-meta":"","header-above-stick-meta":"","header-main-stick-meta":"","header-below-stick-meta":"","astra-migrate-meta-layouts":"default","ast-page-background-enabled":"default","ast-page-background-meta":{"desktop":{"background-color":"","background-image":"","background-repeat":"repeat","background-position":"center center","background-size":"auto","background-attachment":"scroll","background-type":"","background-media":"","overlay-type":"","overlay-color":"","overlay-opacity":"","overlay-gradient":""},"tablet":{"background-color":"","background-image":"","background-repeat":"repeat","background-position":"center center","background-size":"auto","background-attachment":"scroll","background-type":"","background-media":"","overlay-type":"","overlay-color":"","overlay-opacity":"","overlay-gradient":""},"mobile":{"background-color":"","background-image":"","background-repeat":"repeat","background-position":"center center","background-size":"auto","background-attachment":"scroll","background-type":"","background-media":"","overlay-type":"","overlay-color":"","overlay-opacity":"","overlay-gradient":""}},"ast-content-background-meta":{"desktop":{"background-color":"var(--ast-global-color-5)","background-image":"","background-repeat":"repeat","background-position":"center center","background-size":"auto","background-attachment":"scroll","background-type":"","background-media":"","overlay-type":"","overlay-color":"","overlay-opacity":"","overlay-gradient":""},"tablet":{"background-color":"var(--ast-global-color-5)","background-image":"","background-repeat":"repeat","background-position":"center center","background-size":"auto","background-attachment":"scroll","background-type":"","background-media":"","overlay-type":"","overlay-color":"","overlay-opacity":"","overlay-gradient":""},"mobile":{"background-color":"var(--ast-global-color-5)","background-image":"","background-repeat":"repeat","background-position":"center center","background-size":"auto","background-attachment":"scroll","background-type":"","background-media":"","overlay-type":"","overlay-color":"","overlay-opacity":"","overlay-gradient":""}},"footnotes":""},"class_list":["post-7159","page","type-page","status-publish","hentry"],"acf":[],"_links":{"self":[{"href":"https:\/\/yindamachinery.com\/pt\/wp-json\/wp\/v2\/pages\/7159","targetHints":{"allow":["GET"]}}],"collection":[{"href":"https:\/\/yindamachinery.com\/pt\/wp-json\/wp\/v2\/pages"}],"about":[{"href":"https:\/\/yindamachinery.com\/pt\/wp-json\/wp\/v2\/types\/page"}],"author":[{"embeddable":true,"href":"https:\/\/yindamachinery.com\/pt\/wp-json\/wp\/v2\/users\/1"}],"replies":[{"embeddable":true,"href":"https:\/\/yindamachinery.com\/pt\/wp-json\/wp\/v2\/comments?post=7159"}],"version-history":[{"count":1,"href":"https:\/\/yindamachinery.com\/pt\/wp-json\/wp\/v2\/pages\/7159\/revisions"}],"predecessor-version":[{"id":8930,"href":"https:\/\/yindamachinery.com\/pt\/wp-json\/wp\/v2\/pages\/7159\/revisions\/8930"}],"wp:attachment":[{"href":"https:\/\/yindamachinery.com\/pt\/wp-json\/wp\/v2\/media?parent=7159"}],"curies":[{"name":"wp","href":"https:\/\/api.w.org\/{rel}","templated":true}]}}