{"id":7129,"date":"2022-05-31T12:12:48","date_gmt":"2022-05-31T12:12:48","guid":{"rendered":"https:\/\/yindamachinery.com\/?page_id=7129"},"modified":"2025-10-21T09:31:33","modified_gmt":"2025-10-21T09:31:33","slug":"granulador-umido","status":"publish","type":"page","link":"https:\/\/yindamachinery.com\/pt\/granulador-umido\/","title":{"rendered":"Granulador \u00damido"},"content":{"rendered":"<div data-elementor-type=\"wp-page\" data-elementor-id=\"7129\" class=\"elementor elementor-7129\">\n\t\t\t\t\t\t<section class=\"elementor-section elementor-top-section elementor-element elementor-element-781c4e8f elementor-section-boxed elementor-section-height-default elementor-section-height-default\" data-id=\"781c4e8f\" data-element_type=\"section\" data-e-type=\"section\">\n\t\t\t\t\t\t<div class=\"elementor-container elementor-column-gap-default\">\n\t\t\t\t\t<div class=\"elementor-column elementor-col-50 elementor-top-column elementor-element elementor-element-1847cb4a\" data-id=\"1847cb4a\" data-element_type=\"column\" data-e-type=\"column\">\n\t\t\t<div class=\"elementor-widget-wrap elementor-element-populated\">\n\t\t\t\t\t\t<div class=\"elementor-element elementor-element-1ff8fd55 elementor-widget elementor-widget-text-editor\" data-id=\"1ff8fd55\" data-element_type=\"widget\" data-e-type=\"widget\" data-widget_type=\"text-editor.default\">\n\t\t\t\t<div class=\"elementor-widget-container\">\n\t\t\t\t\t\t\t\t\t<h1 style=\"text-align: center;\">Granulador \u00damido<\/h1><p>A Yinda \u00e9 um dos melhores fabricantes e fornecedores de granuladores \u00famidos da China. Se voc\u00ea estiver procurando por granulador \u00famido, pode responder sobre n\u00f3s.<\/p>\t\t\t\t\t\t\t\t<\/div>\n\t\t\t\t<\/div>\n\t\t\t\t<div class=\"elementor-element elementor-element-38771a9 elementor-widget elementor-widget-image\" data-id=\"38771a9\" data-element_type=\"widget\" data-e-type=\"widget\" data-widget_type=\"image.default\">\n\t\t\t\t<div class=\"elementor-widget-container\">\n\t\t\t\t\t\t\t\t\t\t\t\t\t\t\t<img fetchpriority=\"high\" decoding=\"async\" width=\"437\" height=\"331\" src=\"https:\/\/yindamachinery.com\/wp-content\/uploads\/2022\/05\/High-Speed-wet-granulator.png\" class=\"attachment-large size-large wp-image-7134\" alt=\"granulador \u00famido de alta velocidade\" srcset=\"https:\/\/yindamachinery.com\/wp-content\/uploads\/2022\/05\/High-Speed-wet-granulator.png 437w, https:\/\/yindamachinery.com\/wp-content\/uploads\/2022\/05\/High-Speed-wet-granulator-16x12.png 16w\" sizes=\"(max-width: 437px) 100vw, 437px\" \/>\t\t\t\t\t\t\t\t\t\t\t\t\t\t\t<\/div>\n\t\t\t\t<\/div>\n\t\t\t\t\t<\/div>\n\t\t<\/div>\n\t\t\t\t<div class=\"elementor-column elementor-col-50 elementor-top-column elementor-element elementor-element-1ffced9\" data-id=\"1ffced9\" data-element_type=\"column\" data-e-type=\"column\">\n\t\t\t<div class=\"elementor-widget-wrap elementor-element-populated\">\n\t\t\t\t\t\t<div class=\"elementor-element elementor-element-c4f08fe elementor-widget elementor-widget-spacer\" data-id=\"c4f08fe\" data-element_type=\"widget\" data-e-type=\"widget\" data-widget_type=\"spacer.default\">\n\t\t\t\t<div class=\"elementor-widget-container\">\n\t\t\t\t\t\t\t<div class=\"elementor-spacer\">\n\t\t\t<div class=\"elementor-spacer-inner\"><\/div>\n\t\t<\/div>\n\t\t\t\t\t\t<\/div>\n\t\t\t\t<\/div>\n\t\t\t\t<div class=\"elementor-element elementor-element-4c03a0f3 elementor-widget elementor-widget-text-editor\" data-id=\"4c03a0f3\" data-element_type=\"widget\" data-e-type=\"widget\" data-widget_type=\"text-editor.default\">\n\t\t\t\t<div class=\"elementor-widget-container\">\n\t\t\t\t\t\t\t\t\t<h2 style=\"text-align: center;\"><strong>Solu\u00e7\u00e3o de granulador \u00famido de alta velocidade<\/strong><\/h2><ul><li>Os granuladores \u00famidos s\u00e3o um tipo de equipamento utilizado na ind\u00fastria farmac\u00eautica para granula\u00e7\u00e3o \u00famida de p\u00f3s farmac\u00eauticos.\u00a0<\/li><li>A granula\u00e7\u00e3o \u00famida \u00e9 um processo de adi\u00e7\u00e3o de um agente de liga\u00e7\u00e3o l\u00edquido a p\u00f3s para formar aglomerados ou gr\u00e2nulos.\u00a0<\/li><li>O agente de liga\u00e7\u00e3o l\u00edquido ajudar\u00e1 o p\u00f3 a se unir e formar gr\u00e2nulos.\u00a0<\/li><li>A granula\u00e7\u00e3o \u00famida \u00e9 usada para muitos tipos diferentes de produtos farmac\u00eauticos, incluindo comprimidos, c\u00e1psulas e p\u00f3s.\u00a0<\/li><li>Os granuladores \u00famidos podem ser usados para produ\u00e7\u00f5es em grande e pequena escala. Os granuladores \u00famidos podem ser processos em lote ou cont\u00ednuos.\u00a0<\/li><\/ul>\t\t\t\t\t\t\t\t<\/div>\n\t\t\t\t<\/div>\n\t\t\t\t<div class=\"elementor-element elementor-element-05c9974 elementor-align-center elementor-widget elementor-widget-button\" data-id=\"05c9974\" data-element_type=\"widget\" data-e-type=\"widget\" data-widget_type=\"button.default\">\n\t\t\t\t<div class=\"elementor-widget-container\">\n\t\t\t\t\t\t\t\t\t<div class=\"elementor-button-wrapper\">\n\t\t\t\t\t<a class=\"elementor-button elementor-button-link elementor-size-md\" href=\"https:\/\/yindamachinery.com\/pt\/contate-nos\/\">\n\t\t\t\t\t\t<span class=\"elementor-button-content-wrapper\">\n\t\t\t\t\t\t\t\t\t<span class=\"elementor-button-text\">FA\u00c7A UMA COTA\u00c7\u00c3O AGORA!<\/span>\n\t\t\t\t\t<\/span>\n\t\t\t\t\t<\/a>\n\t\t\t\t<\/div>\n\t\t\t\t\t\t\t\t<\/div>\n\t\t\t\t<\/div>\n\t\t\t\t\t<\/div>\n\t\t<\/div>\n\t\t\t\t\t<\/div>\n\t\t<\/section>\n\t\t\t\t<section class=\"elementor-section elementor-top-section elementor-element elementor-element-deb1adc elementor-section-boxed elementor-section-height-default elementor-section-height-default\" data-id=\"deb1adc\" data-element_type=\"section\" data-e-type=\"section\">\n\t\t\t\t\t\t<div class=\"elementor-container elementor-column-gap-default\">\n\t\t\t\t\t<div class=\"elementor-column elementor-col-50 elementor-top-column elementor-element elementor-element-f11b978\" data-id=\"f11b978\" data-element_type=\"column\" data-e-type=\"column\">\n\t\t\t<div class=\"elementor-widget-wrap elementor-element-populated\">\n\t\t\t\t\t\t<div class=\"elementor-element elementor-element-729c2ef elementor-widget elementor-widget-text-editor\" data-id=\"729c2ef\" data-element_type=\"widget\" data-e-type=\"widget\" data-widget_type=\"text-editor.default\">\n\t\t\t\t<div class=\"elementor-widget-container\">\n\t\t\t\t\t\t\t\t\t<h2 style=\"text-align: center;\">Recurso de granulador \u00famido:<\/h2><ul><li>Alta uniformidade, propor\u00e7\u00e3o muito diferente tamb\u00e9m pode misturar uniformemente.<\/li><li>Tempo de mistura curto, cerca de 5 ~ 10 min\/lote finalizado.<\/li><li>Bom aperto, use air bag para prender a tampa.<\/li><li>Dispositivo de intertravamento de seguran\u00e7a m\u00faltipla, alta seguran\u00e7a.<\/li><li>Equipamento opcional para diferentes caracter\u00edsticas do produto.<\/li><li>Multi fun\u00e7\u00f5es de mistura, granula\u00e7\u00e3o e secagem podem produzir horm\u00f4nios ou medicamentos anticancer\u00edgenos.<\/li><li>Todo o design e fabrica\u00e7\u00e3o s\u00e3o padr\u00e3o cGMP qualificado e requisito da FDA para manter o material saud\u00e1vel.<\/li><li>O sistema PLC com interface gr\u00e1fica do usu\u00e1rio pode ser oferecido.<\/li><\/ul>\t\t\t\t\t\t\t\t<\/div>\n\t\t\t\t<\/div>\n\t\t\t\t\t<\/div>\n\t\t<\/div>\n\t\t\t\t<div class=\"elementor-column elementor-col-50 elementor-top-column elementor-element elementor-element-40d1bb3d\" data-id=\"40d1bb3d\" data-element_type=\"column\" data-e-type=\"column\">\n\t\t\t<div class=\"elementor-widget-wrap elementor-element-populated\">\n\t\t\t\t\t\t<div class=\"elementor-element elementor-element-4e80c6b8 elementor-widget elementor-widget-text-editor\" data-id=\"4e80c6b8\" data-element_type=\"widget\" data-e-type=\"widget\" data-widget_type=\"text-editor.default\">\n\t\t\t\t<div class=\"elementor-widget-container\">\n\t\t\t\t\t\t\t\t\t<h2 style=\"text-align: center;\">Princ\u00edpio de funcionamento do granulador \u00famido:<\/h2><p>Os princ\u00edpios de funcionamento do granulador Rapid Mixer baseiam-se em dois fatores decisivos essenciais para o sistema de mistura \u00edntima.<\/p><ul><li>Girando perto do fundo da tigela<\/li><li>O impulsor define toda a mistura em turbilh\u00e3o ascendente.<\/li><\/ul><p>Movimento girat\u00f3rio garantindo uma distribui\u00e7\u00e3o r\u00e1pida e uniforme de todos os componentes secos. Isso leva a uma distribui\u00e7\u00e3o uniforme de todos os componentes secos e a um molhamento uniforme de muito granulado. a mistura pode ser descarregada com o impulsor passando pela sa\u00edda localizada na lateral do copo de mistura rente ao fundo. A f\u00e1cil acessibilidade para limpeza \u00e9 garantida pelo baixo perfil. A ferramenta de mistura \u00e9 facilmente removida do eixo de acionamento, proporcionando uma \u00e1rea de mistura desobstru\u00edda que pode ser limpa com muita facilidade<\/p>\t\t\t\t\t\t\t\t<\/div>\n\t\t\t\t<\/div>\n\t\t\t\t\t<\/div>\n\t\t<\/div>\n\t\t\t\t\t<\/div>\n\t\t<\/section>\n\t\t\t\t<section class=\"elementor-section elementor-top-section elementor-element elementor-element-356e169 elementor-section-boxed elementor-section-height-default elementor-section-height-default\" data-id=\"356e169\" data-element_type=\"section\" data-e-type=\"section\">\n\t\t\t\t\t\t<div class=\"elementor-container elementor-column-gap-default\">\n\t\t\t\t\t<div class=\"elementor-column elementor-col-100 elementor-top-column elementor-element elementor-element-701c466\" data-id=\"701c466\" data-element_type=\"column\" data-e-type=\"column\">\n\t\t\t<div class=\"elementor-widget-wrap elementor-element-populated\">\n\t\t\t\t\t\t<div class=\"elementor-element elementor-element-c90f34d elementor-widget elementor-widget-text-editor\" data-id=\"c90f34d\" data-element_type=\"widget\" data-e-type=\"widget\" data-widget_type=\"text-editor.default\">\n\t\t\t\t<div class=\"elementor-widget-container\">\n\t\t\t\t\t\t\t\t\t<h2 style=\"text-align: center;\">Data T\u00e9cnica do Granulador \u00damido:<\/h2><table><tbody><tr><td width=\"204\"><p>Modelo<\/p><\/td><td width=\"111\"><p>YDSZ-5<\/p><\/td><td width=\"122\"><p>YDSZ-10<\/p><\/td><td width=\"129\"><p>YDSZ-50<\/p><\/td><td width=\"126\"><p>YDSZ-150<\/p><\/td><td width=\"155\"><p>YDSZ-200<\/p><\/td><td width=\"133\"><p>YDSZ-250<\/p><\/td><td width=\"156\"><p>YDSZ-300<\/p><\/td><td width=\"180\"><p>YDSZ-400<\/p><\/td><td width=\"120\"><p>YDSZ-600<\/p><\/td><td width=\"120\"><p>YDSZ-800<\/p><\/td><\/tr><tr><td width=\"204\"><p>Capacidade de Servi\u00e7o (L)<\/p><\/td><td width=\"111\"><p>5<\/p><\/td><td width=\"122\"><p>10<\/p><\/td><td width=\"129\"><p>50<\/p><\/td><td width=\"126\"><p>150<\/p><\/td><td width=\"155\"><p>200<\/p><\/td><td width=\"133\"><p>250<\/p><\/td><td width=\"156\"><p>300<\/p><\/td><td width=\"180\"><p>400<\/p><\/td><td width=\"120\"><p>600<\/p><\/td><td width=\"120\"><p>800<\/p><\/td><\/tr><tr><td width=\"204\"><p>Velocidade Racional da P\u00e1 de Agita\u00e7\u00e3o (rpm)<\/p><\/td><td width=\"111\"><p>300\/600<\/p><\/td><td width=\"122\"><p>300\/600<\/p><\/td><td width=\"129\"><p>200\/400<\/p><\/td><td width=\"126\"><p>180\/270<\/p><\/td><td width=\"155\"><p>180\/270<\/p><\/td><td width=\"133\"><p>180\/270<\/p><\/td><td width=\"156\"><p>140\/220<\/p><\/td><td width=\"180\"><p>106\/155<\/p><\/td><td width=\"120\"><p>80\/120<\/p><\/td><td width=\"120\"><p>66\/100<\/p><\/td><\/tr><tr><td width=\"204\"><p>Pot\u00eancia do motor de p\u00e1s de agita\u00e7\u00e3o (kw)<\/p><\/td><td width=\"111\"><p>1.5\/2.2<\/p><\/td><td width=\"122\"><p>1.5\/2.2<\/p><\/td><td width=\"129\"><p>4\/5.5<\/p><\/td><td width=\"126\"><p>6.5\/8<\/p><\/td><td width=\"155\"><p>9\/11<\/p><\/td><td width=\"133\"><p>9\/11<\/p><\/td><td width=\"156\"><p>13\/16<\/p><\/td><td width=\"180\"><p>18.5\/22<\/p><\/td><td width=\"120\"><p>22\/30<\/p><\/td><td width=\"120\"><p>32\/42<\/p><\/td><\/tr><tr><td width=\"204\"><p>Velocidade Racional do Cortador (r\/min)<\/p><\/td><td colspan=\"10\" width=\"1356\"><p>\u00a0<\/p><p>1500\/3000<\/p><\/td><\/tr><tr><td width=\"204\"><p>Pot\u00eancia do Motor do Cortador (kw)<\/p><\/td><td width=\"111\"><p>0.85\/1.1<\/p><\/td><td width=\"122\"><p>0.85\/1.1<\/p><\/td><td width=\"129\"><p>1.3\/1.8<\/p><\/td><td width=\"126\"><p>2.4\/3<\/p><\/td><td width=\"155\"><p>4.5\/5.5<\/p><\/td><td width=\"133\"><p>4.5\/5.5<\/p><\/td><td width=\"156\"><p>4.5\/5.5<\/p><\/td><td width=\"180\"><p>6.5\/8<\/p><\/td><td width=\"120\"><p>9\/11<\/p><\/td><td width=\"120\"><p>9\/11<\/p><\/td><\/tr><\/tbody><\/table>\t\t\t\t\t\t\t\t<\/div>\n\t\t\t\t<\/div>\n\t\t\t\t\t<\/div>\n\t\t<\/div>\n\t\t\t\t\t<\/div>\n\t\t<\/section>\n\t\t\t\t<section class=\"elementor-section elementor-top-section elementor-element elementor-element-4c1d53f2 elementor-section-boxed elementor-section-height-default elementor-section-height-default\" data-id=\"4c1d53f2\" data-element_type=\"section\" data-e-type=\"section\">\n\t\t\t\t\t\t<div class=\"elementor-container elementor-column-gap-default\">\n\t\t\t\t\t<div class=\"elementor-column elementor-col-100 elementor-top-column elementor-element elementor-element-6d5d853b\" data-id=\"6d5d853b\" data-element_type=\"column\" data-e-type=\"column\">\n\t\t\t<div class=\"elementor-widget-wrap elementor-element-populated\">\n\t\t\t\t\t\t<div class=\"elementor-element elementor-element-2cac322a elementor-widget elementor-widget-spacer\" data-id=\"2cac322a\" data-element_type=\"widget\" data-e-type=\"widget\" data-widget_type=\"spacer.default\">\n\t\t\t\t<div class=\"elementor-widget-container\">\n\t\t\t\t\t\t\t<div class=\"elementor-spacer\">\n\t\t\t<div class=\"elementor-spacer-inner\"><\/div>\n\t\t<\/div>\n\t\t\t\t\t\t<\/div>\n\t\t\t\t<\/div>\n\t\t\t\t<div class=\"elementor-element elementor-element-54a0c885 elementor-widget elementor-widget-image\" data-id=\"54a0c885\" data-element_type=\"widget\" data-e-type=\"widget\" data-widget_type=\"image.default\">\n\t\t\t\t<div class=\"elementor-widget-container\">\n\t\t\t\t\t\t\t\t\t\t\t\t\t\t\t<img decoding=\"async\" width=\"550\" height=\"370\" src=\"https:\/\/yindamachinery.com\/wp-content\/uploads\/2020\/11\/YD-Powder-Handling-Systems-certification.png\" class=\"attachment-large size-large wp-image-850\" alt=\"Certifica\u00e7\u00e3o YD Powder Handling Systems\" \/>\t\t\t\t\t\t\t\t\t\t\t\t\t\t\t<\/div>\n\t\t\t\t<\/div>\n\t\t\t\t\t<\/div>\n\t\t<\/div>\n\t\t\t\t\t<\/div>\n\t\t<\/section>\n\t\t\t\t<section class=\"elementor-section elementor-top-section elementor-element elementor-element-4cefa06d elementor-section-boxed elementor-section-height-default elementor-section-height-default\" data-id=\"4cefa06d\" data-element_type=\"section\" data-e-type=\"section\">\n\t\t\t\t\t\t<div class=\"elementor-container elementor-column-gap-default\">\n\t\t\t\t\t<div class=\"elementor-column elementor-col-100 elementor-top-column elementor-element elementor-element-b38775\" data-id=\"b38775\" data-element_type=\"column\" data-e-type=\"column\">\n\t\t\t<div class=\"elementor-widget-wrap elementor-element-populated\">\n\t\t\t\t\t\t<div class=\"elementor-element elementor-element-61ac248a elementor-widget elementor-widget-text-editor\" data-id=\"61ac248a\" data-element_type=\"widget\" data-e-type=\"widget\" data-widget_type=\"text-editor.default\">\n\t\t\t\t<div class=\"elementor-widget-container\">\n\t\t\t\t\t\t\t\t\t<p style=\"text-align: center;\">Se voc\u00ea estiver interessado em nossos granuladores \u00famidos de alta qualidade, entre em contato conosco imediatamente para atender \u00e0s suas necessidades.<\/p>\t\t\t\t\t\t\t\t<\/div>\n\t\t\t\t<\/div>\n\t\t\t\t<div class=\"elementor-element elementor-element-148338b6 elementor-align-center elementor-widget elementor-widget-button\" data-id=\"148338b6\" data-element_type=\"widget\" data-e-type=\"widget\" data-widget_type=\"button.default\">\n\t\t\t\t<div class=\"elementor-widget-container\">\n\t\t\t\t\t\t\t\t\t<div class=\"elementor-button-wrapper\">\n\t\t\t\t\t<a class=\"elementor-button elementor-button-link elementor-size-lg\" href=\"https:\/\/yindamachinery.com\/pt\/contate-nos\/\">\n\t\t\t\t\t\t<span class=\"elementor-button-content-wrapper\">\n\t\t\t\t\t\t\t\t\t<span class=\"elementor-button-text\">Fa\u00e7a uma cota\u00e7\u00e3o agora\uff01<\/span>\n\t\t\t\t\t<\/span>\n\t\t\t\t\t<\/a>\n\t\t\t\t<\/div>\n\t\t\t\t\t\t\t\t<\/div>\n\t\t\t\t<\/div>\n\t\t\t\t<div class=\"elementor-element elementor-element-41f0012e elementor-widget elementor-widget-spacer\" data-id=\"41f0012e\" data-element_type=\"widget\" data-e-type=\"widget\" data-widget_type=\"spacer.default\">\n\t\t\t\t<div class=\"elementor-widget-container\">\n\t\t\t\t\t\t\t<div class=\"elementor-spacer\">\n\t\t\t<div class=\"elementor-spacer-inner\"><\/div>\n\t\t<\/div>\n\t\t\t\t\t\t<\/div>\n\t\t\t\t<\/div>\n\t\t\t\t\t<\/div>\n\t\t<\/div>\n\t\t\t\t\t<\/div>\n\t\t<\/section>\n\t\t\t\t<section class=\"elementor-section elementor-top-section elementor-element elementor-element-8b661d4 elementor-section-boxed elementor-section-height-default elementor-section-height-default\" data-id=\"8b661d4\" data-element_type=\"section\" data-e-type=\"section\">\n\t\t\t\t\t\t<div class=\"elementor-container elementor-column-gap-default\">\n\t\t\t\t\t<div class=\"elementor-column elementor-col-100 elementor-top-column elementor-element elementor-element-3ad5fda1\" data-id=\"3ad5fda1\" data-element_type=\"column\" data-e-type=\"column\">\n\t\t\t<div class=\"elementor-widget-wrap elementor-element-populated\">\n\t\t\t\t\t\t<div class=\"elementor-element elementor-element-57b4ff68 elementor-widget elementor-widget-text-editor\" data-id=\"57b4ff68\" data-element_type=\"widget\" data-e-type=\"widget\" data-widget_type=\"text-editor.default\">\n\t\t\t\t<div class=\"elementor-widget-container\">\n\t\t\t\t\t\t\t\t\t<h2 style=\"text-align: center;\">Pe\u00e7as de reposi\u00e7\u00e3o importadas da yinda da ind\u00fastria global gosta de marcas:<\/h2>\t\t\t\t\t\t\t\t<\/div>\n\t\t\t\t<\/div>\n\t\t\t\t\t<\/div>\n\t\t<\/div>\n\t\t\t\t\t<\/div>\n\t\t<\/section>\n\t\t\t\t<section class=\"elementor-section elementor-top-section elementor-element elementor-element-540130e9 elementor-section-boxed elementor-section-height-default elementor-section-height-default\" data-id=\"540130e9\" data-element_type=\"section\" data-e-type=\"section\">\n\t\t\t\t\t\t<div class=\"elementor-container elementor-column-gap-default\">\n\t\t\t\t\t<div class=\"elementor-column elementor-col-33 elementor-top-column elementor-element elementor-element-3cc58fe7\" data-id=\"3cc58fe7\" data-element_type=\"column\" data-e-type=\"column\">\n\t\t\t<div class=\"elementor-widget-wrap elementor-element-populated\">\n\t\t\t\t\t\t<div class=\"elementor-element elementor-element-5bb1dcb1 elementor-widget elementor-widget-image\" data-id=\"5bb1dcb1\" data-element_type=\"widget\" data-e-type=\"widget\" data-widget_type=\"image.default\">\n\t\t\t\t<div class=\"elementor-widget-container\">\n\t\t\t\t\t\t\t\t\t\t\t\t\t\t\t<img decoding=\"async\" width=\"370\" height=\"320\" src=\"https:\/\/yindamachinery.com\/wp-content\/uploads\/2021\/02\/yinda-machine-2.jpg\" class=\"attachment-large size-large wp-image-2727\" alt=\"m\u00e1quina yinda 2\" \/>\t\t\t\t\t\t\t\t\t\t\t\t\t\t\t<\/div>\n\t\t\t\t<\/div>\n\t\t\t\t\t<\/div>\n\t\t<\/div>\n\t\t\t\t<div class=\"elementor-column elementor-col-33 elementor-top-column elementor-element elementor-element-2c2f0100\" data-id=\"2c2f0100\" data-element_type=\"column\" data-e-type=\"column\">\n\t\t\t<div class=\"elementor-widget-wrap elementor-element-populated\">\n\t\t\t\t\t\t<div class=\"elementor-element elementor-element-34d35354 elementor-widget elementor-widget-image\" data-id=\"34d35354\" data-element_type=\"widget\" data-e-type=\"widget\" data-widget_type=\"image.default\">\n\t\t\t\t<div class=\"elementor-widget-container\">\n\t\t\t\t\t\t\t\t\t\t\t\t\t\t\t<img loading=\"lazy\" decoding=\"async\" width=\"370\" height=\"320\" src=\"https:\/\/yindamachinery.com\/wp-content\/uploads\/2021\/02\/yinda-machine-1-e1761985343327.jpg\" class=\"attachment-large size-large wp-image-2725\" alt=\"m\u00e1quina yinda 1\" \/>\t\t\t\t\t\t\t\t\t\t\t\t\t\t\t<\/div>\n\t\t\t\t<\/div>\n\t\t\t\t\t<\/div>\n\t\t<\/div>\n\t\t\t\t<div class=\"elementor-column elementor-col-33 elementor-top-column elementor-element elementor-element-62360972\" data-id=\"62360972\" data-element_type=\"column\" data-e-type=\"column\">\n\t\t\t<div class=\"elementor-widget-wrap elementor-element-populated\">\n\t\t\t\t\t\t<div class=\"elementor-element elementor-element-31fbbe39 elementor-widget elementor-widget-image\" data-id=\"31fbbe39\" data-element_type=\"widget\" data-e-type=\"widget\" data-widget_type=\"image.default\">\n\t\t\t\t<div class=\"elementor-widget-container\">\n\t\t\t\t\t\t\t\t\t\t\t\t\t\t\t<img loading=\"lazy\" decoding=\"async\" width=\"370\" height=\"320\" src=\"https:\/\/yindamachinery.com\/wp-content\/uploads\/2021\/02\/yinda-machine-3.jpg\" class=\"attachment-large size-large wp-image-2726\" alt=\"m\u00e1quina yinda 3\" \/>\t\t\t\t\t\t\t\t\t\t\t\t\t\t\t<\/div>\n\t\t\t\t<\/div>\n\t\t\t\t\t<\/div>\n\t\t<\/div>\n\t\t\t\t\t<\/div>\n\t\t<\/section>\n\t\t\t\t<section class=\"elementor-section elementor-top-section elementor-element elementor-element-5a40047b elementor-section-boxed elementor-section-height-default elementor-section-height-default\" data-id=\"5a40047b\" data-element_type=\"section\" data-e-type=\"section\">\n\t\t\t\t\t\t<div class=\"elementor-container elementor-column-gap-default\">\n\t\t\t\t\t<div class=\"elementor-column elementor-col-100 elementor-top-column elementor-element elementor-element-4491adc2\" data-id=\"4491adc2\" data-element_type=\"column\" data-e-type=\"column\">\n\t\t\t<div class=\"elementor-widget-wrap elementor-element-populated\">\n\t\t\t\t\t\t<div class=\"elementor-element elementor-element-527622be elementor-widget elementor-widget-spacer\" data-id=\"527622be\" data-element_type=\"widget\" data-e-type=\"widget\" data-widget_type=\"spacer.default\">\n\t\t\t\t<div class=\"elementor-widget-container\">\n\t\t\t\t\t\t\t<div class=\"elementor-spacer\">\n\t\t\t<div class=\"elementor-spacer-inner\"><\/div>\n\t\t<\/div>\n\t\t\t\t\t\t<\/div>\n\t\t\t\t<\/div>\n\t\t\t\t\t<\/div>\n\t\t<\/div>\n\t\t\t\t\t<\/div>\n\t\t<\/section>\n\t\t\t\t<\/div>","protected":false},"excerpt":{"rendered":"<p>Wet Granulator Yinda is one of the best wet granulator manufacturer&amp;supplier in China. If you are looking for wet granulator, you can reply on us. High Speed wet granulator Solution Wet granulators are a type of equipment used in the pharmaceutical industry to Wet granulate pharmaceutical powders.\u00a0 Wet granulation is a process of adding a [&hellip;]<\/p>\n","protected":false},"author":1,"featured_media":0,"parent":0,"menu_order":0,"comment_status":"closed","ping_status":"closed","template":"","meta":{"_acf_changed":false,"_seopress_robots_primary_cat":"","_seopress_titles_title":"Wet Granulator Machine | Yinda Machinery","_seopress_titles_desc":"Yinda's wet granulator has an oscillating rotor, stainless steel parts, and a capacity of 20-25 kg\/hour with mesh sizes from 6 to 50.","_seopress_robots_index":"","site-sidebar-layout":"no-sidebar","site-content-layout":"page-builder","ast-site-content-layout":"default","site-content-style":"default","site-sidebar-style":"default","ast-global-header-display":"","ast-banner-title-visibility":"","ast-main-header-display":"","ast-hfb-above-header-display":"","ast-hfb-below-header-display":"","ast-hfb-mobile-header-display":"","site-post-title":"disabled","ast-breadcrumbs-content":"","ast-featured-img":"disabled","footer-sml-layout":"","ast-disable-related-posts":"","theme-transparent-header-meta":"default","adv-header-id-meta":"","stick-header-meta":"","header-above-stick-meta":"","header-main-stick-meta":"","header-below-stick-meta":"","astra-migrate-meta-layouts":"default","ast-page-background-enabled":"default","ast-page-background-meta":{"desktop":{"background-color":"","background-image":"","background-repeat":"repeat","background-position":"center center","background-size":"auto","background-attachment":"scroll","background-type":"","background-media":"","overlay-type":"","overlay-color":"","overlay-opacity":"","overlay-gradient":""},"tablet":{"background-color":"","background-image":"","background-repeat":"repeat","background-position":"center center","background-size":"auto","background-attachment":"scroll","background-type":"","background-media":"","overlay-type":"","overlay-color":"","overlay-opacity":"","overlay-gradient":""},"mobile":{"background-color":"","background-image":"","background-repeat":"repeat","background-position":"center center","background-size":"auto","background-attachment":"scroll","background-type":"","background-media":"","overlay-type":"","overlay-color":"","overlay-opacity":"","overlay-gradient":""}},"ast-content-background-meta":{"desktop":{"background-color":"var(--ast-global-color-5)","background-image":"","background-repeat":"repeat","background-position":"center center","background-size":"auto","background-attachment":"scroll","background-type":"","background-media":"","overlay-type":"","overlay-color":"","overlay-opacity":"","overlay-gradient":""},"tablet":{"background-color":"var(--ast-global-color-5)","background-image":"","background-repeat":"repeat","background-position":"center center","background-size":"auto","background-attachment":"scroll","background-type":"","background-media":"","overlay-type":"","overlay-color":"","overlay-opacity":"","overlay-gradient":""},"mobile":{"background-color":"var(--ast-global-color-5)","background-image":"","background-repeat":"repeat","background-position":"center center","background-size":"auto","background-attachment":"scroll","background-type":"","background-media":"","overlay-type":"","overlay-color":"","overlay-opacity":"","overlay-gradient":""}},"footnotes":""},"class_list":["post-7129","page","type-page","status-publish","hentry"],"acf":[],"_links":{"self":[{"href":"https:\/\/yindamachinery.com\/pt\/wp-json\/wp\/v2\/pages\/7129","targetHints":{"allow":["GET"]}}],"collection":[{"href":"https:\/\/yindamachinery.com\/pt\/wp-json\/wp\/v2\/pages"}],"about":[{"href":"https:\/\/yindamachinery.com\/pt\/wp-json\/wp\/v2\/types\/page"}],"author":[{"embeddable":true,"href":"https:\/\/yindamachinery.com\/pt\/wp-json\/wp\/v2\/users\/1"}],"replies":[{"embeddable":true,"href":"https:\/\/yindamachinery.com\/pt\/wp-json\/wp\/v2\/comments?post=7129"}],"version-history":[{"count":1,"href":"https:\/\/yindamachinery.com\/pt\/wp-json\/wp\/v2\/pages\/7129\/revisions"}],"predecessor-version":[{"id":8984,"href":"https:\/\/yindamachinery.com\/pt\/wp-json\/wp\/v2\/pages\/7129\/revisions\/8984"}],"wp:attachment":[{"href":"https:\/\/yindamachinery.com\/pt\/wp-json\/wp\/v2\/media?parent=7129"}],"curies":[{"name":"wp","href":"https:\/\/api.w.org\/{rel}","templated":true}]}}