{"id":6442,"date":"2022-03-29T13:49:00","date_gmt":"2022-03-29T13:49:00","guid":{"rendered":"https:\/\/yindamachinery.com\/?page_id=6442"},"modified":"2025-10-20T13:49:24","modified_gmt":"2025-10-20T13:49:24","slug":"certificado","status":"publish","type":"page","link":"https:\/\/yindamachinery.com\/pt\/certificado\/","title":{"rendered":"Certificado"},"content":{"rendered":"<div data-elementor-type=\"wp-page\" data-elementor-id=\"6442\" class=\"elementor elementor-6442\">\n\t\t\t\t\t\t<section class=\"elementor-section elementor-top-section elementor-element elementor-element-9252db1 elementor-section-boxed elementor-section-height-default elementor-section-height-default\" data-id=\"9252db1\" data-element_type=\"section\" data-e-type=\"section\">\n\t\t\t\t\t\t<div class=\"elementor-container elementor-column-gap-default\">\n\t\t\t\t\t<div class=\"elementor-column elementor-col-25 elementor-top-column elementor-element elementor-element-0efe9db\" data-id=\"0efe9db\" data-element_type=\"column\" data-e-type=\"column\">\n\t\t\t<div class=\"elementor-widget-wrap elementor-element-populated\">\n\t\t\t\t\t\t<div class=\"elementor-element elementor-element-76a8865 elementor-widget elementor-widget-text-editor\" data-id=\"76a8865\" data-element_type=\"widget\" data-e-type=\"widget\" data-widget_type=\"text-editor.default\">\n\t\t\t\t<div class=\"elementor-widget-container\">\n\t\t\t\t\t\t\t\t\t<p><img decoding=\"async\" class=\"size-full wp-image-6446 aligncenter\" src=\"https:\/\/yindamachinery.com\/wp-content\/uploads\/2022\/03\/\u56fe\u7247-1.png\" alt=\"\u56fe\u7247 1\" width=\"160\" height=\"160\" srcset=\"https:\/\/yindamachinery.com\/wp-content\/uploads\/2022\/03\/\u56fe\u7247-1.png 160w, https:\/\/yindamachinery.com\/wp-content\/uploads\/2022\/03\/\u56fe\u7247-1-150x150.png 150w, https:\/\/yindamachinery.com\/wp-content\/uploads\/2022\/03\/\u56fe\u7247-1-12x12.png 12w\" sizes=\"(max-width: 160px) 100vw, 160px\" \/>\u00a0<\/p>\t\t\t\t\t\t\t\t<\/div>\n\t\t\t\t<\/div>\n\t\t\t\t\t<\/div>\n\t\t<\/div>\n\t\t\t\t<div class=\"elementor-column elementor-col-25 elementor-top-column elementor-element elementor-element-aa56c66\" data-id=\"aa56c66\" data-element_type=\"column\" data-e-type=\"column\">\n\t\t\t<div class=\"elementor-widget-wrap elementor-element-populated\">\n\t\t\t\t\t\t<div class=\"elementor-element elementor-element-bb0949c elementor-widget elementor-widget-text-editor\" data-id=\"bb0949c\" data-element_type=\"widget\" data-e-type=\"widget\" data-widget_type=\"text-editor.default\">\n\t\t\t\t<div class=\"elementor-widget-container\">\n\t\t\t\t\t\t\t\t\t<p><img decoding=\"async\" class=\"alignnone size-full wp-image-6448 aligncenter\" src=\"https:\/\/yindamachinery.com\/wp-content\/uploads\/2022\/03\/\u56fe\u7247-4.png\" alt=\"\u56fe\u7247 4\" width=\"160\" height=\"160\" srcset=\"https:\/\/yindamachinery.com\/wp-content\/uploads\/2022\/03\/\u56fe\u7247-4.png 160w, https:\/\/yindamachinery.com\/wp-content\/uploads\/2022\/03\/\u56fe\u7247-4-150x150.png 150w, https:\/\/yindamachinery.com\/wp-content\/uploads\/2022\/03\/\u56fe\u7247-4-12x12.png 12w\" sizes=\"(max-width: 160px) 100vw, 160px\" \/><\/p>\t\t\t\t\t\t\t\t<\/div>\n\t\t\t\t<\/div>\n\t\t\t\t\t<\/div>\n\t\t<\/div>\n\t\t\t\t<div class=\"elementor-column elementor-col-25 elementor-top-column elementor-element elementor-element-761d8ba\" data-id=\"761d8ba\" data-element_type=\"column\" data-e-type=\"column\">\n\t\t\t<div class=\"elementor-widget-wrap elementor-element-populated\">\n\t\t\t\t\t\t<div class=\"elementor-element elementor-element-51a4152 elementor-widget elementor-widget-text-editor\" data-id=\"51a4152\" data-element_type=\"widget\" data-e-type=\"widget\" data-widget_type=\"text-editor.default\">\n\t\t\t\t<div class=\"elementor-widget-container\">\n\t\t\t\t\t\t\t\t\t<p><img decoding=\"async\" class=\"alignnone size-full wp-image-6447 aligncenter\" src=\"https:\/\/yindamachinery.com\/wp-content\/uploads\/2022\/03\/\u56fe\u7247-3.png\" alt=\"\u56fe\u7247 3\" width=\"160\" height=\"160\" srcset=\"https:\/\/yindamachinery.com\/wp-content\/uploads\/2022\/03\/\u56fe\u7247-3.png 160w, https:\/\/yindamachinery.com\/wp-content\/uploads\/2022\/03\/\u56fe\u7247-3-150x150.png 150w, https:\/\/yindamachinery.com\/wp-content\/uploads\/2022\/03\/\u56fe\u7247-3-12x12.png 12w\" sizes=\"(max-width: 160px) 100vw, 160px\" \/><\/p>\t\t\t\t\t\t\t\t<\/div>\n\t\t\t\t<\/div>\n\t\t\t\t\t<\/div>\n\t\t<\/div>\n\t\t\t\t<div class=\"elementor-column elementor-col-25 elementor-top-column elementor-element elementor-element-c66ba23\" data-id=\"c66ba23\" data-element_type=\"column\" data-e-type=\"column\">\n\t\t\t<div class=\"elementor-widget-wrap elementor-element-populated\">\n\t\t\t\t\t\t<div class=\"elementor-element elementor-element-9629f53 elementor-widget elementor-widget-text-editor\" data-id=\"9629f53\" data-element_type=\"widget\" data-e-type=\"widget\" data-widget_type=\"text-editor.default\">\n\t\t\t\t<div class=\"elementor-widget-container\">\n\t\t\t\t\t\t\t\t\t<p><img loading=\"lazy\" decoding=\"async\" class=\"alignnone size-full wp-image-6446 aligncenter\" src=\"https:\/\/yindamachinery.com\/wp-content\/uploads\/2022\/03\/\u56fe\u7247-1.png\" alt=\"\u56fe\u7247 1\" width=\"160\" height=\"160\" srcset=\"https:\/\/yindamachinery.com\/wp-content\/uploads\/2022\/03\/\u56fe\u7247-1.png 160w, https:\/\/yindamachinery.com\/wp-content\/uploads\/2022\/03\/\u56fe\u7247-1-150x150.png 150w, https:\/\/yindamachinery.com\/wp-content\/uploads\/2022\/03\/\u56fe\u7247-1-12x12.png 12w\" sizes=\"(max-width: 160px) 100vw, 160px\" \/><\/p>\t\t\t\t\t\t\t\t<\/div>\n\t\t\t\t<\/div>\n\t\t\t\t\t<\/div>\n\t\t<\/div>\n\t\t\t\t\t<\/div>\n\t\t<\/section>\n\t\t\t\t<section class=\"elementor-section elementor-top-section elementor-element elementor-element-ad62016 elementor-section-boxed elementor-section-height-default elementor-section-height-default\" data-id=\"ad62016\" data-element_type=\"section\" data-e-type=\"section\">\n\t\t\t\t\t\t<div class=\"elementor-container elementor-column-gap-default\">\n\t\t\t\t\t<div class=\"elementor-column elementor-col-100 elementor-top-column elementor-element elementor-element-a60661c\" data-id=\"a60661c\" data-element_type=\"column\" data-e-type=\"column\">\n\t\t\t<div class=\"elementor-widget-wrap elementor-element-populated\">\n\t\t\t\t\t\t<div class=\"elementor-element elementor-element-a5b96ff elementor-widget elementor-widget-text-editor\" data-id=\"a5b96ff\" data-element_type=\"widget\" data-e-type=\"widget\" data-widget_type=\"text-editor.default\">\n\t\t\t\t<div class=\"elementor-widget-container\">\n\t\t\t\t\t\t\t\t\t<h1 style=\"text-align: center;\">Certifica\u00e7\u00e3o de valida\u00e7\u00e3o GMP\u00a0\u00a0<\/h1><p>Boas Pr\u00e1ticas de Fabrica\u00e7\u00e3o, abreviadas como GMP, s\u00e3o a regulamenta\u00e7\u00e3o dos mais altos padr\u00f5es de alimentos produzidos por uma empresa fabricante.<\/p><p>Existe um c\u00f3digo de pr\u00e1ticas padr\u00e3o fixo que deve ser seguido por um fabricante para ser aceito como fabricante e distribuidor.<\/p><p>Certifica\u00e7\u00e3o GMP significa a prova ou certificado que \u00e9 dado ao fabricante para manter as boas pr\u00e1ticas de fabrica\u00e7\u00e3o e os mais altos padr\u00f5es de servi\u00e7os.<\/p><p><strong>Os seguintes aspectos s\u00e3o considerados nesta certifica\u00e7\u00e3o:<\/strong><\/p><ul><li>Qualifica\u00e7\u00f5es do Pessoal<\/li><li>Processo de valida\u00e7\u00e3o<\/li><li>Tratamento de reclama\u00e7\u00f5es<\/li><li>Manuten\u00e7\u00e3o de Registros<\/li><li>Verifica\u00e7\u00e3o do Equipamento<\/li><li>Saneamento<\/li><li>Limpeza<\/li><\/ul><p>As BPF s\u00e3o concedidas por v\u00e1rios motivos que se baseiam nos aspectos acima mencionados. Alguns desses protocolos proeminentes s\u00e3o discutidos abaixo:<\/p><p><strong>SENTADO<\/strong>\u00a0<\/p><p>O Teste de Aceita\u00e7\u00e3o do Site, abreviado como SAT, trata das especifica\u00e7\u00f5es exigidas e desejadas do site que \u00e9 oferecido pelo usu\u00e1rio.<\/p><p>O objetivo do SAT \u00e9 garantir que o sistema esteja em conformidade com o site da aplica\u00e7\u00e3o. Permite-nos testar o crit\u00e9rio para obter resultados \u00f3ptimos.<\/p><p>Reage com o Teste de Aceita\u00e7\u00e3o de F\u00e1brica conhecido como FAT tamb\u00e9m no sentido de que o equipamento atende ou supera o crit\u00e9rio do local.<\/p><p>Os pr\u00f3prios clientes escrevem o SAT para verificar a efici\u00eancia do equipamento.<\/p><p><strong>GORDO<\/strong><\/p><p>Os Testes de Aceita\u00e7\u00e3o de F\u00e1brica s\u00e3o executados na f\u00e1brica antes do envio do equipamento para o endere\u00e7o de entrega. O fabricante, o cliente e o representante do cliente est\u00e3o envolvidos neste processo.<\/p><p>Esses testes s\u00e3o comumente feitos nas \u00e1reas m\u00e9dica, biotecnol\u00f3gica e farmac\u00eautica e s\u00e3o um componente muito necess\u00e1rio da certifica\u00e7\u00e3o GMP. \u00c9 para a confirma\u00e7\u00e3o de todos os padr\u00f5es exigidos pela produ\u00e7\u00e3o de tais produtos.<\/p><p><strong>Requisitos do SAT e FAT <\/strong><\/p><ul><li>Estes devem ser monitorados e registrados por uma autoridade superior.<\/li><li>Deve haver um rastreamento adequado do software do sistema de diferentes departamentos para garantir a credibilidade dos testes.<\/li><li>A seguran\u00e7a do fabricante e do operador deve ser garantida.<\/li><\/ul><p><strong>Outros protocolos<\/strong><\/p><p>Ind\u00fastrias como ind\u00fastrias farmac\u00eauticas, unidades de processamento de alimentos, plantas de biotecnologia exigem medi\u00e7\u00f5es precisas para obter resultados precisos.<\/p><p>Quaisquer defici\u00eancias no equipamento ou falta de medi\u00e7\u00f5es podem levar a consequ\u00eancias mortais.<\/p><p>A valida\u00e7\u00e3o do equipamento \u00e9 feita atrav\u00e9s do IQ, OQ e PQ, que garantem o desempenho da aplica\u00e7\u00e3o.<\/p><p>IQ significa qualifica\u00e7\u00e3o de instala\u00e7\u00e3o, OQ significa qualifica\u00e7\u00e3o operacional e PQ significa qualifica\u00e7\u00e3o de desempenho. Estes s\u00e3o os termos especificados para protocolos de garantia de qualidade e s\u00e3o regulamentados pela FDA.<\/p><p><strong>Qualifica\u00e7\u00e3o de instala\u00e7\u00e3o (QI)<\/strong><\/p><p>\u00c9 um documento que verifica a correta entrega, instala\u00e7\u00e3o e configura\u00e7\u00e3o dos equipamentos de acordo com as normas propostas. Fornecimento de energia suficiente, localiza\u00e7\u00e3o adequada e condi\u00e7\u00f5es ambientais tamb\u00e9m s\u00e3o verificados.<\/p><p><strong>Qualifica\u00e7\u00e3o Operacional (OQ)<\/strong><\/p><p>Garante a qualidade do equipamento verificando o funcionamento ideal conforme listado pelo fabricante. Todos os aspectos do equipamento s\u00e3o verificados e avaliados separadamente para verificar a faixa de desempenho.<\/p><p>O significado do OQ \u00e9 que pode haver algum requisito para fazer quaisquer modifica\u00e7\u00f5es e manuten\u00e7\u00f5es que devem ser resolvidas o mais r\u00e1pido poss\u00edvel.<\/p><p><strong>Qualifica\u00e7\u00e3o de Desempenho (PQ)<\/strong><\/p><p>Para certificar-se de que o equipamento \u00e9 realmente qualificado, voc\u00ea precisa verificar se o equipamento est\u00e1 funcionando dentro da faixa prometida nas condi\u00e7\u00f5es dadas.<\/p>\t\t\t\t\t\t\t\t<\/div>\n\t\t\t\t<\/div>\n\t\t\t\t\t<\/div>\n\t\t<\/div>\n\t\t\t\t\t<\/div>\n\t\t<\/section>\n\t\t\t\t<\/div>","protected":false},"excerpt":{"rendered":"<p>\u00a0 GMP Validation Certification\u00a0\u00a0 Good Manufacturing Practice abbreviated as GMP is the regulation of the highest standards of foods produced by a manufacturing company. There is a fixed standard code of practices that must be followed by a manufacturer to be accepted as a manufacturer and distributor. GMP certification means the proof or certificate which [&hellip;]<\/p>\n","protected":false},"author":1,"featured_media":0,"parent":0,"menu_order":0,"comment_status":"closed","ping_status":"closed","template":"","meta":{"_acf_changed":false,"_seopress_robots_primary_cat":"","_seopress_titles_title":"Yinda Machinery Certificates","_seopress_titles_desc":"Check the Yinda machinery certificates","_seopress_robots_index":"","site-sidebar-layout":"no-sidebar","site-content-layout":"page-builder","ast-site-content-layout":"default","site-content-style":"default","site-sidebar-style":"default","ast-global-header-display":"","ast-banner-title-visibility":"","ast-main-header-display":"","ast-hfb-above-header-display":"","ast-hfb-below-header-display":"","ast-hfb-mobile-header-display":"","site-post-title":"disabled","ast-breadcrumbs-content":"","ast-featured-img":"disabled","footer-sml-layout":"","ast-disable-related-posts":"","theme-transparent-header-meta":"default","adv-header-id-meta":"","stick-header-meta":"","header-above-stick-meta":"","header-main-stick-meta":"","header-below-stick-meta":"","astra-migrate-meta-layouts":"default","ast-page-background-enabled":"default","ast-page-background-meta":{"desktop":{"background-color":"","background-image":"","background-repeat":"repeat","background-position":"center center","background-size":"auto","background-attachment":"scroll","background-type":"","background-media":"","overlay-type":"","overlay-color":"","overlay-opacity":"","overlay-gradient":""},"tablet":{"background-color":"","background-image":"","background-repeat":"repeat","background-position":"center center","background-size":"auto","background-attachment":"scroll","background-type":"","background-media":"","overlay-type":"","overlay-color":"","overlay-opacity":"","overlay-gradient":""},"mobile":{"background-color":"","background-image":"","background-repeat":"repeat","background-position":"center center","background-size":"auto","background-attachment":"scroll","background-type":"","background-media":"","overlay-type":"","overlay-color":"","overlay-opacity":"","overlay-gradient":""}},"ast-content-background-meta":{"desktop":{"background-color":"var(--ast-global-color-5)","background-image":"","background-repeat":"repeat","background-position":"center center","background-size":"auto","background-attachment":"scroll","background-type":"","background-media":"","overlay-type":"","overlay-color":"","overlay-opacity":"","overlay-gradient":""},"tablet":{"background-color":"var(--ast-global-color-5)","background-image":"","background-repeat":"repeat","background-position":"center center","background-size":"auto","background-attachment":"scroll","background-type":"","background-media":"","overlay-type":"","overlay-color":"","overlay-opacity":"","overlay-gradient":""},"mobile":{"background-color":"var(--ast-global-color-5)","background-image":"","background-repeat":"repeat","background-position":"center center","background-size":"auto","background-attachment":"scroll","background-type":"","background-media":"","overlay-type":"","overlay-color":"","overlay-opacity":"","overlay-gradient":""}},"footnotes":""},"class_list":["post-6442","page","type-page","status-publish","hentry"],"acf":[],"_links":{"self":[{"href":"https:\/\/yindamachinery.com\/pt\/wp-json\/wp\/v2\/pages\/6442","targetHints":{"allow":["GET"]}}],"collection":[{"href":"https:\/\/yindamachinery.com\/pt\/wp-json\/wp\/v2\/pages"}],"about":[{"href":"https:\/\/yindamachinery.com\/pt\/wp-json\/wp\/v2\/types\/page"}],"author":[{"embeddable":true,"href":"https:\/\/yindamachinery.com\/pt\/wp-json\/wp\/v2\/users\/1"}],"replies":[{"embeddable":true,"href":"https:\/\/yindamachinery.com\/pt\/wp-json\/wp\/v2\/comments?post=6442"}],"version-history":[{"count":1,"href":"https:\/\/yindamachinery.com\/pt\/wp-json\/wp\/v2\/pages\/6442\/revisions"}],"predecessor-version":[{"id":8877,"href":"https:\/\/yindamachinery.com\/pt\/wp-json\/wp\/v2\/pages\/6442\/revisions\/8877"}],"wp:attachment":[{"href":"https:\/\/yindamachinery.com\/pt\/wp-json\/wp\/v2\/media?parent=6442"}],"curies":[{"name":"wp","href":"https:\/\/api.w.org\/{rel}","templated":true}]}}