{"id":6282,"date":"2022-03-21T11:01:02","date_gmt":"2022-03-21T11:01:02","guid":{"rendered":"https:\/\/yindamachinery.com\/?page_id=6282"},"modified":"2025-10-20T16:08:08","modified_gmt":"2025-10-20T16:08:08","slug":"controle-de-qualidade","status":"publish","type":"page","link":"https:\/\/yindamachinery.com\/pt\/controle-de-qualidade\/","title":{"rendered":"Controle de qualidade"},"content":{"rendered":"<div data-elementor-type=\"wp-page\" data-elementor-id=\"6282\" class=\"elementor elementor-6282\">\n\t\t\t\t\t\t<section class=\"elementor-section elementor-top-section elementor-element elementor-element-3fde820 elementor-section-boxed elementor-section-height-default elementor-section-height-default\" data-id=\"3fde820\" data-element_type=\"section\" data-e-type=\"section\">\n\t\t\t\t\t\t<div class=\"elementor-container elementor-column-gap-default\">\n\t\t\t\t\t<div class=\"elementor-column elementor-col-66 elementor-top-column elementor-element elementor-element-12e8acf\" data-id=\"12e8acf\" data-element_type=\"column\" data-e-type=\"column\">\n\t\t\t<div class=\"elementor-widget-wrap elementor-element-populated\">\n\t\t\t\t\t\t<div class=\"elementor-element elementor-element-7a145ba elementor-widget elementor-widget-text-editor\" data-id=\"7a145ba\" data-element_type=\"widget\" data-e-type=\"widget\" data-widget_type=\"text-editor.default\">\n\t\t\t\t<div class=\"elementor-widget-container\">\n\t\t\t\t\t\t\t\t\t<h1><img fetchpriority=\"high\" decoding=\"async\" class=\"alignnone size-full wp-image-6296\" src=\"https:\/\/yindamachinery.com\/wp-content\/uploads\/2022\/03\/quality-control-banner.jpg\" alt=\"\" width=\"800\" height=\"200\" srcset=\"https:\/\/yindamachinery.com\/wp-content\/uploads\/2022\/03\/quality-control-banner.jpg 800w, https:\/\/yindamachinery.com\/wp-content\/uploads\/2022\/03\/quality-control-banner-768x192.jpg 768w, https:\/\/yindamachinery.com\/wp-content\/uploads\/2022\/03\/quality-control-banner-18x5.jpg 18w\" sizes=\"(max-width: 800px) 100vw, 800px\" \/><\/h1><h1 style=\"text-align: center;\"><strong><b>Yinda <\/b><\/strong><strong><b>Controle de qualidade<\/b><\/strong><\/h1><p>A Yinda Machinery segue sempre trabalhando com dedica\u00e7\u00e3o para facilitar e entregar produtos de alta qualidade. Os produtos est\u00e3o em lotes para fins de exame. Yinda Machinery recebeu certifica\u00e7\u00f5es do sistema de gest\u00e3o de qualidade ISO 9001 e sistema de gest\u00e3o ambiental ISO 14001 para receber garantia em termos de qualidade e satisfa\u00e7\u00e3o dos clientes. Nossa sinceridade \u00e9 facilitar com os produtos das solu\u00e7\u00f5es resistentes ao desgaste superiores e servi\u00e7os relacionados a todos os clientes. O objetivo e objetivo da Yinda Machinery \u00e9 entregar os melhores produtos de todos os tempos, com prioridade para a qualidade sempre e trazendo a perfei\u00e7\u00e3o.<\/p><h2><u>Por que utilizar os servi\u00e7os de controle de qualidade da <\/u><u>Yinda<\/u><u>?<\/u><\/h2><p>A equipe da Yinda Machinery est\u00e1 dispon\u00edvel para auxiliar em termos de:<\/p><ul><li>Garantia quanto \u00e0 qualidade de todos os materiais, componentes, estrutura, sistemas e equipamentos necess\u00e1rios na fabrica\u00e7\u00e3o, constru\u00e7\u00e3o e funcionamento de todos os tipos de processos industriais<\/li><li>Cumprindo todas as normas e diretrizes adequadas em rela\u00e7\u00e3o ao controle de qualidade<\/li><li>Verifique cada material, pe\u00e7a e resultado verificando independentemente, auditando, inspecionando e testemunhando os procedimentos.<\/li><li>Obtendo vantagens do controle de qualidade e garantia de qualidade nos processos de constru\u00e7\u00e3o no local e instala\u00e7\u00f5es pelo fabricante no exterior.<\/li><\/ul><h2><u>Raz\u00f5es para liderar nos servi\u00e7os de controle de qualidade <\/u><\/h2><p>Sendo um dos principais fornecedores de servi\u00e7os de controle de qualidade, a Yinda Machinery continua oferecendo experi\u00eancias imbat\u00edveis que se espalham por todos os setores. Como um especialista, cheio de recursos e junto com a rede mundial particular, a Yinda Machinery est\u00e1 pronta para fornecer controle de qualidade em todo o mundo. Isso resulta na garantia quanto \u00e0 qualidade de todo o processo da cadeia de suprimentos.<\/p><h3>Servi\u00e7os externos de controle de qualidade e garantia de qualidade:<\/h3><ul><li>Suporte para explicar o programa de controle de qualidade que atende todo o escopo dos requisitos regulares.<\/li><li>Realiza\u00e7\u00e3o das vistorias que possuem a avalia\u00e7\u00e3o completa do programa de controle de qualidade do fornecedor para atender os requisitos do comprador.<\/li><li>Disponibilidade de todas as revis\u00f5es sobre as especifica\u00e7\u00f5es, projetos e normas particulares para receber acordo com os requisitos adequados.<\/li><li>Auditoria formal de todos os equipamentos na presen\u00e7a do fornecedor e fabricante durante todo o processo de fabrica\u00e7\u00e3o. \u00a0<\/li><li>Organiza\u00e7\u00e3o de cursos para a garantia da qualidade<\/li><\/ul><h3>Servi\u00e7os de controle de qualidade e garantia de qualidade no local:<\/h3><ul><li>Avalia\u00e7\u00e3o de todos os procedimentos, especifica\u00e7\u00f5es e padr\u00f5es particulares exigidos no local.<\/li><li>Monitoramento e teste de materiais<\/li><li>Inspe\u00e7\u00e3o e verifica\u00e7\u00e3o s\u00e3o essenciais para o estabelecimento quanto \u00e0 qualidade dos materiais, sistema e estrutura durante o processo de fabrica\u00e7\u00e3o<\/li><li>Receber da f\u00e1brica os testes de aceita\u00e7\u00e3o de todos os equipamentos e instala\u00e7\u00f5es<\/li><li>Todas as inspe\u00e7\u00f5es e supervis\u00f5es antes do embarque e carregamento na fase de embarque<\/li><li>Examinar toda metodologia de armazenamento junto com as medidas preventivas dos equipamentos durante a instala\u00e7\u00e3o.<\/li><li>Implementando os registros preservados<\/li><li>Foco no controle de qualidade e atendimento de todos os requisitos aplic\u00e1veis em diversas \u00e1reas e mercados para realizar a inspe\u00e7\u00e3o e implanta\u00e7\u00e3o.<\/li><li>Obtendo acessibilidade completa do mercado atrav\u00e9s da identifica\u00e7\u00e3o, atendimento e compila\u00e7\u00e3o junto com os requisitos do seu p\u00fablico-alvo\/mercado.<\/li><li>Testar a qualidade para reduzir riscos e entregar o desempenho para atender aos padr\u00f5es.<\/li><li>Isso ajuda a entregar todo o trabalho de forma eficaz e eficiente<\/li><\/ul>\t\t\t\t\t\t\t\t<\/div>\n\t\t\t\t<\/div>\n\t\t\t\t\t<\/div>\n\t\t<\/div>\n\t\t\t\t<div class=\"elementor-column elementor-col-33 elementor-top-column elementor-element elementor-element-9c95a96\" data-id=\"9c95a96\" data-element_type=\"column\" data-e-type=\"column\">\n\t\t\t<div class=\"elementor-widget-wrap elementor-element-populated\">\n\t\t\t\t\t\t<div class=\"elementor-element elementor-element-5233494 elementor-widget elementor-widget-sidebar\" data-id=\"5233494\" data-element_type=\"widget\" data-e-type=\"widget\" data-widget_type=\"sidebar.default\">\n\t\t\t\t<div class=\"elementor-widget-container\">\n\t\t\t\t\t<div id=\"nav_menu-2\" class=\"widget widget_nav_menu\"><h2 class=\"widget-title\">Equipamentos de Manuseio de P\u00f3<\/h2><nav class=\"menu-footermenu2-container\" aria-label=\"Equipamentos de Manuseio de P\u00f3\"><ul id=\"menu-footermenu2\" class=\"menu\"><li id=\"menu-item-5958\" class=\"menu-item menu-item-type-post_type menu-item-object-page menu-item-5958\"><a href=\"https:\/\/yindamachinery.com\/pt\/ribbon-blenders-2\/\" class=\"menu-link\">Misturador de fitas<\/a><\/li>\n<li id=\"menu-item-5959\" class=\"menu-item menu-item-type-post_type menu-item-object-page menu-item-5959\"><a href=\"https:\/\/yindamachinery.com\/pt\/moinho-de-classificacao-de-ar\/\" class=\"menu-link\">Moinho de classifica\u00e7\u00e3o de ar<\/a><\/li>\n<li id=\"menu-item-5960\" class=\"menu-item menu-item-type-post_type menu-item-object-page menu-item-5960\"><a href=\"https:\/\/yindamachinery.com\/pt\/liquidificadores-de-cone-duplo\/\" class=\"menu-link\">Misturadores de cone duplo<\/a><\/li>\n<li id=\"menu-item-5961\" class=\"menu-item menu-item-type-post_type menu-item-object-page menu-item-5961\"><a href=\"https:\/\/yindamachinery.com\/pt\/triturador-grosseiro\/\" class=\"menu-link\">Triturador Grosso<\/a><\/li>\n<li id=\"menu-item-5962\" class=\"menu-item menu-item-type-post_type menu-item-object-page menu-item-5962\"><a href=\"https:\/\/yindamachinery.com\/pt\/misturador-de-aditivos-alimentares\/\" class=\"menu-link\">Misturador de aditivos alimentares<\/a><\/li>\n<li id=\"menu-item-7062\" class=\"menu-item menu-item-type-post_type menu-item-object-page menu-item-7062\"><a href=\"https:\/\/yindamachinery.com\/pt\/liquidificador-2\/\" class=\"menu-link\">Lixeira<\/a><\/li>\n<li id=\"menu-item-7063\" class=\"menu-item menu-item-type-post_type menu-item-object-page menu-item-7063\"><a href=\"https:\/\/yindamachinery.com\/pt\/triturador-grosseiro\/\" class=\"menu-link\">Triturador Grosso<\/a><\/li>\n<li id=\"menu-item-7064\" class=\"menu-item menu-item-type-post_type menu-item-object-page menu-item-7064\"><a href=\"https:\/\/yindamachinery.com\/pt\/misturador-de-fita-horizontal\/\" class=\"menu-link\">Misturador de fita horizontal<\/a><\/li>\n<\/ul><\/nav><\/div>\t\t\t\t<\/div>\n\t\t\t\t<\/div>\n\t\t\t\t<div class=\"elementor-element elementor-element-5a1c516 elementor-widget elementor-widget-template\" data-id=\"5a1c516\" data-element_type=\"widget\" data-e-type=\"widget\" data-widget_type=\"template.default\">\n\t\t\t\t<div class=\"elementor-widget-container\">\n\t\t\t\t\t \t\t\t\t<\/div>\n\t\t\t\t<\/div>\n\t\t\t\t\t<\/div>\n\t\t<\/div>\n\t\t\t\t\t<\/div>\n\t\t<\/section>\n\t\t\t\t<\/div>","protected":false},"excerpt":{"rendered":"<p>Yinda Quality Control Yinda Machinery always keeps working with dedication to facilitate and deliver high-quality products. The products are in batches for examination purposes. Yinda Machinery has received certifications of ISO 9001 quality management system and ISO 14001 environemntal management system to receive assurance in terms of quality and satisfying the customers. Our all sincerity [&hellip;]<\/p>\n","protected":false},"author":1,"featured_media":0,"parent":0,"menu_order":0,"comment_status":"closed","ping_status":"closed","template":"","meta":{"_acf_changed":false,"_seopress_robots_primary_cat":"","_seopress_titles_title":"Yinda Machinery Quality Control","_seopress_titles_desc":"Read the of Yinda Machinery quality control offering unbeatable experiences that spread across every industry.","_seopress_robots_index":"","site-sidebar-layout":"no-sidebar","site-content-layout":"page-builder","ast-site-content-layout":"default","site-content-style":"default","site-sidebar-style":"default","ast-global-header-display":"","ast-banner-title-visibility":"","ast-main-header-display":"","ast-hfb-above-header-display":"","ast-hfb-below-header-display":"","ast-hfb-mobile-header-display":"","site-post-title":"disabled","ast-breadcrumbs-content":"","ast-featured-img":"disabled","footer-sml-layout":"","ast-disable-related-posts":"","theme-transparent-header-meta":"default","adv-header-id-meta":"","stick-header-meta":"","header-above-stick-meta":"","header-main-stick-meta":"","header-below-stick-meta":"","astra-migrate-meta-layouts":"default","ast-page-background-enabled":"default","ast-page-background-meta":{"desktop":{"background-color":"","background-image":"","background-repeat":"repeat","background-position":"center center","background-size":"auto","background-attachment":"scroll","background-type":"","background-media":"","overlay-type":"","overlay-color":"","overlay-opacity":"","overlay-gradient":""},"tablet":{"background-color":"","background-image":"","background-repeat":"repeat","background-position":"center center","background-size":"auto","background-attachment":"scroll","background-type":"","background-media":"","overlay-type":"","overlay-color":"","overlay-opacity":"","overlay-gradient":""},"mobile":{"background-color":"","background-image":"","background-repeat":"repeat","background-position":"center center","background-size":"auto","background-attachment":"scroll","background-type":"","background-media":"","overlay-type":"","overlay-color":"","overlay-opacity":"","overlay-gradient":""}},"ast-content-background-meta":{"desktop":{"background-color":"var(--ast-global-color-5)","background-image":"","background-repeat":"repeat","background-position":"center center","background-size":"auto","background-attachment":"scroll","background-type":"","background-media":"","overlay-type":"","overlay-color":"","overlay-opacity":"","overlay-gradient":""},"tablet":{"background-color":"var(--ast-global-color-5)","background-image":"","background-repeat":"repeat","background-position":"center center","background-size":"auto","background-attachment":"scroll","background-type":"","background-media":"","overlay-type":"","overlay-color":"","overlay-opacity":"","overlay-gradient":""},"mobile":{"background-color":"var(--ast-global-color-5)","background-image":"","background-repeat":"repeat","background-position":"center center","background-size":"auto","background-attachment":"scroll","background-type":"","background-media":"","overlay-type":"","overlay-color":"","overlay-opacity":"","overlay-gradient":""}},"footnotes":""},"class_list":["post-6282","page","type-page","status-publish","hentry"],"acf":[],"_links":{"self":[{"href":"https:\/\/yindamachinery.com\/pt\/wp-json\/wp\/v2\/pages\/6282","targetHints":{"allow":["GET"]}}],"collection":[{"href":"https:\/\/yindamachinery.com\/pt\/wp-json\/wp\/v2\/pages"}],"about":[{"href":"https:\/\/yindamachinery.com\/pt\/wp-json\/wp\/v2\/types\/page"}],"author":[{"embeddable":true,"href":"https:\/\/yindamachinery.com\/pt\/wp-json\/wp\/v2\/users\/1"}],"replies":[{"embeddable":true,"href":"https:\/\/yindamachinery.com\/pt\/wp-json\/wp\/v2\/comments?post=6282"}],"version-history":[{"count":1,"href":"https:\/\/yindamachinery.com\/pt\/wp-json\/wp\/v2\/pages\/6282\/revisions"}],"predecessor-version":[{"id":8948,"href":"https:\/\/yindamachinery.com\/pt\/wp-json\/wp\/v2\/pages\/6282\/revisions\/8948"}],"wp:attachment":[{"href":"https:\/\/yindamachinery.com\/pt\/wp-json\/wp\/v2\/media?parent=6282"}],"curies":[{"name":"wp","href":"https:\/\/api.w.org\/{rel}","templated":true}]}}