{"id":4492,"date":"2021-07-04T13:14:33","date_gmt":"2021-07-04T13:14:33","guid":{"rendered":"https:\/\/yindamachinery.com\/?page_id=4492"},"modified":"2025-10-22T07:05:25","modified_gmt":"2025-10-22T07:05:25","slug":"pulverizador-de-moinho-de-pinos","status":"publish","type":"page","link":"https:\/\/yindamachinery.com\/pt\/pulverizador-de-moinho-de-pinos\/","title":{"rendered":"Pulverizador de moinho de pinos"},"content":{"rendered":"<p>Se voc\u00ea faz parte de uma ind\u00fastria de processamento como farmac\u00eautica, qu\u00edmica, mineral, etc., os pulverizadores de moinho de pinos s\u00e3o ferramentas ideais para o seu neg\u00f3cio. Voc\u00ea pode facilmente comprar, operar e manter essas m\u00e1quinas sem ter que se preocupar em treinar sua equipe extensivamente sobre o uso dessas m\u00e1quinas.<\/p>\n<p>Al\u00e9m disso, os pulverizadores de moinho de pinos n\u00e3o ocupam muito espa\u00e7o para que voc\u00ea possa encaix\u00e1-los em qualquer canto do seu espa\u00e7o de trabalho. No entanto, tamb\u00e9m existem algumas desvantagens de usar os pulverizadores de moinho de pinos que discutiremos mais adiante neste artigo.<\/p>\n<p>Outro aspecto importante a ser observado \u00e9 que os moinhos de pinos tamb\u00e9m s\u00e3o personaliz\u00e1veis. No caso de voc\u00ea entrar em contato com o fabricante e inform\u00e1-lo sobre quais s\u00e3o seus requisitos exatos, voc\u00ea pode obter o m\u00e1ximo dos moinhos de pinos. Discutiremos esse aspecto em detalhes mais adiante no artigo.<\/p>\n<p>Para entender os requisitos espec\u00edficos de sua aplica\u00e7\u00e3o, encaminhe a consulta indicando o nome da mat\u00e9ria-prima, a capacidade de produ\u00e7\u00e3o, os requisitos de finura e as caracter\u00edsticas da mat\u00e9ria-prima.<\/p>","protected":false},"excerpt":{"rendered":"<p>If you are part of a processing industry like pharmaceutical, chemical, mineral, etc. then the pin mill pulverizers are ideal tools for your business. You can easily buy, operate and maintain these machines without having to worry about training your staff extensively over the use of these machines. Furthermore, the pin mill pulverizers do not [&hellip;]<\/p>\n","protected":false},"author":1,"featured_media":0,"parent":0,"menu_order":3,"comment_status":"closed","ping_status":"closed","template":"product-category.php","meta":{"_acf_changed":false,"_seopress_robots_primary_cat":"","_seopress_titles_title":"Pin Mill Pulverizer Machine | Yinda Machinery","_seopress_titles_desc":"Yinda Pin Mill pulverizer machine can grind powder at 20-120mesh. Suitable for chemical, pharmaceutical, food, mineral, and cosmetic applications.","_seopress_robots_index":"","site-sidebar-layout":"no-sidebar","site-content-layout":"page-builder","ast-site-content-layout":"default","site-content-style":"default","site-sidebar-style":"default","ast-global-header-display":"","ast-banner-title-visibility":"","ast-main-header-display":"","ast-hfb-above-header-display":"","ast-hfb-below-header-display":"","ast-hfb-mobile-header-display":"","site-post-title":"","ast-breadcrumbs-content":"","ast-featured-img":"","footer-sml-layout":"","ast-disable-related-posts":"","theme-transparent-header-meta":"default","adv-header-id-meta":"","stick-header-meta":"","header-above-stick-meta":"","header-main-stick-meta":"","header-below-stick-meta":"","astra-migrate-meta-layouts":"default","ast-page-background-enabled":"default","ast-page-background-meta":{"desktop":{"background-color":"","background-image":"","background-repeat":"repeat","background-position":"center center","background-size":"auto","background-attachment":"scroll","background-type":"","background-media":"","overlay-type":"","overlay-color":"","overlay-opacity":"","overlay-gradient":""},"tablet":{"background-color":"","background-image":"","background-repeat":"repeat","background-position":"center center","background-size":"auto","background-attachment":"scroll","background-type":"","background-media":"","overlay-type":"","overlay-color":"","overlay-opacity":"","overlay-gradient":""},"mobile":{"background-color":"","background-image":"","background-repeat":"repeat","background-position":"center center","background-size":"auto","background-attachment":"scroll","background-type":"","background-media":"","overlay-type":"","overlay-color":"","overlay-opacity":"","overlay-gradient":""}},"ast-content-background-meta":{"desktop":{"background-color":"var(--ast-global-color-5)","background-image":"","background-repeat":"repeat","background-position":"center center","background-size":"auto","background-attachment":"scroll","background-type":"","background-media":"","overlay-type":"","overlay-color":"","overlay-opacity":"","overlay-gradient":""},"tablet":{"background-color":"var(--ast-global-color-5)","background-image":"","background-repeat":"repeat","background-position":"center center","background-size":"auto","background-attachment":"scroll","background-type":"","background-media":"","overlay-type":"","overlay-color":"","overlay-opacity":"","overlay-gradient":""},"mobile":{"background-color":"var(--ast-global-color-5)","background-image":"","background-repeat":"repeat","background-position":"center center","background-size":"auto","background-attachment":"scroll","background-type":"","background-media":"","overlay-type":"","overlay-color":"","overlay-opacity":"","overlay-gradient":""}},"footnotes":""},"class_list":["post-4492","page","type-page","status-publish","hentry"],"acf":[],"_links":{"self":[{"href":"https:\/\/yindamachinery.com\/pt\/wp-json\/wp\/v2\/pages\/4492","targetHints":{"allow":["GET"]}}],"collection":[{"href":"https:\/\/yindamachinery.com\/pt\/wp-json\/wp\/v2\/pages"}],"about":[{"href":"https:\/\/yindamachinery.com\/pt\/wp-json\/wp\/v2\/types\/page"}],"author":[{"embeddable":true,"href":"https:\/\/yindamachinery.com\/pt\/wp-json\/wp\/v2\/users\/1"}],"replies":[{"embeddable":true,"href":"https:\/\/yindamachinery.com\/pt\/wp-json\/wp\/v2\/comments?post=4492"}],"version-history":[{"count":1,"href":"https:\/\/yindamachinery.com\/pt\/wp-json\/wp\/v2\/pages\/4492\/revisions"}],"predecessor-version":[{"id":9054,"href":"https:\/\/yindamachinery.com\/pt\/wp-json\/wp\/v2\/pages\/4492\/revisions\/9054"}],"wp:attachment":[{"href":"https:\/\/yindamachinery.com\/pt\/wp-json\/wp\/v2\/media?parent=4492"}],"curies":[{"name":"wp","href":"https:\/\/api.w.org\/{rel}","templated":true}]}}