{"id":13,"date":"2020-09-05T02:47:24","date_gmt":"2020-09-05T02:47:24","guid":{"rendered":"http:\/\/test.leizi.xyz\/?page_id=13"},"modified":"2026-04-02T07:42:19","modified_gmt":"2026-04-02T07:42:19","slug":"sistemas-de-manuseio-de-po","status":"publish","type":"page","link":"https:\/\/yindamachinery.com\/pt\/","title":{"rendered":"Lar"},"content":{"rendered":"<p>Uma equipe de p\u00f3s-venda qualificada e bem treinada, com pessoal experiente t\u00e9cnico, mec\u00e2nico, el\u00e9trico, pneum\u00e1tico, especializado. Disponibilidade e reparo de pe\u00e7as de reposi\u00e7\u00e3o.<\/p>\n<p>&nbsp;<\/p>\n<p>Servi\u00e7os de reforma e atualiza\u00e7\u00e3o.<\/p>\n<p>O principal objetivo da YINDA \u00e9 servir como um parceiro vital\u00edcio, confi\u00e1vel e experiente para seus clientes durante todo o desenvolvimento do manuseio de p\u00f3.<\/p>\n<p>&nbsp;<\/p>\n<p>&nbsp;<\/p>","protected":false},"excerpt":{"rendered":"<p>Uma equipe de p\u00f3s-venda qualificada e bem treinada, com pessoal experiente t\u00e9cnico, mec\u00e2nico, el\u00e9trico, pneum\u00e1tico, especializado. Disponibilidade e reparo de pe\u00e7as de reposi\u00e7\u00e3o. Servi\u00e7os de reforma e atualiza\u00e7\u00e3o. O principal objetivo da YINDA \u00e9 servir como um parceiro vital\u00edcio, confi\u00e1vel e experiente para seus clientes durante todo o desenvolvimento do manuseio de p\u00f3. &nbsp; &nbsp;<\/p>","protected":false},"author":1,"featured_media":0,"parent":0,"menu_order":1,"comment_status":"closed","ping_status":"closed","template":"template-home.php","meta":{"_acf_changed":false,"_seopress_robots_primary_cat":"","_seopress_titles_title":"China Powder Handling Equipment Supplier & Manufacturer | Yinda Machinery","_seopress_titles_desc":"Leading China powder handling equipment supplier & manufacturer, Yinda provides the range of machines including  grinding machines, mixing machines, granulators, Vibro sifters, drying ovens, and other equipment.","_seopress_robots_index":"","site-sidebar-layout":"no-sidebar","site-content-layout":"page-builder","ast-site-content-layout":"full-width-container","site-content-style":"unboxed","site-sidebar-style":"unboxed","ast-global-header-display":"","ast-banner-title-visibility":"","ast-main-header-display":"","ast-hfb-above-header-display":"","ast-hfb-below-header-display":"","ast-hfb-mobile-header-display":"","site-post-title":"disabled","ast-breadcrumbs-content":"","ast-featured-img":"disabled","footer-sml-layout":"","ast-disable-related-posts":"","theme-transparent-header-meta":"default","adv-header-id-meta":"","stick-header-meta":"","header-above-stick-meta":"","header-main-stick-meta":"","header-below-stick-meta":"","astra-migrate-meta-layouts":"set","ast-page-background-enabled":"default","ast-page-background-meta":{"desktop":{"background-color":"","background-image":"","background-repeat":"repeat","background-position":"center center","background-size":"auto","background-attachment":"scroll","background-type":"","background-media":"","overlay-type":"","overlay-color":"","overlay-opacity":"","overlay-gradient":""},"tablet":{"background-color":"","background-image":"","background-repeat":"repeat","background-position":"center center","background-size":"auto","background-attachment":"scroll","background-type":"","background-media":"","overlay-type":"","overlay-color":"","overlay-opacity":"","overlay-gradient":""},"mobile":{"background-color":"","background-image":"","background-repeat":"repeat","background-position":"center center","background-size":"auto","background-attachment":"scroll","background-type":"","background-media":"","overlay-type":"","overlay-color":"","overlay-opacity":"","overlay-gradient":""}},"ast-content-background-meta":{"desktop":{"background-color":"var(--ast-global-color-5)","background-image":"","background-repeat":"repeat","background-position":"center center","background-size":"auto","background-attachment":"scroll","background-type":"","background-media":"","overlay-type":"","overlay-color":"","overlay-opacity":"","overlay-gradient":""},"tablet":{"background-color":"var(--ast-global-color-5)","background-image":"","background-repeat":"repeat","background-position":"center center","background-size":"auto","background-attachment":"scroll","background-type":"","background-media":"","overlay-type":"","overlay-color":"","overlay-opacity":"","overlay-gradient":""},"mobile":{"background-color":"var(--ast-global-color-5)","background-image":"","background-repeat":"repeat","background-position":"center center","background-size":"auto","background-attachment":"scroll","background-type":"","background-media":"","overlay-type":"","overlay-color":"","overlay-opacity":"","overlay-gradient":""}},"footnotes":""},"class_list":["post-13","page","type-page","status-publish","hentry"],"acf":[],"_links":{"self":[{"href":"https:\/\/yindamachinery.com\/pt\/wp-json\/wp\/v2\/pages\/13","targetHints":{"allow":["GET"]}}],"collection":[{"href":"https:\/\/yindamachinery.com\/pt\/wp-json\/wp\/v2\/pages"}],"about":[{"href":"https:\/\/yindamachinery.com\/pt\/wp-json\/wp\/v2\/types\/page"}],"author":[{"embeddable":true,"href":"https:\/\/yindamachinery.com\/pt\/wp-json\/wp\/v2\/users\/1"}],"replies":[{"embeddable":true,"href":"https:\/\/yindamachinery.com\/pt\/wp-json\/wp\/v2\/comments?post=13"}],"version-history":[{"count":34,"href":"https:\/\/yindamachinery.com\/pt\/wp-json\/wp\/v2\/pages\/13\/revisions"}],"predecessor-version":[{"id":9721,"href":"https:\/\/yindamachinery.com\/pt\/wp-json\/wp\/v2\/pages\/13\/revisions\/9721"}],"wp:attachment":[{"href":"https:\/\/yindamachinery.com\/pt\/wp-json\/wp\/v2\/media?parent=13"}],"curies":[{"name":"wp","href":"https:\/\/api.w.org\/{rel}","templated":true}]}}