{"id":1060,"date":"2020-11-11T08:09:36","date_gmt":"2020-11-11T08:09:36","guid":{"rendered":"https:\/\/www.yindaindustry.com\/?page_id=1060"},"modified":"2025-10-22T07:07:27","modified_gmt":"2025-10-22T07:07:27","slug":"equipamento-de-manuseio-de-po","status":"publish","type":"page","link":"https:\/\/yindamachinery.com\/pt\/equipamento-de-manuseio-de-po\/","title":{"rendered":"Equipamento de Manuseio de P\u00f3"},"content":{"rendered":"<p>\u901a\u8fc7\u63d0\u4f9b\u9ad8\u8d28\u91cf\u3001\u9ad8\u529f\u80fd\u7684\u673a\u68b0\uff0c\u6700\u5927\u9650\u5ea6\u5730\u63d0\u9ad8\u5ba2\u6237\u7684\u76c8\u5229\u80fd\u529b\u548c\u751f\u4ea7\u529b\u3002<\/p>\n<p>Atrav\u00e9s do nosso foco em solu\u00e7\u00f5es totais de p\u00f3 ao longo dos anos, nossa equipe ganhou ampla e profunda experi\u00eancia de produ\u00e7\u00e3o e uma maior compreens\u00e3o do processamento de p\u00f3s e part\u00edculas que temos o prazer de compartilhar com nossos clientes.<br \/>\nNossa gama de servi\u00e7os inclui<br \/>\n*<br \/>\nInstala\u00e7\u00e3o e comissionamento no local<br \/>\n* Instala\u00e7\u00e3o e comissionamento no local<br \/>\nTreinamento<br \/>\n* Treinamento<br \/>\nPe\u00e7as de reposi\u00e7\u00e3o e manuten\u00e7\u00e3o<br \/>\n* Manuten\u00e7\u00e3o preventiva<br \/>\nManuten\u00e7\u00e3o preventiva<br \/>\n* Manuten\u00e7\u00e3o preventiva<br \/>\nAtualiza\u00e7\u00f5es e reformas<\/p>\n<p>Traduzido com www.DeepL.com\/Translator (vers\u00e3o gratuita)Treinamento e avalia\u00e7\u00e3o operacional<\/p>\n<p>Para entender os requisitos espec\u00edficos de sua aplica\u00e7\u00e3o, encaminhe a consulta indicando o nome da mat\u00e9ria-prima, a capacidade de produ\u00e7\u00e3o, os requisitos de finura e as caracter\u00edsticas da mat\u00e9ria-prima.<\/p>","protected":false},"excerpt":{"rendered":"<p>\u901a\u8fc7\u63d0\u4f9b\u9ad8\u8d28\u91cf\u3001\u9ad8\u529f\u80fd\u7684\u673a\u68b0\uff0c\u6700\u5927\u9650\u5ea6\u5730\u63d0\u9ad8\u5ba2\u6237\u7684\u76c8\u5229\u80fd\u529b\u548c\u751f\u4ea7\u529b\u3002 Through our focus on total powder solutions over the years, our team has gained extensive and in-depth production experience and a greater understanding of powder and particle processing that we are happy to share with our customers. Our range of services includes * On-site installation and commissioning * On-site installation and commissioning Training * [&hellip;]<\/p>\n","protected":false},"author":1,"featured_media":0,"parent":0,"menu_order":3,"comment_status":"closed","ping_status":"closed","template":"product-category.php","meta":{"_acf_changed":false,"_seopress_robots_primary_cat":"","_seopress_titles_title":"Powder Handling Equipment & Systems | Yinda Machinery","_seopress_titles_desc":"Yinda Machinery engaged in a wide range of powder handling equipments such like mill,pulverizer, grinder, mixer, vibration sifter, and one-stop production line. Get a quote!","_seopress_robots_index":"","site-sidebar-layout":"no-sidebar","site-content-layout":"page-builder","ast-site-content-layout":"full-width-container","site-content-style":"unboxed","site-sidebar-style":"unboxed","ast-global-header-display":"","ast-banner-title-visibility":"","ast-main-header-display":"","ast-hfb-above-header-display":"","ast-hfb-below-header-display":"","ast-hfb-mobile-header-display":"","site-post-title":"","ast-breadcrumbs-content":"","ast-featured-img":"","footer-sml-layout":"","ast-disable-related-posts":"","theme-transparent-header-meta":"default","adv-header-id-meta":"","stick-header-meta":"","header-above-stick-meta":"","header-main-stick-meta":"","header-below-stick-meta":"","astra-migrate-meta-layouts":"set","ast-page-background-enabled":"default","ast-page-background-meta":{"desktop":{"background-color":"","background-image":"","background-repeat":"repeat","background-position":"center center","background-size":"auto","background-attachment":"scroll","background-type":"","background-media":"","overlay-type":"","overlay-color":"","overlay-opacity":"","overlay-gradient":""},"tablet":{"background-color":"","background-image":"","background-repeat":"repeat","background-position":"center center","background-size":"auto","background-attachment":"scroll","background-type":"","background-media":"","overlay-type":"","overlay-color":"","overlay-opacity":"","overlay-gradient":""},"mobile":{"background-color":"","background-image":"","background-repeat":"repeat","background-position":"center center","background-size":"auto","background-attachment":"scroll","background-type":"","background-media":"","overlay-type":"","overlay-color":"","overlay-opacity":"","overlay-gradient":""}},"ast-content-background-meta":{"desktop":{"background-color":"var(--ast-global-color-5)","background-image":"","background-repeat":"repeat","background-position":"center center","background-size":"auto","background-attachment":"scroll","background-type":"","background-media":"","overlay-type":"","overlay-color":"","overlay-opacity":"","overlay-gradient":""},"tablet":{"background-color":"var(--ast-global-color-5)","background-image":"","background-repeat":"repeat","background-position":"center center","background-size":"auto","background-attachment":"scroll","background-type":"","background-media":"","overlay-type":"","overlay-color":"","overlay-opacity":"","overlay-gradient":""},"mobile":{"background-color":"var(--ast-global-color-5)","background-image":"","background-repeat":"repeat","background-position":"center center","background-size":"auto","background-attachment":"scroll","background-type":"","background-media":"","overlay-type":"","overlay-color":"","overlay-opacity":"","overlay-gradient":""}},"footnotes":""},"class_list":["post-1060","page","type-page","status-publish","hentry"],"acf":[],"_links":{"self":[{"href":"https:\/\/yindamachinery.com\/pt\/wp-json\/wp\/v2\/pages\/1060","targetHints":{"allow":["GET"]}}],"collection":[{"href":"https:\/\/yindamachinery.com\/pt\/wp-json\/wp\/v2\/pages"}],"about":[{"href":"https:\/\/yindamachinery.com\/pt\/wp-json\/wp\/v2\/types\/page"}],"author":[{"embeddable":true,"href":"https:\/\/yindamachinery.com\/pt\/wp-json\/wp\/v2\/users\/1"}],"replies":[{"embeddable":true,"href":"https:\/\/yindamachinery.com\/pt\/wp-json\/wp\/v2\/comments?post=1060"}],"version-history":[{"count":3,"href":"https:\/\/yindamachinery.com\/pt\/wp-json\/wp\/v2\/pages\/1060\/revisions"}],"predecessor-version":[{"id":8284,"href":"https:\/\/yindamachinery.com\/pt\/wp-json\/wp\/v2\/pages\/1060\/revisions\/8284"}],"wp:attachment":[{"href":"https:\/\/yindamachinery.com\/pt\/wp-json\/wp\/v2\/media?parent=1060"}],"curies":[{"name":"wp","href":"https:\/\/api.w.org\/{rel}","templated":true}]}}