{"id":7405,"date":"2022-07-24T14:41:49","date_gmt":"2022-07-24T14:41:49","guid":{"rendered":"https:\/\/yindamachinery.com\/?page_id=7405"},"modified":"2025-10-21T08:31:31","modified_gmt":"2025-10-21T08:31:31","slug":"machine-demballage-de-poudre-verticale","status":"publish","type":"page","link":"https:\/\/yindamachinery.com\/fr\/machine-demballage-de-poudre-verticale\/","title":{"rendered":"Machine \u00e0 emballer verticale de poudre"},"content":{"rendered":"<div data-elementor-type=\"wp-page\" data-elementor-id=\"7405\" class=\"elementor elementor-7405\">\n\t\t\t\t\t\t<section class=\"elementor-section elementor-top-section elementor-element elementor-element-b8812dd elementor-section-boxed elementor-section-height-default elementor-section-height-default\" data-id=\"b8812dd\" data-element_type=\"section\" data-e-type=\"section\">\n\t\t\t\t\t\t<div class=\"elementor-container elementor-column-gap-default\">\n\t\t\t\t\t<div class=\"elementor-column elementor-col-66 elementor-top-column elementor-element elementor-element-f0266ca\" data-id=\"f0266ca\" data-element_type=\"column\" data-e-type=\"column\">\n\t\t\t<div class=\"elementor-widget-wrap elementor-element-populated\">\n\t\t\t\t\t\t<div class=\"elementor-element elementor-element-8839d29 elementor-widget elementor-widget-text-editor\" data-id=\"8839d29\" data-element_type=\"widget\" data-e-type=\"widget\" data-widget_type=\"text-editor.default\">\n\t\t\t\t<div class=\"elementor-widget-container\">\n\t\t\t\t\t\t\t\t\t<h1><strong>Machine d&#039;emballage de poudre verticale YDBZ-2 <\/strong><\/h1><p><img fetchpriority=\"high\" decoding=\"async\" class=\"alignnone size-full wp-image-7409\" src=\"https:\/\/yindamachinery.com\/wp-content\/uploads\/2022\/07\/YDBZ-2-vertical-Powder-packing-machine-1.png\" alt=\"ydbz 2 machine d&#039;emballage de poudre verticale (1)\" width=\"394\" height=\"646\" srcset=\"https:\/\/yindamachinery.com\/wp-content\/uploads\/2022\/07\/YDBZ-2-vertical-Powder-packing-machine-1.png 394w, https:\/\/yindamachinery.com\/wp-content\/uploads\/2022\/07\/YDBZ-2-vertical-Powder-packing-machine-1-7x12.png 7w\" sizes=\"(max-width: 394px) 100vw, 394px\" \/><\/p><h2><strong>La description <\/strong><\/h2><p>Cette machine et la machine de mesure peuvent compl\u00e9ter automatiquement l&#039;ensemble du processus d&#039;emballage de dosage, alimentation, remplissage, fabrication de sacs, impression de date, gonflage (\u00e9chappement) et livraison du produit fini, et terminer automatiquement le comptage.<\/p><p>Il convient au conditionnement du lait en poudre, des prot\u00e9ines en poudre, des boissons solides, du sucre, du glucose, du caf\u00e9 en poudre, des \u00e9pices, des additifs alimentaires, etc.<\/p><h2><strong>Avantages<\/strong><\/h2><ol><li>L&#039;\u00e9quipement adopte une traction et une lib\u00e9ration de film servocommand\u00e9es pour assurer une traction pr\u00e9cise du film et un effet d&#039;emballage de sac soign\u00e9 et magnifique.<\/li><li>L&#039;\u00e9quipement adopte des composants \u00e9lectriques c\u00e9l\u00e8bres nationaux\/\u00e9trangers et a \u00e9t\u00e9 test\u00e9 pendant de nombreuses ann\u00e9es sur le march\u00e9 pour garantir des performances plus stables et durables.<\/li><li>L&#039;ensemble de la machine est con\u00e7u selon la norme GMP et a pass\u00e9 la certification CE.<\/li><li>L&#039;ensemble de la machine est en acier inoxydable 304, conform\u00e9ment aux normes de production alimentaire et pharmaceutique, pour garantir une propret\u00e9 et une hygi\u00e8ne optimales.<\/li><li>La vis de dosage est fabriqu\u00e9e par une machine-outil CNC avec une m\u00e9canique de pr\u00e9cision, avec un processus fluide et une pr\u00e9cision de dosage \u00e9lev\u00e9e<\/li><li>Adoptez le contr\u00f4le d&#039;entra\u00eenement du servomoteur, des performances rapides et stables, une vitesse de production rapide<\/li><\/ol><h2><strong>Donn\u00e9es techniques<\/strong><\/h2><table><tbody><tr><td width=\"225\"><p>Des mod\u00e8les<\/p><\/td><td width=\"216\"><p>YDBZ-2<\/p><\/td><td width=\"302\"><p>YDBZ-3<\/p><\/td><td width=\"302\"><p>YDBZ-4<\/p><\/td><\/tr><tr><td width=\"225\"><p>Taille du sac(mm)<\/p><\/td><td width=\"216\"><p>L:50-150<br \/>L:50-200<\/p><\/td><td width=\"302\"><p>L:80-200<br \/>L\u00a0: 80-250<\/p><\/td><td width=\"302\"><p>L:80-200<br \/>L\u00a0: 80-250<\/p><\/td><\/tr><tr><td width=\"225\"><p>Forme du sac<\/p><\/td><td colspan=\"3\" width=\"820\"><p>Sac d&#039;oreiller, sac de trou, sac de cha\u00eene, sac de goupille<\/p><\/td><\/tr><tr><td width=\"225\"><p>Puissance(kw)<\/p><\/td><td colspan=\"3\" width=\"820\"><p>2.5<\/p><\/td><\/tr><tr><td width=\"225\"><p>Gamme de poids d&#039;emballage (poudre) (g)<\/p><\/td><td width=\"216\"><p>\u2264200<\/p><\/td><td width=\"302\"><p>\u2264200<\/p><\/td><td width=\"302\"><p>\u22641500<\/p><\/td><\/tr><tr><td width=\"225\"><p>Vitesse d&#039;emballage (sac \/min)<\/p><\/td><td colspan=\"3\" width=\"820\"><p>25-60 (selon les caract\u00e9ristiques du mat\u00e9riau et le poids de l&#039;emballage)<\/p><\/td><\/tr><tr><td width=\"225\"><p>Vitesse d&#039;emballage (sac \/min)<\/p><\/td><td colspan=\"3\" width=\"820\"><p>\u00b11% (selon les caract\u00e9ristiques du mat\u00e9riau et le poids de l&#039;emballage)<\/p><\/td><\/tr><tr><td width=\"225\"><p>Taille du sac(mm)<\/p><\/td><td width=\"216\"><p>L:50-150<br \/>L:50-200<\/p><\/td><td width=\"302\"><p>L:80-200<br \/>L\u00a0: 80-250<\/p><\/td><td width=\"302\"><p>L:80-200<br \/>L\u00a0: 80-250<\/p><\/td><\/tr><\/tbody><\/table><h2><img decoding=\"async\" class=\"alignnone size-full wp-image-7412\" src=\"https:\/\/yindamachinery.com\/wp-content\/uploads\/2022\/07\/YDBZ-2-vertical-Powder-packing-machine-4.png\" alt=\"ydbz 2 machine d&#039;emballage de poudre verticale (4)\" width=\"435\" height=\"333\" srcset=\"https:\/\/yindamachinery.com\/wp-content\/uploads\/2022\/07\/YDBZ-2-vertical-Powder-packing-machine-4.png 435w, https:\/\/yindamachinery.com\/wp-content\/uploads\/2022\/07\/YDBZ-2-vertical-Powder-packing-machine-4-16x12.png 16w\" sizes=\"(max-width: 435px) 100vw, 435px\" \/> <img decoding=\"async\" class=\"alignnone size-full wp-image-7411\" src=\"https:\/\/yindamachinery.com\/wp-content\/uploads\/2022\/07\/YDBZ-2-vertical-Powder-packing-machine-3.png\" alt=\"ydbz 2 machine d&#039;emballage de poudre verticale (3)\" width=\"979\" height=\"800\" srcset=\"https:\/\/yindamachinery.com\/wp-content\/uploads\/2022\/07\/YDBZ-2-vertical-Powder-packing-machine-3.png 979w, https:\/\/yindamachinery.com\/wp-content\/uploads\/2022\/07\/YDBZ-2-vertical-Powder-packing-machine-3-768x628.png 768w, https:\/\/yindamachinery.com\/wp-content\/uploads\/2022\/07\/YDBZ-2-vertical-Powder-packing-machine-3-15x12.png 15w\" sizes=\"(max-width: 979px) 100vw, 979px\" \/><\/h2><h2><strong>Quel sac voulez-vous ?<\/strong><\/h2><p>\u00a0<\/p><p><img loading=\"lazy\" decoding=\"async\" class=\"alignnone size-full wp-image-7413\" src=\"https:\/\/yindamachinery.com\/wp-content\/uploads\/2022\/07\/YDBZ-2-vertical-Powder-packing-machine-5.png\" alt=\"ydbz 2 machine d&#039;emballage de poudre verticale (5)\" width=\"949\" height=\"482\" srcset=\"https:\/\/yindamachinery.com\/wp-content\/uploads\/2022\/07\/YDBZ-2-vertical-Powder-packing-machine-5.png 949w, https:\/\/yindamachinery.com\/wp-content\/uploads\/2022\/07\/YDBZ-2-vertical-Powder-packing-machine-5-768x390.png 768w, https:\/\/yindamachinery.com\/wp-content\/uploads\/2022\/07\/YDBZ-2-vertical-Powder-packing-machine-5-18x9.png 18w\" sizes=\"(max-width: 949px) 100vw, 949px\" \/><\/p><h2><strong>M\u00e9thodes d&#039;alimentation facultatives\u00a0:<\/strong><\/h2><p><img loading=\"lazy\" decoding=\"async\" class=\"alignnone size-full wp-image-7410\" src=\"https:\/\/yindamachinery.com\/wp-content\/uploads\/2022\/07\/YDBZ-2-vertical-Powder-packing-machine-2.png\" alt=\"ydbz 2 machine d&#039;emballage de poudre verticale (2)\" width=\"929\" height=\"695\" srcset=\"https:\/\/yindamachinery.com\/wp-content\/uploads\/2022\/07\/YDBZ-2-vertical-Powder-packing-machine-2.png 929w, https:\/\/yindamachinery.com\/wp-content\/uploads\/2022\/07\/YDBZ-2-vertical-Powder-packing-machine-2-768x575.png 768w, https:\/\/yindamachinery.com\/wp-content\/uploads\/2022\/07\/YDBZ-2-vertical-Powder-packing-machine-2-16x12.png 16w\" sizes=\"(max-width: 929px) 100vw, 929px\" \/><\/p><p>\u00a0<\/p><p>\u00a0<\/p><p>\u00a0<\/p>\t\t\t\t\t\t\t\t<\/div>\n\t\t\t\t<\/div>\n\t\t\t\t\t<\/div>\n\t\t<\/div>\n\t\t\t\t<div class=\"elementor-column elementor-col-33 elementor-top-column elementor-element elementor-element-ef0e054\" data-id=\"ef0e054\" data-element_type=\"column\" data-e-type=\"column\">\n\t\t\t<div class=\"elementor-widget-wrap elementor-element-populated\">\n\t\t\t\t\t\t<div class=\"elementor-element elementor-element-c91ca70 elementor-widget elementor-widget-text-editor\" data-id=\"c91ca70\" data-element_type=\"widget\" data-e-type=\"widget\" data-widget_type=\"text-editor.default\">\n\t\t\t\t<div class=\"elementor-widget-container\">\n\t\t\t\t\t\t\t\t\t<p><\/p>\t\t\t\t\t\t\t\t<\/div>\n\t\t\t\t<\/div>\n\t\t\t\t<div class=\"elementor-element elementor-element-c146b7b elementor-widget elementor-widget-sidebar\" data-id=\"c146b7b\" data-element_type=\"widget\" data-e-type=\"widget\" data-widget_type=\"sidebar.default\">\n\t\t\t\t<div class=\"elementor-widget-container\">\n\t\t\t\t\t<aside id=\"search-2\" class=\"widget widget_search\"><form role=\"search\" method=\"get\" class=\"search-form\" action=\"https:\/\/yindamachinery.com\/fr\/\" data-trp-original-action=\"https:\/\/yindamachinery.com\/fr\/\">\n\t<label for=\"search-field\">\n\t\t<span class=\"screen-reader-text\">Rechercher :<\/span>\n\t\t<input type=\"search\" id=\"search-field\" class=\"search-field\"   placeholder=\"Recherch\u00e9\u2026\" value=\"\" name=\"s\" tabindex=\"-1\">\n\t\t\t<\/label>\n\t\t\t<input type=\"submit\" class=\"search-submit\" value=\"Rechercher\">\n\t<input type=\"hidden\" name=\"trp-form-language\" value=\"fr\"\/><\/form>\n<\/aside>\n\t\t<aside id=\"recent-posts-3\" class=\"widget widget_recent_entries\">\n\t\t<h2 class=\"widget-title\">Nouveaux produits<\/h2><nav aria-label=\"Nouveaux produits\">\n\t\t<ul>\n\t\t\t\t\t\t\t\t\t\t\t<li>\n\t\t\t\t\t<a href=\"https:\/\/yindamachinery.com\/fr\/vibrating-screen-machines-a-complete-guide-to-efficient-particle-separation-with-yinda-machinery\/\">Vibrating Screen Machines: A Complete Guide to Efficient Particle Separation with Yinda Machinery<\/a>\n\t\t\t\t\t\t\t\t\t<\/li>\n\t\t\t\t\t\t\t\t\t\t\t<li>\n\t\t\t\t\t<a href=\"https:\/\/yindamachinery.com\/fr\/how-an-air-classifier-mill-ensures-ultrafine-and-uniform-particle-size-after-sulfur-grinding\/\">How an Air Classifier Mill Ensures Ultrafine and Uniform Particle Size After Sulfur Grinding<\/a>\n\t\t\t\t\t\t\t\t\t<\/li>\n\t\t\t\t\t\t\t\t\t\t\t<li>\n\t\t\t\t\t<a href=\"https:\/\/yindamachinery.com\/fr\/carom-seeds-grinding-machine-for-small-and-large-capacity-production\/\">Carom Seeds Grinding Machine for Small and Large Capacity Production<\/a>\n\t\t\t\t\t\t\t\t\t<\/li>\n\t\t\t\t\t\t\t\t\t\t\t<li>\n\t\t\t\t\t<a href=\"https:\/\/yindamachinery.com\/fr\/advanced-instant-tea-processing-equipment-pin-mill-with-pulse-dust-collection-system-solution-for-crystal-instant-tea\/\">Advanced Instant Tea Processing Equipment Pin Mill with Pulse Dust Collection System Solution for Crystal Instant Tea<\/a>\n\t\t\t\t\t\t\t\t\t<\/li>\n\t\t\t\t\t\t\t\t\t\t\t<li>\n\t\t\t\t\t<a href=\"https:\/\/yindamachinery.com\/fr\/how-to-choose-chili-processing-equipment-for-flakes-powder-and-paste-production\/\">How to Choose Chili Processing Equipment for Flakes, Powder, and Paste Production<\/a>\n\t\t\t\t\t\t\t\t\t<\/li>\n\t\t\t\t\t<\/ul>\n\n\t\t<\/nav><\/aside><aside id=\"categories-2\" class=\"widget widget_categories\"><h2 class=\"widget-title\">Recherche rapide<\/h2><nav aria-label=\"Recherche rapide\">\n\t\t\t<ul>\n\t\t\t\t\t<li class=\"cat-item cat-item-1\"><a href=\"https:\/\/yindamachinery.com\/fr\/categorie\/blog\/\">Blog<\/a>\n<\/li>\n\t<li class=\"cat-item cat-item-12\"><a href=\"https:\/\/yindamachinery.com\/fr\/categorie\/melangeur-a-double-cone\/\">M\u00e9langeur \u00e0 double c\u00f4ne<\/a>\n<\/li>\n\t<li class=\"cat-item cat-item-10\"><a href=\"https:\/\/yindamachinery.com\/fr\/categorie\/ruban-melangeur\/\">M\u00e9langeur de ruban<\/a>\n<\/li>\n\t\t\t<\/ul>\n\n\t\t\t<\/nav><\/aside><aside id=\"custom_html-8\" class=\"widget_text widget widget_custom_html\"><div class=\"textwidget custom-html-widget\"><div class=\"quickQuote divScroll\">\r\n<div class=\"quickQuoteTitle\">Envoyez votre demande aujourd&#039;hui<\/div>\r\n<form name=\"form1\" method=\"post\" action=\"https:\/\/yindamachinery.wufoo.com\/forms\/z1w948rh0coebsw\/#public\">\r\n<input name=\"Field1\" type=\"text\" value=\"\" placeholder=\"Nom*\" required \/>\r\n<input name=\"Field2\" type=\"email\" value=\"\" placeholder=\"E-mail*\" required \/>\r\n<input name=\"Field3\" type=\"text\" value=\"\" placeholder=\"T\u00e9l\u00e9phoner\" \/>\r\n<textarea name=\"Field4\" placeholder=\"Un message*\" required><\/textarea>\r\n<div class=\"hidden\"><input name=\"Field5\" type=\"text\" value=\"http:\/\/yindamachinery.com\/fr\/wp-json\/wp\/v2\/pages\/7405\"\/><\/div>\r\n<div class=\"hidden\"><input name=\"Field6\" type=\"text\" value=\"216.73.216.209, Columbus, United States\"\/><\/div>\r\n<div class=\"text-right\"><input name=\"saveForm\" type=\"submit\" value=\"Nous faire parvenir\"\/><\/div>\r\n<div class=\"hidden\">\r\n<textarea name=\"comment\" id=\"comment\" rows=\"1\" cols=\"1\"><\/textarea>\r\n<input type=\"hidden\" id=\"idstamp\" name=\"idstamp\" value=\"Z76ScsiwY4S4aTigjiNXzc+TU2c4yz9sdD5K49qczUs=\" >\r\n<input type=\"hidden\" id=\"encryptedPassword\" name=\"encryptedPassword\" value=\"\" >\r\n<\/div>\r\n<\/form>\r\n<\/div><\/div><\/aside>\t\t\t\t<\/div>\n\t\t\t\t<\/div>\n\t\t\t\t\t<\/div>\n\t\t<\/div>\n\t\t\t\t\t<\/div>\n\t\t<\/section>\n\t\t\t\t<\/div>","protected":false},"excerpt":{"rendered":"","protected":false},"author":1,"featured_media":0,"parent":0,"menu_order":0,"comment_status":"closed","ping_status":"closed","template":"","meta":{"_acf_changed":false,"_seopress_robots_primary_cat":"","_seopress_titles_title":"Vertical Powder Packing Machine | Yinda Machinery","_seopress_titles_desc":"The stainless steel-made vertical powder packing machine can pack milk, spice, and coffee powder at 50-65 BPM. Get a free quote!","_seopress_robots_index":"","site-sidebar-layout":"no-sidebar","site-content-layout":"page-builder","ast-site-content-layout":"default","site-content-style":"default","site-sidebar-style":"default","ast-global-header-display":"","ast-banner-title-visibility":"","ast-main-header-display":"","ast-hfb-above-header-display":"","ast-hfb-below-header-display":"","ast-hfb-mobile-header-display":"","site-post-title":"disabled","ast-breadcrumbs-content":"","ast-featured-img":"disabled","footer-sml-layout":"","ast-disable-related-posts":"","theme-transparent-header-meta":"default","adv-header-id-meta":"","stick-header-meta":"","header-above-stick-meta":"","header-main-stick-meta":"","header-below-stick-meta":"","astra-migrate-meta-layouts":"default","ast-page-background-enabled":"default","ast-page-background-meta":{"desktop":{"background-color":"","background-image":"","background-repeat":"repeat","background-position":"center center","background-size":"auto","background-attachment":"scroll","background-type":"","background-media":"","overlay-type":"","overlay-color":"","overlay-opacity":"","overlay-gradient":""},"tablet":{"background-color":"","background-image":"","background-repeat":"repeat","background-position":"center center","background-size":"auto","background-attachment":"scroll","background-type":"","background-media":"","overlay-type":"","overlay-color":"","overlay-opacity":"","overlay-gradient":""},"mobile":{"background-color":"","background-image":"","background-repeat":"repeat","background-position":"center center","background-size":"auto","background-attachment":"scroll","background-type":"","background-media":"","overlay-type":"","overlay-color":"","overlay-opacity":"","overlay-gradient":""}},"ast-content-background-meta":{"desktop":{"background-color":"var(--ast-global-color-5)","background-image":"","background-repeat":"repeat","background-position":"center center","background-size":"auto","background-attachment":"scroll","background-type":"","background-media":"","overlay-type":"","overlay-color":"","overlay-opacity":"","overlay-gradient":""},"tablet":{"background-color":"var(--ast-global-color-5)","background-image":"","background-repeat":"repeat","background-position":"center center","background-size":"auto","background-attachment":"scroll","background-type":"","background-media":"","overlay-type":"","overlay-color":"","overlay-opacity":"","overlay-gradient":""},"mobile":{"background-color":"var(--ast-global-color-5)","background-image":"","background-repeat":"repeat","background-position":"center center","background-size":"auto","background-attachment":"scroll","background-type":"","background-media":"","overlay-type":"","overlay-color":"","overlay-opacity":"","overlay-gradient":""}},"footnotes":""},"class_list":["post-7405","page","type-page","status-publish","hentry"],"acf":[],"_links":{"self":[{"href":"https:\/\/yindamachinery.com\/fr\/wp-json\/wp\/v2\/pages\/7405","targetHints":{"allow":["GET"]}}],"collection":[{"href":"https:\/\/yindamachinery.com\/fr\/wp-json\/wp\/v2\/pages"}],"about":[{"href":"https:\/\/yindamachinery.com\/fr\/wp-json\/wp\/v2\/types\/page"}],"author":[{"embeddable":true,"href":"https:\/\/yindamachinery.com\/fr\/wp-json\/wp\/v2\/users\/1"}],"replies":[{"embeddable":true,"href":"https:\/\/yindamachinery.com\/fr\/wp-json\/wp\/v2\/comments?post=7405"}],"version-history":[{"count":1,"href":"https:\/\/yindamachinery.com\/fr\/wp-json\/wp\/v2\/pages\/7405\/revisions"}],"predecessor-version":[{"id":8982,"href":"https:\/\/yindamachinery.com\/fr\/wp-json\/wp\/v2\/pages\/7405\/revisions\/8982"}],"wp:attachment":[{"href":"https:\/\/yindamachinery.com\/fr\/wp-json\/wp\/v2\/media?parent=7405"}],"curies":[{"name":"wp","href":"https:\/\/api.w.org\/{rel}","templated":true}]}}