{"id":7337,"date":"2022-06-20T13:17:14","date_gmt":"2022-06-20T13:17:14","guid":{"rendered":"https:\/\/yindamachinery.com\/?page_id=7337"},"modified":"2025-10-20T15:27:23","modified_gmt":"2025-10-20T15:27:23","slug":"granulateur-oscillant","status":"publish","type":"page","link":"https:\/\/yindamachinery.com\/fr\/granulateur-oscillant\/","title":{"rendered":"Oscillating Granulator"},"content":{"rendered":"<p><img fetchpriority=\"high\" decoding=\"async\" src=\"https:\/\/yindamachinery.com\/wp-content\/uploads\/2022\/06\/oscillating-granulator.png\" sizes=\"(max-width: 280px) 100vw, 280px\" srcset=\"https:\/\/yindamachinery.com\/wp-content\/uploads\/2022\/06\/oscillating-granulator.png 280w, https:\/\/yindamachinery.com\/wp-content\/uploads\/2022\/06\/oscillating-granulator-10x12.png 10w\" alt=\"granulateur oscillant\" width=\"280\" height=\"349\" \/><\/p>\n<h1 style=\"text-align: center;\">Granulateur oscillant<\/h1>\n<p>Yinda est l&#039;un des meilleurs fabricants et fournisseurs de granulateurs oscillants en Chine. Si vous recherchez un granulateur oscillant, vous pouvez nous r\u00e9pondre.<\/p>\n<p>Un granulateur oscillant est un type de granulateur qui utilise un mouvement oscillant pour \u00e9craser et broyer les mat\u00e9riaux. Le mouvement oscillant produit un degr\u00e9 \u00e9lev\u00e9 de force qui aide \u00e0 d\u00e9composer les particules en une taille uniforme. Le granulateur peut \u00eatre utilis\u00e9 pour une vari\u00e9t\u00e9 de mat\u00e9riaux, y compris les m\u00e9taux, les plastiques et m\u00eame les produits alimentaires. Le granulateur oscillant est un outil polyvalent qui peut \u00eatre utilis\u00e9 dans un large \u00e9ventail d&#039;industries, de la fabrication \u00e0 la transformation des aliments.<\/p>\n<p><a href=\"https:\/\/yindamachinery.com\/fr\/nous-contacter\/\"><br \/>\nOBTENEZ UN DEVIS MAINTENANT\u00a0!<br \/>\n<\/a><\/p>\n<h2 style=\"text-align: center;\">Application:<\/h2>\n<p>Cette machine est largement utilis\u00e9e dans les industries pharmaceutique, chimique, alimentaire et autres, pour transformer des mat\u00e9riaux en poudre humides en particules, peut \u00e9galement \u00e9craser le mat\u00e9riau en morceaux secs.<\/p>\n<p><img decoding=\"async\" src=\"https:\/\/yindamachinery.com\/wp-content\/uploads\/2022\/06\/oscillating-granulator-2.png\" sizes=\"(max-width: 953px) 100vw, 953px\" srcset=\"https:\/\/yindamachinery.com\/wp-content\/uploads\/2022\/06\/oscillating-granulator-2.png 953w, https:\/\/yindamachinery.com\/wp-content\/uploads\/2022\/06\/oscillating-granulator-2-768x426.png 768w, https:\/\/yindamachinery.com\/wp-content\/uploads\/2022\/06\/oscillating-granulator-2-18x10.png 18w\" alt=\"granulateur oscillant 2\" width=\"953\" height=\"528\" \/><\/p>\n<h3 style=\"text-align: center;\">D\u00e9tails:<\/h3>\n<p>Par transmission m\u00e9canique, extrusion de la mati\u00e8re d&#039;un tamis en granul\u00e9s ou concassage et granulation.<\/p>\n<p>Le granulateur oscillant est un type de granulateur populaire, principalement en r\u00e9duisant la taille du mat\u00e9riau ou en formant la taille de particule souhait\u00e9e \u00e0 partir d&#039;un mat\u00e9riau en poudre humide, \u00e9galement adapt\u00e9 au broyage de mat\u00e9riaux grumeleux secs, de poudres sensibles et de granul\u00e9s dans les industries pharmaceutique, chimique et alimentaire.<\/p>\n<p>Le granulateur oscillant a un rotor qui oscille sur un axe horizontal. Le bas du rotor est \u00e9quip\u00e9 d&#039;un tamis qui r\u00e9pond aux exigences de taille de poudre. Ce tamis peut \u00eatre facilement retir\u00e9 et remont\u00e9 et la tension peut \u00eatre ajust\u00e9e. Le mat\u00e9riau est charg\u00e9 par l&#039;entr\u00e9e et tombe sur les pales du rotor. En se d\u00e9pla\u00e7ant d&#039;un c\u00f4t\u00e9 \u00e0 l&#039;autre, le mat\u00e9riau est bris\u00e9 par un ensemble de rotors oscillants. Les ar\u00eates vives du rotor, le mouvement oscillant du rotor et la pression subs\u00e9quente du mat\u00e9riau sur le tamis provoquent une r\u00e9duction de taille du mat\u00e9riau granulaire lorsqu&#039;il est pouss\u00e9 \u00e0 travers le tamis. (Les \u00e9crans peuvent \u00eatre personnalis\u00e9s).<\/p>\n<p>Le syst\u00e8me d&#039;entra\u00eenement est compl\u00e8tement enferm\u00e9 dans le corps pour une s\u00e9curit\u00e9 \u00e9lev\u00e9e. Le granulateur oscillant de la s\u00e9rie YDYK est fabriqu\u00e9 en acier inoxydable 304 de haute qualit\u00e9, qui est s\u00fbr et hygi\u00e9nique et garantit une qualit\u00e9 efficace du produit fini et r\u00e9pond aux normes GMP.<\/p>\n<h2 style=\"text-align: center;\">Avantage:<\/h2>\n<ol>\n<li>La conception de la machine est conforme aux BPF pour garantir la conformit\u00e9 de la production en toute s\u00e9curit\u00e9 des mat\u00e9riaux<\/li>\n<li>Toutes les pi\u00e8ces en contact avec le produit sont en acier inoxydable 304 ou 316L, les pi\u00e8ces sans contact au moins SUS304<\/li>\n<li>Convient aux mat\u00e9riaux humides et secs, granulation uniforme<\/li>\n<li>Structure simple, facile \u00e0 utiliser et \u00e0 d\u00e9placer, et facile \u00e0 nettoyer, \u00e9conomisant de la main-d&#039;\u0153uvre<\/li>\n<li>Granulation en ligne, principe simple et facile \u00e0 comprendre, convivial.<\/li>\n<li>Z\u00e9ro poussi\u00e8re, faible co\u00fbt de maintenance.<\/li>\n<\/ol>\n<h2 style=\"text-align: center;\">Donn\u00e9es techniques:<\/h2>\n<table>\n<tbody>\n<tr>\n<td width=\"224\">Mod\u00e8le<\/td>\n<td width=\"167\">YDYK-100<\/td>\n<td width=\"183\">YDYK-160<\/td>\n<td width=\"217\">YDYK-250<\/td>\n<td width=\"217\">YDYK-300<\/td>\n<\/tr>\n<tr>\n<td width=\"224\">Capacit\u00e9 de production(kg\/h)<\/td>\n<td width=\"167\">30-100<\/td>\n<td width=\"183\">100-300<\/td>\n<td width=\"217\">150-400<\/td>\n<td width=\"217\">200-600<\/td>\n<\/tr>\n<tr>\n<td width=\"224\">Puissance du moteur(kW)<\/td>\n<td width=\"167\">1.1<\/td>\n<td width=\"183\">2.2<\/td>\n<td width=\"217\">4<\/td>\n<td width=\"217\">5.5<\/td>\n<\/tr>\n<tr>\n<td width=\"224\">R\u00e9volution du rouleau (tr\/min)<\/td>\n<td width=\"167\">55<\/td>\n<td width=\"183\">55<\/td>\n<td width=\"217\">55<\/td>\n<td width=\"217\">55<\/td>\n<\/tr>\n<tr>\n<td width=\"224\">Angle de pivotement(<sup>\u3002<\/sup>)<\/td>\n<td width=\"167\">360<\/td>\n<td width=\"183\">360<\/td>\n<td width=\"217\">360<\/td>\n<td width=\"217\">360<\/td>\n<\/tr>\n<tr>\n<td width=\"224\">Diam\u00e8tre du rouleau(mm)<\/td>\n<td width=\"167\">\u03c6120<\/td>\n<td width=\"183\">\u03c6160<\/td>\n<td width=\"217\">\u03c6250<\/td>\n<td width=\"217\">\u03c6300<\/td>\n<\/tr>\n<tr>\n<td width=\"224\">Dimensions hors tout (mm)<\/td>\n<td width=\"167\">700\u00d7400\u00d71050<\/td>\n<td width=\"183\">1000\u00d7800\u00d71300<\/td>\n<td width=\"217\">1200\u00d7950\u00d71400<\/td>\n<td width=\"217\">1300\u00d71050\u00d71500<\/td>\n<\/tr>\n<tr>\n<td width=\"224\">Poids (kg)<\/td>\n<td width=\"167\">280<\/td>\n<td width=\"183\">380<\/td>\n<td width=\"217\">540<\/td>\n<td width=\"217\">890<\/td>\n<\/tr>\n<\/tbody>\n<\/table>\n<h2 style=\"text-align: center;\"><\/h2>\n<p><img decoding=\"async\" src=\"https:\/\/yindamachinery.com\/wp-content\/uploads\/2020\/11\/YD-Powder-Handling-Systems-certification.png\" alt=\"Certification YD Powder Handling Systems\" width=\"550\" height=\"370\" \/><\/p>\n<p><a href=\"https:\/\/yindamachinery.com\/fr\/nous-contacter\/\"><br \/>\nObtenez un devis maintenant\uff01<br \/>\n<\/a><\/p>\n<h2 style=\"text-align: center;\">Yinda a import\u00e9 des pi\u00e8ces de rechange de la marque mondiale de l&#039;industrie aime\u00a0:<\/h2>\n<p><img loading=\"lazy\" decoding=\"async\" src=\"https:\/\/yindamachinery.com\/wp-content\/uploads\/2021\/02\/yinda-machine-2.jpg\" alt=\"yinda machine 2\" width=\"370\" height=\"320\" \/><br \/>\n<img loading=\"lazy\" decoding=\"async\" src=\"https:\/\/yindamachinery.com\/wp-content\/uploads\/2021\/02\/yinda-machine-1.jpg\" alt=\"yinda machine 1\" width=\"370\" height=\"320\" \/><br \/>\n<img loading=\"lazy\" decoding=\"async\" src=\"https:\/\/yindamachinery.com\/wp-content\/uploads\/2021\/02\/yinda-machine-3.jpg\" alt=\"yinda machine 3\" width=\"370\" height=\"320\" \/><\/p>","protected":false},"excerpt":{"rendered":"<p>Oscillating granulator Yinda is one of the best oscillating granulator manufacturer&amp;supplier in China. If you are looking for oscillating granulator, you can reply on us. An oscillating granulator is a type of granulator that uses oscillating motion to crush and grind materials. The oscillating motion produces a high degree of force that helps to break [&hellip;]<\/p>\n","protected":false},"author":1,"featured_media":0,"parent":0,"menu_order":0,"comment_status":"closed","ping_status":"closed","template":"","meta":{"_acf_changed":false,"_seopress_robots_primary_cat":"","_seopress_titles_title":"Oscillating Granulator Machine | Yinda Machinery","_seopress_titles_desc":"Oscillating Granulator, a chemical device that converts larger particles into uniform granules, used in pharmaceutical, chemical and food industries.","_seopress_robots_index":"","site-sidebar-layout":"no-sidebar","site-content-layout":"page-builder","ast-site-content-layout":"full-width-container","site-content-style":"unboxed","site-sidebar-style":"unboxed","ast-global-header-display":"","ast-banner-title-visibility":"","ast-main-header-display":"","ast-hfb-above-header-display":"","ast-hfb-below-header-display":"","ast-hfb-mobile-header-display":"","site-post-title":"disabled","ast-breadcrumbs-content":"","ast-featured-img":"disabled","footer-sml-layout":"","ast-disable-related-posts":"","theme-transparent-header-meta":"default","adv-header-id-meta":"","stick-header-meta":"","header-above-stick-meta":"","header-main-stick-meta":"","header-below-stick-meta":"","astra-migrate-meta-layouts":"set","ast-page-background-enabled":"default","ast-page-background-meta":{"desktop":{"background-color":"","background-image":"","background-repeat":"repeat","background-position":"center center","background-size":"auto","background-attachment":"scroll","background-type":"","background-media":"","overlay-type":"","overlay-color":"","overlay-opacity":"","overlay-gradient":""},"tablet":{"background-color":"","background-image":"","background-repeat":"repeat","background-position":"center center","background-size":"auto","background-attachment":"scroll","background-type":"","background-media":"","overlay-type":"","overlay-color":"","overlay-opacity":"","overlay-gradient":""},"mobile":{"background-color":"","background-image":"","background-repeat":"repeat","background-position":"center center","background-size":"auto","background-attachment":"scroll","background-type":"","background-media":"","overlay-type":"","overlay-color":"","overlay-opacity":"","overlay-gradient":""}},"ast-content-background-meta":{"desktop":{"background-color":"var(--ast-global-color-5)","background-image":"","background-repeat":"repeat","background-position":"center center","background-size":"auto","background-attachment":"scroll","background-type":"","background-media":"","overlay-type":"","overlay-color":"","overlay-opacity":"","overlay-gradient":""},"tablet":{"background-color":"var(--ast-global-color-5)","background-image":"","background-repeat":"repeat","background-position":"center center","background-size":"auto","background-attachment":"scroll","background-type":"","background-media":"","overlay-type":"","overlay-color":"","overlay-opacity":"","overlay-gradient":""},"mobile":{"background-color":"var(--ast-global-color-5)","background-image":"","background-repeat":"repeat","background-position":"center center","background-size":"auto","background-attachment":"scroll","background-type":"","background-media":"","overlay-type":"","overlay-color":"","overlay-opacity":"","overlay-gradient":""}},"footnotes":""},"class_list":["post-7337","page","type-page","status-publish","hentry"],"acf":[],"_links":{"self":[{"href":"https:\/\/yindamachinery.com\/fr\/wp-json\/wp\/v2\/pages\/7337","targetHints":{"allow":["GET"]}}],"collection":[{"href":"https:\/\/yindamachinery.com\/fr\/wp-json\/wp\/v2\/pages"}],"about":[{"href":"https:\/\/yindamachinery.com\/fr\/wp-json\/wp\/v2\/types\/page"}],"author":[{"embeddable":true,"href":"https:\/\/yindamachinery.com\/fr\/wp-json\/wp\/v2\/users\/1"}],"replies":[{"embeddable":true,"href":"https:\/\/yindamachinery.com\/fr\/wp-json\/wp\/v2\/comments?post=7337"}],"version-history":[{"count":8,"href":"https:\/\/yindamachinery.com\/fr\/wp-json\/wp\/v2\/pages\/7337\/revisions"}],"predecessor-version":[{"id":8938,"href":"https:\/\/yindamachinery.com\/fr\/wp-json\/wp\/v2\/pages\/7337\/revisions\/8938"}],"wp:attachment":[{"href":"https:\/\/yindamachinery.com\/fr\/wp-json\/wp\/v2\/media?parent=7337"}],"curies":[{"name":"wp","href":"https:\/\/api.w.org\/{rel}","templated":true}]}}