{"id":7302,"date":"2022-06-13T12:15:54","date_gmt":"2022-06-13T12:15:54","guid":{"rendered":"https:\/\/yindamachinery.com\/?page_id=7302"},"modified":"2025-10-21T05:30:20","modified_gmt":"2025-10-21T05:30:20","slug":"rectifieuse-de-caoutchouc","status":"publish","type":"page","link":"https:\/\/yindamachinery.com\/fr\/rectifieuse-de-caoutchouc\/","title":{"rendered":"Rectifieuse de caoutchouc"},"content":{"rendered":"<div data-elementor-type=\"wp-page\" data-elementor-id=\"7302\" class=\"elementor elementor-7302\">\n\t\t\t\t\t\t<section class=\"elementor-section elementor-top-section elementor-element elementor-element-68421661 elementor-section-boxed elementor-section-height-default elementor-section-height-default\" data-id=\"68421661\" data-element_type=\"section\" data-e-type=\"section\">\n\t\t\t\t\t\t<div class=\"elementor-container elementor-column-gap-default\">\n\t\t\t\t\t<div class=\"elementor-column elementor-col-50 elementor-top-column elementor-element elementor-element-68164c8c\" data-id=\"68164c8c\" data-element_type=\"column\" data-e-type=\"column\">\n\t\t\t<div class=\"elementor-widget-wrap elementor-element-populated\">\n\t\t\t\t\t\t<div class=\"elementor-element elementor-element-35876ab2 elementor-widget elementor-widget-image\" data-id=\"35876ab2\" data-element_type=\"widget\" data-e-type=\"widget\" data-widget_type=\"image.default\">\n\t\t\t\t<div class=\"elementor-widget-container\">\n\t\t\t\t\t\t\t\t\t\t\t\t\t\t\t<img fetchpriority=\"high\" decoding=\"async\" width=\"866\" height=\"866\" src=\"https:\/\/yindamachinery.com\/wp-content\/uploads\/2022\/06\/Rubber-grinding-machine.png\" class=\"attachment-large size-large wp-image-7306\" alt=\"rectifieuse de caoutchouc\" srcset=\"https:\/\/yindamachinery.com\/wp-content\/uploads\/2022\/06\/Rubber-grinding-machine.png 866w, https:\/\/yindamachinery.com\/wp-content\/uploads\/2022\/06\/Rubber-grinding-machine-150x150.png 150w, https:\/\/yindamachinery.com\/wp-content\/uploads\/2022\/06\/Rubber-grinding-machine-768x768.png 768w, https:\/\/yindamachinery.com\/wp-content\/uploads\/2022\/06\/Rubber-grinding-machine-12x12.png 12w\" sizes=\"(max-width: 866px) 100vw, 866px\" \/>\t\t\t\t\t\t\t\t\t\t\t\t\t\t\t<\/div>\n\t\t\t\t<\/div>\n\t\t\t\t\t<\/div>\n\t\t<\/div>\n\t\t\t\t<div class=\"elementor-column elementor-col-50 elementor-top-column elementor-element elementor-element-32d5982d\" data-id=\"32d5982d\" data-element_type=\"column\" data-e-type=\"column\">\n\t\t\t<div class=\"elementor-widget-wrap elementor-element-populated\">\n\t\t\t\t\t\t<div class=\"elementor-element elementor-element-7aaaf86c elementor-widget elementor-widget-spacer\" data-id=\"7aaaf86c\" data-element_type=\"widget\" data-e-type=\"widget\" data-widget_type=\"spacer.default\">\n\t\t\t\t<div class=\"elementor-widget-container\">\n\t\t\t\t\t\t\t<div class=\"elementor-spacer\">\n\t\t\t<div class=\"elementor-spacer-inner\"><\/div>\n\t\t<\/div>\n\t\t\t\t\t\t<\/div>\n\t\t\t\t<\/div>\n\t\t\t\t<div class=\"elementor-element elementor-element-179a94d7 elementor-widget elementor-widget-text-editor\" data-id=\"179a94d7\" data-element_type=\"widget\" data-e-type=\"widget\" data-widget_type=\"text-editor.default\">\n\t\t\t\t<div class=\"elementor-widget-container\">\n\t\t\t\t\t\t\t\t\t<h1 style=\"text-align: center;\">Rectifieuse de caoutchouc<\/h1><p>Yinda est l&#039;un des meilleurs fabricants et fournisseurs de rectifieuses en caoutchouc en Chine. Si vous recherchez des rectifieuses de caoutchouc, vous pouvez nous r\u00e9pondre.<\/p><p>La rectifieuse de caoutchouc est une machine utilis\u00e9e pour le traitement des particules de caoutchouc. Il peut broyer le caoutchouc en poudre ou en granul\u00e9s de diff\u00e9rentes tailles. La rectifieuse de caoutchouc a de nombreux types, y compris le type oscillant, le type disque, le type rouleau, etc. Chaque type de rectifieuse de caoutchouc a ses propres avantages et inconv\u00e9nients. Les rectifieuses de caoutchouc sont largement utilis\u00e9es dans l&#039;industrie du caoutchouc, l&#039;industrie de la construction et l&#039;industrie du recyclage des pneus. Les rectifieuses de caoutchouc peuvent traiter toutes sortes de d\u00e9chets de caoutchouc, y compris les pneus usag\u00e9s, les tuyaux d&#039;\u00e9vacuation, les tuyaux d&#039;\u00e9vacuation et les semelles d&#039;\u00e9vacuation. Les rectifieuses de caoutchouc peuvent \u00e9galement \u00eatre utilis\u00e9es pour traiter les particules de caoutchouc recycl\u00e9. Les rectifieuses de caoutchouc peuvent assurer la protection de l&#039;environnement et le recyclage des ressources en m\u00eame temps.<\/p>\t\t\t\t\t\t\t\t<\/div>\n\t\t\t\t<\/div>\n\t\t\t\t<div class=\"elementor-element elementor-element-6dcb4e61 elementor-align-center elementor-widget elementor-widget-button\" data-id=\"6dcb4e61\" data-element_type=\"widget\" data-e-type=\"widget\" data-widget_type=\"button.default\">\n\t\t\t\t<div class=\"elementor-widget-container\">\n\t\t\t\t\t\t\t\t\t<div class=\"elementor-button-wrapper\">\n\t\t\t\t\t<a class=\"elementor-button elementor-button-link elementor-size-md\" href=\"https:\/\/yindamachinery.com\/fr\/nous-contacter\/\">\n\t\t\t\t\t\t<span class=\"elementor-button-content-wrapper\">\n\t\t\t\t\t\t\t\t\t<span class=\"elementor-button-text\">OBTENEZ UN DEVIS MAINTENANT\u00a0!<\/span>\n\t\t\t\t\t<\/span>\n\t\t\t\t\t<\/a>\n\t\t\t\t<\/div>\n\t\t\t\t\t\t\t\t<\/div>\n\t\t\t\t<\/div>\n\t\t\t\t\t<\/div>\n\t\t<\/div>\n\t\t\t\t\t<\/div>\n\t\t<\/section>\n\t\t\t\t<section class=\"elementor-section elementor-top-section elementor-element elementor-element-433f6d76 elementor-section-boxed elementor-section-height-default elementor-section-height-default\" data-id=\"433f6d76\" data-element_type=\"section\" data-e-type=\"section\">\n\t\t\t\t\t\t<div class=\"elementor-container elementor-column-gap-default\">\n\t\t\t\t\t<div class=\"elementor-column elementor-col-50 elementor-top-column elementor-element elementor-element-77efad7b\" data-id=\"77efad7b\" data-element_type=\"column\" data-e-type=\"column\">\n\t\t\t<div class=\"elementor-widget-wrap elementor-element-populated\">\n\t\t\t\t\t\t<div class=\"elementor-element elementor-element-676eb923 elementor-widget elementor-widget-spacer\" data-id=\"676eb923\" data-element_type=\"widget\" data-e-type=\"widget\" data-widget_type=\"spacer.default\">\n\t\t\t\t<div class=\"elementor-widget-container\">\n\t\t\t\t\t\t\t<div class=\"elementor-spacer\">\n\t\t\t<div class=\"elementor-spacer-inner\"><\/div>\n\t\t<\/div>\n\t\t\t\t\t\t<\/div>\n\t\t\t\t<\/div>\n\t\t\t\t<div class=\"elementor-element elementor-element-6d3d7ec2 elementor-widget elementor-widget-text-editor\" data-id=\"6d3d7ec2\" data-element_type=\"widget\" data-e-type=\"widget\" data-widget_type=\"text-editor.default\">\n\t\t\t\t<div class=\"elementor-widget-container\">\n\t\t\t\t\t\t\t\t\t<h2 style=\"text-align: center;\">Descriptif et Application\u00a0:<\/h2><p>Le broyeur fin en caoutchouc mod\u00e8le CXFJ-28 broie des particules de caoutchouc pur de 1 \u00e0 4 mm en poudre de caoutchouc de 30 \u00e0 40 mesh dans des conditions normales. Il est principalement compos\u00e9 d&#039;un moteur de fraisage, d&#039;un alimentateur de fr\u00e9quence, d&#039;un dispositif de r\u00e9gulation, d&#039;une tr\u00e9mie d&#039;alimentation, d&#039;un disque de meulage fixe et rotatif, d&#039;un ch\u00e2ssis de machine, d&#039;une broche, d&#039;un tube collecteur, d&#039;un syst\u00e8me de refroidissement par circulation d&#039;eau, etc.<\/p><p>\u00a0<\/p><p>La machine adopte le carbure de tungst\u00e8ne comme surface de fraisage du disque de fraisage, et la base de la plaque adopte un mat\u00e9riau de traitement sp\u00e9cial, qui est anti-collision, r\u00e9sistant \u00e0 l&#039;usure, durable et de bonne ductilit\u00e9.<\/p>\t\t\t\t\t\t\t\t<\/div>\n\t\t\t\t<\/div>\n\t\t\t\t\t<\/div>\n\t\t<\/div>\n\t\t\t\t<div class=\"elementor-column elementor-col-50 elementor-top-column elementor-element elementor-element-6acdde93\" data-id=\"6acdde93\" data-element_type=\"column\" data-e-type=\"column\">\n\t\t\t<div class=\"elementor-widget-wrap elementor-element-populated\">\n\t\t\t\t\t\t<div class=\"elementor-element elementor-element-2e113345 elementor-widget elementor-widget-spacer\" data-id=\"2e113345\" data-element_type=\"widget\" data-e-type=\"widget\" data-widget_type=\"spacer.default\">\n\t\t\t\t<div class=\"elementor-widget-container\">\n\t\t\t\t\t\t\t<div class=\"elementor-spacer\">\n\t\t\t<div class=\"elementor-spacer-inner\"><\/div>\n\t\t<\/div>\n\t\t\t\t\t\t<\/div>\n\t\t\t\t<\/div>\n\t\t\t\t<div class=\"elementor-element elementor-element-69f3533d elementor-widget elementor-widget-video\" data-id=\"69f3533d\" data-element_type=\"widget\" data-e-type=\"widget\" data-settings=\"{&quot;youtube_url&quot;:&quot;https:\\\/\\\/www.youtube.com\\\/watch?v=yC1kHLGJ7ao&quot;,&quot;video_type&quot;:&quot;youtube&quot;,&quot;controls&quot;:&quot;yes&quot;}\" data-widget_type=\"video.default\">\n\t\t\t\t<div class=\"elementor-widget-container\">\n\t\t\t\t\t\t\t<div class=\"elementor-wrapper elementor-open-inline\">\n\t\t\t<div class=\"elementor-video\"><\/div>\t\t<\/div>\n\t\t\t\t\t\t<\/div>\n\t\t\t\t<\/div>\n\t\t\t\t\t<\/div>\n\t\t<\/div>\n\t\t\t\t\t<\/div>\n\t\t<\/section>\n\t\t\t\t<section class=\"elementor-section elementor-top-section elementor-element elementor-element-5f61094f elementor-section-boxed elementor-section-height-default elementor-section-height-default\" data-id=\"5f61094f\" data-element_type=\"section\" data-e-type=\"section\">\n\t\t\t\t\t\t<div class=\"elementor-container elementor-column-gap-default\">\n\t\t\t\t\t<div class=\"elementor-column elementor-col-100 elementor-top-column elementor-element elementor-element-2fd5478c\" data-id=\"2fd5478c\" data-element_type=\"column\" data-e-type=\"column\">\n\t\t\t<div class=\"elementor-widget-wrap elementor-element-populated\">\n\t\t\t\t\t\t<div class=\"elementor-element elementor-element-3e8cf275 elementor-widget elementor-widget-spacer\" data-id=\"3e8cf275\" data-element_type=\"widget\" data-e-type=\"widget\" data-widget_type=\"spacer.default\">\n\t\t\t\t<div class=\"elementor-widget-container\">\n\t\t\t\t\t\t\t<div class=\"elementor-spacer\">\n\t\t\t<div class=\"elementor-spacer-inner\"><\/div>\n\t\t<\/div>\n\t\t\t\t\t\t<\/div>\n\t\t\t\t<\/div>\n\t\t\t\t<div class=\"elementor-element elementor-element-6afdd927 elementor-widget elementor-widget-text-editor\" data-id=\"6afdd927\" data-element_type=\"widget\" data-e-type=\"widget\" data-widget_type=\"text-editor.default\">\n\t\t\t\t<div class=\"elementor-widget-container\">\n\t\t\t\t\t\t\t\t\t<h2>Avantages :<\/h2><ol><li>Les caract\u00e9ristiques de cxfj-28 sont faciles \u00e0 utiliser, disque \u00e0 grande vitesse, de sorte que la machine puisse fonctionner correctement en continu \u00e0 temp\u00e9rature ambiante, produire la poudre fine, r\u00e9pondre aux exigences.<\/li><li>Cette machine a une structure de transmission raisonnable et toute la structure d&#039;alimentation du disque avec une nature autobloquante et est \u00e9quip\u00e9e d&#039;une temp\u00e9rature de l&#039;eau, d&#039;une instrumentation de surveillance de l&#039;alimentation, etc.<\/li><\/ol>\t\t\t\t\t\t\t\t<\/div>\n\t\t\t\t<\/div>\n\t\t\t\t\t<\/div>\n\t\t<\/div>\n\t\t\t\t\t<\/div>\n\t\t<\/section>\n\t\t\t\t<section class=\"elementor-section elementor-top-section elementor-element elementor-element-1b347483 elementor-section-boxed elementor-section-height-default elementor-section-height-default\" data-id=\"1b347483\" data-element_type=\"section\" data-e-type=\"section\">\n\t\t\t\t\t\t<div class=\"elementor-container elementor-column-gap-default\">\n\t\t\t\t\t<div class=\"elementor-column elementor-col-100 elementor-top-column elementor-element elementor-element-7a841336\" data-id=\"7a841336\" data-element_type=\"column\" data-e-type=\"column\">\n\t\t\t<div class=\"elementor-widget-wrap elementor-element-populated\">\n\t\t\t\t\t\t<div class=\"elementor-element elementor-element-446e3813 elementor-widget elementor-widget-spacer\" data-id=\"446e3813\" data-element_type=\"widget\" data-e-type=\"widget\" data-widget_type=\"spacer.default\">\n\t\t\t\t<div class=\"elementor-widget-container\">\n\t\t\t\t\t\t\t<div class=\"elementor-spacer\">\n\t\t\t<div class=\"elementor-spacer-inner\"><\/div>\n\t\t<\/div>\n\t\t\t\t\t\t<\/div>\n\t\t\t\t<\/div>\n\t\t\t\t<div class=\"elementor-element elementor-element-516d4d1d elementor-widget elementor-widget-text-editor\" data-id=\"516d4d1d\" data-element_type=\"widget\" data-e-type=\"widget\" data-widget_type=\"text-editor.default\">\n\t\t\t\t<div class=\"elementor-widget-container\">\n\t\t\t\t\t\t\t\t\t<h2 style=\"text-align: center;\">Donn\u00e9es techniques:<\/h2><table><tbody><tr><td><p>Mod\u00e8le<\/p><\/td><td><p>CXFJ-28\u00a0<\/p><\/td><\/tr><tr><td><p>Taille d&#039;entr\u00e9e(mm)<\/p><\/td><td><p>1-4\u00a0<\/p><\/td><\/tr><tr><td><p>Taille de sortie (maille)<\/p><\/td><td><p>30-100\u00a0<\/p><\/td><\/tr><tr><td><p>Mat\u00e9riaux<\/p><\/td><td><p>EPDM, NBR, SBR, granul\u00e9s de caoutchouc de pneus us\u00e9s.<\/p><\/td><\/tr><tr><td><p>Capacit\u00e9(Kg\/h)<\/p><\/td><td><p>40-150\u00a0<\/p><\/td><\/tr><tr><td><p>Standard<\/p><\/td><td><p>CE\u00a0<\/p><\/td><\/tr><tr><td><p>Refroidissement<\/p><\/td><td><p>eau froide\u00a0<\/p><\/td><\/tr><tr><td><p>Puissance(Kw)<\/p><\/td><td><p>30.2\u00a0<\/p><\/td><\/tr><tr><td><p>Dimensions (LxlxH) (mm)<\/p><\/td><td><p>1920x1250x1320\u00a0<\/p><\/td><\/tr><tr><td><p>Poids (kg)\u00a0<\/p><\/td><td><p>1200\u00a0<\/p><\/td><\/tr><\/tbody><\/table><h2 style=\"text-align: center;\">\u00a0<\/h2>\t\t\t\t\t\t\t\t<\/div>\n\t\t\t\t<\/div>\n\t\t\t\t\t<\/div>\n\t\t<\/div>\n\t\t\t\t\t<\/div>\n\t\t<\/section>\n\t\t\t\t<section class=\"elementor-section elementor-top-section elementor-element elementor-element-724e5b4f elementor-section-boxed elementor-section-height-default elementor-section-height-default\" data-id=\"724e5b4f\" data-element_type=\"section\" data-e-type=\"section\">\n\t\t\t\t\t\t<div class=\"elementor-container elementor-column-gap-default\">\n\t\t\t\t\t<div class=\"elementor-column elementor-col-100 elementor-top-column elementor-element elementor-element-23d625fd\" data-id=\"23d625fd\" data-element_type=\"column\" data-e-type=\"column\">\n\t\t\t<div class=\"elementor-widget-wrap elementor-element-populated\">\n\t\t\t\t\t\t<div class=\"elementor-element elementor-element-19b3e5 elementor-widget elementor-widget-spacer\" data-id=\"19b3e5\" data-element_type=\"widget\" data-e-type=\"widget\" data-widget_type=\"spacer.default\">\n\t\t\t\t<div class=\"elementor-widget-container\">\n\t\t\t\t\t\t\t<div class=\"elementor-spacer\">\n\t\t\t<div class=\"elementor-spacer-inner\"><\/div>\n\t\t<\/div>\n\t\t\t\t\t\t<\/div>\n\t\t\t\t<\/div>\n\t\t\t\t<div class=\"elementor-element elementor-element-20e2c692 elementor-widget elementor-widget-image\" data-id=\"20e2c692\" data-element_type=\"widget\" data-e-type=\"widget\" data-widget_type=\"image.default\">\n\t\t\t\t<div class=\"elementor-widget-container\">\n\t\t\t\t\t\t\t\t\t\t\t\t\t\t\t<img decoding=\"async\" width=\"550\" height=\"370\" src=\"https:\/\/yindamachinery.com\/wp-content\/uploads\/2020\/11\/YD-Powder-Handling-Systems-certification.png\" class=\"attachment-large size-large wp-image-850\" alt=\"Certification YD Powder Handling Systems\" \/>\t\t\t\t\t\t\t\t\t\t\t\t\t\t\t<\/div>\n\t\t\t\t<\/div>\n\t\t\t\t\t<\/div>\n\t\t<\/div>\n\t\t\t\t\t<\/div>\n\t\t<\/section>\n\t\t\t\t<section class=\"elementor-section elementor-top-section elementor-element elementor-element-613eef11 elementor-section-boxed elementor-section-height-default elementor-section-height-default\" data-id=\"613eef11\" data-element_type=\"section\" data-e-type=\"section\">\n\t\t\t\t\t\t<div class=\"elementor-container elementor-column-gap-default\">\n\t\t\t\t\t<div class=\"elementor-column elementor-col-100 elementor-top-column elementor-element elementor-element-60932f12\" data-id=\"60932f12\" data-element_type=\"column\" data-e-type=\"column\">\n\t\t\t<div class=\"elementor-widget-wrap elementor-element-populated\">\n\t\t\t\t\t\t<div class=\"elementor-element elementor-element-26b2d83 elementor-align-center elementor-widget elementor-widget-button\" data-id=\"26b2d83\" data-element_type=\"widget\" data-e-type=\"widget\" data-widget_type=\"button.default\">\n\t\t\t\t<div class=\"elementor-widget-container\">\n\t\t\t\t\t\t\t\t\t<div class=\"elementor-button-wrapper\">\n\t\t\t\t\t<a class=\"elementor-button elementor-button-link elementor-size-lg\" href=\"https:\/\/yindamachinery.com\/fr\/nous-contacter\/\">\n\t\t\t\t\t\t<span class=\"elementor-button-content-wrapper\">\n\t\t\t\t\t\t\t\t\t<span class=\"elementor-button-text\">Obtenez un devis maintenant\uff01<\/span>\n\t\t\t\t\t<\/span>\n\t\t\t\t\t<\/a>\n\t\t\t\t<\/div>\n\t\t\t\t\t\t\t\t<\/div>\n\t\t\t\t<\/div>\n\t\t\t\t<div class=\"elementor-element elementor-element-780eee1 elementor-widget elementor-widget-spacer\" data-id=\"780eee1\" data-element_type=\"widget\" data-e-type=\"widget\" data-widget_type=\"spacer.default\">\n\t\t\t\t<div class=\"elementor-widget-container\">\n\t\t\t\t\t\t\t<div class=\"elementor-spacer\">\n\t\t\t<div class=\"elementor-spacer-inner\"><\/div>\n\t\t<\/div>\n\t\t\t\t\t\t<\/div>\n\t\t\t\t<\/div>\n\t\t\t\t\t<\/div>\n\t\t<\/div>\n\t\t\t\t\t<\/div>\n\t\t<\/section>\n\t\t\t\t<section class=\"elementor-section elementor-top-section elementor-element elementor-element-4a0b61d0 elementor-section-boxed elementor-section-height-default elementor-section-height-default\" data-id=\"4a0b61d0\" data-element_type=\"section\" data-e-type=\"section\">\n\t\t\t\t\t\t<div class=\"elementor-container elementor-column-gap-default\">\n\t\t\t\t\t<div class=\"elementor-column elementor-col-100 elementor-top-column elementor-element elementor-element-5b7d0110\" data-id=\"5b7d0110\" data-element_type=\"column\" data-e-type=\"column\">\n\t\t\t<div class=\"elementor-widget-wrap elementor-element-populated\">\n\t\t\t\t\t\t<div class=\"elementor-element elementor-element-2118d elementor-widget elementor-widget-text-editor\" data-id=\"2118d\" data-element_type=\"widget\" data-e-type=\"widget\" data-widget_type=\"text-editor.default\">\n\t\t\t\t<div class=\"elementor-widget-container\">\n\t\t\t\t\t\t\t\t\t<h2 style=\"text-align: center;\">Yinda a import\u00e9 des pi\u00e8ces de rechange de la marque mondiale de l&#039;industrie aime\u00a0:<\/h2>\t\t\t\t\t\t\t\t<\/div>\n\t\t\t\t<\/div>\n\t\t\t\t\t<\/div>\n\t\t<\/div>\n\t\t\t\t\t<\/div>\n\t\t<\/section>\n\t\t\t\t<section class=\"elementor-section elementor-top-section elementor-element elementor-element-498bd81d elementor-section-boxed elementor-section-height-default elementor-section-height-default\" data-id=\"498bd81d\" data-element_type=\"section\" data-e-type=\"section\">\n\t\t\t\t\t\t<div class=\"elementor-container elementor-column-gap-default\">\n\t\t\t\t\t<div class=\"elementor-column elementor-col-33 elementor-top-column elementor-element elementor-element-4e5a8780\" data-id=\"4e5a8780\" data-element_type=\"column\" data-e-type=\"column\">\n\t\t\t<div class=\"elementor-widget-wrap elementor-element-populated\">\n\t\t\t\t\t\t<div class=\"elementor-element elementor-element-1141fd2a elementor-widget elementor-widget-image\" data-id=\"1141fd2a\" data-element_type=\"widget\" data-e-type=\"widget\" data-widget_type=\"image.default\">\n\t\t\t\t<div class=\"elementor-widget-container\">\n\t\t\t\t\t\t\t\t\t\t\t\t\t\t\t<img decoding=\"async\" width=\"370\" height=\"320\" src=\"https:\/\/yindamachinery.com\/wp-content\/uploads\/2021\/02\/yinda-machine-2.jpg\" class=\"attachment-large size-large wp-image-2727\" alt=\"yinda machine 2\" \/>\t\t\t\t\t\t\t\t\t\t\t\t\t\t\t<\/div>\n\t\t\t\t<\/div>\n\t\t\t\t\t<\/div>\n\t\t<\/div>\n\t\t\t\t<div class=\"elementor-column elementor-col-33 elementor-top-column elementor-element elementor-element-7f5f2f5d\" data-id=\"7f5f2f5d\" data-element_type=\"column\" data-e-type=\"column\">\n\t\t\t<div class=\"elementor-widget-wrap elementor-element-populated\">\n\t\t\t\t\t\t<div class=\"elementor-element elementor-element-7efee46f elementor-widget elementor-widget-image\" data-id=\"7efee46f\" data-element_type=\"widget\" data-e-type=\"widget\" data-widget_type=\"image.default\">\n\t\t\t\t<div class=\"elementor-widget-container\">\n\t\t\t\t\t\t\t\t\t\t\t\t\t\t\t<img loading=\"lazy\" decoding=\"async\" width=\"370\" height=\"320\" src=\"https:\/\/yindamachinery.com\/wp-content\/uploads\/2021\/02\/yinda-machine-1-e1761985343327.jpg\" class=\"attachment-large size-large wp-image-2725\" alt=\"yinda machine 1\" \/>\t\t\t\t\t\t\t\t\t\t\t\t\t\t\t<\/div>\n\t\t\t\t<\/div>\n\t\t\t\t\t<\/div>\n\t\t<\/div>\n\t\t\t\t<div class=\"elementor-column elementor-col-33 elementor-top-column elementor-element elementor-element-5eb91ecb\" data-id=\"5eb91ecb\" data-element_type=\"column\" data-e-type=\"column\">\n\t\t\t<div class=\"elementor-widget-wrap elementor-element-populated\">\n\t\t\t\t\t\t<div class=\"elementor-element elementor-element-7a795cbb elementor-widget elementor-widget-image\" data-id=\"7a795cbb\" data-element_type=\"widget\" data-e-type=\"widget\" data-widget_type=\"image.default\">\n\t\t\t\t<div class=\"elementor-widget-container\">\n\t\t\t\t\t\t\t\t\t\t\t\t\t\t\t<img loading=\"lazy\" decoding=\"async\" width=\"370\" height=\"320\" src=\"https:\/\/yindamachinery.com\/wp-content\/uploads\/2021\/02\/yinda-machine-3.jpg\" class=\"attachment-large size-large wp-image-2726\" alt=\"yinda machine 3\" \/>\t\t\t\t\t\t\t\t\t\t\t\t\t\t\t<\/div>\n\t\t\t\t<\/div>\n\t\t\t\t\t<\/div>\n\t\t<\/div>\n\t\t\t\t\t<\/div>\n\t\t<\/section>\n\t\t\t\t<\/div>","protected":false},"excerpt":{"rendered":"<p>Rubber grinding machine Yinda is one of the best Rubber grinding machine manufacturer&amp;supplier in China. If you are looking for rubber grinding machines, you can reply on us. Rubber grinding machine is a machine used for processing rubber particles. It can grind rubber into powder or granules of different sizes. The rubber grinding machine has [&hellip;]<\/p>\n","protected":false},"author":1,"featured_media":0,"parent":0,"menu_order":0,"comment_status":"closed","ping_status":"closed","template":"","meta":{"_acf_changed":false,"_seopress_robots_primary_cat":"","_seopress_titles_title":"Rubber Grinding Machine | Yinda Machinery","_seopress_titles_desc":"Discover rubber grinder machines with high-accuracy blades and PLC control for tire recycling, produces 40-130 mesh powder from 5-30 mesh input. Get a quote!","_seopress_robots_index":"","site-sidebar-layout":"no-sidebar","site-content-layout":"page-builder","ast-site-content-layout":"default","site-content-style":"default","site-sidebar-style":"default","ast-global-header-display":"","ast-banner-title-visibility":"","ast-main-header-display":"","ast-hfb-above-header-display":"","ast-hfb-below-header-display":"","ast-hfb-mobile-header-display":"","site-post-title":"disabled","ast-breadcrumbs-content":"","ast-featured-img":"disabled","footer-sml-layout":"","ast-disable-related-posts":"","theme-transparent-header-meta":"default","adv-header-id-meta":"","stick-header-meta":"","header-above-stick-meta":"","header-main-stick-meta":"","header-below-stick-meta":"","astra-migrate-meta-layouts":"default","ast-page-background-enabled":"default","ast-page-background-meta":{"desktop":{"background-color":"","background-image":"","background-repeat":"repeat","background-position":"center center","background-size":"auto","background-attachment":"scroll","background-type":"","background-media":"","overlay-type":"","overlay-color":"","overlay-opacity":"","overlay-gradient":""},"tablet":{"background-color":"","background-image":"","background-repeat":"repeat","background-position":"center center","background-size":"auto","background-attachment":"scroll","background-type":"","background-media":"","overlay-type":"","overlay-color":"","overlay-opacity":"","overlay-gradient":""},"mobile":{"background-color":"","background-image":"","background-repeat":"repeat","background-position":"center center","background-size":"auto","background-attachment":"scroll","background-type":"","background-media":"","overlay-type":"","overlay-color":"","overlay-opacity":"","overlay-gradient":""}},"ast-content-background-meta":{"desktop":{"background-color":"var(--ast-global-color-5)","background-image":"","background-repeat":"repeat","background-position":"center center","background-size":"auto","background-attachment":"scroll","background-type":"","background-media":"","overlay-type":"","overlay-color":"","overlay-opacity":"","overlay-gradient":""},"tablet":{"background-color":"var(--ast-global-color-5)","background-image":"","background-repeat":"repeat","background-position":"center center","background-size":"auto","background-attachment":"scroll","background-type":"","background-media":"","overlay-type":"","overlay-color":"","overlay-opacity":"","overlay-gradient":""},"mobile":{"background-color":"var(--ast-global-color-5)","background-image":"","background-repeat":"repeat","background-position":"center center","background-size":"auto","background-attachment":"scroll","background-type":"","background-media":"","overlay-type":"","overlay-color":"","overlay-opacity":"","overlay-gradient":""}},"footnotes":""},"class_list":["post-7302","page","type-page","status-publish","hentry"],"acf":[],"_links":{"self":[{"href":"https:\/\/yindamachinery.com\/fr\/wp-json\/wp\/v2\/pages\/7302","targetHints":{"allow":["GET"]}}],"collection":[{"href":"https:\/\/yindamachinery.com\/fr\/wp-json\/wp\/v2\/pages"}],"about":[{"href":"https:\/\/yindamachinery.com\/fr\/wp-json\/wp\/v2\/types\/page"}],"author":[{"embeddable":true,"href":"https:\/\/yindamachinery.com\/fr\/wp-json\/wp\/v2\/users\/1"}],"replies":[{"embeddable":true,"href":"https:\/\/yindamachinery.com\/fr\/wp-json\/wp\/v2\/comments?post=7302"}],"version-history":[{"count":1,"href":"https:\/\/yindamachinery.com\/fr\/wp-json\/wp\/v2\/pages\/7302\/revisions"}],"predecessor-version":[{"id":8957,"href":"https:\/\/yindamachinery.com\/fr\/wp-json\/wp\/v2\/pages\/7302\/revisions\/8957"}],"wp:attachment":[{"href":"https:\/\/yindamachinery.com\/fr\/wp-json\/wp\/v2\/media?parent=7302"}],"curies":[{"name":"wp","href":"https:\/\/api.w.org\/{rel}","templated":true}]}}