{"id":7276,"date":"2022-06-13T11:33:45","date_gmt":"2022-06-13T11:33:45","guid":{"rendered":"https:\/\/yindamachinery.com\/?page_id=7276"},"modified":"2025-10-21T05:38:59","modified_gmt":"2025-10-21T05:38:59","slug":"broyeur-de-caoutchouc","status":"publish","type":"page","link":"https:\/\/yindamachinery.com\/fr\/broyeur-de-caoutchouc\/","title":{"rendered":"Machine de broyeur en caoutchouc"},"content":{"rendered":"<div data-elementor-type=\"wp-page\" data-elementor-id=\"7276\" class=\"elementor elementor-7276\">\n\t\t\t\t\t\t<section class=\"elementor-section elementor-top-section elementor-element elementor-element-61e17c55 elementor-section-boxed elementor-section-height-default elementor-section-height-default\" data-id=\"61e17c55\" data-element_type=\"section\" data-e-type=\"section\">\n\t\t\t\t\t\t<div class=\"elementor-container elementor-column-gap-default\">\n\t\t\t\t\t<div class=\"elementor-column elementor-col-50 elementor-top-column elementor-element elementor-element-677ce413\" data-id=\"677ce413\" data-element_type=\"column\" data-e-type=\"column\">\n\t\t\t<div class=\"elementor-widget-wrap elementor-element-populated\">\n\t\t\t\t\t\t<div class=\"elementor-element elementor-element-b65c589 elementor-widget elementor-widget-image\" data-id=\"b65c589\" data-element_type=\"widget\" data-e-type=\"widget\" data-widget_type=\"image.default\">\n\t\t\t\t<div class=\"elementor-widget-container\">\n\t\t\t\t\t\t\t\t\t\t\t\t\t\t\t<img fetchpriority=\"high\" decoding=\"async\" width=\"986\" height=\"986\" src=\"https:\/\/yindamachinery.com\/wp-content\/uploads\/2022\/06\/rubber-crusher.png\" class=\"attachment-large size-large wp-image-7283\" alt=\"broyeur de caoutchouc\" srcset=\"https:\/\/yindamachinery.com\/wp-content\/uploads\/2022\/06\/rubber-crusher.png 986w, https:\/\/yindamachinery.com\/wp-content\/uploads\/2022\/06\/rubber-crusher-150x150.png 150w, https:\/\/yindamachinery.com\/wp-content\/uploads\/2022\/06\/rubber-crusher-768x768.png 768w, https:\/\/yindamachinery.com\/wp-content\/uploads\/2022\/06\/rubber-crusher-12x12.png 12w\" sizes=\"(max-width: 986px) 100vw, 986px\" \/>\t\t\t\t\t\t\t\t\t\t\t\t\t\t\t<\/div>\n\t\t\t\t<\/div>\n\t\t\t\t\t<\/div>\n\t\t<\/div>\n\t\t\t\t<div class=\"elementor-column elementor-col-50 elementor-top-column elementor-element elementor-element-39fc1b5f\" data-id=\"39fc1b5f\" data-element_type=\"column\" data-e-type=\"column\">\n\t\t\t<div class=\"elementor-widget-wrap elementor-element-populated\">\n\t\t\t\t\t\t<div class=\"elementor-element elementor-element-42d7598b elementor-widget elementor-widget-spacer\" data-id=\"42d7598b\" data-element_type=\"widget\" data-e-type=\"widget\" data-widget_type=\"spacer.default\">\n\t\t\t\t<div class=\"elementor-widget-container\">\n\t\t\t\t\t\t\t<div class=\"elementor-spacer\">\n\t\t\t<div class=\"elementor-spacer-inner\"><\/div>\n\t\t<\/div>\n\t\t\t\t\t\t<\/div>\n\t\t\t\t<\/div>\n\t\t\t\t<div class=\"elementor-element elementor-element-66ca847e elementor-widget elementor-widget-text-editor\" data-id=\"66ca847e\" data-element_type=\"widget\" data-e-type=\"widget\" data-widget_type=\"text-editor.default\">\n\t\t\t\t<div class=\"elementor-widget-container\">\n\t\t\t\t\t\t\t\t\t<h1 style=\"text-align: center;\">Machine de broyeur en caoutchouc<\/h1><p>Yinda est l&#039;un des meilleurs fabricants et fournisseurs de broyeurs de caoutchouc en Chine. Si vous recherchez des broyeurs de caoutchouc, vous pouvez nous r\u00e9pondre.<\/p><p>Le broyeur de caoutchouc est une machine utilis\u00e9e pour \u00e9craser le caoutchouc afin de le recycler. Cette machine peut \u00eatre utilis\u00e9e pour le caoutchouc vulcanis\u00e9 et non vulcanis\u00e9. La machine de concassage de caoutchouc a \u00e0 la fois une lame rotative et une lame fixe. Au fur et \u00e0 mesure que le caoutchouc est introduit dans la machine, la lame rotative le coupe en petits morceaux tandis que la lame fixe maintient le caoutchouc en place. Une fois le caoutchouc d\u00e9coup\u00e9 en petits morceaux, il sera r\u00e9cup\u00e9r\u00e9 par la machine puis recycl\u00e9. Le broyeur de caoutchouc est un \u00e9quipement essentiel pour toute entreprise qui recycle le caoutchouc.<\/p>\t\t\t\t\t\t\t\t<\/div>\n\t\t\t\t<\/div>\n\t\t\t\t<div class=\"elementor-element elementor-element-76eebe88 elementor-align-center elementor-widget elementor-widget-button\" data-id=\"76eebe88\" data-element_type=\"widget\" data-e-type=\"widget\" data-widget_type=\"button.default\">\n\t\t\t\t<div class=\"elementor-widget-container\">\n\t\t\t\t\t\t\t\t\t<div class=\"elementor-button-wrapper\">\n\t\t\t\t\t<a class=\"elementor-button elementor-button-link elementor-size-md\" href=\"https:\/\/yindamachinery.com\/fr\/nous-contacter\/\">\n\t\t\t\t\t\t<span class=\"elementor-button-content-wrapper\">\n\t\t\t\t\t\t\t\t\t<span class=\"elementor-button-text\">OBTENEZ UN DEVIS MAINTENANT\u00a0!<\/span>\n\t\t\t\t\t<\/span>\n\t\t\t\t\t<\/a>\n\t\t\t\t<\/div>\n\t\t\t\t\t\t\t\t<\/div>\n\t\t\t\t<\/div>\n\t\t\t\t\t<\/div>\n\t\t<\/div>\n\t\t\t\t\t<\/div>\n\t\t<\/section>\n\t\t\t\t<section class=\"elementor-section elementor-top-section elementor-element elementor-element-e2a5f6e elementor-section-boxed elementor-section-height-default elementor-section-height-default\" data-id=\"e2a5f6e\" data-element_type=\"section\" data-e-type=\"section\">\n\t\t\t\t\t\t<div class=\"elementor-container elementor-column-gap-default\">\n\t\t\t\t\t<div class=\"elementor-column elementor-col-50 elementor-top-column elementor-element elementor-element-8ec5a46\" data-id=\"8ec5a46\" data-element_type=\"column\" data-e-type=\"column\">\n\t\t\t<div class=\"elementor-widget-wrap elementor-element-populated\">\n\t\t\t\t\t\t<div class=\"elementor-element elementor-element-549a9a90 elementor-widget elementor-widget-spacer\" data-id=\"549a9a90\" data-element_type=\"widget\" data-e-type=\"widget\" data-widget_type=\"spacer.default\">\n\t\t\t\t<div class=\"elementor-widget-container\">\n\t\t\t\t\t\t\t<div class=\"elementor-spacer\">\n\t\t\t<div class=\"elementor-spacer-inner\"><\/div>\n\t\t<\/div>\n\t\t\t\t\t\t<\/div>\n\t\t\t\t<\/div>\n\t\t\t\t<div class=\"elementor-element elementor-element-6c56afbb elementor-widget elementor-widget-text-editor\" data-id=\"6c56afbb\" data-element_type=\"widget\" data-e-type=\"widget\" data-widget_type=\"text-editor.default\">\n\t\t\t\t<div class=\"elementor-widget-container\">\n\t\t\t\t\t\t\t\t\t<h2 style=\"text-align: center;\">Avantages de la machine de broyeur en caoutchouc :<\/h2><p>Le broyeur de caoutchouc est une machine horizontale avec un petit volume, une faible perte, un rendement \u00e9lev\u00e9, une op\u00e9ration simple, un nettoyage et un entretien faciles.<\/p><p>La machine adopte des couteaux en carbure ou en acier r\u00e9sistant \u00e0 l&#039;usure pour le broyage grossier de divers mat\u00e9riaux durs. La mati\u00e8re premi\u00e8re est broy\u00e9e par la coupe du couteau rotatif et du couteau fixe.<\/p><p>Pi\u00e8ces en option : Cyclone \u00e0 air<\/p>\t\t\t\t\t\t\t\t<\/div>\n\t\t\t\t<\/div>\n\t\t\t\t\t<\/div>\n\t\t<\/div>\n\t\t\t\t<div class=\"elementor-column elementor-col-50 elementor-top-column elementor-element elementor-element-5748e3d7\" data-id=\"5748e3d7\" data-element_type=\"column\" data-e-type=\"column\">\n\t\t\t<div class=\"elementor-widget-wrap elementor-element-populated\">\n\t\t\t\t\t\t<div class=\"elementor-element elementor-element-647d71d4 elementor-widget elementor-widget-spacer\" data-id=\"647d71d4\" data-element_type=\"widget\" data-e-type=\"widget\" data-widget_type=\"spacer.default\">\n\t\t\t\t<div class=\"elementor-widget-container\">\n\t\t\t\t\t\t\t<div class=\"elementor-spacer\">\n\t\t\t<div class=\"elementor-spacer-inner\"><\/div>\n\t\t<\/div>\n\t\t\t\t\t\t<\/div>\n\t\t\t\t<\/div>\n\t\t\t\t<div class=\"elementor-element elementor-element-3be0b5a4 elementor-widget elementor-widget-video\" data-id=\"3be0b5a4\" data-element_type=\"widget\" data-e-type=\"widget\" data-settings=\"{&quot;youtube_url&quot;:&quot;https:\\\/\\\/www.youtube.com\\\/watch?v=ZSVSCo3eLpo&quot;,&quot;video_type&quot;:&quot;youtube&quot;,&quot;controls&quot;:&quot;yes&quot;}\" data-widget_type=\"video.default\">\n\t\t\t\t<div class=\"elementor-widget-container\">\n\t\t\t\t\t\t\t<div class=\"elementor-wrapper elementor-open-inline\">\n\t\t\t<div class=\"elementor-video\"><\/div>\t\t<\/div>\n\t\t\t\t\t\t<\/div>\n\t\t\t\t<\/div>\n\t\t\t\t\t<\/div>\n\t\t<\/div>\n\t\t\t\t\t<\/div>\n\t\t<\/section>\n\t\t\t\t<section class=\"elementor-section elementor-top-section elementor-element elementor-element-60c89fdb elementor-section-boxed elementor-section-height-default elementor-section-height-default\" data-id=\"60c89fdb\" data-element_type=\"section\" data-e-type=\"section\">\n\t\t\t\t\t\t<div class=\"elementor-container elementor-column-gap-default\">\n\t\t\t\t\t<div class=\"elementor-column elementor-col-100 elementor-top-column elementor-element elementor-element-14bbdbf2\" data-id=\"14bbdbf2\" data-element_type=\"column\" data-e-type=\"column\">\n\t\t\t<div class=\"elementor-widget-wrap elementor-element-populated\">\n\t\t\t\t\t\t<div class=\"elementor-element elementor-element-52486c49 elementor-widget elementor-widget-spacer\" data-id=\"52486c49\" data-element_type=\"widget\" data-e-type=\"widget\" data-widget_type=\"spacer.default\">\n\t\t\t\t<div class=\"elementor-widget-container\">\n\t\t\t\t\t\t\t<div class=\"elementor-spacer\">\n\t\t\t<div class=\"elementor-spacer-inner\"><\/div>\n\t\t<\/div>\n\t\t\t\t\t\t<\/div>\n\t\t\t\t<\/div>\n\t\t\t\t<div class=\"elementor-element elementor-element-1560cbcb elementor-widget elementor-widget-text-editor\" data-id=\"1560cbcb\" data-element_type=\"widget\" data-e-type=\"widget\" data-widget_type=\"text-editor.default\">\n\t\t\t\t<div class=\"elementor-widget-container\">\n\t\t\t\t\t\t\t\t\t<h2 style=\"text-align: center;\">Broyeur de caoutchouc<\/h2><h2 style=\"text-align: center;\">Donn\u00e9es techniques:<\/h2><table><tbody><tr><td><p><strong><b>Mod\u00e8le<\/b><\/strong><\/p><\/td><td><p>YDCS-500<\/p><\/td><td><p>YDCS-600\u00a0<\/p><\/td><td><p>YDCS-800<\/p><\/td><td><p>YDCS-1000<\/p><\/td><\/tr><tr><td><p><strong><b>Taille d&#039;entr\u00e9e (mm):<\/b><\/strong><\/p><\/td><td><p>200~300mm<\/p><\/td><td><p>200~300mm<\/p><\/td><td><p>300~500mm<\/p><\/td><td><p>300~500mm<\/p><\/td><\/tr><tr><td><p><strong><b>Taille de sortie (mm):<\/b><\/strong><\/p><\/td><td><p>Granules de caoutchouc de 3 \u00e0 10 mm<\/p><\/td><td><p>Granules de caoutchouc de 3 \u00e0 10 mm<\/p><\/td><td><p>Granul\u00e9s de caoutchouc de 3 \u00e0 10 mm<\/p><\/td><td><p>Granul\u00e9s de caoutchouc de 3 \u00e0 10 mm (selon la taille de l&#039;\u00e9cran)<\/p><p>\u00a0<\/p><\/td><\/tr><tr><td><p><strong><b>Puissance (Kw):<\/b><\/strong><\/p><\/td><td><p>22<\/p><\/td><td><p>15\/7.5<\/p><\/td><td><p>40<\/p><\/td><td><p>45<\/p><\/td><\/tr><tr><td><p><strong><b>Capacit\u00e9(Kg\/h):<\/b><\/strong><\/p><\/td><td><p>Environ 350<\/p><\/td><td><p>Environ150<\/p><\/td><td><p>Environ 600<\/p><\/td><td><p>Environ 1000<\/p><\/td><\/tr><tr><td><p><strong><b>Poids (kg):<\/b><\/strong><\/p><\/td><td><p>1000<\/p><\/td><td><p>600<\/p><\/td><td><p>1800<\/p><\/td><td><p>2500<\/p><\/td><\/tr><tr><td><p><strong><b>Dimensions : (LxlxH mm :)<\/b><\/strong><\/p><\/td><td><p>1500x1300x1500<\/p><\/td><td><p>1200*1000*1450<\/p><\/td><td><p>1750*1640*1900<\/p><\/td><td><p>1900*1700*1900<\/p><\/td><\/tr><\/tbody><\/table><h2 style=\"text-align: center;\">\u00a0<\/h2>\t\t\t\t\t\t\t\t<\/div>\n\t\t\t\t<\/div>\n\t\t\t\t\t<\/div>\n\t\t<\/div>\n\t\t\t\t\t<\/div>\n\t\t<\/section>\n\t\t\t\t<section class=\"elementor-section elementor-top-section elementor-element elementor-element-590eee37 elementor-section-boxed elementor-section-height-default elementor-section-height-default\" data-id=\"590eee37\" data-element_type=\"section\" data-e-type=\"section\">\n\t\t\t\t\t\t<div class=\"elementor-container elementor-column-gap-default\">\n\t\t\t\t\t<div class=\"elementor-column elementor-col-100 elementor-top-column elementor-element elementor-element-38b064e6\" data-id=\"38b064e6\" data-element_type=\"column\" data-e-type=\"column\">\n\t\t\t<div class=\"elementor-widget-wrap elementor-element-populated\">\n\t\t\t\t\t\t<div class=\"elementor-element elementor-element-633e91b5 elementor-widget elementor-widget-spacer\" data-id=\"633e91b5\" data-element_type=\"widget\" data-e-type=\"widget\" data-widget_type=\"spacer.default\">\n\t\t\t\t<div class=\"elementor-widget-container\">\n\t\t\t\t\t\t\t<div class=\"elementor-spacer\">\n\t\t\t<div class=\"elementor-spacer-inner\"><\/div>\n\t\t<\/div>\n\t\t\t\t\t\t<\/div>\n\t\t\t\t<\/div>\n\t\t\t\t<div class=\"elementor-element elementor-element-56061732 elementor-widget elementor-widget-image\" data-id=\"56061732\" data-element_type=\"widget\" data-e-type=\"widget\" data-widget_type=\"image.default\">\n\t\t\t\t<div class=\"elementor-widget-container\">\n\t\t\t\t\t\t\t\t\t\t\t\t\t\t\t<img decoding=\"async\" width=\"550\" height=\"370\" src=\"https:\/\/yindamachinery.com\/wp-content\/uploads\/2020\/11\/YD-Powder-Handling-Systems-certification.png\" class=\"attachment-large size-large wp-image-850\" alt=\"Certification YD Powder Handling Systems\" \/>\t\t\t\t\t\t\t\t\t\t\t\t\t\t\t<\/div>\n\t\t\t\t<\/div>\n\t\t\t\t\t<\/div>\n\t\t<\/div>\n\t\t\t\t\t<\/div>\n\t\t<\/section>\n\t\t\t\t<section class=\"elementor-section elementor-top-section elementor-element elementor-element-12c01a5b elementor-section-boxed elementor-section-height-default elementor-section-height-default\" data-id=\"12c01a5b\" data-element_type=\"section\" data-e-type=\"section\">\n\t\t\t\t\t\t<div class=\"elementor-container elementor-column-gap-default\">\n\t\t\t\t\t<div class=\"elementor-column elementor-col-100 elementor-top-column elementor-element elementor-element-36c8d335\" data-id=\"36c8d335\" data-element_type=\"column\" data-e-type=\"column\">\n\t\t\t<div class=\"elementor-widget-wrap elementor-element-populated\">\n\t\t\t\t\t\t<div class=\"elementor-element elementor-element-14f1c46 elementor-align-center elementor-widget elementor-widget-button\" data-id=\"14f1c46\" data-element_type=\"widget\" data-e-type=\"widget\" data-widget_type=\"button.default\">\n\t\t\t\t<div class=\"elementor-widget-container\">\n\t\t\t\t\t\t\t\t\t<div class=\"elementor-button-wrapper\">\n\t\t\t\t\t<a class=\"elementor-button elementor-button-link elementor-size-lg\" href=\"https:\/\/yindamachinery.com\/fr\/nous-contacter\/\">\n\t\t\t\t\t\t<span class=\"elementor-button-content-wrapper\">\n\t\t\t\t\t\t\t\t\t<span class=\"elementor-button-text\">Obtenez un devis maintenant\uff01<\/span>\n\t\t\t\t\t<\/span>\n\t\t\t\t\t<\/a>\n\t\t\t\t<\/div>\n\t\t\t\t\t\t\t\t<\/div>\n\t\t\t\t<\/div>\n\t\t\t\t<div class=\"elementor-element elementor-element-2b4e10f2 elementor-widget elementor-widget-spacer\" data-id=\"2b4e10f2\" data-element_type=\"widget\" data-e-type=\"widget\" data-widget_type=\"spacer.default\">\n\t\t\t\t<div class=\"elementor-widget-container\">\n\t\t\t\t\t\t\t<div class=\"elementor-spacer\">\n\t\t\t<div class=\"elementor-spacer-inner\"><\/div>\n\t\t<\/div>\n\t\t\t\t\t\t<\/div>\n\t\t\t\t<\/div>\n\t\t\t\t\t<\/div>\n\t\t<\/div>\n\t\t\t\t\t<\/div>\n\t\t<\/section>\n\t\t\t\t<section class=\"elementor-section elementor-top-section elementor-element elementor-element-15f65629 elementor-section-boxed elementor-section-height-default elementor-section-height-default\" data-id=\"15f65629\" data-element_type=\"section\" data-e-type=\"section\">\n\t\t\t\t\t\t<div class=\"elementor-container elementor-column-gap-default\">\n\t\t\t\t\t<div class=\"elementor-column elementor-col-100 elementor-top-column elementor-element elementor-element-41600a6d\" data-id=\"41600a6d\" data-element_type=\"column\" data-e-type=\"column\">\n\t\t\t<div class=\"elementor-widget-wrap elementor-element-populated\">\n\t\t\t\t\t\t<div class=\"elementor-element elementor-element-77caccaf elementor-widget elementor-widget-text-editor\" data-id=\"77caccaf\" data-element_type=\"widget\" data-e-type=\"widget\" data-widget_type=\"text-editor.default\">\n\t\t\t\t<div class=\"elementor-widget-container\">\n\t\t\t\t\t\t\t\t\t<h2 style=\"text-align: center;\">Yinda a import\u00e9 des pi\u00e8ces de rechange de la marque mondiale de l&#039;industrie aime\u00a0:<\/h2>\t\t\t\t\t\t\t\t<\/div>\n\t\t\t\t<\/div>\n\t\t\t\t\t<\/div>\n\t\t<\/div>\n\t\t\t\t\t<\/div>\n\t\t<\/section>\n\t\t\t\t<section class=\"elementor-section elementor-top-section elementor-element elementor-element-328523e0 elementor-section-boxed elementor-section-height-default elementor-section-height-default\" data-id=\"328523e0\" data-element_type=\"section\" data-e-type=\"section\">\n\t\t\t\t\t\t<div class=\"elementor-container elementor-column-gap-default\">\n\t\t\t\t\t<div class=\"elementor-column elementor-col-33 elementor-top-column elementor-element elementor-element-192c67be\" data-id=\"192c67be\" data-element_type=\"column\" data-e-type=\"column\">\n\t\t\t<div class=\"elementor-widget-wrap elementor-element-populated\">\n\t\t\t\t\t\t<div class=\"elementor-element elementor-element-4e9b5f60 elementor-widget elementor-widget-image\" data-id=\"4e9b5f60\" data-element_type=\"widget\" data-e-type=\"widget\" data-widget_type=\"image.default\">\n\t\t\t\t<div class=\"elementor-widget-container\">\n\t\t\t\t\t\t\t\t\t\t\t\t\t\t\t<img decoding=\"async\" width=\"370\" height=\"320\" src=\"https:\/\/yindamachinery.com\/wp-content\/uploads\/2021\/02\/yinda-machine-2.jpg\" class=\"attachment-large size-large wp-image-2727\" alt=\"yinda machine 2\" \/>\t\t\t\t\t\t\t\t\t\t\t\t\t\t\t<\/div>\n\t\t\t\t<\/div>\n\t\t\t\t\t<\/div>\n\t\t<\/div>\n\t\t\t\t<div class=\"elementor-column elementor-col-33 elementor-top-column elementor-element elementor-element-2723761b\" data-id=\"2723761b\" data-element_type=\"column\" data-e-type=\"column\">\n\t\t\t<div class=\"elementor-widget-wrap elementor-element-populated\">\n\t\t\t\t\t\t<div class=\"elementor-element elementor-element-19affbcf elementor-widget elementor-widget-image\" data-id=\"19affbcf\" data-element_type=\"widget\" data-e-type=\"widget\" data-widget_type=\"image.default\">\n\t\t\t\t<div class=\"elementor-widget-container\">\n\t\t\t\t\t\t\t\t\t\t\t\t\t\t\t<img loading=\"lazy\" decoding=\"async\" width=\"370\" height=\"320\" src=\"https:\/\/yindamachinery.com\/wp-content\/uploads\/2021\/02\/yinda-machine-1-e1761985343327.jpg\" class=\"attachment-large size-large wp-image-2725\" alt=\"yinda machine 1\" \/>\t\t\t\t\t\t\t\t\t\t\t\t\t\t\t<\/div>\n\t\t\t\t<\/div>\n\t\t\t\t\t<\/div>\n\t\t<\/div>\n\t\t\t\t<div class=\"elementor-column elementor-col-33 elementor-top-column elementor-element elementor-element-1970ca33\" data-id=\"1970ca33\" data-element_type=\"column\" data-e-type=\"column\">\n\t\t\t<div class=\"elementor-widget-wrap elementor-element-populated\">\n\t\t\t\t\t\t<div class=\"elementor-element elementor-element-3e76d3d7 elementor-widget elementor-widget-image\" data-id=\"3e76d3d7\" data-element_type=\"widget\" data-e-type=\"widget\" data-widget_type=\"image.default\">\n\t\t\t\t<div class=\"elementor-widget-container\">\n\t\t\t\t\t\t\t\t\t\t\t\t\t\t\t<img loading=\"lazy\" decoding=\"async\" width=\"370\" height=\"320\" src=\"https:\/\/yindamachinery.com\/wp-content\/uploads\/2021\/02\/yinda-machine-3.jpg\" class=\"attachment-large size-large wp-image-2726\" alt=\"yinda machine 3\" \/>\t\t\t\t\t\t\t\t\t\t\t\t\t\t\t<\/div>\n\t\t\t\t<\/div>\n\t\t\t\t\t<\/div>\n\t\t<\/div>\n\t\t\t\t\t<\/div>\n\t\t<\/section>\n\t\t\t\t<\/div>","protected":false},"excerpt":{"rendered":"<p>Rubber Crusher Machine Yinda is one of the best rubber crusher machine manufacturer&amp;supplier in China. If you are looking for rubber crusher machines, you can reply on us. Rubber crusher machine is a machine that is used to crush rubber in order to recycle it. This machine can be used for both rubber vulcanized and [&hellip;]<\/p>\n","protected":false},"author":1,"featured_media":0,"parent":0,"menu_order":0,"comment_status":"closed","ping_status":"closed","template":"","meta":{"_acf_changed":false,"_seopress_robots_primary_cat":"","_seopress_titles_title":"Rubber Crusher Machine | Yinda Machinery","_seopress_titles_desc":"Discover automatic rubber crusher machine with CE certification help to process waste tires into granules or powder efficiently. Request a quote!","_seopress_robots_index":"","site-sidebar-layout":"no-sidebar","site-content-layout":"page-builder","ast-site-content-layout":"default","site-content-style":"default","site-sidebar-style":"default","ast-global-header-display":"","ast-banner-title-visibility":"","ast-main-header-display":"","ast-hfb-above-header-display":"","ast-hfb-below-header-display":"","ast-hfb-mobile-header-display":"","site-post-title":"disabled","ast-breadcrumbs-content":"","ast-featured-img":"disabled","footer-sml-layout":"","ast-disable-related-posts":"","theme-transparent-header-meta":"default","adv-header-id-meta":"","stick-header-meta":"","header-above-stick-meta":"","header-main-stick-meta":"","header-below-stick-meta":"","astra-migrate-meta-layouts":"default","ast-page-background-enabled":"default","ast-page-background-meta":{"desktop":{"background-color":"","background-image":"","background-repeat":"repeat","background-position":"center center","background-size":"auto","background-attachment":"scroll","background-type":"","background-media":"","overlay-type":"","overlay-color":"","overlay-opacity":"","overlay-gradient":""},"tablet":{"background-color":"","background-image":"","background-repeat":"repeat","background-position":"center center","background-size":"auto","background-attachment":"scroll","background-type":"","background-media":"","overlay-type":"","overlay-color":"","overlay-opacity":"","overlay-gradient":""},"mobile":{"background-color":"","background-image":"","background-repeat":"repeat","background-position":"center center","background-size":"auto","background-attachment":"scroll","background-type":"","background-media":"","overlay-type":"","overlay-color":"","overlay-opacity":"","overlay-gradient":""}},"ast-content-background-meta":{"desktop":{"background-color":"var(--ast-global-color-5)","background-image":"","background-repeat":"repeat","background-position":"center center","background-size":"auto","background-attachment":"scroll","background-type":"","background-media":"","overlay-type":"","overlay-color":"","overlay-opacity":"","overlay-gradient":""},"tablet":{"background-color":"var(--ast-global-color-5)","background-image":"","background-repeat":"repeat","background-position":"center center","background-size":"auto","background-attachment":"scroll","background-type":"","background-media":"","overlay-type":"","overlay-color":"","overlay-opacity":"","overlay-gradient":""},"mobile":{"background-color":"var(--ast-global-color-5)","background-image":"","background-repeat":"repeat","background-position":"center center","background-size":"auto","background-attachment":"scroll","background-type":"","background-media":"","overlay-type":"","overlay-color":"","overlay-opacity":"","overlay-gradient":""}},"footnotes":""},"class_list":["post-7276","page","type-page","status-publish","hentry"],"acf":[],"_links":{"self":[{"href":"https:\/\/yindamachinery.com\/fr\/wp-json\/wp\/v2\/pages\/7276","targetHints":{"allow":["GET"]}}],"collection":[{"href":"https:\/\/yindamachinery.com\/fr\/wp-json\/wp\/v2\/pages"}],"about":[{"href":"https:\/\/yindamachinery.com\/fr\/wp-json\/wp\/v2\/types\/page"}],"author":[{"embeddable":true,"href":"https:\/\/yindamachinery.com\/fr\/wp-json\/wp\/v2\/users\/1"}],"replies":[{"embeddable":true,"href":"https:\/\/yindamachinery.com\/fr\/wp-json\/wp\/v2\/comments?post=7276"}],"version-history":[{"count":1,"href":"https:\/\/yindamachinery.com\/fr\/wp-json\/wp\/v2\/pages\/7276\/revisions"}],"predecessor-version":[{"id":8961,"href":"https:\/\/yindamachinery.com\/fr\/wp-json\/wp\/v2\/pages\/7276\/revisions\/8961"}],"wp:attachment":[{"href":"https:\/\/yindamachinery.com\/fr\/wp-json\/wp\/v2\/media?parent=7276"}],"curies":[{"name":"wp","href":"https:\/\/api.w.org\/{rel}","templated":true}]}}