{"id":7223,"date":"2022-06-02T13:13:48","date_gmt":"2022-06-02T13:13:48","guid":{"rendered":"https:\/\/yindamachinery.com\/?page_id=7223"},"modified":"2022-06-02T13:17:48","modified_gmt":"2022-06-02T13:17:48","slug":"etude-de-cas-agroalimentaire","status":"publish","type":"page","link":"https:\/\/yindamachinery.com\/fr\/etude-de-cas-agroalimentaire\/","title":{"rendered":"\u00c9tude de cas sur la transformation des aliments"},"content":{"rendered":"<div data-elementor-type=\"wp-page\" data-elementor-id=\"7223\" class=\"elementor elementor-7223\">\n\t\t\t\t\t\t<section class=\"elementor-section elementor-top-section elementor-element elementor-element-43649cc elementor-section-boxed elementor-section-height-default elementor-section-height-default\" data-id=\"43649cc\" data-element_type=\"section\" data-e-type=\"section\">\n\t\t\t\t\t\t<div class=\"elementor-container elementor-column-gap-default\">\n\t\t\t\t\t<div class=\"elementor-column elementor-col-66 elementor-top-column elementor-element elementor-element-d1a317e\" data-id=\"d1a317e\" data-element_type=\"column\" data-e-type=\"column\">\n\t\t\t<div class=\"elementor-widget-wrap elementor-element-populated\">\n\t\t\t\t\t\t<div class=\"elementor-element elementor-element-7ef09c6 elementor-widget elementor-widget-text-editor\" data-id=\"7ef09c6\" data-element_type=\"widget\" data-e-type=\"widget\" data-widget_type=\"text-editor.default\">\n\t\t\t\t<div class=\"elementor-widget-container\">\n\t\t\t\t\t\t\t\t\t<h1><strong>\u00c9tude de cas sur la transformation des aliments\u00a0:<\/strong><\/h1><p>Yinda Machinery est une entreprise \u00e0 la pointe de la technologie qui propose toutes sortes de solutions de manipulation de poudre \u00e0 ses clients. Yinda Machinery affirme fi\u00e8rement que plus de 489 fabricants de particules et de poudres \u00e0 travers le monde lui font confiance. Avec plus de 20 ans d&#039;exp\u00e9rience dans le domaine de la manipulation de poudre, Yinda Machinery est la soci\u00e9t\u00e9 \u00e0 laquelle se r\u00e9f\u00e9rer lorsqu&#039;il s&#039;agit de machines de manipulation de poudre.<\/p><p>De la fabrication de b\u00e2timents \u00e0 la transformation des aliments, Yinda Machinery a toujours la bonne solution de manipulation de poudre pour les clients.<\/p><h2>1-\u00a0<strong>Quelle dose Premier Foods fait-il?<\/strong><\/h2><p><img decoding=\"async\" class=\"alignnone size-full wp-image-7226\" src=\"https:\/\/yindamachinery.com\/wp-content\/uploads\/2022\/06\/Food-processing-case-study-1.png\" alt=\"\u00e9tude de cas sur la transformation des aliments (1)\" width=\"218\" height=\"113\" srcset=\"https:\/\/yindamachinery.com\/wp-content\/uploads\/2022\/06\/Food-processing-case-study-1.png 218w, https:\/\/yindamachinery.com\/wp-content\/uploads\/2022\/06\/Food-processing-case-study-1-18x9.png 18w\" sizes=\"(max-width: 218px) 100vw, 218px\" \/><\/p><p>Premier Foods est l&#039;un des principaux producteurs de lait et de produits laitiers bas\u00e9 \u00e0 Khartoum, au Soudan. Et il a mis en place des bureaux \u00e0 Shanghai et \u00e0 Hangzhou. L&#039;entreprise s&#039;est consid\u00e9rablement d\u00e9velopp\u00e9e au cours de sa courte histoire (cr\u00e9\u00e9e en 2002) et a \u00e9largi son portefeuille de produits pour inclure du fromage, des desserts et du lait entier en poudre instantan\u00e9. En plus d&#039;un solide portefeuille de produits laitiers, Premier produit \u00e9galement une d\u00e9licieuse gamme de boissons \u00e0 base de jus de fruits et a r\u00e9cemment ajout\u00e9 la gel\u00e9e aromatis\u00e9e aux fruits \u00e0 sa gamme de produits en constante expansion.<\/p><h2>2-\u00a0<strong>Quelle dose de service Premier Foods a-t-elle offerte\u00a0? <\/strong><\/h2><p>La philosophie de l&#039;entreprise est simple : chaque jour, toujours.<\/p><p>Chez Premier, ils visent \u00e0 fournir ce que les clients attendent - des produits de haute qualit\u00e9 \u00e0 un prix \u00e9quitable. Leur objectif est de fournir aux consommateurs, de maintenir la production et la distribution de produits alimentaires et de boissons d&#039;une qualit\u00e9 \u00e9lev\u00e9e et constante \u00e0 un prix de march\u00e9 raisonnable.<\/p><p>L&#039;objectif : Premier a reconnu et r\u00e9pondu \u00e0 la n\u00e9cessit\u00e9 d&#039;augmenter la capacit\u00e9 de production et s&#039;efforcera de r\u00e9pondre aux demandes du march\u00e9 soudanais en \u00e9volution, m\u00eame dans un plus grand nombre de pays, en utilisant les derni\u00e8res technologies de production et d&#039;emballage et des ingr\u00e9dients de haute qualit\u00e9.<\/p><h2>3-\u00a0<strong>Cr\u00e9ation de Premier Foods <\/strong><\/h2><p><img fetchpriority=\"high\" decoding=\"async\" class=\"alignnone size-full wp-image-7227\" src=\"https:\/\/yindamachinery.com\/wp-content\/uploads\/2022\/06\/Food-processing-case-study-2.png\" alt=\"\u00e9tude de cas sur la transformation des aliments (2)\" width=\"1186\" height=\"496\" srcset=\"https:\/\/yindamachinery.com\/wp-content\/uploads\/2022\/06\/Food-processing-case-study-2.png 1186w, https:\/\/yindamachinery.com\/wp-content\/uploads\/2022\/06\/Food-processing-case-study-2-768x321.png 768w, https:\/\/yindamachinery.com\/wp-content\/uploads\/2022\/06\/Food-processing-case-study-2-18x8.png 18w\" sizes=\"(max-width: 1186px) 100vw, 1186px\" \/><\/p><p><img decoding=\"async\" class=\"alignnone size-full wp-image-7228\" src=\"https:\/\/yindamachinery.com\/wp-content\/uploads\/2022\/06\/Food-processing-case-study-3.png\" alt=\"\u00e9tude de cas sur la transformation des aliments (3)\" width=\"1180\" height=\"350\" srcset=\"https:\/\/yindamachinery.com\/wp-content\/uploads\/2022\/06\/Food-processing-case-study-3.png 1180w, https:\/\/yindamachinery.com\/wp-content\/uploads\/2022\/06\/Food-processing-case-study-3-768x228.png 768w, https:\/\/yindamachinery.com\/wp-content\/uploads\/2022\/06\/Food-processing-case-study-3-18x5.png 18w\" sizes=\"(max-width: 1180px) 100vw, 1180px\" \/> <img loading=\"lazy\" decoding=\"async\" class=\"alignnone size-full wp-image-7229\" src=\"https:\/\/yindamachinery.com\/wp-content\/uploads\/2022\/06\/Food-processing-case-study-4.png\" alt=\"\u00e9tude de cas sur la transformation des aliments (4)\" width=\"308\" height=\"351\" srcset=\"https:\/\/yindamachinery.com\/wp-content\/uploads\/2022\/06\/Food-processing-case-study-4.png 308w, https:\/\/yindamachinery.com\/wp-content\/uploads\/2022\/06\/Food-processing-case-study-4-11x12.png 11w\" sizes=\"(max-width: 308px) 100vw, 308px\" \/> <img loading=\"lazy\" decoding=\"async\" class=\"alignnone size-full wp-image-7230\" src=\"https:\/\/yindamachinery.com\/wp-content\/uploads\/2022\/06\/Food-processing-case-study-5.png\" alt=\"\u00e9tude de cas sur la transformation des aliments (5)\" width=\"279\" height=\"337\" srcset=\"https:\/\/yindamachinery.com\/wp-content\/uploads\/2022\/06\/Food-processing-case-study-5.png 279w, https:\/\/yindamachinery.com\/wp-content\/uploads\/2022\/06\/Food-processing-case-study-5-10x12.png 10w\" sizes=\"(max-width: 279px) 100vw, 279px\" \/><\/p><p>Premier Foods d\u00e9veloppe plus de produits de haute qualit\u00e9 pour choisir les m\u00e9langeurs \u00e0 ruban et les broyeurs \u00e0 poudre en acier inoxydable 316 Yinda.<\/p><p><img loading=\"lazy\" decoding=\"async\" class=\"alignnone size-full wp-image-7231\" src=\"https:\/\/yindamachinery.com\/wp-content\/uploads\/2022\/06\/Food-processing-case-study-6.png\" alt=\"\u00e9tude de cas sur la transformation des aliments (6)\" width=\"717\" height=\"717\" srcset=\"https:\/\/yindamachinery.com\/wp-content\/uploads\/2022\/06\/Food-processing-case-study-6.png 717w, https:\/\/yindamachinery.com\/wp-content\/uploads\/2022\/06\/Food-processing-case-study-6-150x150.png 150w, https:\/\/yindamachinery.com\/wp-content\/uploads\/2022\/06\/Food-processing-case-study-6-12x12.png 12w\" sizes=\"(max-width: 717px) 100vw, 717px\" \/> <img loading=\"lazy\" decoding=\"async\" class=\"alignnone size-full wp-image-7232\" src=\"https:\/\/yindamachinery.com\/wp-content\/uploads\/2022\/06\/Food-processing-case-study-7.png\" alt=\"\u00e9tude de cas sur la transformation des aliments (7)\" width=\"662\" height=\"662\" srcset=\"https:\/\/yindamachinery.com\/wp-content\/uploads\/2022\/06\/Food-processing-case-study-7.png 662w, https:\/\/yindamachinery.com\/wp-content\/uploads\/2022\/06\/Food-processing-case-study-7-150x150.png 150w, https:\/\/yindamachinery.com\/wp-content\/uploads\/2022\/06\/Food-processing-case-study-7-12x12.png 12w\" sizes=\"(max-width: 662px) 100vw, 662px\" \/><\/p><h2>4-\u00a0<strong>Quels pays desservent-ils\u00a0?<\/strong><\/h2><p>\u00a0<\/p><p>Asie<\/p><ul><li>Chine<\/li><li>Inde<\/li><li>Tha\u00eflande<\/li><li>\u00c9mirats arabes unis<\/li><li>Arabie Saoudite<\/li><li>Qatar<\/li><li>Oman<\/li><li>Malaisie<\/li><li>Singapour<\/li><\/ul><p>Afrique<\/p><ul><li>Soudan<\/li><li>Afrique du Sud<\/li><li>Nigeria<\/li><li>Kenya<\/li><\/ul><p>\u00a0<\/p><h2>5-\u00a0<strong>Fabrication <\/strong><strong>et machines de cr\u00e9ation de mati\u00e8res premi\u00e8res<\/strong><\/h2><p>Les mati\u00e8res premi\u00e8res utilis\u00e9es dans la fabrication de leurs diff\u00e9rents produits laitiers et jus sont sous forme de poudre ou \u00e0 l&#039;\u00e9tat visqueux et semi-liquide. Pour la s\u00e9curit\u00e9 des aliments et pour obtenir un produit de meilleure qualit\u00e9, toutes ces mati\u00e8res premi\u00e8res doivent \u00eatre trait\u00e9es avec les derni\u00e8res machines avant que le produit final ne soit pr\u00eat \u00e0 l&#039;emploi.<\/p><p>Ils ont choisi le m\u00e9langeur et pulv\u00e9risateur \u00e0 ruban en acier inoxydable 316 de Yinda Machinery<\/p><p>\u00a0<\/p><h2>6-\u00a0<strong>\u00c0 propos de notre soci\u00e9t\u00e9 - Qui est Yinda Machinery ?<\/strong><\/h2><p>Yinda Machinery est l&#039;une des principales soci\u00e9t\u00e9s de machines de manipulation de poudre en Chine et poss\u00e8de plus de 20 ans d&#039;exp\u00e9rience dans l&#039;industrie et est bien connue dans le domaine des machines de manipulation de poudre pour l&#039;industrie alimentaire. Yinda Machinery fournit un support technique, de production et de d\u00e9veloppement aux aliments de premier ordre pour le traitement des poudres.<\/p><p>\u00a0<\/p><h2>7-\u00a0<strong>Nous am\u00e9liorons les activit\u00e9s de nos clients<\/strong><\/h2><p>Yinda Machinery pense que sa propre croissance est li\u00e9e \u00e0 la croissance de ses clients. En cons\u00e9quence, nous servons cette industrie en fournissant des \u00e9quipements de manipulation et de traitement de poudre de la plus haute qualit\u00e9. De plus, le soutien de notre \u00e9quipe exp\u00e9riment\u00e9e aide nos clients \u00e0 acqu\u00e9rir la confiance n\u00e9cessaire pour entrer avec succ\u00e8s dans de nouvelles entreprises.<\/p><p>\u00a0<\/p><p>Yinda Machinery aidera ses clients \u00e0 se d\u00e9velopper en fournissant des machines de manutention de poudre, des machines de m\u00e9langeur \u00e0 ruban et tous les autres \u00e9quipements de qualit\u00e9 sup\u00e9rieure pour soutenir ses clients.<\/p><p>\u00a0<\/p><h2>8-\u00a0<strong>Le meilleur \u00e9quipement de manutention de poudre sur le march\u00e9<\/strong><\/h2><p>Qu&#039;est-ce qui rend Yinda Machinery si fiable par les clients ? Parce que nous avons une \u00e9quipe de R &amp; D professionnelle qui est profond\u00e9ment impliqu\u00e9e dans l&#039;industrie des \u00e9quipements de traitement des poudres depuis des d\u00e9cennies, am\u00e9liorant constamment la technologie, d\u00e9veloppant de nouveaux \u00e9quipements qui r\u00e9pondent au march\u00e9 et cr\u00e9ant constamment plus de possibilit\u00e9s pour nos clients avec une pens\u00e9e positive et innovante.<\/p><p>\u00a0<\/p><h2>9-\u00a0<strong>Yinda <\/strong><strong>M<\/strong><strong>les machines peuvent \u00eatre la solution compl\u00e8te pour vos besoins en syst\u00e8mes de manutention de poudre<\/strong><\/h2><p>Quel que soit votre secteur d&#039;activit\u00e9, nous pouvons r\u00e9pondre \u00e0 vos besoins tant que vous avez besoin d&#039;\u00e9quipement de manutention de poudre. Non seulement en \u00e9quipement, nous pouvons \u00e9galement vous aider et vous fournir un service \u00e0 guichet unique. De la consultation initiale de l&#039;\u00e9quipement, \u00e0 l&#039;utilisation sp\u00e9cifique de l&#039;\u00e9quipement de manutention de poudre, en passant par la gestion de divers probl\u00e8mes dans le processus d&#039;utilisation, etc., nous serons votre partenaire solide et fiable !<\/p>\t\t\t\t\t\t\t\t<\/div>\n\t\t\t\t<\/div>\n\t\t\t\t\t<\/div>\n\t\t<\/div>\n\t\t\t\t<div class=\"elementor-column elementor-col-33 elementor-top-column elementor-element elementor-element-fd8852d\" data-id=\"fd8852d\" data-element_type=\"column\" data-e-type=\"column\">\n\t\t\t<div class=\"elementor-widget-wrap elementor-element-populated\">\n\t\t\t\t\t\t<div class=\"elementor-element elementor-element-de6d908 elementor-widget elementor-widget-text-editor\" data-id=\"de6d908\" data-element_type=\"widget\" data-e-type=\"widget\" data-widget_type=\"text-editor.default\">\n\t\t\t\t<div class=\"elementor-widget-container\">\n\t\t\t\t\t\t\t\t\t<p><\/p>\t\t\t\t\t\t\t\t<\/div>\n\t\t\t\t<\/div>\n\t\t\t\t<div class=\"elementor-element elementor-element-1e11226 elementor-widget elementor-widget-sidebar\" data-id=\"1e11226\" data-element_type=\"widget\" data-e-type=\"widget\" data-widget_type=\"sidebar.default\">\n\t\t\t\t<div class=\"elementor-widget-container\">\n\t\t\t\t\t<aside id=\"search-2\" class=\"widget widget_search\"><form role=\"search\" method=\"get\" class=\"search-form\" action=\"https:\/\/yindamachinery.com\/fr\/\" data-trp-original-action=\"https:\/\/yindamachinery.com\/fr\/\">\n\t<label for=\"search-field\">\n\t\t<span class=\"screen-reader-text\">Rechercher :<\/span>\n\t\t<input type=\"search\" id=\"search-field\" class=\"search-field\"   placeholder=\"Recherch\u00e9\u2026\" value=\"\" name=\"s\" tabindex=\"-1\">\n\t\t\t<\/label>\n\t\t\t<input type=\"submit\" class=\"search-submit\" value=\"Rechercher\">\n\t<input type=\"hidden\" name=\"trp-form-language\" value=\"fr\"\/><\/form>\n<\/aside>\n\t\t<aside id=\"recent-posts-3\" class=\"widget widget_recent_entries\">\n\t\t<h2 class=\"widget-title\">Nouveaux produits<\/h2><nav aria-label=\"Nouveaux produits\">\n\t\t<ul>\n\t\t\t\t\t\t\t\t\t\t\t<li>\n\t\t\t\t\t<a href=\"https:\/\/yindamachinery.com\/fr\/grain-processing-equipment-a-complete-guide-for-modern-milling-operations\/\">Grain Processing Equipment: A Complete Guide for Modern Milling Operations<\/a>\n\t\t\t\t\t\t\t\t\t<\/li>\n\t\t\t\t\t\t\t\t\t\t\t<li>\n\t\t\t\t\t<a href=\"https:\/\/yindamachinery.com\/fr\/ribbon-blender-vs-v-blender-quick-comparison-selection-guide\/\">Ribbon Blender vs V Blender: Quick Comparison &#038; Selection Guide<\/a>\n\t\t\t\t\t\t\t\t\t<\/li>\n\t\t\t\t\t\t\t\t\t\t\t<li>\n\t\t\t\t\t<a href=\"https:\/\/yindamachinery.com\/fr\/hibiscus-powder-processing-for-food-and-beverage-by-yinda-machinery\/\">Hibiscus Powder Processing for Food and Beverage by Yinda Machinery<\/a>\n\t\t\t\t\t\t\t\t\t<\/li>\n\t\t\t\t\t\t\t\t\t\t\t<li>\n\t\t\t\t\t<a href=\"https:\/\/yindamachinery.com\/fr\/mace-grinding-machine-low-temperature-grinding-line-for-mace-powder-processing\/\">Mace Grinding Machine Low Temperature Grinding Line for Mace Powder Processing<\/a>\n\t\t\t\t\t\t\t\t\t<\/li>\n\t\t\t\t\t\t\t\t\t\t\t<li>\n\t\t\t\t\t<a href=\"https:\/\/yindamachinery.com\/fr\/hammer-mill-grinder-machine-high-efficiency-pulverizing-solution-by-yinda-machinery\/\">Hammer Mill Grinder Machine \u2013 High-Efficiency Pulverizing Solution by Yinda Machinery<\/a>\n\t\t\t\t\t\t\t\t\t<\/li>\n\t\t\t\t\t<\/ul>\n\n\t\t<\/nav><\/aside><aside id=\"categories-2\" class=\"widget widget_categories\"><h2 class=\"widget-title\">Recherche rapide<\/h2><nav aria-label=\"Recherche rapide\">\n\t\t\t<ul>\n\t\t\t\t\t<li class=\"cat-item cat-item-1\"><a href=\"https:\/\/yindamachinery.com\/fr\/categorie\/blog\/\">Blog<\/a>\n<\/li>\n\t<li class=\"cat-item cat-item-12\"><a href=\"https:\/\/yindamachinery.com\/fr\/categorie\/melangeur-a-double-cone\/\">M\u00e9langeur \u00e0 double c\u00f4ne<\/a>\n<\/li>\n\t<li class=\"cat-item cat-item-10\"><a href=\"https:\/\/yindamachinery.com\/fr\/categorie\/ruban-melangeur\/\">M\u00e9langeur de ruban<\/a>\n<\/li>\n\t\t\t<\/ul>\n\n\t\t\t<\/nav><\/aside><aside id=\"custom_html-8\" class=\"widget_text widget widget_custom_html\"><div class=\"textwidget custom-html-widget\"><div class=\"quickQuote divScroll\">\r\n<div class=\"quickQuoteTitle\">Envoyez votre demande aujourd&#039;hui<\/div>\r\n<form name=\"form1\" method=\"post\" action=\"https:\/\/yindamachinery.wufoo.com\/forms\/z1w948rh0coebsw\/#public\">\r\n<input name=\"Field1\" type=\"text\" value=\"\" placeholder=\"Nom*\" required \/>\r\n<input name=\"Field2\" type=\"email\" value=\"\" placeholder=\"E-mail*\" required \/>\r\n<input name=\"Field3\" type=\"text\" value=\"\" placeholder=\"T\u00e9l\u00e9phoner\" \/>\r\n<textarea name=\"Field4\" placeholder=\"Un message*\" required><\/textarea>\r\n<div class=\"hidden\"><input name=\"Field5\" type=\"text\" value=\"http:\/\/yindamachinery.com\/fr\/wp-json\/wp\/v2\/pages\/7223\"\/><\/div>\r\n<div class=\"hidden\"><input name=\"Field6\" type=\"text\" value=\"216.73.216.84, Columbus, United States\"\/><\/div>\r\n<div class=\"text-right\"><input name=\"saveForm\" type=\"submit\" value=\"Nous faire parvenir\"\/><\/div>\r\n<div class=\"hidden\">\r\n<textarea name=\"comment\" id=\"comment\" rows=\"1\" cols=\"1\"><\/textarea>\r\n<input type=\"hidden\" id=\"idstamp\" name=\"idstamp\" value=\"Z76ScsiwY4S4aTigjiNXzc+TU2c4yz9sdD5K49qczUs=\" >\r\n<input type=\"hidden\" id=\"encryptedPassword\" name=\"encryptedPassword\" value=\"\" >\r\n<\/div>\r\n<\/form>\r\n<\/div><\/div><\/aside>\t\t\t\t<\/div>\n\t\t\t\t<\/div>\n\t\t\t\t\t<\/div>\n\t\t<\/div>\n\t\t\t\t\t<\/div>\n\t\t<\/section>\n\t\t\t\t<\/div>","protected":false},"excerpt":{"rendered":"<p>Food processing case study: Yinda Machinery is a state of the art company that offers all sorts of powder handling solutions for its clients. Yinda Machinery proudly claims that it is trusted by over 489 particles and powder process manufacturers around the world. With over 20 years of experience in the powder handling business, Yinda [&hellip;]<\/p>\n","protected":false},"author":1,"featured_media":0,"parent":0,"menu_order":0,"comment_status":"closed","ping_status":"closed","template":"","meta":{"_acf_changed":false,"_seopress_robots_primary_cat":"","_seopress_titles_title":"","_seopress_titles_desc":"","_seopress_robots_index":"","_seopress_analysis_target_kw":"","site-sidebar-layout":"no-sidebar","site-content-layout":"page-builder","ast-site-content-layout":"default","site-content-style":"default","site-sidebar-style":"default","ast-global-header-display":"","ast-banner-title-visibility":"","ast-main-header-display":"","ast-hfb-above-header-display":"","ast-hfb-below-header-display":"","ast-hfb-mobile-header-display":"","site-post-title":"disabled","ast-breadcrumbs-content":"","ast-featured-img":"disabled","footer-sml-layout":"","ast-disable-related-posts":"","theme-transparent-header-meta":"default","adv-header-id-meta":"","stick-header-meta":"","header-above-stick-meta":"","header-main-stick-meta":"","header-below-stick-meta":"","astra-migrate-meta-layouts":"default","ast-page-background-enabled":"default","ast-page-background-meta":{"desktop":{"background-color":"","background-image":"","background-repeat":"repeat","background-position":"center center","background-size":"auto","background-attachment":"scroll","background-type":"","background-media":"","overlay-type":"","overlay-color":"","overlay-opacity":"","overlay-gradient":""},"tablet":{"background-color":"","background-image":"","background-repeat":"repeat","background-position":"center center","background-size":"auto","background-attachment":"scroll","background-type":"","background-media":"","overlay-type":"","overlay-color":"","overlay-opacity":"","overlay-gradient":""},"mobile":{"background-color":"","background-image":"","background-repeat":"repeat","background-position":"center center","background-size":"auto","background-attachment":"scroll","background-type":"","background-media":"","overlay-type":"","overlay-color":"","overlay-opacity":"","overlay-gradient":""}},"ast-content-background-meta":{"desktop":{"background-color":"var(--ast-global-color-5)","background-image":"","background-repeat":"repeat","background-position":"center center","background-size":"auto","background-attachment":"scroll","background-type":"","background-media":"","overlay-type":"","overlay-color":"","overlay-opacity":"","overlay-gradient":""},"tablet":{"background-color":"var(--ast-global-color-5)","background-image":"","background-repeat":"repeat","background-position":"center center","background-size":"auto","background-attachment":"scroll","background-type":"","background-media":"","overlay-type":"","overlay-color":"","overlay-opacity":"","overlay-gradient":""},"mobile":{"background-color":"var(--ast-global-color-5)","background-image":"","background-repeat":"repeat","background-position":"center center","background-size":"auto","background-attachment":"scroll","background-type":"","background-media":"","overlay-type":"","overlay-color":"","overlay-opacity":"","overlay-gradient":""}},"footnotes":""},"class_list":["post-7223","page","type-page","status-publish","hentry"],"acf":[],"_links":{"self":[{"href":"https:\/\/yindamachinery.com\/fr\/wp-json\/wp\/v2\/pages\/7223","targetHints":{"allow":["GET"]}}],"collection":[{"href":"https:\/\/yindamachinery.com\/fr\/wp-json\/wp\/v2\/pages"}],"about":[{"href":"https:\/\/yindamachinery.com\/fr\/wp-json\/wp\/v2\/types\/page"}],"author":[{"embeddable":true,"href":"https:\/\/yindamachinery.com\/fr\/wp-json\/wp\/v2\/users\/1"}],"replies":[{"embeddable":true,"href":"https:\/\/yindamachinery.com\/fr\/wp-json\/wp\/v2\/comments?post=7223"}],"version-history":[{"count":0,"href":"https:\/\/yindamachinery.com\/fr\/wp-json\/wp\/v2\/pages\/7223\/revisions"}],"wp:attachment":[{"href":"https:\/\/yindamachinery.com\/fr\/wp-json\/wp\/v2\/media?parent=7223"}],"curies":[{"name":"wp","href":"https:\/\/api.w.org\/{rel}","templated":true}]}}