{"id":7208,"date":"2022-06-01T15:58:37","date_gmt":"2022-06-01T15:58:37","guid":{"rendered":"https:\/\/yindamachinery.com\/?page_id=7208"},"modified":"2025-10-20T15:06:56","modified_gmt":"2025-10-20T15:06:56","slug":"solution-de-melange-de-ruban-de-peintures-au-ciment-sec","status":"publish","type":"page","link":"https:\/\/yindamachinery.com\/fr\/solution-de-melange-de-ruban-de-peintures-au-ciment-sec\/","title":{"rendered":"Solution de m\u00e9lange de ruban de peinture au ciment sec"},"content":{"rendered":"<div data-elementor-type=\"wp-page\" data-elementor-id=\"7208\" class=\"elementor elementor-7208\">\n\t\t\t\t\t\t<section class=\"elementor-section elementor-top-section elementor-element elementor-element-7ba16d1 elementor-section-boxed elementor-section-height-default elementor-section-height-default\" data-id=\"7ba16d1\" data-element_type=\"section\" data-e-type=\"section\">\n\t\t\t\t\t\t<div class=\"elementor-container elementor-column-gap-default\">\n\t\t\t\t\t<div class=\"elementor-column elementor-col-66 elementor-top-column elementor-element elementor-element-0cdc6d4\" data-id=\"0cdc6d4\" data-element_type=\"column\" data-e-type=\"column\">\n\t\t\t<div class=\"elementor-widget-wrap elementor-element-populated\">\n\t\t\t\t\t\t<div class=\"elementor-element elementor-element-a6d8257 elementor-widget elementor-widget-text-editor\" data-id=\"a6d8257\" data-element_type=\"widget\" data-e-type=\"widget\" data-widget_type=\"text-editor.default\">\n\t\t\t\t<div class=\"elementor-widget-container\">\n\t\t\t\t\t\t\t\t\t<h1 style=\"text-align: center;\">Solution de m\u00e9lange de ruban de peinture s\u00e8che pour ciment<\/h1><p>Yinda Machinery offre une solution unique pour tous les types de solutions de manipulation et de traitement de poudre. Avec une exp\u00e9rience de plus de 20 ans dans le domaine de la manipulation de poudre, Yinda Machinery se d\u00e9marque sur le march\u00e9 national et international. Nous avons plus de 283 clients satisfaits qui font confiance \u00e0 Yinda Machinery dans le monde entier.<\/p><p>De la fabrication de ciment \u00e0 la transformation des aliments, Yinda Machinery a une solution pour tous les processus de manipulation de poudre.<\/p><h2>1-\u00a0<strong>Que signifie <\/strong><strong>PISOS Y TECHADOS TORGINOL, SAS<\/strong><strong>\u00a0<\/strong><strong>\u00a0fais?<\/strong><\/h2><p><img fetchpriority=\"high\" decoding=\"async\" class=\"alignnone size-full wp-image-7212\" src=\"https:\/\/yindamachinery.com\/wp-content\/uploads\/2022\/06\/\u56fe\u7247-1.png\" alt=\"\u56fe\u7247 1\" width=\"231\" height=\"218\" srcset=\"https:\/\/yindamachinery.com\/wp-content\/uploads\/2022\/06\/\u56fe\u7247-1.png 231w, https:\/\/yindamachinery.com\/wp-content\/uploads\/2022\/06\/\u56fe\u7247-1-13x12.png 13w\" sizes=\"(max-width: 231px) 100vw, 231px\" \/><\/p><p>PISOS Y TECHADOS TORGINOL, SAS est une entreprise prestigieuse impliqu\u00e9e dans la fabrication de Peintures, Rev\u00eatements et Adh\u00e9sifs. Avec un chiffre d&#039;affaires annuel de plus de $ 90,31 millions et 1 066 employ\u00e9s.<\/p><p>PISOS Y TECHADOS TORGINOL, SAS est fier de servir ses clients et clients avec du mat\u00e9riel de haute qualit\u00e9. Nos ventes \u00e9lev\u00e9es et notre liste d&#039;employ\u00e9s satisfaits t\u00e9moignent de la haute qualit\u00e9 du mat\u00e9riel que nous fournissons \u00e0 nos clients.<\/p><p><img decoding=\"async\" class=\"alignnone size-full wp-image-7211\" src=\"https:\/\/yindamachinery.com\/wp-content\/uploads\/2022\/06\/\u56fe\u7247-11.png\" alt=\"\u56fe\u7247 1(1)\" width=\"808\" height=\"448\" srcset=\"https:\/\/yindamachinery.com\/wp-content\/uploads\/2022\/06\/\u56fe\u7247-11.png 808w, https:\/\/yindamachinery.com\/wp-content\/uploads\/2022\/06\/\u56fe\u7247-11-768x426.png 768w, https:\/\/yindamachinery.com\/wp-content\/uploads\/2022\/06\/\u56fe\u7247-11-18x10.png 18w\" sizes=\"(max-width: 808px) 100vw, 808px\" \/><\/p><h2>2-\u00a0<strong>Service diff\u00e9rent qui<\/strong><strong>\u00a0<\/strong><strong>PISOS Y TECHADOS TORGINOL, SAS<\/strong><strong>\u00a0fais<\/strong><strong>?<\/strong><\/h2><p>PISOS Y TECHADOS TORGINOL, SAS offre un certain nombre de services \u00e0 ses clients comme suit :<\/p><ol><li>Fabrication de peintures s\u00e8ches au ciment<\/li><li>Fabrication de peinture de haute qualit\u00e9 de tous types<\/li><\/ol><ul><li>D\u00e9veloppement d&#039;adh\u00e9sifs \u00e0 usage commercial et industriel<\/li><\/ul><ol><li>Pr\u00e9parations de rev\u00eatements pour les applications du march\u00e9<\/li><\/ol><p>L&#039;entreprise offre de multiples services pour la fabrication de peintures de haute qualit\u00e9 pour l&#039;automobile, la construction, l&#039;acrylique, la fabrication et d&#039;autres industries similaires. En outre, les adh\u00e9sifs et les rev\u00eatements sont disponibles pour une application dans des domaines et des industries critiques comme l&#039;industrie militaire et de l&#039;armement.<\/p><h2>3-\u00a0<strong>Cr\u00e9ation de <\/strong><strong>PISOS Y TECHADOS TORGINOL, SAS<\/strong><strong>\u00a0produit<\/strong><\/h2><p>PISOS Y TECHADOS TORGINOL, SAS d\u00e9veloppe des peintures s\u00e8ches au ciment en utilisant le m\u00e9langeur \u00e0 ruban de Yinda Machinery.<\/p><p><img decoding=\"async\" class=\"alignnone size-full wp-image-7216\" src=\"https:\/\/yindamachinery.com\/wp-content\/uploads\/2022\/06\/\u56fe\u7247-6.png\" alt=\"\u56fe\u7247 6\" width=\"800\" height=\"800\" srcset=\"https:\/\/yindamachinery.com\/wp-content\/uploads\/2022\/06\/\u56fe\u7247-6.png 800w, https:\/\/yindamachinery.com\/wp-content\/uploads\/2022\/06\/\u56fe\u7247-6-150x150.png 150w, https:\/\/yindamachinery.com\/wp-content\/uploads\/2022\/06\/\u56fe\u7247-6-768x768.png 768w, https:\/\/yindamachinery.com\/wp-content\/uploads\/2022\/06\/\u56fe\u7247-6-12x12.png 12w\" sizes=\"(max-width: 800px) 100vw, 800px\" \/> <img loading=\"lazy\" decoding=\"async\" class=\"alignnone size-full wp-image-7215\" src=\"https:\/\/yindamachinery.com\/wp-content\/uploads\/2022\/06\/\u56fe\u7247-5.png\" alt=\"\u56fe\u7247 5\" width=\"835\" height=\"1114\" srcset=\"https:\/\/yindamachinery.com\/wp-content\/uploads\/2022\/06\/\u56fe\u7247-5.png 835w, https:\/\/yindamachinery.com\/wp-content\/uploads\/2022\/06\/\u56fe\u7247-5-768x1025.png 768w, https:\/\/yindamachinery.com\/wp-content\/uploads\/2022\/06\/\u56fe\u7247-5-9x12.png 9w\" sizes=\"(max-width: 835px) 100vw, 835px\" \/> <img loading=\"lazy\" decoding=\"async\" class=\"alignnone size-full wp-image-7214\" src=\"https:\/\/yindamachinery.com\/wp-content\/uploads\/2022\/06\/\u56fe\u7247-4.png\" alt=\"\u56fe\u7247 4\" width=\"938\" height=\"1251\" srcset=\"https:\/\/yindamachinery.com\/wp-content\/uploads\/2022\/06\/\u56fe\u7247-4.png 938w, https:\/\/yindamachinery.com\/wp-content\/uploads\/2022\/06\/\u56fe\u7247-4-768x1024.png 768w, https:\/\/yindamachinery.com\/wp-content\/uploads\/2022\/06\/\u56fe\u7247-4-9x12.png 9w\" sizes=\"(max-width: 938px) 100vw, 938px\" \/> <img loading=\"lazy\" decoding=\"async\" class=\"alignnone size-full wp-image-7213\" src=\"https:\/\/yindamachinery.com\/wp-content\/uploads\/2022\/06\/\u56fe\u7247-3.png\" alt=\"\u56fe\u7247 3\" width=\"1512\" height=\"2016\" srcset=\"https:\/\/yindamachinery.com\/wp-content\/uploads\/2022\/06\/\u56fe\u7247-3.png 1512w, https:\/\/yindamachinery.com\/wp-content\/uploads\/2022\/06\/\u56fe\u7247-3-768x1024.png 768w, https:\/\/yindamachinery.com\/wp-content\/uploads\/2022\/06\/\u56fe\u7247-3-1152x1536.png 1152w, https:\/\/yindamachinery.com\/wp-content\/uploads\/2022\/06\/\u56fe\u7247-3-9x12.png 9w\" sizes=\"(max-width: 1512px) 100vw, 1512px\" \/><\/p><h2>4-\u00a0<strong>Quels pays desservent-ils\u00a0?<\/strong><\/h2><p>\u00a0<\/p><p>Am\u00e9rique du Sud<\/p><ul><li>Chili<\/li><li>Br\u00e9sil<\/li><li>Argentine<\/li><li>Mexique<\/li><\/ul><p>Australie<\/p><ul><li>Nouvelle-Z\u00e9lande<\/li><li>Australie<\/li><\/ul><p>L&#039;Europe \uf0d7<\/p><ul><li>Danemark<\/li><li>Italie<\/li><li>Finlande<\/li><\/ul><p>Asie<\/p><ul><li>Chine<\/li><li>Inde<\/li><li>Ta\u00efwan<\/li><li>Tha\u00eflande<\/li><li>Indon\u00e9sie<\/li><li>Singapour<\/li><li>Malaisie<\/li><li>Oman<\/li><li>Qatar<\/li><li>\u00c9mirats arabes unis<\/li><li>Arabie Saoudite<\/li><\/ul><p>Afrique<\/p><ul><li>Kenya<\/li><li>Nigeria<\/li><li>Afrique du Sud<\/li><\/ul><h2>5-\u00a0<strong>\u00a0\u00c9quipement, machines et composants <\/strong><strong>PISOS Y TECHADOS TORGINOL, SAS<\/strong><strong>.<\/strong><strong>\u00a0utilisation?<\/strong><strong>\u00a0<\/strong><strong>(m\u00e9langeur \u00e0 ruban)<\/strong><\/h2><h2>6-\u00a0<strong>Machines de fabrication et de cr\u00e9ation de mati\u00e8res premi\u00e8res<\/strong><\/h2><p>L&#039;utilisation principale de la machine dans l&#039;industrie de la manipulation de poudre dans le domaine de la fabrication de peinture est le m\u00e9langeur \u00e0 ruban. Le m\u00e9langeur \u00e0 ruban de Yinda Machinery a la capacit\u00e9 de traiter les peintures de qualit\u00e9 industrielle et sa mati\u00e8re premi\u00e8re.<\/p><h2>7- <strong>\u00c0 propos de notre soci\u00e9t\u00e9 - Qui est Yinda Machinery ?<\/strong><\/h2><p>Yinda Machinery est une entreprise de fabrication de machines de manutention de poudre \u00e0 la pointe de la technologie. Yinda Machinery a plus de 20 ans d&#039;exp\u00e9rience dans l&#039;industrie de la manipulation de poudre. Les machines de manutention de poudre Yinda Machinery vont de tous les types de m\u00e9langeurs aux concasseurs. Nous nous occupons de tous les types de machines de manutention et de traitement des poudres.<\/p><h2><strong>8-<\/strong><strong>Nous am\u00e9liorons nos clients<\/strong><strong>&#039; <\/strong><strong>Entreprises<\/strong><\/h2><p>Yinda Machinery estime que sa propre croissance est li\u00e9e \u00e0 la croissance de ses clients. Par cons\u00e9quent, nous servons l&#039;industrie en fournissant des \u00e9quipements de manutention et de traitement de poudre de la plus haute qualit\u00e9. De plus, le soutien de notre \u00e9quipe hautement exp\u00e9riment\u00e9e aide nos clients \u00e0 acqu\u00e9rir la confiance n\u00e9cessaire pour se lancer dans de nouvelles entreprises avec succ\u00e8s.<\/p><p>Yinda Machinery prendra soin de ses clients en fournissant les machines de manutention de poudre, les machines de m\u00e9langeur \u00e0 ruban et tous les autres \u00e9quipements haut de gamme qui aideront l&#039;entreprise \u00e0 se d\u00e9velopper.<\/p><h2>9-\u00a0<strong>La meilleure manipulation de poudre <\/strong><strong>\u00e9quipement<\/strong><strong>\u00a0sur le march\u00e9<\/strong><\/h2><p>Qu&#039;est-ce qui distingue les \u00e9quipements Yinda Machinery du reste du lot ? Z\u00e9ro compromis sur la qualit\u00e9. Yinda Machinery op\u00e8re sous la direction dynamique de ses jeunes dirigeants exp\u00e9riment\u00e9s et enthousiastes. Yinda Machinery a un processus strict pour la finalisation de la machine dans lequel la qualit\u00e9 de la machine est hautement privil\u00e9gi\u00e9e.<\/p><p>Yinda Machinery se soucie \u00e9galement de fournir les tarifs les plus comp\u00e9titifs du march\u00e9. Il est entendu que la qualit\u00e9 et le prix sont deux aspects sur lesquels aucun client n&#039;aura m\u00eame \u00e0 faire de compromis.<\/p><h2>10-\u00a0<strong>Yinda <\/strong><strong>M<\/strong><strong>les machines peuvent \u00eatre la solution compl\u00e8te pour vos besoins en syst\u00e8mes de manutention de poudre<\/strong><\/h2><p>Industrie de la peinture, industrie du rev\u00eatement, industrie des adh\u00e9sifs, etc. Yinda Machienry a la solution pour g\u00e9rer tous les types de travaux li\u00e9s \u00e0 la poudre. De la fourniture de machines sophistiqu\u00e9es \u00e0 la consultation sur la s\u00e9lection des mati\u00e8res premi\u00e8res et des machines, vous obtiendrez toutes ces informations sous un m\u00eame toit de Yinda Machinery. \u00a0<\/p>\t\t\t\t\t\t\t\t<\/div>\n\t\t\t\t<\/div>\n\t\t\t\t\t<\/div>\n\t\t<\/div>\n\t\t\t\t<div class=\"elementor-column elementor-col-33 elementor-top-column elementor-element elementor-element-ca3b197\" data-id=\"ca3b197\" data-element_type=\"column\" data-e-type=\"column\">\n\t\t\t<div class=\"elementor-widget-wrap elementor-element-populated\">\n\t\t\t\t\t\t<div class=\"elementor-element elementor-element-247287d elementor-widget elementor-widget-text-editor\" data-id=\"247287d\" data-element_type=\"widget\" data-e-type=\"widget\" data-widget_type=\"text-editor.default\">\n\t\t\t\t<div class=\"elementor-widget-container\">\n\t\t\t\t\t\t\t\t\t<p><\/p>\t\t\t\t\t\t\t\t<\/div>\n\t\t\t\t<\/div>\n\t\t\t\t<div class=\"elementor-element elementor-element-105c13d elementor-widget elementor-widget-sidebar\" data-id=\"105c13d\" data-element_type=\"widget\" data-e-type=\"widget\" data-widget_type=\"sidebar.default\">\n\t\t\t\t<div class=\"elementor-widget-container\">\n\t\t\t\t\t<aside id=\"search-2\" class=\"widget widget_search\"><form role=\"search\" method=\"get\" class=\"search-form\" action=\"https:\/\/yindamachinery.com\/fr\/\" data-trp-original-action=\"https:\/\/yindamachinery.com\/fr\/\">\n\t<label for=\"search-field\">\n\t\t<span class=\"screen-reader-text\">Rechercher :<\/span>\n\t\t<input type=\"search\" id=\"search-field\" class=\"search-field\"   placeholder=\"Recherch\u00e9\u2026\" value=\"\" name=\"s\" tabindex=\"-1\">\n\t\t\t<\/label>\n\t\t\t<input type=\"submit\" class=\"search-submit\" value=\"Rechercher\">\n\t<input type=\"hidden\" name=\"trp-form-language\" value=\"fr\"\/><\/form>\n<\/aside>\n\t\t<aside id=\"recent-posts-3\" class=\"widget widget_recent_entries\">\n\t\t<h2 class=\"widget-title\">Nouveaux produits<\/h2><nav aria-label=\"Nouveaux produits\">\n\t\t<ul>\n\t\t\t\t\t\t\t\t\t\t\t<li>\n\t\t\t\t\t<a href=\"https:\/\/yindamachinery.com\/fr\/industrial-chemicals-grinding-plant-high-performance-powder-processing-by-yinda-machinery\/\">Industrial Chemicals Grinding Plant \u2013 High-Performance Powder Processing by Yinda Machinery<\/a>\n\t\t\t\t\t\t\t\t\t<\/li>\n\t\t\t\t\t\t\t\t\t\t\t<li>\n\t\t\t\t\t<a href=\"https:\/\/yindamachinery.com\/fr\/vibrating-screen-machines-a-complete-guide-to-efficient-particle-separation-with-yinda-machinery\/\">Vibrating Screen Machines: A Complete Guide to Efficient Particle Separation with Yinda Machinery<\/a>\n\t\t\t\t\t\t\t\t\t<\/li>\n\t\t\t\t\t\t\t\t\t\t\t<li>\n\t\t\t\t\t<a href=\"https:\/\/yindamachinery.com\/fr\/how-an-air-classifier-mill-ensures-ultrafine-and-uniform-particle-size-after-sulfur-grinding\/\">How an Air Classifier Mill Ensures Ultrafine and Uniform Particle Size After Sulfur Grinding<\/a>\n\t\t\t\t\t\t\t\t\t<\/li>\n\t\t\t\t\t\t\t\t\t\t\t<li>\n\t\t\t\t\t<a href=\"https:\/\/yindamachinery.com\/fr\/carom-seeds-grinding-machine-for-small-and-large-capacity-production\/\">Carom Seeds Grinding Machine for Small and Large Capacity Production<\/a>\n\t\t\t\t\t\t\t\t\t<\/li>\n\t\t\t\t\t\t\t\t\t\t\t<li>\n\t\t\t\t\t<a href=\"https:\/\/yindamachinery.com\/fr\/advanced-instant-tea-processing-equipment-pin-mill-with-pulse-dust-collection-system-solution-for-crystal-instant-tea\/\">Advanced Instant Tea Processing Equipment Pin Mill with Pulse Dust Collection System Solution for Crystal Instant Tea<\/a>\n\t\t\t\t\t\t\t\t\t<\/li>\n\t\t\t\t\t<\/ul>\n\n\t\t<\/nav><\/aside><aside id=\"categories-2\" class=\"widget widget_categories\"><h2 class=\"widget-title\">Recherche rapide<\/h2><nav aria-label=\"Recherche rapide\">\n\t\t\t<ul>\n\t\t\t\t\t<li class=\"cat-item cat-item-1\"><a href=\"https:\/\/yindamachinery.com\/fr\/categorie\/blog\/\">Blog<\/a>\n<\/li>\n\t<li class=\"cat-item cat-item-12\"><a href=\"https:\/\/yindamachinery.com\/fr\/categorie\/melangeur-a-double-cone\/\">M\u00e9langeur \u00e0 double c\u00f4ne<\/a>\n<\/li>\n\t<li class=\"cat-item cat-item-10\"><a href=\"https:\/\/yindamachinery.com\/fr\/categorie\/ruban-melangeur\/\">M\u00e9langeur de ruban<\/a>\n<\/li>\n\t\t\t<\/ul>\n\n\t\t\t<\/nav><\/aside><aside id=\"custom_html-8\" class=\"widget_text widget widget_custom_html\"><div class=\"textwidget custom-html-widget\"><div class=\"quickQuote divScroll\">\r\n<div class=\"quickQuoteTitle\">Envoyez votre demande aujourd&#039;hui<\/div>\r\n<form name=\"form1\" method=\"post\" action=\"https:\/\/yindamachinery.wufoo.com\/forms\/z1w948rh0coebsw\/#public\">\r\n<input name=\"Field1\" type=\"text\" value=\"\" placeholder=\"Nom*\" required \/>\r\n<input name=\"Field2\" type=\"email\" value=\"\" placeholder=\"E-mail*\" required \/>\r\n<input name=\"Field3\" type=\"text\" value=\"\" placeholder=\"T\u00e9l\u00e9phoner\" \/>\r\n<textarea name=\"Field4\" placeholder=\"Un message*\" required><\/textarea>\r\n<div class=\"hidden\"><input name=\"Field5\" type=\"text\" value=\"http:\/\/yindamachinery.com\/fr\/wp-json\/wp\/v2\/pages\/7208\"\/><\/div>\r\n<div class=\"hidden\"><input name=\"Field6\" type=\"text\" value=\"216.73.217.113, Columbus, United States\"\/><\/div>\r\n<div class=\"text-right\"><input name=\"saveForm\" type=\"submit\" value=\"Nous faire parvenir\"\/><\/div>\r\n<div class=\"hidden\">\r\n<textarea name=\"comment\" id=\"comment\" rows=\"1\" cols=\"1\"><\/textarea>\r\n<input type=\"hidden\" id=\"idstamp\" name=\"idstamp\" value=\"Z76ScsiwY4S4aTigjiNXzc+TU2c4yz9sdD5K49qczUs=\" >\r\n<input type=\"hidden\" id=\"encryptedPassword\" name=\"encryptedPassword\" value=\"\" >\r\n<\/div>\r\n<\/form>\r\n<\/div><\/div><\/aside>\t\t\t\t<\/div>\n\t\t\t\t<\/div>\n\t\t\t\t\t<\/div>\n\t\t<\/div>\n\t\t\t\t\t<\/div>\n\t\t<\/section>\n\t\t\t\t<\/div>","protected":false},"excerpt":{"rendered":"<p>Dry Cement Paints ribbon mixing solution Yinda\u00a0Machinery offers a one stop solution for all types of powder handling and processing solutions. With an experience of over 20 years in the powder handling field, Yinda Machinery stands out in the domestic and international market. We have over 283 satisfied clients who trust Yinda Machinery around the [&hellip;]<\/p>\n","protected":false},"author":1,"featured_media":0,"parent":0,"menu_order":0,"comment_status":"closed","ping_status":"closed","template":"","meta":{"_acf_changed":false,"_seopress_robots_primary_cat":"","_seopress_titles_title":"Dry Cement Paints Ribbon Mixing Solution | Yinda Machinery","_seopress_titles_desc":"Dry Cement Paints Ribbon Mixing Solution is widely used in wide range of cement manufacturing to food processing industries. Contact us for quotation.","_seopress_robots_index":"","site-sidebar-layout":"no-sidebar","site-content-layout":"page-builder","ast-site-content-layout":"default","site-content-style":"default","site-sidebar-style":"default","ast-global-header-display":"","ast-banner-title-visibility":"","ast-main-header-display":"","ast-hfb-above-header-display":"","ast-hfb-below-header-display":"","ast-hfb-mobile-header-display":"","site-post-title":"disabled","ast-breadcrumbs-content":"","ast-featured-img":"disabled","footer-sml-layout":"","ast-disable-related-posts":"","theme-transparent-header-meta":"default","adv-header-id-meta":"","stick-header-meta":"","header-above-stick-meta":"","header-main-stick-meta":"","header-below-stick-meta":"","astra-migrate-meta-layouts":"default","ast-page-background-enabled":"default","ast-page-background-meta":{"desktop":{"background-color":"","background-image":"","background-repeat":"repeat","background-position":"center center","background-size":"auto","background-attachment":"scroll","background-type":"","background-media":"","overlay-type":"","overlay-color":"","overlay-opacity":"","overlay-gradient":""},"tablet":{"background-color":"","background-image":"","background-repeat":"repeat","background-position":"center center","background-size":"auto","background-attachment":"scroll","background-type":"","background-media":"","overlay-type":"","overlay-color":"","overlay-opacity":"","overlay-gradient":""},"mobile":{"background-color":"","background-image":"","background-repeat":"repeat","background-position":"center center","background-size":"auto","background-attachment":"scroll","background-type":"","background-media":"","overlay-type":"","overlay-color":"","overlay-opacity":"","overlay-gradient":""}},"ast-content-background-meta":{"desktop":{"background-color":"var(--ast-global-color-5)","background-image":"","background-repeat":"repeat","background-position":"center center","background-size":"auto","background-attachment":"scroll","background-type":"","background-media":"","overlay-type":"","overlay-color":"","overlay-opacity":"","overlay-gradient":""},"tablet":{"background-color":"var(--ast-global-color-5)","background-image":"","background-repeat":"repeat","background-position":"center center","background-size":"auto","background-attachment":"scroll","background-type":"","background-media":"","overlay-type":"","overlay-color":"","overlay-opacity":"","overlay-gradient":""},"mobile":{"background-color":"var(--ast-global-color-5)","background-image":"","background-repeat":"repeat","background-position":"center center","background-size":"auto","background-attachment":"scroll","background-type":"","background-media":"","overlay-type":"","overlay-color":"","overlay-opacity":"","overlay-gradient":""}},"footnotes":""},"class_list":["post-7208","page","type-page","status-publish","hentry"],"acf":[],"_links":{"self":[{"href":"https:\/\/yindamachinery.com\/fr\/wp-json\/wp\/v2\/pages\/7208","targetHints":{"allow":["GET"]}}],"collection":[{"href":"https:\/\/yindamachinery.com\/fr\/wp-json\/wp\/v2\/pages"}],"about":[{"href":"https:\/\/yindamachinery.com\/fr\/wp-json\/wp\/v2\/types\/page"}],"author":[{"embeddable":true,"href":"https:\/\/yindamachinery.com\/fr\/wp-json\/wp\/v2\/users\/1"}],"replies":[{"embeddable":true,"href":"https:\/\/yindamachinery.com\/fr\/wp-json\/wp\/v2\/comments?post=7208"}],"version-history":[{"count":1,"href":"https:\/\/yindamachinery.com\/fr\/wp-json\/wp\/v2\/pages\/7208\/revisions"}],"predecessor-version":[{"id":8896,"href":"https:\/\/yindamachinery.com\/fr\/wp-json\/wp\/v2\/pages\/7208\/revisions\/8896"}],"wp:attachment":[{"href":"https:\/\/yindamachinery.com\/fr\/wp-json\/wp\/v2\/media?parent=7208"}],"curies":[{"name":"wp","href":"https:\/\/api.w.org\/{rel}","templated":true}]}}