{"id":7159,"date":"2022-06-01T05:05:30","date_gmt":"2022-06-01T05:05:30","guid":{"rendered":"https:\/\/yindamachinery.com\/?page_id=7159"},"modified":"2025-10-20T15:14:42","modified_gmt":"2025-10-20T15:14:42","slug":"etude-de-cas-additifs-alimentaires","status":"publish","type":"page","link":"https:\/\/yindamachinery.com\/fr\/etude-de-cas-additifs-alimentaires\/","title":{"rendered":"\u00c9tude de cas sur les additifs alimentaires"},"content":{"rendered":"<div data-elementor-type=\"wp-page\" data-elementor-id=\"7159\" class=\"elementor elementor-7159\">\n\t\t\t\t\t\t<section class=\"elementor-section elementor-top-section elementor-element elementor-element-42b7645 elementor-section-boxed elementor-section-height-default elementor-section-height-default\" data-id=\"42b7645\" data-element_type=\"section\" data-e-type=\"section\">\n\t\t\t\t\t\t<div class=\"elementor-container elementor-column-gap-default\">\n\t\t\t\t\t<div class=\"elementor-column elementor-col-66 elementor-top-column elementor-element elementor-element-4b2012d\" data-id=\"4b2012d\" data-element_type=\"column\" data-e-type=\"column\">\n\t\t\t<div class=\"elementor-widget-wrap elementor-element-populated\">\n\t\t\t\t\t\t<div class=\"elementor-element elementor-element-11fb7e7 elementor-widget elementor-widget-text-editor\" data-id=\"11fb7e7\" data-element_type=\"widget\" data-e-type=\"widget\" data-widget_type=\"text-editor.default\">\n\t\t\t\t<div class=\"elementor-widget-container\">\n\t\t\t\t\t\t\t\t\t<h2>1-\u00a0<strong>F<\/strong><strong>\u00e9tude de cas sur les additifs alimentaires<\/strong><strong>: yinda comme solution de traitement de la manipulation des poudres<\/strong><\/h2><p><img decoding=\"async\" class=\"alignnone size-full wp-image-7166\" src=\"https:\/\/yindamachinery.com\/wp-content\/uploads\/2022\/06\/Food-additives-case-study-5.png\" alt=\"\u00e9tude de cas sur les additifs alimentaires (5)\" width=\"318\" height=\"124\" srcset=\"https:\/\/yindamachinery.com\/wp-content\/uploads\/2022\/06\/Food-additives-case-study-5.png 318w, https:\/\/yindamachinery.com\/wp-content\/uploads\/2022\/06\/Food-additives-case-study-5-18x7.png 18w\" sizes=\"(max-width: 318px) 100vw, 318px\" \/><\/p><p>Source : ICFOOD Vi\u1ec7t Nam ( https:\/\/icfood.vn\/)<\/p><p>Yinda Machinery est une entreprise reconnue internationalement qui propose des solutions pour les entreprises travaillant dans le domaine de la manipulation des poudres. Avec plus de 20 ans d&#039;exp\u00e9rience dans l&#039;industrie de la manipulation de poudre et l&#039;exposition de travailler avec plus de centaines de clients satisfaits, Yinda Machinery est l&#039;une des entreprises de fabrication de machines de manipulation de poudre les plus accomplies.<\/p><p>Yinda Machinery a toutes les solutions pour les entreprises impliqu\u00e9es directement ou indirectement dans le secteur de la manipulation de poudre.<\/p><h2>2-\u00a0<strong>Que fait icfood ?<\/strong><\/h2><p>ICFOOD est un nom c\u00e9l\u00e8bre dans l&#039;industrie de transformation des additifs alimentaires de l&#039;Est. En mati\u00e8re de qualit\u00e9 et de r\u00e9putation, ICFOOD est un nom \u00e0 retenir. ICFOOD est sp\u00e9cialis\u00e9 dans la conservation des denr\u00e9es alimentaires, des mati\u00e8res premi\u00e8res, des produits pharmaceutiques et des produits d&#039;\u00e9levage. L&#039;objectif principal d&#039;ICFOOD est de pr\u00e9server le caract\u00e8re naturel de la nourriture et de la prot\u00e9ger de l&#039;environnement en constante d\u00e9t\u00e9rioration.<\/p><p>ICFOOD croit fermement que le caract\u00e8re naturel des produits sera une caract\u00e9ristique d\u00e9terminante dans l&#039;avenir des industries de transformation des aliments et de fabrication d&#039;additifs.<\/p><p><img fetchpriority=\"high\" decoding=\"async\" class=\"alignnone size-full wp-image-7162\" src=\"https:\/\/yindamachinery.com\/wp-content\/uploads\/2022\/06\/Food-additives-case-study-1.png\" alt=\"\u00e9tude de cas sur les additifs alimentaires (1)\" width=\"668\" height=\"315\" srcset=\"https:\/\/yindamachinery.com\/wp-content\/uploads\/2022\/06\/Food-additives-case-study-1.png 668w, https:\/\/yindamachinery.com\/wp-content\/uploads\/2022\/06\/Food-additives-case-study-1-18x8.png 18w\" sizes=\"(max-width: 668px) 100vw, 668px\" \/><\/p><p>Source : ICFOOD Vi\u1ec7t Nam ( https:\/\/icfood.vn\/)<\/p><h2>3-\u00a0<strong>Service diff\u00e9rent qui<\/strong><strong>\u00a0icfood<\/strong><strong>\u00a0fais?<\/strong><\/h2><p>\u00a0<\/p><p>ICFOOD est d\u00e9termin\u00e9 \u00e0 remplir son objectif de garder les produits alimentaires, pharmaceutiques et autres mati\u00e8res premi\u00e8res frais et pr\u00e9serv\u00e9s contre les impacts environnementaux. Dans ce domaine, ICFOOD propose les services suivants :<\/p><ul><li>Fermentation microbienne<\/li><li>Fermentation alcoolique<\/li><li>Assaisonnement des aliments<\/li><li>Production d&#039;enzymes<\/li><\/ul><p>ICFOOD est \u00e9galement disponible pour toute consultation sur l&#039;exportation et le conditionnement des produits susmentionn\u00e9s. De plus, ICFOOD propose nombre de tutoriels \u00e0 ses clients pour comprendre le bon usage des additifs et des enzymes et r\u00e9aliser la recette id\u00e9ale de conservation des aliments.<\/p><p><img decoding=\"async\" class=\"alignnone size-full wp-image-7164\" src=\"https:\/\/yindamachinery.com\/wp-content\/uploads\/2022\/06\/Food-additives-case-study-3.png\" alt=\"\u00e9tude de cas sur les additifs alimentaires (3)\" width=\"302\" height=\"146\" srcset=\"https:\/\/yindamachinery.com\/wp-content\/uploads\/2022\/06\/Food-additives-case-study-3.png 302w, https:\/\/yindamachinery.com\/wp-content\/uploads\/2022\/06\/Food-additives-case-study-3-18x9.png 18w\" sizes=\"(max-width: 302px) 100vw, 302px\" \/><\/p><p>Source : ICFOOD Vi\u1ec7t Nam ( https:\/\/icfood.vn\/)<\/p><h2>4-\u00a0<strong>Cr\u00e9ation de <\/strong><strong>icfood<\/strong><strong>\u00a0produit<\/strong><\/h2><p>ICFOOD est fier du d\u00e9veloppement de ses produits de marque. Les principaux produits propos\u00e9s par ICFOOD sont les suivants\u00a0:<\/p><ul><li>Paroi cellulaire de levure<\/li><li>Levure Aqua S\u00e8che<\/li><li>Aqua Probiotiques<\/li><li>Aqua Licheniformis<\/li><li>BIO-KV01 (Label Vert)<\/li><li>BIO-KV01 (\u00e9tiquette jaune)<\/li><\/ul><p>En plus de ce qui pr\u00e9c\u00e8de, ICFOOD produit \u00e9galement les enzymes suivantes\u00a0:<\/p><ul><li>Prot\u00e9ase alcaline<\/li><li>Prot\u00e9ase acide<\/li><li>Prot\u00e9ase neutre<\/li><li>Gluco Amylase<\/li><li>Pectinase<\/li><li>Phytase FPTT (r\u00e9sistant \u00e0 la chaleur)<\/li><li>Phytase FPH \u2013 10 (non r\u00e9sistant \u00e0 la chaleur)<\/li><li>Lipase FLP-100<\/li><li>Xylanase FXY-100<\/li><li>Amylase FAM-5<\/li><li>Cellulase FCE-10<\/li><li>Alpha-Amylase AHA-100T<\/li><li>Gluco \u2013 Amylase GA-260<\/li><\/ul><p><img loading=\"lazy\" decoding=\"async\" class=\"alignnone size-full wp-image-7165\" src=\"https:\/\/yindamachinery.com\/wp-content\/uploads\/2022\/06\/Food-additives-case-study-4.png\" alt=\"\u00e9tude de cas sur les additifs alimentaires (4)\" width=\"298\" height=\"140\" srcset=\"https:\/\/yindamachinery.com\/wp-content\/uploads\/2022\/06\/Food-additives-case-study-4.png 298w, https:\/\/yindamachinery.com\/wp-content\/uploads\/2022\/06\/Food-additives-case-study-4-18x8.png 18w\" sizes=\"(max-width: 298px) 100vw, 298px\" \/><\/p><p>Source : ICFOOD Vi\u1ec7t Nam ( https:\/\/icfood.vn\/)<\/p><p>En ce qui concerne l&#039;assaisonnement alimentaire naturel des articles, les produits suivants sont propos\u00e9s par ICFOOD\u00a0:<\/p><ul><li>Extrait de levure SA322<\/li><li>Haut Umami<\/li><li>Extrait de levure HU01<\/li><li>P\u00e2te Hyomoro<\/li><li>Poudre de prot\u00e9ine de soja<\/li><li>Mitop<\/li><\/ul><p>ICFOOD propose \u00e9galement de nombreux autres produits, qui peuvent \u00eatre consult\u00e9s sur leur site Web.<\/p><h2>5-\u00a0<strong>Quels pays desservent-ils\u00a0?<\/strong><\/h2><p>L&#039;Europe \uf0d7<\/p><ul><li>Danemark<\/li><li>Italie<\/li><li>Finlande<\/li><li>Russie<\/li><\/ul><p>Asie<\/p><ul><li>Chine<\/li><li>Inde<\/li><li>Ta\u00efwan<\/li><li>Tha\u00eflande<\/li><li>\u00c9mirats arabes unis<\/li><li>Arabie Saoudite<\/li><li>Qatar<\/li><li>Oman<\/li><li>Malaisie<\/li><li>Singapour<\/li><\/ul><p>Afrique<\/p><ul><li>Afrique du Sud<\/li><li>Nigeria<\/li><li>Kenya<\/li><\/ul><p>Australie<\/p><ul><li>Nouvelle-Z\u00e9lande<\/li><li>Australie<\/li><\/ul><p>Am\u00e9rique du Sud<\/p><ul><li>Chili<\/li><li>Br\u00e9sil<\/li><\/ul><h2>6-\u00a0<strong>\u00c9quipement, machines et composants <\/strong><strong>ICFOOD <\/strong><strong>utilisation?<\/strong><\/h2><p>(m\u00e9langeur \u00e0 ruban et rectifieuse de poudre)<\/p><p><img loading=\"lazy\" decoding=\"async\" class=\"alignnone size-full wp-image-7163\" src=\"https:\/\/yindamachinery.com\/wp-content\/uploads\/2022\/06\/Food-additives-case-study-2.png\" alt=\"\u00e9tude de cas sur les additifs alimentaires (2)\" width=\"303\" height=\"199\" srcset=\"https:\/\/yindamachinery.com\/wp-content\/uploads\/2022\/06\/Food-additives-case-study-2.png 303w, https:\/\/yindamachinery.com\/wp-content\/uploads\/2022\/06\/Food-additives-case-study-2-18x12.png 18w\" sizes=\"(max-width: 303px) 100vw, 303px\" \/><\/p><p>ICFOOD utilise largement le m\u00e9langeur \u00e0 ruban et la rectifieuse de poudre de Yinda Machinery pour la production de ses produits. \u00c9tant donn\u00e9 qu&#039;ICFOOD est impliqu\u00e9 dans le processus de conservation et d&#039;additifs alimentaires, les machines de manipulation de poudre de Yinda Machinery sont une combinaison naturelle.<\/p><p>Tous les composants de remplacement de la machine sont disponibles aupr\u00e8s de Yinda Machinery et \u00e0 la demande du client, les pi\u00e8ces d\u00e9fectueuses sont remplac\u00e9es dans les plus brefs d\u00e9lais.<\/p><h2>7-\u00a0<strong>Machines de fabrication et de cr\u00e9ation de mati\u00e8res premi\u00e8res<\/strong><\/h2><p>La mati\u00e8re premi\u00e8re utilis\u00e9e dans la fabrication de levure, d&#039;enzymes et d&#039;autres produits fabriqu\u00e9s par ICFOOD se pr\u00e9sente sous forme de poudre. Certains des mat\u00e9riaux utilis\u00e9s par ICFOOD sont \u00e9galement sous forme de p\u00e2te visqueuse et semi-liquide. Toutes ces mati\u00e8res premi\u00e8res doivent \u00eatre trait\u00e9es par les derni\u00e8res machines avant que le produit final ne soit pr\u00eat \u00e0 l&#039;emploi.<\/p><h2>8-\u00a0<strong>\u00c0 propos de notre soci\u00e9t\u00e9 - Qui est Yinda Machinery ?<\/strong><\/h2><p>Yinda Machinery est une marque leader dans les machines de manutention de poudre dans le monde. Avec ses machines de manutention de poudre \u00e0 la pointe de la technologie, Yinda Machinery collabore de mani\u00e8re intensive avec les entreprises d&#039;entreprises comme ICFOOD. Le m\u00e9langeur \u00e0 ruban et le broyeur de poudre constituent l&#039;\u00e9pine dorsale des processus dans de nombreuses entreprises comme ICFOOD.<\/p><p>\u00a0<\/p><h2>9-\u00a0<strong>Nous am\u00e9liorons les activit\u00e9s de nos clients<\/strong><\/h2><p>Yinda Machinery collabore toujours avec ses clients en fournissant les meilleures machines de la plus haute qualit\u00e9. Yinda Machinery travaille toujours en \u00e9troite collaboration avec ses clients comme ICFOOD pour d\u00e9terminer les domaines dans lesquels une assistance suppl\u00e9mentaire peut \u00eatre fournie. Cela rend les clients plus que de simples clients. Cela en fait une famille professionnelle et la famille est toujours prioritaire.<\/p><p>\u00a0<\/p><p>De plus, les machines de Yinda Machinery sont fiables et ne causent pas de probl\u00e8mes fr\u00e9quents pour arr\u00eater la production par lots. Par cons\u00e9quent, les clients de Yinda Machinery comme ICFOOD ont un grand avantage de sessions de production ininterrompues. Cette production fluide est assur\u00e9e par les longues heures de recherche de Yinda Machinery et le respect de normes de qualit\u00e9 \u00e9lev\u00e9es pour la fabrication de machines de manipulation de poudre. \u00a0<\/p><h2>10-\u00a0<strong>La meilleure manipulation de poudre <\/strong><strong>\u00e9quipement<\/strong><strong>\u00a0sur le march\u00e9<\/strong><\/h2><p>Yinda Machinery poss\u00e8de certains des meilleurs \u00e9quipements et machines pour la manipulation de poudre et les industries associ\u00e9es. De m\u00eame, Yinda Machinery propose des machines de manutention de poudre de la plus haute qualit\u00e9 conformes aux normes de qualit\u00e9 internationales.<\/p><p>La longue liste de t\u00e9moignages de clients satisfaits de Yinda Machinery est une annonce ouverte de la haute qualit\u00e9 des machines que l&#039;entreprise propose.<\/p><h2>11-\u00a0<strong>Les machines Yinda peuvent \u00eatre la solution compl\u00e8te pour vos besoins en syst\u00e8mes de manutention de poudre<\/strong><\/h2><p>En ce qui concerne la manipulation de poudre et les industries associ\u00e9es, Yinda Machinery est un nom \u00e0 retenir. Avec des machines de haute qualit\u00e9, une \u00e9quipe exp\u00e9riment\u00e9e et une direction dynamique, l&#039;entreprise offre toutes les solutions li\u00e9es \u00e0 la manutention des poudres sous un m\u00eame toit. Par cons\u00e9quent, si vous travaillez avec l&#039;industrie manufacturi\u00e8re, l&#039;industrie alimentaire ou toute autre industrie qui utilise les processus de manipulation de poudre, Yinda Machinery devrait \u00eatre votre prochain arr\u00eat. Parce que c&#039;est le guichet unique.<\/p><p>\u00a0<\/p>\t\t\t\t\t\t\t\t<\/div>\n\t\t\t\t<\/div>\n\t\t\t\t\t<\/div>\n\t\t<\/div>\n\t\t\t\t<div class=\"elementor-column elementor-col-33 elementor-top-column elementor-element elementor-element-57e0aab\" data-id=\"57e0aab\" data-element_type=\"column\" data-e-type=\"column\">\n\t\t\t<div class=\"elementor-widget-wrap elementor-element-populated\">\n\t\t\t\t\t\t<div class=\"elementor-element elementor-element-1ebbba2 elementor-widget elementor-widget-text-editor\" data-id=\"1ebbba2\" data-element_type=\"widget\" data-e-type=\"widget\" data-widget_type=\"text-editor.default\">\n\t\t\t\t<div class=\"elementor-widget-container\">\n\t\t\t\t\t\t\t\t\t<p><\/p>\t\t\t\t\t\t\t\t<\/div>\n\t\t\t\t<\/div>\n\t\t\t\t<div class=\"elementor-element elementor-element-c9e9dab elementor-widget elementor-widget-sidebar\" data-id=\"c9e9dab\" data-element_type=\"widget\" data-e-type=\"widget\" data-widget_type=\"sidebar.default\">\n\t\t\t\t<div class=\"elementor-widget-container\">\n\t\t\t\t\t<aside id=\"search-2\" class=\"widget widget_search\"><form role=\"search\" method=\"get\" class=\"search-form\" action=\"https:\/\/yindamachinery.com\/fr\/\" data-trp-original-action=\"https:\/\/yindamachinery.com\/fr\/\">\n\t<label for=\"search-field\">\n\t\t<span class=\"screen-reader-text\">Rechercher :<\/span>\n\t\t<input type=\"search\" id=\"search-field\" class=\"search-field\"   placeholder=\"Recherch\u00e9\u2026\" value=\"\" name=\"s\" tabindex=\"-1\">\n\t\t\t<\/label>\n\t\t\t<input type=\"submit\" class=\"search-submit\" value=\"Rechercher\">\n\t<input type=\"hidden\" name=\"trp-form-language\" value=\"fr\"\/><\/form>\n<\/aside>\n\t\t<aside id=\"recent-posts-3\" class=\"widget widget_recent_entries\">\n\t\t<h2 class=\"widget-title\">Nouveaux produits<\/h2><nav aria-label=\"Nouveaux produits\">\n\t\t<ul>\n\t\t\t\t\t\t\t\t\t\t\t<li>\n\t\t\t\t\t<a href=\"https:\/\/yindamachinery.com\/fr\/industrial-chemicals-grinding-plant-high-performance-powder-processing-by-yinda-machinery\/\">Industrial Chemicals Grinding Plant \u2013 High-Performance Powder Processing by Yinda Machinery<\/a>\n\t\t\t\t\t\t\t\t\t<\/li>\n\t\t\t\t\t\t\t\t\t\t\t<li>\n\t\t\t\t\t<a href=\"https:\/\/yindamachinery.com\/fr\/vibrating-screen-machines-a-complete-guide-to-efficient-particle-separation-with-yinda-machinery\/\">Vibrating Screen Machines: A Complete Guide to Efficient Particle Separation with Yinda Machinery<\/a>\n\t\t\t\t\t\t\t\t\t<\/li>\n\t\t\t\t\t\t\t\t\t\t\t<li>\n\t\t\t\t\t<a href=\"https:\/\/yindamachinery.com\/fr\/how-an-air-classifier-mill-ensures-ultrafine-and-uniform-particle-size-after-sulfur-grinding\/\">How an Air Classifier Mill Ensures Ultrafine and Uniform Particle Size After Sulfur Grinding<\/a>\n\t\t\t\t\t\t\t\t\t<\/li>\n\t\t\t\t\t\t\t\t\t\t\t<li>\n\t\t\t\t\t<a href=\"https:\/\/yindamachinery.com\/fr\/carom-seeds-grinding-machine-for-small-and-large-capacity-production\/\">Carom Seeds Grinding Machine for Small and Large Capacity Production<\/a>\n\t\t\t\t\t\t\t\t\t<\/li>\n\t\t\t\t\t\t\t\t\t\t\t<li>\n\t\t\t\t\t<a href=\"https:\/\/yindamachinery.com\/fr\/advanced-instant-tea-processing-equipment-pin-mill-with-pulse-dust-collection-system-solution-for-crystal-instant-tea\/\">Advanced Instant Tea Processing Equipment Pin Mill with Pulse Dust Collection System Solution for Crystal Instant Tea<\/a>\n\t\t\t\t\t\t\t\t\t<\/li>\n\t\t\t\t\t<\/ul>\n\n\t\t<\/nav><\/aside><aside id=\"categories-2\" class=\"widget widget_categories\"><h2 class=\"widget-title\">Recherche rapide<\/h2><nav aria-label=\"Recherche rapide\">\n\t\t\t<ul>\n\t\t\t\t\t<li class=\"cat-item cat-item-1\"><a href=\"https:\/\/yindamachinery.com\/fr\/categorie\/blog\/\">Blog<\/a>\n<\/li>\n\t<li class=\"cat-item cat-item-12\"><a href=\"https:\/\/yindamachinery.com\/fr\/categorie\/melangeur-a-double-cone\/\">M\u00e9langeur \u00e0 double c\u00f4ne<\/a>\n<\/li>\n\t<li class=\"cat-item cat-item-10\"><a href=\"https:\/\/yindamachinery.com\/fr\/categorie\/ruban-melangeur\/\">M\u00e9langeur de ruban<\/a>\n<\/li>\n\t\t\t<\/ul>\n\n\t\t\t<\/nav><\/aside><aside id=\"custom_html-8\" class=\"widget_text widget widget_custom_html\"><div class=\"textwidget custom-html-widget\"><div class=\"quickQuote divScroll\">\r\n<div class=\"quickQuoteTitle\">Envoyez votre demande aujourd&#039;hui<\/div>\r\n<form name=\"form1\" method=\"post\" action=\"https:\/\/yindamachinery.wufoo.com\/forms\/z1w948rh0coebsw\/#public\">\r\n<input name=\"Field1\" type=\"text\" value=\"\" placeholder=\"Nom*\" required \/>\r\n<input name=\"Field2\" type=\"email\" value=\"\" placeholder=\"E-mail*\" required \/>\r\n<input name=\"Field3\" type=\"text\" value=\"\" placeholder=\"T\u00e9l\u00e9phoner\" \/>\r\n<textarea name=\"Field4\" placeholder=\"Un message*\" required><\/textarea>\r\n<div class=\"hidden\"><input name=\"Field5\" type=\"text\" value=\"http:\/\/yindamachinery.com\/fr\/wp-json\/wp\/v2\/pages\/7159\"\/><\/div>\r\n<div class=\"hidden\"><input name=\"Field6\" type=\"text\" value=\"216.73.217.113, Columbus, United States\"\/><\/div>\r\n<div class=\"text-right\"><input name=\"saveForm\" type=\"submit\" value=\"Nous faire parvenir\"\/><\/div>\r\n<div class=\"hidden\">\r\n<textarea name=\"comment\" id=\"comment\" rows=\"1\" cols=\"1\"><\/textarea>\r\n<input type=\"hidden\" id=\"idstamp\" name=\"idstamp\" value=\"Z76ScsiwY4S4aTigjiNXzc+TU2c4yz9sdD5K49qczUs=\" >\r\n<input type=\"hidden\" id=\"encryptedPassword\" name=\"encryptedPassword\" value=\"\" >\r\n<\/div>\r\n<\/form>\r\n<\/div><\/div><\/aside>\t\t\t\t<\/div>\n\t\t\t\t<\/div>\n\t\t\t\t\t<\/div>\n\t\t<\/div>\n\t\t\t\t\t<\/div>\n\t\t<\/section>\n\t\t\t\t<\/div>","protected":false},"excerpt":{"rendered":"<p>1-\u00a0Food additives case study: yinda as an powder handling processing solution Source:\u00a0ICFOOD Vi\u1ec7t Nam ( https:\/\/icfood.vn\/) Yinda Machinery is an internationally recognized company that offers solutions for companies working in the powder handling domain. With over 20 years of experience in the powder handling industry and exposure of working with over hundreds of satisfied clients, [&hellip;]<\/p>\n","protected":false},"author":1,"featured_media":0,"parent":0,"menu_order":0,"comment_status":"closed","ping_status":"closed","template":"","meta":{"_acf_changed":false,"_seopress_robots_primary_cat":"","_seopress_titles_title":"Food Additives Case Study | Yinda Machinery","_seopress_titles_desc":"Explore the Food Additives Case Study by Yinda Machinery.","_seopress_robots_index":"","site-sidebar-layout":"no-sidebar","site-content-layout":"page-builder","ast-site-content-layout":"default","site-content-style":"default","site-sidebar-style":"default","ast-global-header-display":"","ast-banner-title-visibility":"","ast-main-header-display":"","ast-hfb-above-header-display":"","ast-hfb-below-header-display":"","ast-hfb-mobile-header-display":"","site-post-title":"disabled","ast-breadcrumbs-content":"","ast-featured-img":"disabled","footer-sml-layout":"","ast-disable-related-posts":"","theme-transparent-header-meta":"default","adv-header-id-meta":"","stick-header-meta":"","header-above-stick-meta":"","header-main-stick-meta":"","header-below-stick-meta":"","astra-migrate-meta-layouts":"default","ast-page-background-enabled":"default","ast-page-background-meta":{"desktop":{"background-color":"","background-image":"","background-repeat":"repeat","background-position":"center center","background-size":"auto","background-attachment":"scroll","background-type":"","background-media":"","overlay-type":"","overlay-color":"","overlay-opacity":"","overlay-gradient":""},"tablet":{"background-color":"","background-image":"","background-repeat":"repeat","background-position":"center center","background-size":"auto","background-attachment":"scroll","background-type":"","background-media":"","overlay-type":"","overlay-color":"","overlay-opacity":"","overlay-gradient":""},"mobile":{"background-color":"","background-image":"","background-repeat":"repeat","background-position":"center center","background-size":"auto","background-attachment":"scroll","background-type":"","background-media":"","overlay-type":"","overlay-color":"","overlay-opacity":"","overlay-gradient":""}},"ast-content-background-meta":{"desktop":{"background-color":"var(--ast-global-color-5)","background-image":"","background-repeat":"repeat","background-position":"center center","background-size":"auto","background-attachment":"scroll","background-type":"","background-media":"","overlay-type":"","overlay-color":"","overlay-opacity":"","overlay-gradient":""},"tablet":{"background-color":"var(--ast-global-color-5)","background-image":"","background-repeat":"repeat","background-position":"center center","background-size":"auto","background-attachment":"scroll","background-type":"","background-media":"","overlay-type":"","overlay-color":"","overlay-opacity":"","overlay-gradient":""},"mobile":{"background-color":"var(--ast-global-color-5)","background-image":"","background-repeat":"repeat","background-position":"center center","background-size":"auto","background-attachment":"scroll","background-type":"","background-media":"","overlay-type":"","overlay-color":"","overlay-opacity":"","overlay-gradient":""}},"footnotes":""},"class_list":["post-7159","page","type-page","status-publish","hentry"],"acf":[],"_links":{"self":[{"href":"https:\/\/yindamachinery.com\/fr\/wp-json\/wp\/v2\/pages\/7159","targetHints":{"allow":["GET"]}}],"collection":[{"href":"https:\/\/yindamachinery.com\/fr\/wp-json\/wp\/v2\/pages"}],"about":[{"href":"https:\/\/yindamachinery.com\/fr\/wp-json\/wp\/v2\/types\/page"}],"author":[{"embeddable":true,"href":"https:\/\/yindamachinery.com\/fr\/wp-json\/wp\/v2\/users\/1"}],"replies":[{"embeddable":true,"href":"https:\/\/yindamachinery.com\/fr\/wp-json\/wp\/v2\/comments?post=7159"}],"version-history":[{"count":1,"href":"https:\/\/yindamachinery.com\/fr\/wp-json\/wp\/v2\/pages\/7159\/revisions"}],"predecessor-version":[{"id":8930,"href":"https:\/\/yindamachinery.com\/fr\/wp-json\/wp\/v2\/pages\/7159\/revisions\/8930"}],"wp:attachment":[{"href":"https:\/\/yindamachinery.com\/fr\/wp-json\/wp\/v2\/media?parent=7159"}],"curies":[{"name":"wp","href":"https:\/\/api.w.org\/{rel}","templated":true}]}}