{"id":7129,"date":"2022-05-31T12:12:48","date_gmt":"2022-05-31T12:12:48","guid":{"rendered":"https:\/\/yindamachinery.com\/?page_id=7129"},"modified":"2025-10-21T09:31:33","modified_gmt":"2025-10-21T09:31:33","slug":"granulateur-humide","status":"publish","type":"page","link":"https:\/\/yindamachinery.com\/fr\/granulateur-humide\/","title":{"rendered":"Granulateur humide"},"content":{"rendered":"<div data-elementor-type=\"wp-page\" data-elementor-id=\"7129\" class=\"elementor elementor-7129\">\n\t\t\t\t\t\t<section class=\"elementor-section elementor-top-section elementor-element elementor-element-781c4e8f elementor-section-boxed elementor-section-height-default elementor-section-height-default\" data-id=\"781c4e8f\" data-element_type=\"section\" data-e-type=\"section\">\n\t\t\t\t\t\t<div class=\"elementor-container elementor-column-gap-default\">\n\t\t\t\t\t<div class=\"elementor-column elementor-col-50 elementor-top-column elementor-element elementor-element-1847cb4a\" data-id=\"1847cb4a\" data-element_type=\"column\" data-e-type=\"column\">\n\t\t\t<div class=\"elementor-widget-wrap elementor-element-populated\">\n\t\t\t\t\t\t<div class=\"elementor-element elementor-element-1ff8fd55 elementor-widget elementor-widget-text-editor\" data-id=\"1ff8fd55\" data-element_type=\"widget\" data-e-type=\"widget\" data-widget_type=\"text-editor.default\">\n\t\t\t\t<div class=\"elementor-widget-container\">\n\t\t\t\t\t\t\t\t\t<h1 style=\"text-align: center;\">Granulateur humide<\/h1><p>Yinda est l&#039;un des meilleurs fabricants et fournisseurs de granulateurs humides en Chine. Si vous recherchez un granulateur humide, vous pouvez nous r\u00e9pondre.<\/p>\t\t\t\t\t\t\t\t<\/div>\n\t\t\t\t<\/div>\n\t\t\t\t<div class=\"elementor-element elementor-element-38771a9 elementor-widget elementor-widget-image\" data-id=\"38771a9\" data-element_type=\"widget\" data-e-type=\"widget\" data-widget_type=\"image.default\">\n\t\t\t\t<div class=\"elementor-widget-container\">\n\t\t\t\t\t\t\t\t\t\t\t\t\t\t\t<img fetchpriority=\"high\" decoding=\"async\" width=\"437\" height=\"331\" src=\"https:\/\/yindamachinery.com\/wp-content\/uploads\/2022\/05\/High-Speed-wet-granulator.png\" class=\"attachment-large size-large wp-image-7134\" alt=\"granulateur humide \u00e0 grande vitesse\" srcset=\"https:\/\/yindamachinery.com\/wp-content\/uploads\/2022\/05\/High-Speed-wet-granulator.png 437w, https:\/\/yindamachinery.com\/wp-content\/uploads\/2022\/05\/High-Speed-wet-granulator-16x12.png 16w\" sizes=\"(max-width: 437px) 100vw, 437px\" \/>\t\t\t\t\t\t\t\t\t\t\t\t\t\t\t<\/div>\n\t\t\t\t<\/div>\n\t\t\t\t\t<\/div>\n\t\t<\/div>\n\t\t\t\t<div class=\"elementor-column elementor-col-50 elementor-top-column elementor-element elementor-element-1ffced9\" data-id=\"1ffced9\" data-element_type=\"column\" data-e-type=\"column\">\n\t\t\t<div class=\"elementor-widget-wrap elementor-element-populated\">\n\t\t\t\t\t\t<div class=\"elementor-element elementor-element-c4f08fe elementor-widget elementor-widget-spacer\" data-id=\"c4f08fe\" data-element_type=\"widget\" data-e-type=\"widget\" data-widget_type=\"spacer.default\">\n\t\t\t\t<div class=\"elementor-widget-container\">\n\t\t\t\t\t\t\t<div class=\"elementor-spacer\">\n\t\t\t<div class=\"elementor-spacer-inner\"><\/div>\n\t\t<\/div>\n\t\t\t\t\t\t<\/div>\n\t\t\t\t<\/div>\n\t\t\t\t<div class=\"elementor-element elementor-element-4c03a0f3 elementor-widget elementor-widget-text-editor\" data-id=\"4c03a0f3\" data-element_type=\"widget\" data-e-type=\"widget\" data-widget_type=\"text-editor.default\">\n\t\t\t\t<div class=\"elementor-widget-container\">\n\t\t\t\t\t\t\t\t\t<h2 style=\"text-align: center;\"><strong>Solution de granulateur humide \u00e0 grande vitesse<\/strong><\/h2><ul><li>Les granulateurs humides sont un type d&#039;\u00e9quipement utilis\u00e9 dans l&#039;industrie pharmaceutique pour granuler par voie humide des poudres pharmaceutiques.\u00a0<\/li><li>La granulation par voie humide est un processus d&#039;ajout d&#039;un liant liquide aux poudres pour former des agglom\u00e9rats ou des granul\u00e9s.\u00a0<\/li><li>Le liant liquide aidera la poudre \u00e0 se lier et \u00e0 former des granul\u00e9s.\u00a0<\/li><li>La granulation humide est utilis\u00e9e pour de nombreux types de produits pharmaceutiques, notamment les comprim\u00e9s, les g\u00e9lules et les poudres.\u00a0<\/li><li>Les granulateurs humides peuvent \u00eatre utilis\u00e9s pour les productions \u00e0 grande et \u00e0 petite \u00e9chelle. Les granulateurs humides peuvent \u00eatre des processus discontinus ou continus.\u00a0<\/li><\/ul>\t\t\t\t\t\t\t\t<\/div>\n\t\t\t\t<\/div>\n\t\t\t\t<div class=\"elementor-element elementor-element-05c9974 elementor-align-center elementor-widget elementor-widget-button\" data-id=\"05c9974\" data-element_type=\"widget\" data-e-type=\"widget\" data-widget_type=\"button.default\">\n\t\t\t\t<div class=\"elementor-widget-container\">\n\t\t\t\t\t\t\t\t\t<div class=\"elementor-button-wrapper\">\n\t\t\t\t\t<a class=\"elementor-button elementor-button-link elementor-size-md\" href=\"https:\/\/yindamachinery.com\/fr\/nous-contacter\/\">\n\t\t\t\t\t\t<span class=\"elementor-button-content-wrapper\">\n\t\t\t\t\t\t\t\t\t<span class=\"elementor-button-text\">OBTENEZ UN DEVIS MAINTENANT\u00a0!<\/span>\n\t\t\t\t\t<\/span>\n\t\t\t\t\t<\/a>\n\t\t\t\t<\/div>\n\t\t\t\t\t\t\t\t<\/div>\n\t\t\t\t<\/div>\n\t\t\t\t\t<\/div>\n\t\t<\/div>\n\t\t\t\t\t<\/div>\n\t\t<\/section>\n\t\t\t\t<section class=\"elementor-section elementor-top-section elementor-element elementor-element-deb1adc elementor-section-boxed elementor-section-height-default elementor-section-height-default\" data-id=\"deb1adc\" data-element_type=\"section\" data-e-type=\"section\">\n\t\t\t\t\t\t<div class=\"elementor-container elementor-column-gap-default\">\n\t\t\t\t\t<div class=\"elementor-column elementor-col-50 elementor-top-column elementor-element elementor-element-f11b978\" data-id=\"f11b978\" data-element_type=\"column\" data-e-type=\"column\">\n\t\t\t<div class=\"elementor-widget-wrap elementor-element-populated\">\n\t\t\t\t\t\t<div class=\"elementor-element elementor-element-729c2ef elementor-widget elementor-widget-text-editor\" data-id=\"729c2ef\" data-element_type=\"widget\" data-e-type=\"widget\" data-widget_type=\"text-editor.default\">\n\t\t\t\t<div class=\"elementor-widget-container\">\n\t\t\t\t\t\t\t\t\t<h2 style=\"text-align: center;\">Caract\u00e9ristique de granulateur humide\u00a0:<\/h2><ul><li>Une grande uniformit\u00e9, une proportion tr\u00e8s diff\u00e9rente peut \u00e9galement se m\u00e9langer uniform\u00e9ment.<\/li><li>Temps de m\u00e9lange court, environ 5 ~ 10 min\/lot termin\u00e9.<\/li><li>Bonne \u00e9tanch\u00e9it\u00e9, utilisez un airbag pour serrer le couvercle.<\/li><li>Dispositif de verrouillage multi-s\u00e9curit\u00e9, haute s\u00e9curit\u00e9.<\/li><li>\u00c9quipement en option pour diff\u00e9rentes caract\u00e9ristiques du produit.<\/li><li>Les fonctions multiples de m\u00e9lange, de granulation et de s\u00e9chage peuvent produire des m\u00e9dicaments hormonaux ou anticanc\u00e9reux.<\/li><li>Toute la conception et la fabrication sont conformes aux normes cGMP et aux exigences de la FDA pour maintenir le mat\u00e9riau en bonne sant\u00e9.<\/li><li>Un syst\u00e8me API avec interface utilisateur graphique peut \u00eatre propos\u00e9.<\/li><\/ul>\t\t\t\t\t\t\t\t<\/div>\n\t\t\t\t<\/div>\n\t\t\t\t\t<\/div>\n\t\t<\/div>\n\t\t\t\t<div class=\"elementor-column elementor-col-50 elementor-top-column elementor-element elementor-element-40d1bb3d\" data-id=\"40d1bb3d\" data-element_type=\"column\" data-e-type=\"column\">\n\t\t\t<div class=\"elementor-widget-wrap elementor-element-populated\">\n\t\t\t\t\t\t<div class=\"elementor-element elementor-element-4e80c6b8 elementor-widget elementor-widget-text-editor\" data-id=\"4e80c6b8\" data-element_type=\"widget\" data-e-type=\"widget\" data-widget_type=\"text-editor.default\">\n\t\t\t\t<div class=\"elementor-widget-container\">\n\t\t\t\t\t\t\t\t\t<h2 style=\"text-align: center;\">Principe de fonctionnement du granulateur humide\u00a0:<\/h2><p>Les principes de fonctionnement du granulateur Rapid Mixer reposent sur deux facteurs d\u00e9cisifs essentiels pour le syst\u00e8me de m\u00e9lange intime.<\/p><ul><li>Tourner pr\u00e8s du fond du bol m\u00e9langeur<\/li><li>L&#039;impulseur fixe l&#039;ensemble du m\u00e9lange dans une mont\u00e9e tourbillonnante.<\/li><\/ul><p>Mouvement de culbutage assurant une distribution rapide et uniforme de tous les composants secs. Cela conduit \u00e0 une r\u00e9partition uniforme de tous les composants secs et \u00e0 un mouillage uniforme de chaque granule. le m\u00e9lange peut \u00eatre d\u00e9charg\u00e9 avec la roue traversant la sortie situ\u00e9e sur le c\u00f4t\u00e9 du bol de m\u00e9lange au ras du fond. L&#039;accessibilit\u00e9 facile pour le nettoyage est garantie par le profil bas. L&#039;outil de m\u00e9lange est facilement retir\u00e9 de l&#039;arbre d&#039;entra\u00eenement offrant une zone de m\u00e9lange d\u00e9gag\u00e9e qui peut \u00eatre nettoy\u00e9e tr\u00e8s facilement<\/p>\t\t\t\t\t\t\t\t<\/div>\n\t\t\t\t<\/div>\n\t\t\t\t\t<\/div>\n\t\t<\/div>\n\t\t\t\t\t<\/div>\n\t\t<\/section>\n\t\t\t\t<section class=\"elementor-section elementor-top-section elementor-element elementor-element-356e169 elementor-section-boxed elementor-section-height-default elementor-section-height-default\" data-id=\"356e169\" data-element_type=\"section\" data-e-type=\"section\">\n\t\t\t\t\t\t<div class=\"elementor-container elementor-column-gap-default\">\n\t\t\t\t\t<div class=\"elementor-column elementor-col-100 elementor-top-column elementor-element elementor-element-701c466\" data-id=\"701c466\" data-element_type=\"column\" data-e-type=\"column\">\n\t\t\t<div class=\"elementor-widget-wrap elementor-element-populated\">\n\t\t\t\t\t\t<div class=\"elementor-element elementor-element-c90f34d elementor-widget elementor-widget-text-editor\" data-id=\"c90f34d\" data-element_type=\"widget\" data-e-type=\"widget\" data-widget_type=\"text-editor.default\">\n\t\t\t\t<div class=\"elementor-widget-container\">\n\t\t\t\t\t\t\t\t\t<h2 style=\"text-align: center;\">Date technique du granulateur humide\u00a0:<\/h2><table><tbody><tr><td width=\"204\"><p>Mod\u00e8le<\/p><\/td><td width=\"111\"><p>YDSZ-5<\/p><\/td><td width=\"122\"><p>YDSZ-10<\/p><\/td><td width=\"129\"><p>YDSZ-50<\/p><\/td><td width=\"126\"><p>YDSZ-150<\/p><\/td><td width=\"155\"><p>YDSZ-200<\/p><\/td><td width=\"133\"><p>YDSZ-250<\/p><\/td><td width=\"156\"><p>YDSZ-300<\/p><\/td><td width=\"180\"><p>YDSZ-400<\/p><\/td><td width=\"120\"><p>YDSZ-600<\/p><\/td><td width=\"120\"><p>YDSZ-800<\/p><\/td><\/tr><tr><td width=\"204\"><p>Capacit\u00e9 de service(L)<\/p><\/td><td width=\"111\"><p>5<\/p><\/td><td width=\"122\"><p>10<\/p><\/td><td width=\"129\"><p>50<\/p><\/td><td width=\"126\"><p>150<\/p><\/td><td width=\"155\"><p>200<\/p><\/td><td width=\"133\"><p>250<\/p><\/td><td width=\"156\"><p>300<\/p><\/td><td width=\"180\"><p>400<\/p><\/td><td width=\"120\"><p>600<\/p><\/td><td width=\"120\"><p>800<\/p><\/td><\/tr><tr><td width=\"204\"><p>Vitesse rationnelle de la palette d&#039;agitation (rpm)<\/p><\/td><td width=\"111\"><p>300\/600<\/p><\/td><td width=\"122\"><p>300\/600<\/p><\/td><td width=\"129\"><p>200\/400<\/p><\/td><td width=\"126\"><p>180\/270<\/p><\/td><td width=\"155\"><p>180\/270<\/p><\/td><td width=\"133\"><p>180\/270<\/p><\/td><td width=\"156\"><p>140\/220<\/p><\/td><td width=\"180\"><p>106\/155<\/p><\/td><td width=\"120\"><p>80\/120<\/p><\/td><td width=\"120\"><p>66\/100<\/p><\/td><\/tr><tr><td width=\"204\"><p>Puissance du moteur \u00e0 palettes d&#039;agitation (kw)<\/p><\/td><td width=\"111\"><p>1.5\/2.2<\/p><\/td><td width=\"122\"><p>1.5\/2.2<\/p><\/td><td width=\"129\"><p>4\/5.5<\/p><\/td><td width=\"126\"><p>6.5\/8<\/p><\/td><td width=\"155\"><p>9\/11<\/p><\/td><td width=\"133\"><p>9\/11<\/p><\/td><td width=\"156\"><p>13\/16<\/p><\/td><td width=\"180\"><p>18.5\/22<\/p><\/td><td width=\"120\"><p>22\/30<\/p><\/td><td width=\"120\"><p>32\/42<\/p><\/td><\/tr><tr><td width=\"204\"><p>Vitesse rationnelle de la fraise(r\/min)<\/p><\/td><td colspan=\"10\" width=\"1356\"><p>\u00a0<\/p><p>1500\/3000<\/p><\/td><\/tr><tr><td width=\"204\"><p>Puissance du moteur de coupe (kw)<\/p><\/td><td width=\"111\"><p>0.85\/1.1<\/p><\/td><td width=\"122\"><p>0.85\/1.1<\/p><\/td><td width=\"129\"><p>1.3\/1.8<\/p><\/td><td width=\"126\"><p>2.4\/3<\/p><\/td><td width=\"155\"><p>4.5\/5.5<\/p><\/td><td width=\"133\"><p>4.5\/5.5<\/p><\/td><td width=\"156\"><p>4.5\/5.5<\/p><\/td><td width=\"180\"><p>6.5\/8<\/p><\/td><td width=\"120\"><p>9\/11<\/p><\/td><td width=\"120\"><p>9\/11<\/p><\/td><\/tr><\/tbody><\/table>\t\t\t\t\t\t\t\t<\/div>\n\t\t\t\t<\/div>\n\t\t\t\t\t<\/div>\n\t\t<\/div>\n\t\t\t\t\t<\/div>\n\t\t<\/section>\n\t\t\t\t<section class=\"elementor-section elementor-top-section elementor-element elementor-element-4c1d53f2 elementor-section-boxed elementor-section-height-default elementor-section-height-default\" data-id=\"4c1d53f2\" data-element_type=\"section\" data-e-type=\"section\">\n\t\t\t\t\t\t<div class=\"elementor-container elementor-column-gap-default\">\n\t\t\t\t\t<div class=\"elementor-column elementor-col-100 elementor-top-column elementor-element elementor-element-6d5d853b\" data-id=\"6d5d853b\" data-element_type=\"column\" data-e-type=\"column\">\n\t\t\t<div class=\"elementor-widget-wrap elementor-element-populated\">\n\t\t\t\t\t\t<div class=\"elementor-element elementor-element-2cac322a elementor-widget elementor-widget-spacer\" data-id=\"2cac322a\" data-element_type=\"widget\" data-e-type=\"widget\" data-widget_type=\"spacer.default\">\n\t\t\t\t<div class=\"elementor-widget-container\">\n\t\t\t\t\t\t\t<div class=\"elementor-spacer\">\n\t\t\t<div class=\"elementor-spacer-inner\"><\/div>\n\t\t<\/div>\n\t\t\t\t\t\t<\/div>\n\t\t\t\t<\/div>\n\t\t\t\t<div class=\"elementor-element elementor-element-54a0c885 elementor-widget elementor-widget-image\" data-id=\"54a0c885\" data-element_type=\"widget\" data-e-type=\"widget\" data-widget_type=\"image.default\">\n\t\t\t\t<div class=\"elementor-widget-container\">\n\t\t\t\t\t\t\t\t\t\t\t\t\t\t\t<img decoding=\"async\" width=\"550\" height=\"370\" src=\"https:\/\/yindamachinery.com\/wp-content\/uploads\/2020\/11\/YD-Powder-Handling-Systems-certification.png\" class=\"attachment-large size-large wp-image-850\" alt=\"Certification YD Powder Handling Systems\" \/>\t\t\t\t\t\t\t\t\t\t\t\t\t\t\t<\/div>\n\t\t\t\t<\/div>\n\t\t\t\t\t<\/div>\n\t\t<\/div>\n\t\t\t\t\t<\/div>\n\t\t<\/section>\n\t\t\t\t<section class=\"elementor-section elementor-top-section elementor-element elementor-element-4cefa06d elementor-section-boxed elementor-section-height-default elementor-section-height-default\" data-id=\"4cefa06d\" data-element_type=\"section\" data-e-type=\"section\">\n\t\t\t\t\t\t<div class=\"elementor-container elementor-column-gap-default\">\n\t\t\t\t\t<div class=\"elementor-column elementor-col-100 elementor-top-column elementor-element elementor-element-b38775\" data-id=\"b38775\" data-element_type=\"column\" data-e-type=\"column\">\n\t\t\t<div class=\"elementor-widget-wrap elementor-element-populated\">\n\t\t\t\t\t\t<div class=\"elementor-element elementor-element-61ac248a elementor-widget elementor-widget-text-editor\" data-id=\"61ac248a\" data-element_type=\"widget\" data-e-type=\"widget\" data-widget_type=\"text-editor.default\">\n\t\t\t\t<div class=\"elementor-widget-container\">\n\t\t\t\t\t\t\t\t\t<p style=\"text-align: center;\">Si vous \u00eates int\u00e9ress\u00e9 par nos granulateurs humides de haute qualit\u00e9, veuillez nous contacter imm\u00e9diatement pour r\u00e9pondre \u00e0 vos exigences.<\/p>\t\t\t\t\t\t\t\t<\/div>\n\t\t\t\t<\/div>\n\t\t\t\t<div class=\"elementor-element elementor-element-148338b6 elementor-align-center elementor-widget elementor-widget-button\" data-id=\"148338b6\" data-element_type=\"widget\" data-e-type=\"widget\" data-widget_type=\"button.default\">\n\t\t\t\t<div class=\"elementor-widget-container\">\n\t\t\t\t\t\t\t\t\t<div class=\"elementor-button-wrapper\">\n\t\t\t\t\t<a class=\"elementor-button elementor-button-link elementor-size-lg\" href=\"https:\/\/yindamachinery.com\/fr\/nous-contacter\/\">\n\t\t\t\t\t\t<span class=\"elementor-button-content-wrapper\">\n\t\t\t\t\t\t\t\t\t<span class=\"elementor-button-text\">Obtenez un devis maintenant\uff01<\/span>\n\t\t\t\t\t<\/span>\n\t\t\t\t\t<\/a>\n\t\t\t\t<\/div>\n\t\t\t\t\t\t\t\t<\/div>\n\t\t\t\t<\/div>\n\t\t\t\t<div class=\"elementor-element elementor-element-41f0012e elementor-widget elementor-widget-spacer\" data-id=\"41f0012e\" data-element_type=\"widget\" data-e-type=\"widget\" data-widget_type=\"spacer.default\">\n\t\t\t\t<div class=\"elementor-widget-container\">\n\t\t\t\t\t\t\t<div class=\"elementor-spacer\">\n\t\t\t<div class=\"elementor-spacer-inner\"><\/div>\n\t\t<\/div>\n\t\t\t\t\t\t<\/div>\n\t\t\t\t<\/div>\n\t\t\t\t\t<\/div>\n\t\t<\/div>\n\t\t\t\t\t<\/div>\n\t\t<\/section>\n\t\t\t\t<section class=\"elementor-section elementor-top-section elementor-element elementor-element-8b661d4 elementor-section-boxed elementor-section-height-default elementor-section-height-default\" data-id=\"8b661d4\" data-element_type=\"section\" data-e-type=\"section\">\n\t\t\t\t\t\t<div class=\"elementor-container elementor-column-gap-default\">\n\t\t\t\t\t<div class=\"elementor-column elementor-col-100 elementor-top-column elementor-element elementor-element-3ad5fda1\" data-id=\"3ad5fda1\" data-element_type=\"column\" data-e-type=\"column\">\n\t\t\t<div class=\"elementor-widget-wrap elementor-element-populated\">\n\t\t\t\t\t\t<div class=\"elementor-element elementor-element-57b4ff68 elementor-widget elementor-widget-text-editor\" data-id=\"57b4ff68\" data-element_type=\"widget\" data-e-type=\"widget\" data-widget_type=\"text-editor.default\">\n\t\t\t\t<div class=\"elementor-widget-container\">\n\t\t\t\t\t\t\t\t\t<h2 style=\"text-align: center;\">Yinda a import\u00e9 des pi\u00e8ces de rechange de la marque mondiale de l&#039;industrie aime\u00a0:<\/h2>\t\t\t\t\t\t\t\t<\/div>\n\t\t\t\t<\/div>\n\t\t\t\t\t<\/div>\n\t\t<\/div>\n\t\t\t\t\t<\/div>\n\t\t<\/section>\n\t\t\t\t<section class=\"elementor-section elementor-top-section elementor-element elementor-element-540130e9 elementor-section-boxed elementor-section-height-default elementor-section-height-default\" data-id=\"540130e9\" data-element_type=\"section\" data-e-type=\"section\">\n\t\t\t\t\t\t<div class=\"elementor-container elementor-column-gap-default\">\n\t\t\t\t\t<div class=\"elementor-column elementor-col-33 elementor-top-column elementor-element elementor-element-3cc58fe7\" data-id=\"3cc58fe7\" data-element_type=\"column\" data-e-type=\"column\">\n\t\t\t<div class=\"elementor-widget-wrap elementor-element-populated\">\n\t\t\t\t\t\t<div class=\"elementor-element elementor-element-5bb1dcb1 elementor-widget elementor-widget-image\" data-id=\"5bb1dcb1\" data-element_type=\"widget\" data-e-type=\"widget\" data-widget_type=\"image.default\">\n\t\t\t\t<div class=\"elementor-widget-container\">\n\t\t\t\t\t\t\t\t\t\t\t\t\t\t\t<img decoding=\"async\" width=\"370\" height=\"320\" src=\"https:\/\/yindamachinery.com\/wp-content\/uploads\/2021\/02\/yinda-machine-2.jpg\" class=\"attachment-large size-large wp-image-2727\" alt=\"yinda machine 2\" \/>\t\t\t\t\t\t\t\t\t\t\t\t\t\t\t<\/div>\n\t\t\t\t<\/div>\n\t\t\t\t\t<\/div>\n\t\t<\/div>\n\t\t\t\t<div class=\"elementor-column elementor-col-33 elementor-top-column elementor-element elementor-element-2c2f0100\" data-id=\"2c2f0100\" data-element_type=\"column\" data-e-type=\"column\">\n\t\t\t<div class=\"elementor-widget-wrap elementor-element-populated\">\n\t\t\t\t\t\t<div class=\"elementor-element elementor-element-34d35354 elementor-widget elementor-widget-image\" data-id=\"34d35354\" data-element_type=\"widget\" data-e-type=\"widget\" data-widget_type=\"image.default\">\n\t\t\t\t<div class=\"elementor-widget-container\">\n\t\t\t\t\t\t\t\t\t\t\t\t\t\t\t<img loading=\"lazy\" decoding=\"async\" width=\"370\" height=\"320\" src=\"https:\/\/yindamachinery.com\/wp-content\/uploads\/2021\/02\/yinda-machine-1-e1761985343327.jpg\" class=\"attachment-large size-large wp-image-2725\" alt=\"yinda machine 1\" \/>\t\t\t\t\t\t\t\t\t\t\t\t\t\t\t<\/div>\n\t\t\t\t<\/div>\n\t\t\t\t\t<\/div>\n\t\t<\/div>\n\t\t\t\t<div class=\"elementor-column elementor-col-33 elementor-top-column elementor-element elementor-element-62360972\" data-id=\"62360972\" data-element_type=\"column\" data-e-type=\"column\">\n\t\t\t<div class=\"elementor-widget-wrap elementor-element-populated\">\n\t\t\t\t\t\t<div class=\"elementor-element elementor-element-31fbbe39 elementor-widget elementor-widget-image\" data-id=\"31fbbe39\" data-element_type=\"widget\" data-e-type=\"widget\" data-widget_type=\"image.default\">\n\t\t\t\t<div class=\"elementor-widget-container\">\n\t\t\t\t\t\t\t\t\t\t\t\t\t\t\t<img loading=\"lazy\" decoding=\"async\" width=\"370\" height=\"320\" src=\"https:\/\/yindamachinery.com\/wp-content\/uploads\/2021\/02\/yinda-machine-3.jpg\" class=\"attachment-large size-large wp-image-2726\" alt=\"yinda machine 3\" \/>\t\t\t\t\t\t\t\t\t\t\t\t\t\t\t<\/div>\n\t\t\t\t<\/div>\n\t\t\t\t\t<\/div>\n\t\t<\/div>\n\t\t\t\t\t<\/div>\n\t\t<\/section>\n\t\t\t\t<section class=\"elementor-section elementor-top-section elementor-element elementor-element-5a40047b elementor-section-boxed elementor-section-height-default elementor-section-height-default\" data-id=\"5a40047b\" data-element_type=\"section\" data-e-type=\"section\">\n\t\t\t\t\t\t<div class=\"elementor-container elementor-column-gap-default\">\n\t\t\t\t\t<div class=\"elementor-column elementor-col-100 elementor-top-column elementor-element elementor-element-4491adc2\" data-id=\"4491adc2\" data-element_type=\"column\" data-e-type=\"column\">\n\t\t\t<div class=\"elementor-widget-wrap elementor-element-populated\">\n\t\t\t\t\t\t<div class=\"elementor-element elementor-element-527622be elementor-widget elementor-widget-spacer\" data-id=\"527622be\" data-element_type=\"widget\" data-e-type=\"widget\" data-widget_type=\"spacer.default\">\n\t\t\t\t<div class=\"elementor-widget-container\">\n\t\t\t\t\t\t\t<div class=\"elementor-spacer\">\n\t\t\t<div class=\"elementor-spacer-inner\"><\/div>\n\t\t<\/div>\n\t\t\t\t\t\t<\/div>\n\t\t\t\t<\/div>\n\t\t\t\t\t<\/div>\n\t\t<\/div>\n\t\t\t\t\t<\/div>\n\t\t<\/section>\n\t\t\t\t<\/div>","protected":false},"excerpt":{"rendered":"<p>Wet Granulator Yinda is one of the best wet granulator manufacturer&amp;supplier in China. If you are looking for wet granulator, you can reply on us. High Speed wet granulator Solution Wet granulators are a type of equipment used in the pharmaceutical industry to Wet granulate pharmaceutical powders.\u00a0 Wet granulation is a process of adding a [&hellip;]<\/p>\n","protected":false},"author":1,"featured_media":0,"parent":0,"menu_order":0,"comment_status":"closed","ping_status":"closed","template":"","meta":{"_acf_changed":false,"_seopress_robots_primary_cat":"","_seopress_titles_title":"Wet Granulator Machine | Yinda Machinery","_seopress_titles_desc":"Yinda's wet granulator has an oscillating rotor, stainless steel parts, and a capacity of 20-25 kg\/hour with mesh sizes from 6 to 50.","_seopress_robots_index":"","site-sidebar-layout":"no-sidebar","site-content-layout":"page-builder","ast-site-content-layout":"default","site-content-style":"default","site-sidebar-style":"default","ast-global-header-display":"","ast-banner-title-visibility":"","ast-main-header-display":"","ast-hfb-above-header-display":"","ast-hfb-below-header-display":"","ast-hfb-mobile-header-display":"","site-post-title":"disabled","ast-breadcrumbs-content":"","ast-featured-img":"disabled","footer-sml-layout":"","ast-disable-related-posts":"","theme-transparent-header-meta":"default","adv-header-id-meta":"","stick-header-meta":"","header-above-stick-meta":"","header-main-stick-meta":"","header-below-stick-meta":"","astra-migrate-meta-layouts":"default","ast-page-background-enabled":"default","ast-page-background-meta":{"desktop":{"background-color":"","background-image":"","background-repeat":"repeat","background-position":"center center","background-size":"auto","background-attachment":"scroll","background-type":"","background-media":"","overlay-type":"","overlay-color":"","overlay-opacity":"","overlay-gradient":""},"tablet":{"background-color":"","background-image":"","background-repeat":"repeat","background-position":"center center","background-size":"auto","background-attachment":"scroll","background-type":"","background-media":"","overlay-type":"","overlay-color":"","overlay-opacity":"","overlay-gradient":""},"mobile":{"background-color":"","background-image":"","background-repeat":"repeat","background-position":"center center","background-size":"auto","background-attachment":"scroll","background-type":"","background-media":"","overlay-type":"","overlay-color":"","overlay-opacity":"","overlay-gradient":""}},"ast-content-background-meta":{"desktop":{"background-color":"var(--ast-global-color-5)","background-image":"","background-repeat":"repeat","background-position":"center center","background-size":"auto","background-attachment":"scroll","background-type":"","background-media":"","overlay-type":"","overlay-color":"","overlay-opacity":"","overlay-gradient":""},"tablet":{"background-color":"var(--ast-global-color-5)","background-image":"","background-repeat":"repeat","background-position":"center center","background-size":"auto","background-attachment":"scroll","background-type":"","background-media":"","overlay-type":"","overlay-color":"","overlay-opacity":"","overlay-gradient":""},"mobile":{"background-color":"var(--ast-global-color-5)","background-image":"","background-repeat":"repeat","background-position":"center center","background-size":"auto","background-attachment":"scroll","background-type":"","background-media":"","overlay-type":"","overlay-color":"","overlay-opacity":"","overlay-gradient":""}},"footnotes":""},"class_list":["post-7129","page","type-page","status-publish","hentry"],"acf":[],"_links":{"self":[{"href":"https:\/\/yindamachinery.com\/fr\/wp-json\/wp\/v2\/pages\/7129","targetHints":{"allow":["GET"]}}],"collection":[{"href":"https:\/\/yindamachinery.com\/fr\/wp-json\/wp\/v2\/pages"}],"about":[{"href":"https:\/\/yindamachinery.com\/fr\/wp-json\/wp\/v2\/types\/page"}],"author":[{"embeddable":true,"href":"https:\/\/yindamachinery.com\/fr\/wp-json\/wp\/v2\/users\/1"}],"replies":[{"embeddable":true,"href":"https:\/\/yindamachinery.com\/fr\/wp-json\/wp\/v2\/comments?post=7129"}],"version-history":[{"count":1,"href":"https:\/\/yindamachinery.com\/fr\/wp-json\/wp\/v2\/pages\/7129\/revisions"}],"predecessor-version":[{"id":8984,"href":"https:\/\/yindamachinery.com\/fr\/wp-json\/wp\/v2\/pages\/7129\/revisions\/8984"}],"wp:attachment":[{"href":"https:\/\/yindamachinery.com\/fr\/wp-json\/wp\/v2\/media?parent=7129"}],"curies":[{"name":"wp","href":"https:\/\/api.w.org\/{rel}","templated":true}]}}