{"id":7087,"date":"2022-05-23T11:41:23","date_gmt":"2022-05-23T11:41:23","guid":{"rendered":"https:\/\/yindamachinery.com\/?page_id=7087"},"modified":"2022-05-23T11:49:16","modified_gmt":"2022-05-23T11:49:16","slug":"etude-de-cas-pharmadesign","status":"publish","type":"page","link":"https:\/\/yindamachinery.com\/fr\/etude-de-cas-pharmadesign\/","title":{"rendered":"\u00c9tude de cas sur la conception pharmaceutique"},"content":{"rendered":"<div data-elementor-type=\"wp-page\" data-elementor-id=\"7087\" class=\"elementor elementor-7087\">\n\t\t\t\t\t\t<section class=\"elementor-section elementor-top-section elementor-element elementor-element-19d5c99 elementor-section-boxed elementor-section-height-default elementor-section-height-default\" data-id=\"19d5c99\" data-element_type=\"section\" data-e-type=\"section\">\n\t\t\t\t\t\t<div class=\"elementor-container elementor-column-gap-default\">\n\t\t\t\t\t<div class=\"elementor-column elementor-col-66 elementor-top-column elementor-element elementor-element-f3d0e46\" data-id=\"f3d0e46\" data-element_type=\"column\" data-e-type=\"column\">\n\t\t\t<div class=\"elementor-widget-wrap elementor-element-populated\">\n\t\t\t\t\t\t<div class=\"elementor-element elementor-element-9640f6c elementor-widget elementor-widget-text-editor\" data-id=\"9640f6c\" data-element_type=\"widget\" data-e-type=\"widget\" data-widget_type=\"text-editor.default\">\n\t\t\t\t<div class=\"elementor-widget-container\">\n\t\t\t\t\t\t\t\t\t<h1 style=\"text-align: center;\">\u00c9tude de cas sur la conception pharmaceutique<\/h1><h2><strong><b>\u00c9tude de cas Pharmdesign\u00a0: Yinda<\/b><\/strong><strong><b>\u00a0Machinerie<\/b><\/strong><strong><b>\u00a0en tant que solution de traitement de la manipulation des poudres<\/b><\/strong><\/h2><p>Yinda Machinery est une entreprise \u00e0 la pointe de la technologie qui propose toutes sortes de solutions de manipulation de poudre \u00e0 ses clients. Yinda Machinery affirme fi\u00e8rement que plus de 489 fabricants de particules et de poudres \u00e0 travers le monde lui font confiance. Avec plus de 20 ans d&#039;exp\u00e9rience dans le domaine de la manipulation de poudre, Yinda Machinery est la soci\u00e9t\u00e9 \u00e0 laquelle se r\u00e9f\u00e9rer lorsqu&#039;il s&#039;agit de machines de manipulation de poudre.<\/p><p>Leur objectif est de fournir toutes les solutions de manipulation de poudre sous un m\u00eame toit. C&#039;est un guichet unique pour les clients \u00e0 la recherche de services et de solutions li\u00e9s \u00e0 la manipulation des poudres. \u00a0<\/p><h2><strong><b>Qu&#039;est-ce que Blutox Pharm<\/b><\/strong><strong><b>\u00a0<\/b><\/strong><strong><b>Conception faire?<\/b><\/strong><\/h2><p><img decoding=\"async\" class=\"alignnone size-full wp-image-7090\" src=\"https:\/\/yindamachinery.com\/wp-content\/uploads\/2022\/05\/\u56fe\u7247-1.png\" alt=\"\u56fe\u7247 1\" width=\"348\" height=\"142\" srcset=\"https:\/\/yindamachinery.com\/wp-content\/uploads\/2022\/05\/\u56fe\u7247-1.png 348w, https:\/\/yindamachinery.com\/wp-content\/uploads\/2022\/05\/\u56fe\u7247-1-18x7.png 18w\" sizes=\"(max-width: 348px) 100vw, 348px\" \/><\/p><p>Source : Blutox Pharm Design (https:\/\/pharmdesign.ru\/)<\/p><p>Blutox Pharm Design est une soci\u00e9t\u00e9 d&#039;ing\u00e9nierie pharmaceutique de pointe qui cr\u00e9e des installations de haute technologie \u00e0 partir de z\u00e9ro pour fournir la technologie pharmaceutique, m\u00e9dicale et biotechnique de haute qualit\u00e9 pour l&#039;industrie m\u00e9dicale. \u00a0<\/p><p>L&#039;entreprise a acquis une grande r\u00e9putation dans l&#039;industrie en raison de son engagement envers la qualit\u00e9, la ponctualit\u00e9 et la comp\u00e9titivit\u00e9. De plus, l&#039;entreprise fournit toute la documentation n\u00e9cessaire pour que les projets satisfassent aux exigences des organismes de r\u00e9glementation locaux. \u00a0<\/p><p><img fetchpriority=\"high\" decoding=\"async\" class=\"alignnone wp-image-7091\" src=\"https:\/\/yindamachinery.com\/wp-content\/uploads\/2022\/05\/\u56fe\u7247-2.png\" alt=\"\u56fe\u7247 2\" width=\"348\" height=\"232\" srcset=\"https:\/\/yindamachinery.com\/wp-content\/uploads\/2022\/05\/\u56fe\u7247-2.png 2100w, https:\/\/yindamachinery.com\/wp-content\/uploads\/2022\/05\/\u56fe\u7247-2-768x512.png 768w, https:\/\/yindamachinery.com\/wp-content\/uploads\/2022\/05\/\u56fe\u7247-2-1536x1024.png 1536w, https:\/\/yindamachinery.com\/wp-content\/uploads\/2022\/05\/\u56fe\u7247-2-2048x1365.png 2048w, https:\/\/yindamachinery.com\/wp-content\/uploads\/2022\/05\/\u56fe\u7247-2-18x12.png 18w\" sizes=\"(max-width: 348px) 100vw, 348px\" \/><\/p><p>Source : Blutox Pharm Design (https:\/\/pharmdesign.ru\/)<\/p><h2><strong><b>Prestations propos\u00e9es par<\/b><\/strong><strong><b>\u00a0Pharmacie BLUTOX<\/b><\/strong><strong><b>\u00a0<\/b><\/strong><strong><b>Concevoir<\/b><\/strong><strong><b>:<\/b><\/strong><\/h2><p>Blutox Pharm Design offre les services suivants \u00e0 ses clients :<\/p><ul><li>Concevoir et construire des b\u00e2timents pour l&#039;industrie pharmaceutique<\/li><li>Pr\u00e9parer toute la documentation d&#039;ing\u00e9nierie n\u00e9cessaire<\/li><li>Fournir des solutions de conception pr\u00eates \u00e0 l&#039;emploi pour l&#039;industrie pharmaceutique<\/li><li>Production de m\u00e9dicaments anticanc\u00e9reux et de m\u00e9dicaments hormonaux<\/li><li>Production de JSC &quot;Biocad&quot;<\/li><\/ul><p>Blutox Pharm Design a la capacit\u00e9 de fournir des solutions cl\u00e9s en main et de d\u00e9velopper des soci\u00e9t\u00e9s pharmaceutiques \u00e0 partir de z\u00e9ro jusqu&#039;\u00e0 la mise en place et la production de m\u00e9dicaments.<\/p><h2><strong><b>D\u00e9veloppement <\/b><\/strong><strong><b>de <\/b><\/strong><strong><b>Conception pharmaceutique <\/b><\/strong><strong><b>produit<\/b><\/strong><\/h2><p>Pharm Design est engag\u00e9 dans le d\u00e9veloppement de b\u00e2timents, de conceptions et de documentations de pointe pour l&#039;industrie pharmaceutique. Afin d&#039;atteindre un haut niveau d&#039;excellence, l&#039;entreprise d\u00e9ploie les derni\u00e8res technologies en mati\u00e8re de machines et de conception.<\/p><p>Pharm Design produit ce qui suit :<\/p><ul><li>Documents de projet<\/li><li>Gestion GR<\/li><li>Salles blanches<\/li><li>Documentation technique<\/li><\/ul><p>En plus de ce qui pr\u00e9c\u00e8de, Pharm Design est pr\u00eat \u00e0 travailler en \u00e9troite collaboration avec ses clients et \u00e0 comprendre les produits r\u00e9els requis par le client. La soci\u00e9t\u00e9 fournit \u00e9galement des conseils pour rendre l&#039;industrie pharmaceutique conforme \u00e0 toutes les r\u00e8gles et r\u00e9glementations pertinentes requises pour d\u00e9marrer la fabrication de m\u00e9dicaments. \u00a0<\/p><p><img decoding=\"async\" class=\"alignnone wp-image-7092\" src=\"https:\/\/yindamachinery.com\/wp-content\/uploads\/2022\/05\/\u56fe\u7247-4.png\" alt=\"\u56fe\u7247 4\" width=\"348\" height=\"182\" srcset=\"https:\/\/yindamachinery.com\/wp-content\/uploads\/2022\/05\/\u56fe\u7247-4.png 958w, https:\/\/yindamachinery.com\/wp-content\/uploads\/2022\/05\/\u56fe\u7247-4-768x401.png 768w, https:\/\/yindamachinery.com\/wp-content\/uploads\/2022\/05\/\u56fe\u7247-4-18x9.png 18w\" sizes=\"(max-width: 348px) 100vw, 348px\" \/><\/p><h2><strong><b>Quels pays desservent-ils\u00a0?<\/b><\/strong><\/h2><p>Notre activit\u00e9 est r\u00e9partie sur diff\u00e9rents continents et pays. Voici une liste des pays o\u00f9 nous op\u00e9rons :<\/p><p>L&#039;Europe \uf0d7<\/p><ul><li>Danemark<\/li><li>Italie<\/li><li>Finlande<\/li><li>Russie<\/li><\/ul><p>Asie<\/p><ul><li>Chine<\/li><li>Inde<\/li><li>Ta\u00efwan<\/li><li>Tha\u00eflande<\/li><li>\u00c9mirats arabes unis<\/li><li>Arabie Saoudite<\/li><li>Qatar<\/li><li>Oman<\/li><li>Malaisie<\/li><li>Singapour<\/li><\/ul><p>Afrique<\/p><ul><li>Afrique du Sud<\/li><li>Nigeria<\/li><li>Kenya<\/li><\/ul><p>Australie<\/p><ul><li>Nouvelle-Z\u00e9lande<\/li><li>Australie<\/li><\/ul><p>Am\u00e9rique du Sud<\/p><ul><li>Chili<\/li><li>Br\u00e9sil<\/li><\/ul><h2><strong><b>\u00c9quipement, machines et composants <\/b><\/strong><strong><b>\u00a0Pharmacie BLUTOX<\/b><\/strong><strong><b>\u00a0<\/b><\/strong><strong><b>Concevoir <\/b><\/strong><strong><b>\u00a0Les usages<\/b><\/strong><\/h2><p>Blutox Pharm Design utilise une technologie de pointe pour ses machines et sa fabrication. Pour d\u00e9velopper la conception des b\u00e2timents, Building Design Suite d&#039;Autodesk est utilis\u00e9. L&#039;\u00e9quipe professionnelle de Pharm Design s&#039;assure que les machines fournies sont haut de gamme et profitent \u00e0 l&#039;entreprise.<\/p><p>Pharm Designs travaille en \u00e9troite collaboration avec les principaux fournisseurs et fabricants de machines de la r\u00e9gion et du monde entier. \u00c0 cet \u00e9gard, Pharm Design travaille en \u00e9troite collaboration avec Yinda Machinery, un nom reconnu dans l&#039;industrie de la manipulation des poudres.<\/p><p>Les machines fournies par Yinda Machinery constituent l&#039;\u00e9pine dorsale du segment de la manipulation des poudres de Pharm Design.<\/p><h2><strong><b>Machines de fabrication et de cr\u00e9ation de mati\u00e8res premi\u00e8res<\/b><\/strong><\/h2><p>La mati\u00e8re premi\u00e8re et sa haute qualit\u00e9 sont la cl\u00e9 pour maintenir toute entreprise pharmaceutique au sommet. Yinda Machinery a permis \u00e0 l&#039;entreprise de garder une longueur d&#039;avance sur ses concurrents et de cr\u00e9er non seulement une domination r\u00e9gionale du march\u00e9, mais aussi de se faire un nom sur le march\u00e9 international.<\/p><p>Les machines \u00e0 mati\u00e8res premi\u00e8res sont fabriqu\u00e9es, r\u00e9par\u00e9es et entretenues par Yinda Machinery. En outre, des conseils concernant la manipulation de la poudre et ses machines sont fournis par Yinda Machinery. Par cons\u00e9quent, la mati\u00e8re premi\u00e8re utilis\u00e9e dans toute la cha\u00eene d&#039;approvisionnement de Pharm Design est de haute qualit\u00e9 et garantit un produit final de haute qualit\u00e9. \u00a0\u00a0<\/p><h2><strong><b>\u00c0 propos de notre entreprise-Qui est <\/b><\/strong><strong><b>Machines Yinda<\/b><\/strong><strong><b>?<\/b><\/strong><\/h2><p>Yinda Machinery est l&#039;une des principales soci\u00e9t\u00e9s de fabrication de machines de manutention de poudre en Chine. Avec plus de 20 ans d&#039;exp\u00e9rience dans l&#039;industrie, Yinda Machinery est un nom dans la r\u00e9gion pour les machines de manutention de poudre. Yinda Machinery fournit un soutien technique, financier et juridique en ce qui concerne la manipulation de la poudre pour ses clients.<\/p><p>Yinda Machinery fournit les services suivants\u00a0:<\/p><ul><li>Installation, mise en service et formation sur site<\/li><li>Disponibilit\u00e9 et r\u00e9paration des pi\u00e8ces de rechange<\/li><li>Maintenance pr\u00e9ventive<\/li><li>Services de r\u00e9novation et de mise \u00e0 niveau<\/li><\/ul><p>Il s&#039;agit d&#039;un guichet unique pour tous vos besoins en mati\u00e8re de manipulation de poudre.<\/p><h2><strong><b>Nous am\u00e9liorons les activit\u00e9s de nos clients<\/b><\/strong><\/h2><p>Nous croyons \u00e0 la synergie. La croissance de nos clients est directement li\u00e9e \u00e0 notre propre croissance. Nous mettons un point d&#039;honneur \u00e0 fournir du mat\u00e9riel et des services de qualit\u00e9 \u00e0 nos clients. Leur activit\u00e9 s&#039;est consid\u00e9rablement d\u00e9velopp\u00e9e gr\u00e2ce au soutien ponctuel et efficace de Yinda Machinery.<\/p><p>De plus, l&#039;\u00e9quipe d&#039;experts de Yinda Machinery effectue des recherches approfondies sur les processus de nos clients et fournit des solutions sur mesure pour maximiser les avantages des clients.<\/p><h2><strong><b>Le meilleur <\/b><\/strong><strong><b>manipulation de poudre <\/b><\/strong><strong><b>\u00e9quipement sur le march\u00e9<\/b><\/strong><\/h2><p>L&#039;\u00e9quipe de Yinda Machinery est tri\u00e9e sur le volet et se compose de professionnels minutieux qui ont une vaste exp\u00e9rience dans la manipulation de machines \u00e0 poudre depuis des ann\u00e9es. De plus, nous avons une \u00e9quipe de recherche dynamique qui est engag\u00e9e 24 heures sur 24 pour proposer de nouvelles id\u00e9es et utiliser de nouvelles technologies pour am\u00e9liorer les machines.<\/p><p>De plus, nous croyons qu&#039;il est important de travailler en \u00e9troite collaboration avec nos clients. Par cons\u00e9quent, nous sommes en mesure de rester sur la m\u00eame page et \u00e0 la m\u00eame vitesse que nos clients attendent de nous. Cela garantit que nous sommes toujours l\u00e0 pour nos clients lorsqu&#039;ils ont besoin de nous.<\/p><h2><strong><b>Machines Yinda<\/b><\/strong><strong><b>\u00a0Peut \u00eatre la solution compl\u00e8te pour votre <\/b><\/strong><strong><b>syst\u00e8mes de manipulation de poudre <\/b><\/strong><strong><b>Besoins<\/b><\/strong><\/h2><p>En bref, Yinda Machinery est le guichet unique pour toutes les activit\u00e9s de manutention de poudre. Vous pouvez demander une consultation et vous pouvez \u00e9galement vous procurer des machines chez nous. Nous serons au top de notre jeu dans tous les aspects.<\/p><p>De plus, nous sommes accessibles. Yinda Machinery pense que plus ils sont proches de leurs clients, plus ils seront performants. En tant que tel, les moyens de contacter Yinda Machinery sont simples et toujours ouverts. Oui. Yinda Machinery fonctionne 24h\/24 et 7j\/7 pour fournir une assistance \u00e0 ses clients.<\/p><p>Par cons\u00e9quent, vous aurez toujours un avantage \u00e0 travailler avec Yinda Machinery.<\/p><p>Alors qu&#039;est-ce que tu attends? Vous pouvez nous contacter via les diff\u00e9rentes m\u00e9thodes r\u00e9pertori\u00e9es <a href=\"https:\/\/yindamachinery.com\/fr\/nous-contacter\/\"><u>ici<\/u><\/a>.<\/p><p>\u00a0<\/p>\t\t\t\t\t\t\t\t<\/div>\n\t\t\t\t<\/div>\n\t\t\t\t\t<\/div>\n\t\t<\/div>\n\t\t\t\t<div class=\"elementor-column elementor-col-33 elementor-top-column elementor-element elementor-element-eb78c00\" data-id=\"eb78c00\" data-element_type=\"column\" data-e-type=\"column\">\n\t\t\t<div class=\"elementor-widget-wrap elementor-element-populated\">\n\t\t\t\t\t\t<div class=\"elementor-element elementor-element-b7b75e5 elementor-widget elementor-widget-text-editor\" data-id=\"b7b75e5\" data-element_type=\"widget\" data-e-type=\"widget\" data-widget_type=\"text-editor.default\">\n\t\t\t\t<div class=\"elementor-widget-container\">\n\t\t\t\t\t\t\t\t\t<p><\/p>\t\t\t\t\t\t\t\t<\/div>\n\t\t\t\t<\/div>\n\t\t\t\t<div class=\"elementor-element elementor-element-e608128 elementor-widget elementor-widget-sidebar\" data-id=\"e608128\" data-element_type=\"widget\" data-e-type=\"widget\" data-widget_type=\"sidebar.default\">\n\t\t\t\t<div class=\"elementor-widget-container\">\n\t\t\t\t\t<aside id=\"search-2\" class=\"widget widget_search\"><form role=\"search\" method=\"get\" class=\"search-form\" action=\"https:\/\/yindamachinery.com\/fr\/\" data-trp-original-action=\"https:\/\/yindamachinery.com\/fr\/\">\n\t<label for=\"search-field\">\n\t\t<span class=\"screen-reader-text\">Rechercher :<\/span>\n\t\t<input type=\"search\" id=\"search-field\" class=\"search-field\"   placeholder=\"Recherch\u00e9\u2026\" value=\"\" name=\"s\" tabindex=\"-1\">\n\t\t\t<\/label>\n\t\t\t<input type=\"submit\" class=\"search-submit\" value=\"Rechercher\">\n\t<input type=\"hidden\" name=\"trp-form-language\" value=\"fr\"\/><\/form>\n<\/aside>\n\t\t<aside id=\"recent-posts-3\" class=\"widget widget_recent_entries\">\n\t\t<h2 class=\"widget-title\">Nouveaux produits<\/h2><nav aria-label=\"Nouveaux produits\">\n\t\t<ul>\n\t\t\t\t\t\t\t\t\t\t\t<li>\n\t\t\t\t\t<a href=\"https:\/\/yindamachinery.com\/fr\/industrial-chemicals-grinding-plant-high-performance-powder-processing-by-yinda-machinery\/\">Industrial Chemicals Grinding Plant \u2013 High-Performance Powder Processing by Yinda Machinery<\/a>\n\t\t\t\t\t\t\t\t\t<\/li>\n\t\t\t\t\t\t\t\t\t\t\t<li>\n\t\t\t\t\t<a href=\"https:\/\/yindamachinery.com\/fr\/vibrating-screen-machines-a-complete-guide-to-efficient-particle-separation-with-yinda-machinery\/\">Vibrating Screen Machines: A Complete Guide to Efficient Particle Separation with Yinda Machinery<\/a>\n\t\t\t\t\t\t\t\t\t<\/li>\n\t\t\t\t\t\t\t\t\t\t\t<li>\n\t\t\t\t\t<a href=\"https:\/\/yindamachinery.com\/fr\/how-an-air-classifier-mill-ensures-ultrafine-and-uniform-particle-size-after-sulfur-grinding\/\">How an Air Classifier Mill Ensures Ultrafine and Uniform Particle Size After Sulfur Grinding<\/a>\n\t\t\t\t\t\t\t\t\t<\/li>\n\t\t\t\t\t\t\t\t\t\t\t<li>\n\t\t\t\t\t<a href=\"https:\/\/yindamachinery.com\/fr\/carom-seeds-grinding-machine-for-small-and-large-capacity-production\/\">Carom Seeds Grinding Machine for Small and Large Capacity Production<\/a>\n\t\t\t\t\t\t\t\t\t<\/li>\n\t\t\t\t\t\t\t\t\t\t\t<li>\n\t\t\t\t\t<a href=\"https:\/\/yindamachinery.com\/fr\/advanced-instant-tea-processing-equipment-pin-mill-with-pulse-dust-collection-system-solution-for-crystal-instant-tea\/\">Advanced Instant Tea Processing Equipment Pin Mill with Pulse Dust Collection System Solution for Crystal Instant Tea<\/a>\n\t\t\t\t\t\t\t\t\t<\/li>\n\t\t\t\t\t<\/ul>\n\n\t\t<\/nav><\/aside><aside id=\"categories-2\" class=\"widget widget_categories\"><h2 class=\"widget-title\">Recherche rapide<\/h2><nav aria-label=\"Recherche rapide\">\n\t\t\t<ul>\n\t\t\t\t\t<li class=\"cat-item cat-item-1\"><a href=\"https:\/\/yindamachinery.com\/fr\/categorie\/blog\/\">Blog<\/a>\n<\/li>\n\t<li class=\"cat-item cat-item-12\"><a href=\"https:\/\/yindamachinery.com\/fr\/categorie\/melangeur-a-double-cone\/\">M\u00e9langeur \u00e0 double c\u00f4ne<\/a>\n<\/li>\n\t<li class=\"cat-item cat-item-10\"><a href=\"https:\/\/yindamachinery.com\/fr\/categorie\/ruban-melangeur\/\">M\u00e9langeur de ruban<\/a>\n<\/li>\n\t\t\t<\/ul>\n\n\t\t\t<\/nav><\/aside><aside id=\"custom_html-8\" class=\"widget_text widget widget_custom_html\"><div class=\"textwidget custom-html-widget\"><div class=\"quickQuote divScroll\">\r\n<div class=\"quickQuoteTitle\">Envoyez votre demande aujourd&#039;hui<\/div>\r\n<form name=\"form1\" method=\"post\" action=\"https:\/\/yindamachinery.wufoo.com\/forms\/z1w948rh0coebsw\/#public\">\r\n<input name=\"Field1\" type=\"text\" value=\"\" placeholder=\"Nom*\" required \/>\r\n<input name=\"Field2\" type=\"email\" value=\"\" placeholder=\"E-mail*\" required \/>\r\n<input name=\"Field3\" type=\"text\" value=\"\" placeholder=\"T\u00e9l\u00e9phoner\" \/>\r\n<textarea name=\"Field4\" placeholder=\"Un message*\" required><\/textarea>\r\n<div class=\"hidden\"><input name=\"Field5\" type=\"text\" value=\"http:\/\/yindamachinery.com\/fr\/wp-json\/wp\/v2\/pages\/7087\"\/><\/div>\r\n<div class=\"hidden\"><input name=\"Field6\" type=\"text\" value=\"216.73.217.113, Columbus, United States\"\/><\/div>\r\n<div class=\"text-right\"><input name=\"saveForm\" type=\"submit\" value=\"Nous faire parvenir\"\/><\/div>\r\n<div class=\"hidden\">\r\n<textarea name=\"comment\" id=\"comment\" rows=\"1\" cols=\"1\"><\/textarea>\r\n<input type=\"hidden\" id=\"idstamp\" name=\"idstamp\" value=\"Z76ScsiwY4S4aTigjiNXzc+TU2c4yz9sdD5K49qczUs=\" >\r\n<input type=\"hidden\" id=\"encryptedPassword\" name=\"encryptedPassword\" value=\"\" >\r\n<\/div>\r\n<\/form>\r\n<\/div><\/div><\/aside>\t\t\t\t<\/div>\n\t\t\t\t<\/div>\n\t\t\t\t\t<\/div>\n\t\t<\/div>\n\t\t\t\t\t<\/div>\n\t\t<\/section>\n\t\t\t\t<\/div>","protected":false},"excerpt":{"rendered":"<p>Pharmdesign Case Study Pharmdesign Case Study: Yinda\u00a0Machinery\u00a0as a powder handling processing solution Yinda Machinery is a state of the art company that offers all sorts of powder handling solutions for its clients. Yinda Machinery proudly claims that it is trusted by over 489\u00a0particles and powder process manufacturers around the world. With over 20 years of [&hellip;]<\/p>\n","protected":false},"author":1,"featured_media":0,"parent":0,"menu_order":0,"comment_status":"closed","ping_status":"closed","template":"","meta":{"_acf_changed":false,"_seopress_robots_primary_cat":"","_seopress_titles_title":"","_seopress_titles_desc":"","_seopress_robots_index":"","site-sidebar-layout":"no-sidebar","site-content-layout":"page-builder","ast-site-content-layout":"default","site-content-style":"default","site-sidebar-style":"default","ast-global-header-display":"","ast-banner-title-visibility":"","ast-main-header-display":"","ast-hfb-above-header-display":"","ast-hfb-below-header-display":"","ast-hfb-mobile-header-display":"","site-post-title":"disabled","ast-breadcrumbs-content":"","ast-featured-img":"disabled","footer-sml-layout":"","ast-disable-related-posts":"","theme-transparent-header-meta":"default","adv-header-id-meta":"","stick-header-meta":"","header-above-stick-meta":"","header-main-stick-meta":"","header-below-stick-meta":"","astra-migrate-meta-layouts":"default","ast-page-background-enabled":"default","ast-page-background-meta":{"desktop":{"background-color":"","background-image":"","background-repeat":"repeat","background-position":"center center","background-size":"auto","background-attachment":"scroll","background-type":"","background-media":"","overlay-type":"","overlay-color":"","overlay-opacity":"","overlay-gradient":""},"tablet":{"background-color":"","background-image":"","background-repeat":"repeat","background-position":"center center","background-size":"auto","background-attachment":"scroll","background-type":"","background-media":"","overlay-type":"","overlay-color":"","overlay-opacity":"","overlay-gradient":""},"mobile":{"background-color":"","background-image":"","background-repeat":"repeat","background-position":"center center","background-size":"auto","background-attachment":"scroll","background-type":"","background-media":"","overlay-type":"","overlay-color":"","overlay-opacity":"","overlay-gradient":""}},"ast-content-background-meta":{"desktop":{"background-color":"var(--ast-global-color-5)","background-image":"","background-repeat":"repeat","background-position":"center center","background-size":"auto","background-attachment":"scroll","background-type":"","background-media":"","overlay-type":"","overlay-color":"","overlay-opacity":"","overlay-gradient":""},"tablet":{"background-color":"var(--ast-global-color-5)","background-image":"","background-repeat":"repeat","background-position":"center center","background-size":"auto","background-attachment":"scroll","background-type":"","background-media":"","overlay-type":"","overlay-color":"","overlay-opacity":"","overlay-gradient":""},"mobile":{"background-color":"var(--ast-global-color-5)","background-image":"","background-repeat":"repeat","background-position":"center center","background-size":"auto","background-attachment":"scroll","background-type":"","background-media":"","overlay-type":"","overlay-color":"","overlay-opacity":"","overlay-gradient":""}},"footnotes":""},"class_list":["post-7087","page","type-page","status-publish","hentry"],"acf":[],"_links":{"self":[{"href":"https:\/\/yindamachinery.com\/fr\/wp-json\/wp\/v2\/pages\/7087","targetHints":{"allow":["GET"]}}],"collection":[{"href":"https:\/\/yindamachinery.com\/fr\/wp-json\/wp\/v2\/pages"}],"about":[{"href":"https:\/\/yindamachinery.com\/fr\/wp-json\/wp\/v2\/types\/page"}],"author":[{"embeddable":true,"href":"https:\/\/yindamachinery.com\/fr\/wp-json\/wp\/v2\/users\/1"}],"replies":[{"embeddable":true,"href":"https:\/\/yindamachinery.com\/fr\/wp-json\/wp\/v2\/comments?post=7087"}],"version-history":[{"count":0,"href":"https:\/\/yindamachinery.com\/fr\/wp-json\/wp\/v2\/pages\/7087\/revisions"}],"wp:attachment":[{"href":"https:\/\/yindamachinery.com\/fr\/wp-json\/wp\/v2\/media?parent=7087"}],"curies":[{"name":"wp","href":"https:\/\/api.w.org\/{rel}","templated":true}]}}