{"id":6442,"date":"2022-03-29T13:49:00","date_gmt":"2022-03-29T13:49:00","guid":{"rendered":"https:\/\/yindamachinery.com\/?page_id=6442"},"modified":"2025-10-20T13:49:24","modified_gmt":"2025-10-20T13:49:24","slug":"certificat","status":"publish","type":"page","link":"https:\/\/yindamachinery.com\/fr\/certificat\/","title":{"rendered":"Certificat"},"content":{"rendered":"<div data-elementor-type=\"wp-page\" data-elementor-id=\"6442\" class=\"elementor elementor-6442\">\n\t\t\t\t\t\t<section class=\"elementor-section elementor-top-section elementor-element elementor-element-9252db1 elementor-section-boxed elementor-section-height-default elementor-section-height-default\" data-id=\"9252db1\" data-element_type=\"section\" data-e-type=\"section\">\n\t\t\t\t\t\t<div class=\"elementor-container elementor-column-gap-default\">\n\t\t\t\t\t<div class=\"elementor-column elementor-col-25 elementor-top-column elementor-element elementor-element-0efe9db\" data-id=\"0efe9db\" data-element_type=\"column\" data-e-type=\"column\">\n\t\t\t<div class=\"elementor-widget-wrap elementor-element-populated\">\n\t\t\t\t\t\t<div class=\"elementor-element elementor-element-76a8865 elementor-widget elementor-widget-text-editor\" data-id=\"76a8865\" data-element_type=\"widget\" data-e-type=\"widget\" data-widget_type=\"text-editor.default\">\n\t\t\t\t<div class=\"elementor-widget-container\">\n\t\t\t\t\t\t\t\t\t<p><img decoding=\"async\" class=\"size-full wp-image-6446 aligncenter\" src=\"https:\/\/yindamachinery.com\/wp-content\/uploads\/2022\/03\/\u56fe\u7247-1.png\" alt=\"\u56fe\u7247 1\" width=\"160\" height=\"160\" srcset=\"https:\/\/yindamachinery.com\/wp-content\/uploads\/2022\/03\/\u56fe\u7247-1.png 160w, https:\/\/yindamachinery.com\/wp-content\/uploads\/2022\/03\/\u56fe\u7247-1-150x150.png 150w, https:\/\/yindamachinery.com\/wp-content\/uploads\/2022\/03\/\u56fe\u7247-1-12x12.png 12w\" sizes=\"(max-width: 160px) 100vw, 160px\" \/>\u00a0<\/p>\t\t\t\t\t\t\t\t<\/div>\n\t\t\t\t<\/div>\n\t\t\t\t\t<\/div>\n\t\t<\/div>\n\t\t\t\t<div class=\"elementor-column elementor-col-25 elementor-top-column elementor-element elementor-element-aa56c66\" data-id=\"aa56c66\" data-element_type=\"column\" data-e-type=\"column\">\n\t\t\t<div class=\"elementor-widget-wrap elementor-element-populated\">\n\t\t\t\t\t\t<div class=\"elementor-element elementor-element-bb0949c elementor-widget elementor-widget-text-editor\" data-id=\"bb0949c\" data-element_type=\"widget\" data-e-type=\"widget\" data-widget_type=\"text-editor.default\">\n\t\t\t\t<div class=\"elementor-widget-container\">\n\t\t\t\t\t\t\t\t\t<p><img decoding=\"async\" class=\"alignnone size-full wp-image-6448 aligncenter\" src=\"https:\/\/yindamachinery.com\/wp-content\/uploads\/2022\/03\/\u56fe\u7247-4.png\" alt=\"\u56fe\u7247 4\" width=\"160\" height=\"160\" srcset=\"https:\/\/yindamachinery.com\/wp-content\/uploads\/2022\/03\/\u56fe\u7247-4.png 160w, https:\/\/yindamachinery.com\/wp-content\/uploads\/2022\/03\/\u56fe\u7247-4-150x150.png 150w, https:\/\/yindamachinery.com\/wp-content\/uploads\/2022\/03\/\u56fe\u7247-4-12x12.png 12w\" sizes=\"(max-width: 160px) 100vw, 160px\" \/><\/p>\t\t\t\t\t\t\t\t<\/div>\n\t\t\t\t<\/div>\n\t\t\t\t\t<\/div>\n\t\t<\/div>\n\t\t\t\t<div class=\"elementor-column elementor-col-25 elementor-top-column elementor-element elementor-element-761d8ba\" data-id=\"761d8ba\" data-element_type=\"column\" data-e-type=\"column\">\n\t\t\t<div class=\"elementor-widget-wrap elementor-element-populated\">\n\t\t\t\t\t\t<div class=\"elementor-element elementor-element-51a4152 elementor-widget elementor-widget-text-editor\" data-id=\"51a4152\" data-element_type=\"widget\" data-e-type=\"widget\" data-widget_type=\"text-editor.default\">\n\t\t\t\t<div class=\"elementor-widget-container\">\n\t\t\t\t\t\t\t\t\t<p><img decoding=\"async\" class=\"alignnone size-full wp-image-6447 aligncenter\" src=\"https:\/\/yindamachinery.com\/wp-content\/uploads\/2022\/03\/\u56fe\u7247-3.png\" alt=\"\u56fe\u7247 3\" width=\"160\" height=\"160\" srcset=\"https:\/\/yindamachinery.com\/wp-content\/uploads\/2022\/03\/\u56fe\u7247-3.png 160w, https:\/\/yindamachinery.com\/wp-content\/uploads\/2022\/03\/\u56fe\u7247-3-150x150.png 150w, https:\/\/yindamachinery.com\/wp-content\/uploads\/2022\/03\/\u56fe\u7247-3-12x12.png 12w\" sizes=\"(max-width: 160px) 100vw, 160px\" \/><\/p>\t\t\t\t\t\t\t\t<\/div>\n\t\t\t\t<\/div>\n\t\t\t\t\t<\/div>\n\t\t<\/div>\n\t\t\t\t<div class=\"elementor-column elementor-col-25 elementor-top-column elementor-element elementor-element-c66ba23\" data-id=\"c66ba23\" data-element_type=\"column\" data-e-type=\"column\">\n\t\t\t<div class=\"elementor-widget-wrap elementor-element-populated\">\n\t\t\t\t\t\t<div class=\"elementor-element elementor-element-9629f53 elementor-widget elementor-widget-text-editor\" data-id=\"9629f53\" data-element_type=\"widget\" data-e-type=\"widget\" data-widget_type=\"text-editor.default\">\n\t\t\t\t<div class=\"elementor-widget-container\">\n\t\t\t\t\t\t\t\t\t<p><img loading=\"lazy\" decoding=\"async\" class=\"alignnone size-full wp-image-6446 aligncenter\" src=\"https:\/\/yindamachinery.com\/wp-content\/uploads\/2022\/03\/\u56fe\u7247-1.png\" alt=\"\u56fe\u7247 1\" width=\"160\" height=\"160\" srcset=\"https:\/\/yindamachinery.com\/wp-content\/uploads\/2022\/03\/\u56fe\u7247-1.png 160w, https:\/\/yindamachinery.com\/wp-content\/uploads\/2022\/03\/\u56fe\u7247-1-150x150.png 150w, https:\/\/yindamachinery.com\/wp-content\/uploads\/2022\/03\/\u56fe\u7247-1-12x12.png 12w\" sizes=\"(max-width: 160px) 100vw, 160px\" \/><\/p>\t\t\t\t\t\t\t\t<\/div>\n\t\t\t\t<\/div>\n\t\t\t\t\t<\/div>\n\t\t<\/div>\n\t\t\t\t\t<\/div>\n\t\t<\/section>\n\t\t\t\t<section class=\"elementor-section elementor-top-section elementor-element elementor-element-ad62016 elementor-section-boxed elementor-section-height-default elementor-section-height-default\" data-id=\"ad62016\" data-element_type=\"section\" data-e-type=\"section\">\n\t\t\t\t\t\t<div class=\"elementor-container elementor-column-gap-default\">\n\t\t\t\t\t<div class=\"elementor-column elementor-col-100 elementor-top-column elementor-element elementor-element-a60661c\" data-id=\"a60661c\" data-element_type=\"column\" data-e-type=\"column\">\n\t\t\t<div class=\"elementor-widget-wrap elementor-element-populated\">\n\t\t\t\t\t\t<div class=\"elementor-element elementor-element-a5b96ff elementor-widget elementor-widget-text-editor\" data-id=\"a5b96ff\" data-element_type=\"widget\" data-e-type=\"widget\" data-widget_type=\"text-editor.default\">\n\t\t\t\t<div class=\"elementor-widget-container\">\n\t\t\t\t\t\t\t\t\t<h1 style=\"text-align: center;\">Certificat de validation des BPF\u00a0\u00a0<\/h1><p>Les bonnes pratiques de fabrication, abr\u00e9g\u00e9es en GMP, sont la r\u00e9glementation des normes les plus \u00e9lev\u00e9es en mati\u00e8re d&#039;aliments produits par une entreprise de fabrication.<\/p><p>Il existe un code de pratiques standard fixe qui doit \u00eatre suivi par un fabricant pour \u00eatre accept\u00e9 en tant que fabricant et distributeur.<\/p><p>La certification GMP d\u00e9signe la preuve ou le certificat remis au fabricant pour le maintien de bonnes pratiques de fabrication et les normes de service les plus \u00e9lev\u00e9es.<\/p><p><strong>Les aspects suivants sont pris en compte dans cette certification :<\/strong><\/p><ul><li>Qualifications du personnel<\/li><li>Validation du processus<\/li><li>Traitement des r\u00e9clamations<\/li><li>Tenue de registres<\/li><li>V\u00e9rification de l&#039;\u00e9quipement<\/li><li>Assainissement<\/li><li>Propret\u00e9<\/li><\/ul><p>GMP est accord\u00e9e pour divers motifs qui sont bas\u00e9s sur les aspects mentionn\u00e9s ci-dessus. Certains de ces protocoles importants sont discut\u00e9s ci-dessous\u00a0:<\/p><p><strong>SAM<\/strong>\u00a0<\/p><p>Le test d&#039;acceptation du site, en abr\u00e9g\u00e9 SAT, traite des sp\u00e9cifications requises et souhait\u00e9es du site propos\u00e9 par l&#039;utilisateur.<\/p><p>Le but de SAT est de s&#039;assurer que le syst\u00e8me montrera la conformit\u00e9 au site de l&#039;application. Il nous permet de tester le crit\u00e8re de r\u00e9sultats optimaux.<\/p><p>Il est \u00e9galement li\u00e9 au test d&#039;acceptation en usine connu sous le nom de FAT dans le sens o\u00f9 l&#039;\u00e9quipement respecte ou d\u00e9passe le crit\u00e8re du site.<\/p><p>Les clients \u00e9crivent eux-m\u00eames le SAT pour v\u00e9rifier l&#039;efficacit\u00e9 de l&#039;\u00e9quipement.<\/p><p><strong>GROS<\/strong><\/p><p>Les tests d&#039;acceptation en usine sont ex\u00e9cut\u00e9s en usine avant l&#039;exp\u00e9dition de l&#039;\u00e9quipement \u00e0 l&#039;adresse de livraison. Le fabricant, le client et le repr\u00e9sentant du client sont impliqu\u00e9s dans ce processus.<\/p><p>Ces tests sont couramment effectu\u00e9s dans les domaines m\u00e9dical, biotechnologique et pharmaceutique et sont un \u00e9l\u00e9ment tr\u00e8s n\u00e9cessaire de la certification GMP. C&#039;est pour la confirmation de toutes les normes requises par la production de tels produits.<\/p><p><strong>Exigences de SAT et FAT <\/strong><\/p><ul><li>Celles-ci doivent \u00eatre surveill\u00e9es et enregistr\u00e9es par une autorit\u00e9 sup\u00e9rieure.<\/li><li>Il devrait y avoir un suivi appropri\u00e9 des logiciels syst\u00e8me des diff\u00e9rents d\u00e9partements pour garantir la cr\u00e9dibilit\u00e9 des tests.<\/li><li>La s\u00e9curit\u00e9 du fabricant et de l&#039;op\u00e9rateur doit \u00eatre garantie.<\/li><\/ul><p><strong>Autres protocoles<\/strong><\/p><p>Des industries telles que les industries pharmaceutiques, les unit\u00e9s de transformation alimentaire, les usines de biotechnologie n\u00e9cessitent des mesures pr\u00e9cises pour obtenir des r\u00e9sultats pr\u00e9cis.<\/p><p>Toute lacune dans l&#039;\u00e9quipement ou l&#039;absence de mesures peut entra\u00eener des cons\u00e9quences mortelles.<\/p><p>La validation de l&#039;\u00e9quipement se fait via IQ, OQ et PQ, qui s\u00e9curisent les performances de l&#039;application.<\/p><p>IQ signifie qualification d&#039;installation, OQ signifie qualification op\u00e9rationnelle et PQ signifie qualification de performance. Ce sont les termes sp\u00e9cifi\u00e9s pour les protocoles d&#039;assurance qualit\u00e9 et sont r\u00e9glement\u00e9s par la FDA.<\/p><p><strong>Qualification d&#039;installation (QI)<\/strong><\/p><p>C&#039;est un document qui v\u00e9rifie la bonne livraison, l&#039;installation et la configuration des \u00e9quipements selon les normes propos\u00e9es. L&#039;approvisionnement en \u00e9nergie suffisant, le bon emplacement et les conditions environnementales sont \u00e9galement v\u00e9rifi\u00e9s.<\/p><p><strong>Qualification Op\u00e9rationnelle (QO)<\/strong><\/p><p>Il s&#039;assure de la qualit\u00e9 du mat\u00e9riel en v\u00e9rifiant le fonctionnement optimal tel que r\u00e9pertori\u00e9 par le constructeur. Tous les aspects de l&#039;\u00e9quipement sont contr\u00f4l\u00e9s et \u00e9valu\u00e9s s\u00e9par\u00e9ment pour v\u00e9rifier la plage de performances.<\/p><p>L&#039;importance de l&#039;OQ est qu&#039;il peut y avoir une exigence d&#039;apporter des modifications et une maintenance qui doivent \u00eatre r\u00e9solues d\u00e8s que possible.<\/p><p><strong>Qualification de performance (QP)<\/strong><\/p><p>Pour vous assurer que l&#039;\u00e9quipement est vraiment qualifi\u00e9, vous devez v\u00e9rifier que l&#039;\u00e9quipement fonctionne dans la plage promise dans les conditions donn\u00e9es.<\/p>\t\t\t\t\t\t\t\t<\/div>\n\t\t\t\t<\/div>\n\t\t\t\t\t<\/div>\n\t\t<\/div>\n\t\t\t\t\t<\/div>\n\t\t<\/section>\n\t\t\t\t<\/div>","protected":false},"excerpt":{"rendered":"<p>\u00a0 GMP Validation Certification\u00a0\u00a0 Good Manufacturing Practice abbreviated as GMP is the regulation of the highest standards of foods produced by a manufacturing company. There is a fixed standard code of practices that must be followed by a manufacturer to be accepted as a manufacturer and distributor. GMP certification means the proof or certificate which [&hellip;]<\/p>\n","protected":false},"author":1,"featured_media":0,"parent":0,"menu_order":0,"comment_status":"closed","ping_status":"closed","template":"","meta":{"_acf_changed":false,"_seopress_robots_primary_cat":"","_seopress_titles_title":"Yinda Machinery Certificates","_seopress_titles_desc":"Check the Yinda machinery certificates","_seopress_robots_index":"","_seopress_analysis_target_kw":"","site-sidebar-layout":"no-sidebar","site-content-layout":"page-builder","ast-site-content-layout":"default","site-content-style":"default","site-sidebar-style":"default","ast-global-header-display":"","ast-banner-title-visibility":"","ast-main-header-display":"","ast-hfb-above-header-display":"","ast-hfb-below-header-display":"","ast-hfb-mobile-header-display":"","site-post-title":"disabled","ast-breadcrumbs-content":"","ast-featured-img":"disabled","footer-sml-layout":"","ast-disable-related-posts":"","theme-transparent-header-meta":"default","adv-header-id-meta":"","stick-header-meta":"","header-above-stick-meta":"","header-main-stick-meta":"","header-below-stick-meta":"","astra-migrate-meta-layouts":"default","ast-page-background-enabled":"default","ast-page-background-meta":{"desktop":{"background-color":"","background-image":"","background-repeat":"repeat","background-position":"center center","background-size":"auto","background-attachment":"scroll","background-type":"","background-media":"","overlay-type":"","overlay-color":"","overlay-opacity":"","overlay-gradient":""},"tablet":{"background-color":"","background-image":"","background-repeat":"repeat","background-position":"center center","background-size":"auto","background-attachment":"scroll","background-type":"","background-media":"","overlay-type":"","overlay-color":"","overlay-opacity":"","overlay-gradient":""},"mobile":{"background-color":"","background-image":"","background-repeat":"repeat","background-position":"center center","background-size":"auto","background-attachment":"scroll","background-type":"","background-media":"","overlay-type":"","overlay-color":"","overlay-opacity":"","overlay-gradient":""}},"ast-content-background-meta":{"desktop":{"background-color":"var(--ast-global-color-5)","background-image":"","background-repeat":"repeat","background-position":"center center","background-size":"auto","background-attachment":"scroll","background-type":"","background-media":"","overlay-type":"","overlay-color":"","overlay-opacity":"","overlay-gradient":""},"tablet":{"background-color":"var(--ast-global-color-5)","background-image":"","background-repeat":"repeat","background-position":"center center","background-size":"auto","background-attachment":"scroll","background-type":"","background-media":"","overlay-type":"","overlay-color":"","overlay-opacity":"","overlay-gradient":""},"mobile":{"background-color":"var(--ast-global-color-5)","background-image":"","background-repeat":"repeat","background-position":"center center","background-size":"auto","background-attachment":"scroll","background-type":"","background-media":"","overlay-type":"","overlay-color":"","overlay-opacity":"","overlay-gradient":""}},"footnotes":""},"class_list":["post-6442","page","type-page","status-publish","hentry"],"acf":[],"_links":{"self":[{"href":"https:\/\/yindamachinery.com\/fr\/wp-json\/wp\/v2\/pages\/6442","targetHints":{"allow":["GET"]}}],"collection":[{"href":"https:\/\/yindamachinery.com\/fr\/wp-json\/wp\/v2\/pages"}],"about":[{"href":"https:\/\/yindamachinery.com\/fr\/wp-json\/wp\/v2\/types\/page"}],"author":[{"embeddable":true,"href":"https:\/\/yindamachinery.com\/fr\/wp-json\/wp\/v2\/users\/1"}],"replies":[{"embeddable":true,"href":"https:\/\/yindamachinery.com\/fr\/wp-json\/wp\/v2\/comments?post=6442"}],"version-history":[{"count":1,"href":"https:\/\/yindamachinery.com\/fr\/wp-json\/wp\/v2\/pages\/6442\/revisions"}],"predecessor-version":[{"id":8877,"href":"https:\/\/yindamachinery.com\/fr\/wp-json\/wp\/v2\/pages\/6442\/revisions\/8877"}],"wp:attachment":[{"href":"https:\/\/yindamachinery.com\/fr\/wp-json\/wp\/v2\/media?parent=6442"}],"curies":[{"name":"wp","href":"https:\/\/api.w.org\/{rel}","templated":true}]}}