{"id":6282,"date":"2022-03-21T11:01:02","date_gmt":"2022-03-21T11:01:02","guid":{"rendered":"https:\/\/yindamachinery.com\/?page_id=6282"},"modified":"2025-10-20T16:08:08","modified_gmt":"2025-10-20T16:08:08","slug":"controle-de-qualite","status":"publish","type":"page","link":"https:\/\/yindamachinery.com\/fr\/controle-de-qualite\/","title":{"rendered":"Contr\u00f4le de qualit\u00e9"},"content":{"rendered":"<div data-elementor-type=\"wp-page\" data-elementor-id=\"6282\" class=\"elementor elementor-6282\">\n\t\t\t\t\t\t<section class=\"elementor-section elementor-top-section elementor-element elementor-element-3fde820 elementor-section-boxed elementor-section-height-default elementor-section-height-default\" data-id=\"3fde820\" data-element_type=\"section\" data-e-type=\"section\">\n\t\t\t\t\t\t<div class=\"elementor-container elementor-column-gap-default\">\n\t\t\t\t\t<div class=\"elementor-column elementor-col-66 elementor-top-column elementor-element elementor-element-12e8acf\" data-id=\"12e8acf\" data-element_type=\"column\" data-e-type=\"column\">\n\t\t\t<div class=\"elementor-widget-wrap elementor-element-populated\">\n\t\t\t\t\t\t<div class=\"elementor-element elementor-element-7a145ba elementor-widget elementor-widget-text-editor\" data-id=\"7a145ba\" data-element_type=\"widget\" data-e-type=\"widget\" data-widget_type=\"text-editor.default\">\n\t\t\t\t<div class=\"elementor-widget-container\">\n\t\t\t\t\t\t\t\t\t<h1><img fetchpriority=\"high\" decoding=\"async\" class=\"alignnone size-full wp-image-6296\" src=\"https:\/\/yindamachinery.com\/wp-content\/uploads\/2022\/03\/quality-control-banner.jpg\" alt=\"\" width=\"800\" height=\"200\" srcset=\"https:\/\/yindamachinery.com\/wp-content\/uploads\/2022\/03\/quality-control-banner.jpg 800w, https:\/\/yindamachinery.com\/wp-content\/uploads\/2022\/03\/quality-control-banner-768x192.jpg 768w, https:\/\/yindamachinery.com\/wp-content\/uploads\/2022\/03\/quality-control-banner-18x5.jpg 18w\" sizes=\"(max-width: 800px) 100vw, 800px\" \/><\/h1><h1 style=\"text-align: center;\"><strong><b>Yinda <\/b><\/strong><strong><b>Contr\u00f4le de qualit\u00e9<\/b><\/strong><\/h1><p>Yinda Machinery continue toujours de travailler avec d\u00e9vouement pour faciliter et fournir des produits de haute qualit\u00e9. Les produits sont en lots \u00e0 des fins d&#039;examen. Yinda Machinery a re\u00e7u les certifications du syst\u00e8me de gestion de la qualit\u00e9 ISO 9001 et du syst\u00e8me de gestion de l&#039;environnement ISO 14001 pour recevoir l&#039;assurance en termes de qualit\u00e9 et de satisfaction des clients. Notre toute sinc\u00e9rit\u00e9 est de faciliter avec les produits des solutions sup\u00e9rieures r\u00e9sistantes \u00e0 l&#039;usure et des services connexes \u00e0 tous les clients. Le but et l&#039;objectif de Yinda Machinery sont de fournir les meilleurs produits de tous les temps avec la priorit\u00e9 \u00e0 la qualit\u00e9 toujours et d&#039;y apporter la perfection.<\/p><h2><u>Pourquoi faire appel aux services de contr\u00f4le qualit\u00e9 de <\/u><u>Yinda<\/u><u>?<\/u><\/h2><p>L&#039;\u00e9quipe de Yinda Machinery est disponible pour vous aider en termes de:<\/p><ul><li>Assurance concernant la qualit\u00e9 de tous les mat\u00e9riaux, composants, structures, syst\u00e8mes et \u00e9quipements n\u00e9cessaires \u00e0 la fabrication, \u00e0 la construction et au fonctionnement de toutes sortes de processus industriels<\/li><li>Respecter toutes les normes et directives appropri\u00e9es concernant le contr\u00f4le de la qualit\u00e9<\/li><li>V\u00e9rifiez chaque mat\u00e9riau, pi\u00e8ce et r\u00e9sultat en v\u00e9rifiant de mani\u00e8re ind\u00e9pendante, en auditant, en inspectant et en observant les proc\u00e9dures.<\/li><li>B\u00e9n\u00e9ficier des avantages du contr\u00f4le qualit\u00e9 et de l&#039;assurance qualit\u00e9 concernant les processus de construction sur le site et les installations par le fabricant hors site.<\/li><\/ul><h2><u>Raisons de diriger dans les services de contr\u00f4le de la qualit\u00e9 <\/u><\/h2><p>\u00c9tant l&#039;un des meilleurs fournisseurs de services de contr\u00f4le de la qualit\u00e9, Yinda Machinery continue d&#039;offrir des exp\u00e9riences imbattables qui se r\u00e9pandent dans tous les secteurs. En tant qu&#039;expert, plein de ressources, et avec le r\u00e9seau mondial particulier, Yinda Machinery est pr\u00eat \u00e0 fournir un contr\u00f4le qualit\u00e9 dans le monde entier. Cela se traduit par la garantie concernant la qualit\u00e9 de l&#039;ensemble du processus de la cha\u00eene d&#039;approvisionnement.<\/p><h3>Services de contr\u00f4le de la qualit\u00e9 et d&#039;assurance de la qualit\u00e9 hors site\u00a0:<\/h3><ul><li>Support pour expliquer le programme de contr\u00f4le de la qualit\u00e9 qui r\u00e9pond \u00e0 l&#039;ensemble du champ d&#039;application des exigences r\u00e9guli\u00e8res.<\/li><li>Effectuer les enqu\u00eates qui ont l&#039;\u00e9valuation compl\u00e8te du programme de contr\u00f4le de la qualit\u00e9 du fournisseur pour r\u00e9pondre aux exigences de l&#039;acheteur.<\/li><li>Disponibilit\u00e9 de toutes les revues concernant les sp\u00e9cifications, les conceptions et les normes particuli\u00e8res pour recevoir un accord avec les exigences appropri\u00e9es.<\/li><li>Audit formel de tous les \u00e9quipements en pr\u00e9sence du fournisseur et du fabricant pendant tout le processus de fabrication. \u00a0<\/li><li>Organiser des cours pour l&#039;assurance qualit\u00e9<\/li><\/ul><h3>Services de contr\u00f4le et d&#039;assurance qualit\u00e9 sur site\u00a0:<\/h3><ul><li>\u00c9valuation de toutes les proc\u00e9dures, sp\u00e9cifications et normes particuli\u00e8res requises sur le site.<\/li><li>Contr\u00f4le et test des mat\u00e9riaux<\/li><li>L&#039;inspection et la v\u00e9rification sont essentielles pour l&#039;\u00e9tablissement en ce qui concerne la qualit\u00e9 des mat\u00e9riaux, du syst\u00e8me et de la structure pendant le processus de fabrication<\/li><li>Recevoir les tests d&#039;acceptation de l&#039;usine concernant tous les \u00e9quipements et installations<\/li><li>Toutes les inspections et supervisions avant exp\u00e9dition et chargement en phase d&#039;exp\u00e9dition<\/li><li>Examiner chaque m\u00e9thodologie de stockage ainsi que les mesures pr\u00e9ventives de l&#039;\u00e9quipement lors de l&#039;installation.<\/li><li>Mise en \u0153uvre des enregistrements conserv\u00e9s<\/li><li>Concentrez-vous sur le contr\u00f4le de la qualit\u00e9 et r\u00e9pondez \u00e0 toutes les exigences applicables dans divers domaines et march\u00e9s pour effectuer l&#039;inspection et la mise en \u0153uvre.<\/li><li>Obtenir une accessibilit\u00e9 compl\u00e8te du march\u00e9 gr\u00e2ce \u00e0 l&#039;identification, la rencontre et la compilation ainsi que les exigences de votre public\/march\u00e9 cible.<\/li><li>Tester la qualit\u00e9 pour r\u00e9duire les risques et fournir les performances n\u00e9cessaires pour r\u00e9pondre aux normes.<\/li><li>Cela aide \u00e0 effectuer tout le travail de mani\u00e8re efficace et efficiente<\/li><\/ul>\t\t\t\t\t\t\t\t<\/div>\n\t\t\t\t<\/div>\n\t\t\t\t\t<\/div>\n\t\t<\/div>\n\t\t\t\t<div class=\"elementor-column elementor-col-33 elementor-top-column elementor-element elementor-element-9c95a96\" data-id=\"9c95a96\" data-element_type=\"column\" data-e-type=\"column\">\n\t\t\t<div class=\"elementor-widget-wrap elementor-element-populated\">\n\t\t\t\t\t\t<div class=\"elementor-element elementor-element-5233494 elementor-widget elementor-widget-sidebar\" data-id=\"5233494\" data-element_type=\"widget\" data-e-type=\"widget\" data-widget_type=\"sidebar.default\">\n\t\t\t\t<div class=\"elementor-widget-container\">\n\t\t\t\t\t<div id=\"nav_menu-2\" class=\"widget widget_nav_menu\"><h2 class=\"widget-title\">\u00c9quipements de manutention de poudre<\/h2><nav class=\"menu-footermenu2-container\" aria-label=\"\u00c9quipements de manutention de poudre\"><ul id=\"menu-footermenu2\" class=\"menu\"><li id=\"menu-item-5958\" class=\"menu-item menu-item-type-post_type menu-item-object-page menu-item-5958\"><a href=\"https:\/\/yindamachinery.com\/fr\/ribbon-blenders-2\/\" class=\"menu-link\">M\u00e9langeur \u00e0 ruban<\/a><\/li>\n<li id=\"menu-item-5959\" class=\"menu-item menu-item-type-post_type menu-item-object-page menu-item-5959\"><a href=\"https:\/\/yindamachinery.com\/fr\/moulin-a-air\/\" class=\"menu-link\">Moulin de classification d&#039;air<\/a><\/li>\n<li id=\"menu-item-5960\" class=\"menu-item menu-item-type-post_type menu-item-object-page menu-item-5960\"><a href=\"https:\/\/yindamachinery.com\/fr\/melangeurs-a-double-cone\/\" class=\"menu-link\">M\u00e9langeurs \u00e0 double c\u00f4ne<\/a><\/li>\n<li id=\"menu-item-5961\" class=\"menu-item menu-item-type-post_type menu-item-object-page menu-item-5961\"><a href=\"https:\/\/yindamachinery.com\/fr\/concasseur-grossier\/\" class=\"menu-link\">Concasseur grossier<\/a><\/li>\n<li id=\"menu-item-5962\" class=\"menu-item menu-item-type-post_type menu-item-object-page menu-item-5962\"><a href=\"https:\/\/yindamachinery.com\/fr\/melangeur-additifs-alimentaires\/\" class=\"menu-link\">M\u00e9langeur d&#039;additifs alimentaires<\/a><\/li>\n<li id=\"menu-item-7062\" class=\"menu-item menu-item-type-post_type menu-item-object-page menu-item-7062\"><a href=\"https:\/\/yindamachinery.com\/fr\/bin-blender\/\" class=\"menu-link\">M\u00e9langeur \u00e0 bac<\/a><\/li>\n<li id=\"menu-item-7063\" class=\"menu-item menu-item-type-post_type menu-item-object-page menu-item-7063\"><a href=\"https:\/\/yindamachinery.com\/fr\/concasseur-grossier\/\" class=\"menu-link\">Concasseur grossier<\/a><\/li>\n<li id=\"menu-item-7064\" class=\"menu-item menu-item-type-post_type menu-item-object-page menu-item-7064\"><a href=\"https:\/\/yindamachinery.com\/fr\/melangeur-a-ruban-horizontal-2\/\" class=\"menu-link\">M\u00e9langeur \u00e0 ruban horizontal<\/a><\/li>\n<\/ul><\/nav><\/div>\t\t\t\t<\/div>\n\t\t\t\t<\/div>\n\t\t\t\t<div class=\"elementor-element elementor-element-5a1c516 elementor-widget elementor-widget-template\" data-id=\"5a1c516\" data-element_type=\"widget\" data-e-type=\"widget\" data-widget_type=\"template.default\">\n\t\t\t\t<div class=\"elementor-widget-container\">\n\t\t\t\t\t \t\t\t\t<\/div>\n\t\t\t\t<\/div>\n\t\t\t\t\t<\/div>\n\t\t<\/div>\n\t\t\t\t\t<\/div>\n\t\t<\/section>\n\t\t\t\t<\/div>","protected":false},"excerpt":{"rendered":"<p>Yinda Quality Control Yinda Machinery always keeps working with dedication to facilitate and deliver high-quality products. The products are in batches for examination purposes. Yinda Machinery has received certifications of ISO 9001 quality management system and ISO 14001 environemntal management system to receive assurance in terms of quality and satisfying the customers. Our all sincerity [&hellip;]<\/p>\n","protected":false},"author":1,"featured_media":0,"parent":0,"menu_order":0,"comment_status":"closed","ping_status":"closed","template":"","meta":{"_acf_changed":false,"_seopress_robots_primary_cat":"","_seopress_titles_title":"Yinda Machinery Quality Control","_seopress_titles_desc":"Read the of Yinda Machinery quality control offering unbeatable experiences that spread across every industry.","_seopress_robots_index":"","site-sidebar-layout":"no-sidebar","site-content-layout":"page-builder","ast-site-content-layout":"default","site-content-style":"default","site-sidebar-style":"default","ast-global-header-display":"","ast-banner-title-visibility":"","ast-main-header-display":"","ast-hfb-above-header-display":"","ast-hfb-below-header-display":"","ast-hfb-mobile-header-display":"","site-post-title":"disabled","ast-breadcrumbs-content":"","ast-featured-img":"disabled","footer-sml-layout":"","ast-disable-related-posts":"","theme-transparent-header-meta":"default","adv-header-id-meta":"","stick-header-meta":"","header-above-stick-meta":"","header-main-stick-meta":"","header-below-stick-meta":"","astra-migrate-meta-layouts":"default","ast-page-background-enabled":"default","ast-page-background-meta":{"desktop":{"background-color":"","background-image":"","background-repeat":"repeat","background-position":"center center","background-size":"auto","background-attachment":"scroll","background-type":"","background-media":"","overlay-type":"","overlay-color":"","overlay-opacity":"","overlay-gradient":""},"tablet":{"background-color":"","background-image":"","background-repeat":"repeat","background-position":"center center","background-size":"auto","background-attachment":"scroll","background-type":"","background-media":"","overlay-type":"","overlay-color":"","overlay-opacity":"","overlay-gradient":""},"mobile":{"background-color":"","background-image":"","background-repeat":"repeat","background-position":"center center","background-size":"auto","background-attachment":"scroll","background-type":"","background-media":"","overlay-type":"","overlay-color":"","overlay-opacity":"","overlay-gradient":""}},"ast-content-background-meta":{"desktop":{"background-color":"var(--ast-global-color-5)","background-image":"","background-repeat":"repeat","background-position":"center center","background-size":"auto","background-attachment":"scroll","background-type":"","background-media":"","overlay-type":"","overlay-color":"","overlay-opacity":"","overlay-gradient":""},"tablet":{"background-color":"var(--ast-global-color-5)","background-image":"","background-repeat":"repeat","background-position":"center center","background-size":"auto","background-attachment":"scroll","background-type":"","background-media":"","overlay-type":"","overlay-color":"","overlay-opacity":"","overlay-gradient":""},"mobile":{"background-color":"var(--ast-global-color-5)","background-image":"","background-repeat":"repeat","background-position":"center center","background-size":"auto","background-attachment":"scroll","background-type":"","background-media":"","overlay-type":"","overlay-color":"","overlay-opacity":"","overlay-gradient":""}},"footnotes":""},"class_list":["post-6282","page","type-page","status-publish","hentry"],"acf":[],"_links":{"self":[{"href":"https:\/\/yindamachinery.com\/fr\/wp-json\/wp\/v2\/pages\/6282","targetHints":{"allow":["GET"]}}],"collection":[{"href":"https:\/\/yindamachinery.com\/fr\/wp-json\/wp\/v2\/pages"}],"about":[{"href":"https:\/\/yindamachinery.com\/fr\/wp-json\/wp\/v2\/types\/page"}],"author":[{"embeddable":true,"href":"https:\/\/yindamachinery.com\/fr\/wp-json\/wp\/v2\/users\/1"}],"replies":[{"embeddable":true,"href":"https:\/\/yindamachinery.com\/fr\/wp-json\/wp\/v2\/comments?post=6282"}],"version-history":[{"count":1,"href":"https:\/\/yindamachinery.com\/fr\/wp-json\/wp\/v2\/pages\/6282\/revisions"}],"predecessor-version":[{"id":8948,"href":"https:\/\/yindamachinery.com\/fr\/wp-json\/wp\/v2\/pages\/6282\/revisions\/8948"}],"wp:attachment":[{"href":"https:\/\/yindamachinery.com\/fr\/wp-json\/wp\/v2\/media?parent=6282"}],"curies":[{"name":"wp","href":"https:\/\/api.w.org\/{rel}","templated":true}]}}