{"id":4499,"date":"2021-07-04T13:25:12","date_gmt":"2021-07-04T13:25:12","guid":{"rendered":"https:\/\/yindamachinery.com\/?page_id=4499"},"modified":"2025-10-22T04:30:18","modified_gmt":"2025-10-22T04:30:18","slug":"broyeur-a-marteaux-industriel-2","status":"publish","type":"page","link":"https:\/\/yindamachinery.com\/fr\/broyeur-a-marteaux-industriel-2\/","title":{"rendered":"Broyeur \u00e0 marteaux industriel"},"content":{"rendered":"<p>&nbsp;<\/p>\n<p>Afin de comprendre les exigences sp\u00e9cifiques de votre application, veuillez transmettre la demande en indiquant le nom de la mati\u00e8re premi\u00e8re, la capacit\u00e9 de production, les exigences de finesse et les caract\u00e9ristiques de la mati\u00e8re premi\u00e8re.<\/p>","protected":false},"excerpt":{"rendered":"<p>&nbsp; Afin de comprendre les exigences sp\u00e9cifiques de votre application, veuillez transmettre la demande en indiquant le nom de la mati\u00e8re premi\u00e8re, la capacit\u00e9 de production, les exigences de finesse et les caract\u00e9ristiques de la mati\u00e8re premi\u00e8re.<\/p>","protected":false},"author":1,"featured_media":0,"parent":0,"menu_order":3,"comment_status":"closed","ping_status":"closed","template":"product-category.php","meta":{"_acf_changed":false,"_seopress_robots_primary_cat":"","_seopress_titles_title":"Industrial Hammer Mill Machine | Yinda Machinery","_seopress_titles_desc":"Request a quote for our industrial hammer mill machine designed for precision grinding, crushing, and pulverizing of a wide range of materials.","_seopress_robots_index":"","site-sidebar-layout":"no-sidebar","site-content-layout":"page-builder","ast-site-content-layout":"default","site-content-style":"default","site-sidebar-style":"default","ast-global-header-display":"","ast-banner-title-visibility":"","ast-main-header-display":"","ast-hfb-above-header-display":"","ast-hfb-below-header-display":"","ast-hfb-mobile-header-display":"","site-post-title":"","ast-breadcrumbs-content":"","ast-featured-img":"","footer-sml-layout":"","ast-disable-related-posts":"","theme-transparent-header-meta":"default","adv-header-id-meta":"","stick-header-meta":"","header-above-stick-meta":"","header-main-stick-meta":"","header-below-stick-meta":"","astra-migrate-meta-layouts":"default","ast-page-background-enabled":"default","ast-page-background-meta":{"desktop":{"background-color":"","background-image":"","background-repeat":"repeat","background-position":"center center","background-size":"auto","background-attachment":"scroll","background-type":"","background-media":"","overlay-type":"","overlay-color":"","overlay-opacity":"","overlay-gradient":""},"tablet":{"background-color":"","background-image":"","background-repeat":"repeat","background-position":"center center","background-size":"auto","background-attachment":"scroll","background-type":"","background-media":"","overlay-type":"","overlay-color":"","overlay-opacity":"","overlay-gradient":""},"mobile":{"background-color":"","background-image":"","background-repeat":"repeat","background-position":"center center","background-size":"auto","background-attachment":"scroll","background-type":"","background-media":"","overlay-type":"","overlay-color":"","overlay-opacity":"","overlay-gradient":""}},"ast-content-background-meta":{"desktop":{"background-color":"var(--ast-global-color-5)","background-image":"","background-repeat":"repeat","background-position":"center center","background-size":"auto","background-attachment":"scroll","background-type":"","background-media":"","overlay-type":"","overlay-color":"","overlay-opacity":"","overlay-gradient":""},"tablet":{"background-color":"var(--ast-global-color-5)","background-image":"","background-repeat":"repeat","background-position":"center center","background-size":"auto","background-attachment":"scroll","background-type":"","background-media":"","overlay-type":"","overlay-color":"","overlay-opacity":"","overlay-gradient":""},"mobile":{"background-color":"var(--ast-global-color-5)","background-image":"","background-repeat":"repeat","background-position":"center center","background-size":"auto","background-attachment":"scroll","background-type":"","background-media":"","overlay-type":"","overlay-color":"","overlay-opacity":"","overlay-gradient":""}},"footnotes":""},"class_list":["post-4499","page","type-page","status-publish","hentry"],"acf":[],"_links":{"self":[{"href":"https:\/\/yindamachinery.com\/fr\/wp-json\/wp\/v2\/pages\/4499","targetHints":{"allow":["GET"]}}],"collection":[{"href":"https:\/\/yindamachinery.com\/fr\/wp-json\/wp\/v2\/pages"}],"about":[{"href":"https:\/\/yindamachinery.com\/fr\/wp-json\/wp\/v2\/types\/page"}],"author":[{"embeddable":true,"href":"https:\/\/yindamachinery.com\/fr\/wp-json\/wp\/v2\/users\/1"}],"replies":[{"embeddable":true,"href":"https:\/\/yindamachinery.com\/fr\/wp-json\/wp\/v2\/comments?post=4499"}],"version-history":[{"count":1,"href":"https:\/\/yindamachinery.com\/fr\/wp-json\/wp\/v2\/pages\/4499\/revisions"}],"predecessor-version":[{"id":9044,"href":"https:\/\/yindamachinery.com\/fr\/wp-json\/wp\/v2\/pages\/4499\/revisions\/9044"}],"wp:attachment":[{"href":"https:\/\/yindamachinery.com\/fr\/wp-json\/wp\/v2\/media?parent=4499"}],"curies":[{"name":"wp","href":"https:\/\/api.w.org\/{rel}","templated":true}]}}