{"id":4492,"date":"2021-07-04T13:14:33","date_gmt":"2021-07-04T13:14:33","guid":{"rendered":"https:\/\/yindamachinery.com\/?page_id=4492"},"modified":"2025-10-22T07:05:25","modified_gmt":"2025-10-22T07:05:25","slug":"broyeur-a-broches","status":"publish","type":"page","link":"https:\/\/yindamachinery.com\/fr\/broyeur-a-broches\/","title":{"rendered":"Broyeur \u00e0 broches Broyeur"},"content":{"rendered":"<p>Si vous faites partie d&#039;une industrie de transformation telle que pharmaceutique, chimique, min\u00e9rale, etc., les broyeurs \u00e0 broches sont des outils id\u00e9aux pour votre entreprise. Vous pouvez facilement acheter, utiliser et entretenir ces machines sans avoir \u00e0 vous soucier de la formation approfondie de votre personnel sur l&#039;utilisation de ces machines.<\/p>\n<p>De plus, les broyeurs \u00e0 broches n&#039;occupent pas beaucoup d&#039;espace, vous pouvez donc les installer dans n&#039;importe quel coin de votre espace de travail. Cependant, l&#039;utilisation des broyeurs \u00e0 broches pr\u00e9sente \u00e9galement certains inconv\u00e9nients dont nous parlerons plus loin dans l&#039;article.<\/p>\n<p>Un autre aspect important \u00e0 noter est que les broyeurs \u00e0 broches sont \u00e9galement personnalisables. Si vous contactez le fabricant et lui faites savoir quelles sont vos exigences exactes, vous pouvez tirer le maximum des broyeurs \u00e0 broches. Nous aborderons cet aspect en d\u00e9tail plus loin dans l&#039;article.<\/p>\n<p>Afin de comprendre les exigences sp\u00e9cifiques de votre application, veuillez transmettre la demande en indiquant le nom de la mati\u00e8re premi\u00e8re, la capacit\u00e9 de production, les exigences de finesse et les caract\u00e9ristiques de la mati\u00e8re premi\u00e8re.<\/p>","protected":false},"excerpt":{"rendered":"<p>If you are part of a processing industry like pharmaceutical, chemical, mineral, etc. then the pin mill pulverizers are ideal tools for your business. You can easily buy, operate and maintain these machines without having to worry about training your staff extensively over the use of these machines. Furthermore, the pin mill pulverizers do not [&hellip;]<\/p>\n","protected":false},"author":1,"featured_media":0,"parent":0,"menu_order":3,"comment_status":"closed","ping_status":"closed","template":"product-category.php","meta":{"_acf_changed":false,"_seopress_robots_primary_cat":"","_seopress_titles_title":"Pin Mill Pulverizer Machine | Yinda Machinery","_seopress_titles_desc":"Yinda Pin Mill pulverizer machine can grind powder at 20-120mesh. Suitable for chemical, pharmaceutical, food, mineral, and cosmetic applications.","_seopress_robots_index":"","site-sidebar-layout":"no-sidebar","site-content-layout":"page-builder","ast-site-content-layout":"default","site-content-style":"default","site-sidebar-style":"default","ast-global-header-display":"","ast-banner-title-visibility":"","ast-main-header-display":"","ast-hfb-above-header-display":"","ast-hfb-below-header-display":"","ast-hfb-mobile-header-display":"","site-post-title":"","ast-breadcrumbs-content":"","ast-featured-img":"","footer-sml-layout":"","ast-disable-related-posts":"","theme-transparent-header-meta":"default","adv-header-id-meta":"","stick-header-meta":"","header-above-stick-meta":"","header-main-stick-meta":"","header-below-stick-meta":"","astra-migrate-meta-layouts":"default","ast-page-background-enabled":"default","ast-page-background-meta":{"desktop":{"background-color":"","background-image":"","background-repeat":"repeat","background-position":"center center","background-size":"auto","background-attachment":"scroll","background-type":"","background-media":"","overlay-type":"","overlay-color":"","overlay-opacity":"","overlay-gradient":""},"tablet":{"background-color":"","background-image":"","background-repeat":"repeat","background-position":"center center","background-size":"auto","background-attachment":"scroll","background-type":"","background-media":"","overlay-type":"","overlay-color":"","overlay-opacity":"","overlay-gradient":""},"mobile":{"background-color":"","background-image":"","background-repeat":"repeat","background-position":"center center","background-size":"auto","background-attachment":"scroll","background-type":"","background-media":"","overlay-type":"","overlay-color":"","overlay-opacity":"","overlay-gradient":""}},"ast-content-background-meta":{"desktop":{"background-color":"var(--ast-global-color-5)","background-image":"","background-repeat":"repeat","background-position":"center center","background-size":"auto","background-attachment":"scroll","background-type":"","background-media":"","overlay-type":"","overlay-color":"","overlay-opacity":"","overlay-gradient":""},"tablet":{"background-color":"var(--ast-global-color-5)","background-image":"","background-repeat":"repeat","background-position":"center center","background-size":"auto","background-attachment":"scroll","background-type":"","background-media":"","overlay-type":"","overlay-color":"","overlay-opacity":"","overlay-gradient":""},"mobile":{"background-color":"var(--ast-global-color-5)","background-image":"","background-repeat":"repeat","background-position":"center center","background-size":"auto","background-attachment":"scroll","background-type":"","background-media":"","overlay-type":"","overlay-color":"","overlay-opacity":"","overlay-gradient":""}},"footnotes":""},"class_list":["post-4492","page","type-page","status-publish","hentry"],"acf":[],"_links":{"self":[{"href":"https:\/\/yindamachinery.com\/fr\/wp-json\/wp\/v2\/pages\/4492","targetHints":{"allow":["GET"]}}],"collection":[{"href":"https:\/\/yindamachinery.com\/fr\/wp-json\/wp\/v2\/pages"}],"about":[{"href":"https:\/\/yindamachinery.com\/fr\/wp-json\/wp\/v2\/types\/page"}],"author":[{"embeddable":true,"href":"https:\/\/yindamachinery.com\/fr\/wp-json\/wp\/v2\/users\/1"}],"replies":[{"embeddable":true,"href":"https:\/\/yindamachinery.com\/fr\/wp-json\/wp\/v2\/comments?post=4492"}],"version-history":[{"count":1,"href":"https:\/\/yindamachinery.com\/fr\/wp-json\/wp\/v2\/pages\/4492\/revisions"}],"predecessor-version":[{"id":9054,"href":"https:\/\/yindamachinery.com\/fr\/wp-json\/wp\/v2\/pages\/4492\/revisions\/9054"}],"wp:attachment":[{"href":"https:\/\/yindamachinery.com\/fr\/wp-json\/wp\/v2\/media?parent=4492"}],"curies":[{"name":"wp","href":"https:\/\/api.w.org\/{rel}","templated":true}]}}