{"id":2084,"date":"2020-12-03T01:59:00","date_gmt":"2020-12-03T01:59:00","guid":{"rendered":"https:\/\/www.yindaindustry.com\/?page_id=2084"},"modified":"2022-04-19T08:45:02","modified_gmt":"2022-04-19T08:45:02","slug":"machine-a-tamiser","status":"publish","type":"page","link":"https:\/\/yindamachinery.com\/fr\/machine-a-tamiser\/","title":{"rendered":"Machine de tamisage"},"content":{"rendered":"<p>Concasseur simple \u00e0 particules<strong>\u00a0<\/strong>est utilis\u00e9 pour fabriquer des particules ou des flocons (0,5-20 mm) \u00e0 partir de grandes mati\u00e8res premi\u00e8res, utilis\u00e9 comme \u00e9quipement sp\u00e9cial pour les mat\u00e9riaux de concassage grossiers dans le processus de pr\u00e9paration. Il peut \u00e9craser les plastiques, le caoutchouc et d&#039;autres mat\u00e9riaux durs et r\u00e9sistants.<\/p>","protected":false},"excerpt":{"rendered":"<p>Le broyeur unique de particules est utilis\u00e9 pour fabriquer des particules ou des flocons (0,5 \u00e0 20 mm) \u00e0 partir de grosses mati\u00e8res premi\u00e8res, utilis\u00e9 comme \u00e9quipement sp\u00e9cial pour le concassage grossier des mat\u00e9riaux dans le processus de pr\u00e9paration. Il peut \u00e9craser les plastiques, le caoutchouc et d\u2019autres mat\u00e9riaux durs et r\u00e9sistants.<\/p>","protected":false},"author":1,"featured_media":0,"parent":0,"menu_order":0,"comment_status":"closed","ping_status":"closed","template":"product-category.php","meta":{"_acf_changed":false,"_seopress_robots_primary_cat":"","_seopress_titles_title":"Sifting Machine --Yinda","_seopress_titles_desc":"You Can Get High Performance Sifting Machine With Cost-effective Price. GMP Standard Design. Get A Free Quote Now!","_seopress_robots_index":"","site-sidebar-layout":"default","site-content-layout":"page-builder","ast-site-content-layout":"default","site-content-style":"default","site-sidebar-style":"default","ast-global-header-display":"","ast-banner-title-visibility":"","ast-main-header-display":"","ast-hfb-above-header-display":"","ast-hfb-below-header-display":"","ast-hfb-mobile-header-display":"","site-post-title":"","ast-breadcrumbs-content":"","ast-featured-img":"","footer-sml-layout":"","ast-disable-related-posts":"","theme-transparent-header-meta":"default","adv-header-id-meta":"","stick-header-meta":"","header-above-stick-meta":"","header-main-stick-meta":"","header-below-stick-meta":"","astra-migrate-meta-layouts":"default","ast-page-background-enabled":"default","ast-page-background-meta":{"desktop":{"background-color":"","background-image":"","background-repeat":"repeat","background-position":"center center","background-size":"auto","background-attachment":"scroll","background-type":"","background-media":"","overlay-type":"","overlay-color":"","overlay-opacity":"","overlay-gradient":""},"tablet":{"background-color":"","background-image":"","background-repeat":"repeat","background-position":"center center","background-size":"auto","background-attachment":"scroll","background-type":"","background-media":"","overlay-type":"","overlay-color":"","overlay-opacity":"","overlay-gradient":""},"mobile":{"background-color":"","background-image":"","background-repeat":"repeat","background-position":"center center","background-size":"auto","background-attachment":"scroll","background-type":"","background-media":"","overlay-type":"","overlay-color":"","overlay-opacity":"","overlay-gradient":""}},"ast-content-background-meta":{"desktop":{"background-color":"var(--ast-global-color-5)","background-image":"","background-repeat":"repeat","background-position":"center center","background-size":"auto","background-attachment":"scroll","background-type":"","background-media":"","overlay-type":"","overlay-color":"","overlay-opacity":"","overlay-gradient":""},"tablet":{"background-color":"var(--ast-global-color-5)","background-image":"","background-repeat":"repeat","background-position":"center center","background-size":"auto","background-attachment":"scroll","background-type":"","background-media":"","overlay-type":"","overlay-color":"","overlay-opacity":"","overlay-gradient":""},"mobile":{"background-color":"var(--ast-global-color-5)","background-image":"","background-repeat":"repeat","background-position":"center center","background-size":"auto","background-attachment":"scroll","background-type":"","background-media":"","overlay-type":"","overlay-color":"","overlay-opacity":"","overlay-gradient":""}},"footnotes":""},"class_list":["post-2084","page","type-page","status-publish","hentry"],"acf":[],"_links":{"self":[{"href":"https:\/\/yindamachinery.com\/fr\/wp-json\/wp\/v2\/pages\/2084","targetHints":{"allow":["GET"]}}],"collection":[{"href":"https:\/\/yindamachinery.com\/fr\/wp-json\/wp\/v2\/pages"}],"about":[{"href":"https:\/\/yindamachinery.com\/fr\/wp-json\/wp\/v2\/types\/page"}],"author":[{"embeddable":true,"href":"https:\/\/yindamachinery.com\/fr\/wp-json\/wp\/v2\/users\/1"}],"replies":[{"embeddable":true,"href":"https:\/\/yindamachinery.com\/fr\/wp-json\/wp\/v2\/comments?post=2084"}],"version-history":[{"count":0,"href":"https:\/\/yindamachinery.com\/fr\/wp-json\/wp\/v2\/pages\/2084\/revisions"}],"wp:attachment":[{"href":"https:\/\/yindamachinery.com\/fr\/wp-json\/wp\/v2\/media?parent=2084"}],"curies":[{"name":"wp","href":"https:\/\/api.w.org\/{rel}","templated":true}]}}