{"id":1245,"date":"2020-11-23T04:43:07","date_gmt":"2020-11-23T04:43:07","guid":{"rendered":"https:\/\/www.yindaindustry.com\/?page_id=1245"},"modified":"2025-10-20T13:58:40","modified_gmt":"2025-10-20T13:58:40","slug":"produits-chimiques-melangeur-tridimensionnel","status":"publish","type":"page","link":"https:\/\/yindamachinery.com\/fr\/produits-chimiques-melangeur-tridimensionnel\/","title":{"rendered":"M\u00e9langeur tridimensionnel de produits chimiques"},"content":{"rendered":"<p>&nbsp;<\/p>\n<p>Nous sommes en mesure de proposer nos m\u00e9langeurs PTU avec pi\u00e8ce de contact \u00e0 construire en SS304, SS316\/316L, Titane, Acier inoxydable Duplex, Hastelloy, etc. Le standard de finition interne et externe peut \u00eatre adapt\u00e9 aux besoins du client. Bonne uniformit\u00e9 du travail de m\u00e9lange sans espace mort.<br \/>\nCapacit\u00e9s totales allant de 20 \u00e0 1000 litres.<br \/>\nM\u00e9lange dans des r\u00e9cipients s\u00e9par\u00e9s, pas de contamination ni de rejet, pas de nettoyage suppl\u00e9mentaire.<br \/>\nEnti\u00e8rement d\u00e9charg\u00e9, facile \u00e0 nettoyer<br \/>\nCage de s\u00e9curit\u00e9 pour \u00e9viter les blessures humaines.<\/p>\n<p>Changement rapide et rapide du f\u00fbt gr\u00e2ce au montage simple et rapide du conteneur.<\/p>","protected":false},"excerpt":{"rendered":"<p>&nbsp; We are able to offer our PTU Mixers with contact part to be built in SS304, SS316\/316L, Titanium, Duplex stainless steel, Hastelloy, etc. Standard of internal and external finish can be adapted to the customer&#8217;s needs.Good uniformity of mixing work without dead space. Total capacities ranging from 20 to 1000 litres. Mixing in separate [&hellip;]<\/p>\n","protected":false},"author":1,"featured_media":0,"parent":0,"menu_order":0,"comment_status":"closed","ping_status":"closed","template":"product-details.php","meta":{"_acf_changed":false,"_seopress_robots_primary_cat":"","_seopress_titles_title":"Chemicals Three Dimensional Mixer | Yinda Machinery","_seopress_titles_desc":"The chemicals Three Dimensional Mixer is suitable for efficient mixing of powdery and granular materials in the pharmaceutical, chemical, and food industries.","_seopress_robots_index":"","site-sidebar-layout":"default","site-content-layout":"default","ast-site-content-layout":"default","site-content-style":"default","site-sidebar-style":"default","ast-global-header-display":"","ast-banner-title-visibility":"","ast-main-header-display":"","ast-hfb-above-header-display":"","ast-hfb-below-header-display":"","ast-hfb-mobile-header-display":"","site-post-title":"","ast-breadcrumbs-content":"","ast-featured-img":"","footer-sml-layout":"","ast-disable-related-posts":"","theme-transparent-header-meta":"default","adv-header-id-meta":"","stick-header-meta":"","header-above-stick-meta":"","header-main-stick-meta":"","header-below-stick-meta":"","astra-migrate-meta-layouts":"default","ast-page-background-enabled":"default","ast-page-background-meta":{"desktop":{"background-color":"","background-image":"","background-repeat":"repeat","background-position":"center center","background-size":"auto","background-attachment":"scroll","background-type":"","background-media":"","overlay-type":"","overlay-color":"","overlay-opacity":"","overlay-gradient":""},"tablet":{"background-color":"","background-image":"","background-repeat":"repeat","background-position":"center center","background-size":"auto","background-attachment":"scroll","background-type":"","background-media":"","overlay-type":"","overlay-color":"","overlay-opacity":"","overlay-gradient":""},"mobile":{"background-color":"","background-image":"","background-repeat":"repeat","background-position":"center center","background-size":"auto","background-attachment":"scroll","background-type":"","background-media":"","overlay-type":"","overlay-color":"","overlay-opacity":"","overlay-gradient":""}},"ast-content-background-meta":{"desktop":{"background-color":"var(--ast-global-color-5)","background-image":"","background-repeat":"repeat","background-position":"center center","background-size":"auto","background-attachment":"scroll","background-type":"","background-media":"","overlay-type":"","overlay-color":"","overlay-opacity":"","overlay-gradient":""},"tablet":{"background-color":"var(--ast-global-color-5)","background-image":"","background-repeat":"repeat","background-position":"center center","background-size":"auto","background-attachment":"scroll","background-type":"","background-media":"","overlay-type":"","overlay-color":"","overlay-opacity":"","overlay-gradient":""},"mobile":{"background-color":"var(--ast-global-color-5)","background-image":"","background-repeat":"repeat","background-position":"center center","background-size":"auto","background-attachment":"scroll","background-type":"","background-media":"","overlay-type":"","overlay-color":"","overlay-opacity":"","overlay-gradient":""}},"footnotes":""},"class_list":["post-1245","page","type-page","status-publish","hentry"],"acf":[],"_links":{"self":[{"href":"https:\/\/yindamachinery.com\/fr\/wp-json\/wp\/v2\/pages\/1245","targetHints":{"allow":["GET"]}}],"collection":[{"href":"https:\/\/yindamachinery.com\/fr\/wp-json\/wp\/v2\/pages"}],"about":[{"href":"https:\/\/yindamachinery.com\/fr\/wp-json\/wp\/v2\/types\/page"}],"author":[{"embeddable":true,"href":"https:\/\/yindamachinery.com\/fr\/wp-json\/wp\/v2\/users\/1"}],"replies":[{"embeddable":true,"href":"https:\/\/yindamachinery.com\/fr\/wp-json\/wp\/v2\/comments?post=1245"}],"version-history":[{"count":1,"href":"https:\/\/yindamachinery.com\/fr\/wp-json\/wp\/v2\/pages\/1245\/revisions"}],"predecessor-version":[{"id":8884,"href":"https:\/\/yindamachinery.com\/fr\/wp-json\/wp\/v2\/pages\/1245\/revisions\/8884"}],"wp:attachment":[{"href":"https:\/\/yindamachinery.com\/fr\/wp-json\/wp\/v2\/media?parent=1245"}],"curies":[{"name":"wp","href":"https:\/\/api.w.org\/{rel}","templated":true}]}}