{"id":7405,"date":"2022-07-24T14:41:49","date_gmt":"2022-07-24T14:41:49","guid":{"rendered":"https:\/\/yindamachinery.com\/?page_id=7405"},"modified":"2025-10-21T08:31:31","modified_gmt":"2025-10-21T08:31:31","slug":"envasadora-de-polvo-vertical","status":"publish","type":"page","link":"https:\/\/yindamachinery.com\/es\/envasadora-de-polvo-vertical\/","title":{"rendered":"M\u00e1quina empacadora de polvo vertical"},"content":{"rendered":"<div data-elementor-type=\"wp-page\" data-elementor-id=\"7405\" class=\"elementor elementor-7405\">\n\t\t\t\t\t\t<section class=\"elementor-section elementor-top-section elementor-element elementor-element-b8812dd elementor-section-boxed elementor-section-height-default elementor-section-height-default\" data-id=\"b8812dd\" data-element_type=\"section\" data-e-type=\"section\">\n\t\t\t\t\t\t<div class=\"elementor-container elementor-column-gap-default\">\n\t\t\t\t\t<div class=\"elementor-column elementor-col-66 elementor-top-column elementor-element elementor-element-f0266ca\" data-id=\"f0266ca\" data-element_type=\"column\" data-e-type=\"column\">\n\t\t\t<div class=\"elementor-widget-wrap elementor-element-populated\">\n\t\t\t\t\t\t<div class=\"elementor-element elementor-element-8839d29 elementor-widget elementor-widget-text-editor\" data-id=\"8839d29\" data-element_type=\"widget\" data-e-type=\"widget\" data-widget_type=\"text-editor.default\">\n\t\t\t\t<div class=\"elementor-widget-container\">\n\t\t\t\t\t\t\t\t\t<h1><strong>Empaquetadora de polvo vertical YDBZ-2 <\/strong><\/h1><p><img fetchpriority=\"high\" decoding=\"async\" class=\"alignnone size-full wp-image-7409\" src=\"https:\/\/yindamachinery.com\/wp-content\/uploads\/2022\/07\/YDBZ-2-vertical-Powder-packing-machine-1.png\" alt=\"empaquetadora vertical de polvo ydbz 2 (1)\" width=\"394\" height=\"646\" srcset=\"https:\/\/yindamachinery.com\/wp-content\/uploads\/2022\/07\/YDBZ-2-vertical-Powder-packing-machine-1.png 394w, https:\/\/yindamachinery.com\/wp-content\/uploads\/2022\/07\/YDBZ-2-vertical-Powder-packing-machine-1-7x12.png 7w\" sizes=\"(max-width: 394px) 100vw, 394px\" \/><\/p><h2><strong>Descripci\u00f3n <\/strong><\/h2><p>Esta m\u00e1quina y la m\u00e1quina dosificadora pueden completar autom\u00e1ticamente todo el proceso de empaque de dosificaci\u00f3n, alimentaci\u00f3n, llenado, fabricaci\u00f3n de bolsas, impresi\u00f3n de fecha, inflado (escape) y entrega del producto terminado, y completan autom\u00e1ticamente el conteo.<\/p><p>Es adecuada para envasar leche en polvo, prote\u00edna en polvo, bebidas s\u00f3lidas, az\u00facar, glucosa, caf\u00e9 en polvo, especias, aditivos alimentarios, etc.<\/p><h2><strong>Ventajas<\/strong><\/h2><ol><li>El equipo adopta la extracci\u00f3n y liberaci\u00f3n de pel\u00edcula servoaccionada para garantizar una extracci\u00f3n precisa de la pel\u00edcula y un efecto de embalaje de bolsa limpio y hermoso.<\/li><li>El equipo adopta componentes el\u00e9ctricos famosos nacionales\/extranjeros y ha sido probado durante muchos a\u00f1os en el mercado para garantizar un rendimiento m\u00e1s estable y duradero.<\/li><li>Toda la m\u00e1quina est\u00e1 dise\u00f1ada de acuerdo con el est\u00e1ndar GMP y ha pasado la certificaci\u00f3n CE.<\/li><li>Toda la m\u00e1quina est\u00e1 hecha de acero inoxidable 304, de acuerdo con los est\u00e1ndares de producci\u00f3n de alimentos y medicamentos, para garantizar la limpieza y la higiene.<\/li><li>El tornillo dosificador est\u00e1 hecho por una m\u00e1quina herramienta CNC con mec\u00e1nica de precisi\u00f3n, con un proceso suave y una alta precisi\u00f3n de medici\u00f3n.<\/li><li>Adopte el control de accionamiento del servomotor, rendimiento r\u00e1pido y estable, velocidad de producci\u00f3n r\u00e1pida<\/li><\/ol><h2><strong>Datos t\u00e9cnicos<\/strong><\/h2><table><tbody><tr><td width=\"225\"><p>Modelos<\/p><\/td><td width=\"216\"><p>YDBZ-2<\/p><\/td><td width=\"302\"><p>YDBZ-3<\/p><\/td><td width=\"302\"><p>YDBZ-4<\/p><\/td><\/tr><tr><td width=\"225\"><p>Tama\u00f1o de la bolsa (mm)<\/p><\/td><td width=\"216\"><p>Ancho: 50-150<br \/>Largo: 50-200<\/p><\/td><td width=\"302\"><p>Ancho: 80-200<br \/>Largo:80-250<\/p><\/td><td width=\"302\"><p>Ancho: 80-200<br \/>Largo:80-250<\/p><\/td><\/tr><tr><td width=\"225\"><p>Forma de bolsa<\/p><\/td><td colspan=\"3\" width=\"820\"><p>Bolsa de almohada, bolsa de agujero, bolsa de cadena, bolsa de alfiler<\/p><\/td><\/tr><tr><td width=\"225\"><p>Potencia (kilovatios)<\/p><\/td><td colspan=\"3\" width=\"820\"><p>2.5<\/p><\/td><\/tr><tr><td width=\"225\"><p>Rango de peso del envase (polvo) (g)<\/p><\/td><td width=\"216\"><p>\u2264200<\/p><\/td><td width=\"302\"><p>\u2264200<\/p><\/td><td width=\"302\"><p>\u22641500<\/p><\/td><\/tr><tr><td width=\"225\"><p>Velocidad de embalaje (bolsa\/min)<\/p><\/td><td colspan=\"3\" width=\"820\"><p>25-60 (seg\u00fan caracter\u00edsticas del material y peso del embalaje)<\/p><\/td><\/tr><tr><td width=\"225\"><p>Velocidad de embalaje (bolsa\/min)<\/p><\/td><td colspan=\"3\" width=\"820\"><p>\u00b11% (seg\u00fan caracter\u00edsticas del material y peso del embalaje)<\/p><\/td><\/tr><tr><td width=\"225\"><p>Tama\u00f1o de la bolsa (mm)<\/p><\/td><td width=\"216\"><p>Ancho: 50-150<br \/>Largo: 50-200<\/p><\/td><td width=\"302\"><p>Ancho: 80-200<br \/>Largo:80-250<\/p><\/td><td width=\"302\"><p>Ancho: 80-200<br \/>Largo:80-250<\/p><\/td><\/tr><\/tbody><\/table><h2><img decoding=\"async\" class=\"alignnone size-full wp-image-7412\" src=\"https:\/\/yindamachinery.com\/wp-content\/uploads\/2022\/07\/YDBZ-2-vertical-Powder-packing-machine-4.png\" alt=\"empaquetadora vertical de polvo ydbz 2 (4)\" width=\"435\" height=\"333\" srcset=\"https:\/\/yindamachinery.com\/wp-content\/uploads\/2022\/07\/YDBZ-2-vertical-Powder-packing-machine-4.png 435w, https:\/\/yindamachinery.com\/wp-content\/uploads\/2022\/07\/YDBZ-2-vertical-Powder-packing-machine-4-16x12.png 16w\" sizes=\"(max-width: 435px) 100vw, 435px\" \/> <img decoding=\"async\" class=\"alignnone size-full wp-image-7411\" src=\"https:\/\/yindamachinery.com\/wp-content\/uploads\/2022\/07\/YDBZ-2-vertical-Powder-packing-machine-3.png\" alt=\"empaquetadora vertical de polvo ydbz 2 (3)\" width=\"979\" height=\"800\" srcset=\"https:\/\/yindamachinery.com\/wp-content\/uploads\/2022\/07\/YDBZ-2-vertical-Powder-packing-machine-3.png 979w, https:\/\/yindamachinery.com\/wp-content\/uploads\/2022\/07\/YDBZ-2-vertical-Powder-packing-machine-3-768x628.png 768w, https:\/\/yindamachinery.com\/wp-content\/uploads\/2022\/07\/YDBZ-2-vertical-Powder-packing-machine-3-15x12.png 15w\" sizes=\"(max-width: 979px) 100vw, 979px\" \/><\/h2><h2><strong>\u00bfQu\u00e9 bolsa quieres?<\/strong><\/h2><p>\u00a0<\/p><p><img loading=\"lazy\" decoding=\"async\" class=\"alignnone size-full wp-image-7413\" src=\"https:\/\/yindamachinery.com\/wp-content\/uploads\/2022\/07\/YDBZ-2-vertical-Powder-packing-machine-5.png\" alt=\"empaquetadora vertical de polvo ydbz 2 (5)\" width=\"949\" height=\"482\" srcset=\"https:\/\/yindamachinery.com\/wp-content\/uploads\/2022\/07\/YDBZ-2-vertical-Powder-packing-machine-5.png 949w, https:\/\/yindamachinery.com\/wp-content\/uploads\/2022\/07\/YDBZ-2-vertical-Powder-packing-machine-5-768x390.png 768w, https:\/\/yindamachinery.com\/wp-content\/uploads\/2022\/07\/YDBZ-2-vertical-Powder-packing-machine-5-18x9.png 18w\" sizes=\"(max-width: 949px) 100vw, 949px\" \/><\/p><h2><strong>M\u00e9todos de alimentaci\u00f3n opcionales:<\/strong><\/h2><p><img loading=\"lazy\" decoding=\"async\" class=\"alignnone size-full wp-image-7410\" src=\"https:\/\/yindamachinery.com\/wp-content\/uploads\/2022\/07\/YDBZ-2-vertical-Powder-packing-machine-2.png\" alt=\"empaquetadora vertical de polvo ydbz 2 (2)\" width=\"929\" height=\"695\" srcset=\"https:\/\/yindamachinery.com\/wp-content\/uploads\/2022\/07\/YDBZ-2-vertical-Powder-packing-machine-2.png 929w, https:\/\/yindamachinery.com\/wp-content\/uploads\/2022\/07\/YDBZ-2-vertical-Powder-packing-machine-2-768x575.png 768w, https:\/\/yindamachinery.com\/wp-content\/uploads\/2022\/07\/YDBZ-2-vertical-Powder-packing-machine-2-16x12.png 16w\" sizes=\"(max-width: 929px) 100vw, 929px\" \/><\/p><p>\u00a0<\/p><p>\u00a0<\/p><p>\u00a0<\/p>\t\t\t\t\t\t\t\t<\/div>\n\t\t\t\t<\/div>\n\t\t\t\t\t<\/div>\n\t\t<\/div>\n\t\t\t\t<div class=\"elementor-column elementor-col-33 elementor-top-column elementor-element elementor-element-ef0e054\" data-id=\"ef0e054\" data-element_type=\"column\" data-e-type=\"column\">\n\t\t\t<div class=\"elementor-widget-wrap elementor-element-populated\">\n\t\t\t\t\t\t<div class=\"elementor-element elementor-element-c91ca70 elementor-widget elementor-widget-text-editor\" data-id=\"c91ca70\" data-element_type=\"widget\" data-e-type=\"widget\" data-widget_type=\"text-editor.default\">\n\t\t\t\t<div class=\"elementor-widget-container\">\n\t\t\t\t\t\t\t\t\t<p><\/p>\t\t\t\t\t\t\t\t<\/div>\n\t\t\t\t<\/div>\n\t\t\t\t<div class=\"elementor-element elementor-element-c146b7b elementor-widget elementor-widget-sidebar\" data-id=\"c146b7b\" data-element_type=\"widget\" data-e-type=\"widget\" data-widget_type=\"sidebar.default\">\n\t\t\t\t<div class=\"elementor-widget-container\">\n\t\t\t\t\t<aside id=\"search-2\" class=\"widget widget_search\"><form role=\"search\" method=\"get\" class=\"search-form\" action=\"https:\/\/yindamachinery.com\/es\/\" data-trp-original-action=\"https:\/\/yindamachinery.com\/es\/\">\n\t<label for=\"search-field\">\n\t\t<span class=\"screen-reader-text\">Buscar por:<\/span>\n\t\t<input type=\"search\" id=\"search-field\" class=\"search-field\"   placeholder=\"Buscar...\" value=\"\" name=\"s\" tabindex=\"-1\">\n\t\t\t<\/label>\n\t\t\t<input type=\"submit\" class=\"search-submit\" value=\"Buscar\">\n\t<input type=\"hidden\" name=\"trp-form-language\" value=\"es\"\/><\/form>\n<\/aside>\n\t\t<aside id=\"recent-posts-3\" class=\"widget widget_recent_entries\">\n\t\t<h2 class=\"widget-title\">nuevos productos<\/h2><nav aria-label=\"nuevos productos\">\n\t\t<ul>\n\t\t\t\t\t\t\t\t\t\t\t<li>\n\t\t\t\t\t<a href=\"https:\/\/yindamachinery.com\/es\/how-an-air-classifier-mill-ensures-ultrafine-and-uniform-particle-size-after-sulfur-grinding\/\">How an Air Classifier Mill Ensures Ultrafine and Uniform Particle Size After Sulfur Grinding<\/a>\n\t\t\t\t\t\t\t\t\t<\/li>\n\t\t\t\t\t\t\t\t\t\t\t<li>\n\t\t\t\t\t<a href=\"https:\/\/yindamachinery.com\/es\/carom-seeds-grinding-machine-for-small-and-large-capacity-production\/\">Carom Seeds Grinding Machine for Small and Large Capacity Production<\/a>\n\t\t\t\t\t\t\t\t\t<\/li>\n\t\t\t\t\t\t\t\t\t\t\t<li>\n\t\t\t\t\t<a href=\"https:\/\/yindamachinery.com\/es\/advanced-instant-tea-processing-equipment-pin-mill-with-pulse-dust-collection-system-solution-for-crystal-instant-tea\/\">Advanced Instant Tea Processing Equipment Pin Mill with Pulse Dust Collection System Solution for Crystal Instant Tea<\/a>\n\t\t\t\t\t\t\t\t\t<\/li>\n\t\t\t\t\t\t\t\t\t\t\t<li>\n\t\t\t\t\t<a href=\"https:\/\/yindamachinery.com\/es\/how-to-choose-chili-processing-equipment-for-flakes-powder-and-paste-production\/\">How to Choose Chili Processing Equipment for Flakes, Powder, and Paste Production<\/a>\n\t\t\t\t\t\t\t\t\t<\/li>\n\t\t\t\t\t\t\t\t\t\t\t<li>\n\t\t\t\t\t<a href=\"https:\/\/yindamachinery.com\/es\/how-a-hammer-grinding-machine-improves-the-quality-and-consistency-of-feed-additives\/\">How a Hammer Grinding Machine Improves the Quality and Consistency of Feed Additives<\/a>\n\t\t\t\t\t\t\t\t\t<\/li>\n\t\t\t\t\t<\/ul>\n\n\t\t<\/nav><\/aside><aside id=\"categories-2\" class=\"widget widget_categories\"><h2 class=\"widget-title\">B\u00fasqueda r\u00e1pida<\/h2><nav aria-label=\"B\u00fasqueda r\u00e1pida\">\n\t\t\t<ul>\n\t\t\t\t\t<li class=\"cat-item cat-item-1\"><a href=\"https:\/\/yindamachinery.com\/es\/categoria\/blog\/\">Blog<\/a>\n<\/li>\n\t<li class=\"cat-item cat-item-12\"><a href=\"https:\/\/yindamachinery.com\/es\/categoria\/licuadora-de-doble-cono\/\">Licuadora de doble cono<\/a>\n<\/li>\n\t<li class=\"cat-item cat-item-10\"><a href=\"https:\/\/yindamachinery.com\/es\/categoria\/batidora-de-cinta\/\">Batidora de cintas<\/a>\n<\/li>\n\t\t\t<\/ul>\n\n\t\t\t<\/nav><\/aside><aside id=\"custom_html-8\" class=\"widget_text widget widget_custom_html\"><div class=\"textwidget custom-html-widget\"><div class=\"quickQuote divScroll\">\r\n<div class=\"quickQuoteTitle\">Env\u00ede su consulta hoy<\/div>\r\n<form name=\"form1\" method=\"post\" action=\"https:\/\/yindamachinery.wufoo.com\/forms\/z1w948rh0coebsw\/#public\">\r\n<input name=\"Field1\" type=\"text\" value=\"\" placeholder=\"Nombre*\" required \/>\r\n<input name=\"Field2\" type=\"email\" value=\"\" placeholder=\"Correo electr\u00f3nico*\" required \/>\r\n<input name=\"Field3\" type=\"text\" value=\"\" placeholder=\"Tel\u00e9fono\" \/>\r\n<textarea name=\"Field4\" placeholder=\"Mensaje*\" required><\/textarea>\r\n<div class=\"hidden\"><input name=\"Field5\" type=\"text\" value=\"http:\/\/yindamachinery.com\/es\/wp-json\/wp\/v2\/pages\/7405\"\/><\/div>\r\n<div class=\"hidden\"><input name=\"Field6\" type=\"text\" value=\"216.73.216.108, Columbus, United States\"\/><\/div>\r\n<div class=\"text-right\"><input name=\"saveForm\" type=\"submit\" value=\"Enviar\"\/><\/div>\r\n<div class=\"hidden\">\r\n<textarea name=\"comment\" id=\"comment\" rows=\"1\" cols=\"1\"><\/textarea>\r\n<input type=\"hidden\" id=\"idstamp\" name=\"idstamp\" value=\"Z76ScsiwY4S4aTigjiNXzc+TU2c4yz9sdD5K49qczUs=\" >\r\n<input type=\"hidden\" id=\"encryptedPassword\" name=\"encryptedPassword\" value=\"\" >\r\n<\/div>\r\n<\/form>\r\n<\/div><\/div><\/aside>\t\t\t\t<\/div>\n\t\t\t\t<\/div>\n\t\t\t\t\t<\/div>\n\t\t<\/div>\n\t\t\t\t\t<\/div>\n\t\t<\/section>\n\t\t\t\t<\/div>","protected":false},"excerpt":{"rendered":"","protected":false},"author":1,"featured_media":0,"parent":0,"menu_order":0,"comment_status":"closed","ping_status":"closed","template":"","meta":{"_acf_changed":false,"_seopress_robots_primary_cat":"","_seopress_titles_title":"Vertical Powder Packing Machine | Yinda Machinery","_seopress_titles_desc":"The stainless steel-made vertical powder packing machine can pack milk, spice, and coffee powder at 50-65 BPM. Get a free quote!","_seopress_robots_index":"","site-sidebar-layout":"no-sidebar","site-content-layout":"page-builder","ast-site-content-layout":"default","site-content-style":"default","site-sidebar-style":"default","ast-global-header-display":"","ast-banner-title-visibility":"","ast-main-header-display":"","ast-hfb-above-header-display":"","ast-hfb-below-header-display":"","ast-hfb-mobile-header-display":"","site-post-title":"disabled","ast-breadcrumbs-content":"","ast-featured-img":"disabled","footer-sml-layout":"","ast-disable-related-posts":"","theme-transparent-header-meta":"default","adv-header-id-meta":"","stick-header-meta":"","header-above-stick-meta":"","header-main-stick-meta":"","header-below-stick-meta":"","astra-migrate-meta-layouts":"default","ast-page-background-enabled":"default","ast-page-background-meta":{"desktop":{"background-color":"","background-image":"","background-repeat":"repeat","background-position":"center center","background-size":"auto","background-attachment":"scroll","background-type":"","background-media":"","overlay-type":"","overlay-color":"","overlay-opacity":"","overlay-gradient":""},"tablet":{"background-color":"","background-image":"","background-repeat":"repeat","background-position":"center center","background-size":"auto","background-attachment":"scroll","background-type":"","background-media":"","overlay-type":"","overlay-color":"","overlay-opacity":"","overlay-gradient":""},"mobile":{"background-color":"","background-image":"","background-repeat":"repeat","background-position":"center center","background-size":"auto","background-attachment":"scroll","background-type":"","background-media":"","overlay-type":"","overlay-color":"","overlay-opacity":"","overlay-gradient":""}},"ast-content-background-meta":{"desktop":{"background-color":"var(--ast-global-color-5)","background-image":"","background-repeat":"repeat","background-position":"center center","background-size":"auto","background-attachment":"scroll","background-type":"","background-media":"","overlay-type":"","overlay-color":"","overlay-opacity":"","overlay-gradient":""},"tablet":{"background-color":"var(--ast-global-color-5)","background-image":"","background-repeat":"repeat","background-position":"center center","background-size":"auto","background-attachment":"scroll","background-type":"","background-media":"","overlay-type":"","overlay-color":"","overlay-opacity":"","overlay-gradient":""},"mobile":{"background-color":"var(--ast-global-color-5)","background-image":"","background-repeat":"repeat","background-position":"center center","background-size":"auto","background-attachment":"scroll","background-type":"","background-media":"","overlay-type":"","overlay-color":"","overlay-opacity":"","overlay-gradient":""}},"footnotes":""},"class_list":["post-7405","page","type-page","status-publish","hentry"],"acf":[],"_links":{"self":[{"href":"https:\/\/yindamachinery.com\/es\/wp-json\/wp\/v2\/pages\/7405","targetHints":{"allow":["GET"]}}],"collection":[{"href":"https:\/\/yindamachinery.com\/es\/wp-json\/wp\/v2\/pages"}],"about":[{"href":"https:\/\/yindamachinery.com\/es\/wp-json\/wp\/v2\/types\/page"}],"author":[{"embeddable":true,"href":"https:\/\/yindamachinery.com\/es\/wp-json\/wp\/v2\/users\/1"}],"replies":[{"embeddable":true,"href":"https:\/\/yindamachinery.com\/es\/wp-json\/wp\/v2\/comments?post=7405"}],"version-history":[{"count":1,"href":"https:\/\/yindamachinery.com\/es\/wp-json\/wp\/v2\/pages\/7405\/revisions"}],"predecessor-version":[{"id":8982,"href":"https:\/\/yindamachinery.com\/es\/wp-json\/wp\/v2\/pages\/7405\/revisions\/8982"}],"wp:attachment":[{"href":"https:\/\/yindamachinery.com\/es\/wp-json\/wp\/v2\/media?parent=7405"}],"curies":[{"name":"wp","href":"https:\/\/api.w.org\/{rel}","templated":true}]}}