{"id":7387,"date":"2022-07-14T14:05:11","date_gmt":"2022-07-14T14:05:11","guid":{"rendered":"https:\/\/yindamachinery.com\/?page_id=7387"},"modified":"2025-10-20T15:20:03","modified_gmt":"2025-10-20T15:20:03","slug":"contenedor-ibc","status":"publish","type":"page","link":"https:\/\/yindamachinery.com\/es\/contenedor-ibc\/","title":{"rendered":"contenedor IBC"},"content":{"rendered":"<div data-elementor-type=\"wp-page\" data-elementor-id=\"7387\" class=\"elementor elementor-7387\">\n\t\t\t\t\t\t<section class=\"elementor-section elementor-top-section elementor-element elementor-element-2379fbd6 elementor-section-boxed elementor-section-height-default elementor-section-height-default\" data-id=\"2379fbd6\" data-element_type=\"section\" data-e-type=\"section\">\n\t\t\t\t\t\t<div class=\"elementor-container elementor-column-gap-default\">\n\t\t\t\t\t<div class=\"elementor-column elementor-col-50 elementor-top-column elementor-element elementor-element-7fec76e1\" data-id=\"7fec76e1\" data-element_type=\"column\" data-e-type=\"column\">\n\t\t\t<div class=\"elementor-widget-wrap elementor-element-populated\">\n\t\t\t\t\t\t<div class=\"elementor-element elementor-element-4918c8c1 elementor-widget elementor-widget-image\" data-id=\"4918c8c1\" data-element_type=\"widget\" data-e-type=\"widget\" data-widget_type=\"image.default\">\n\t\t\t\t<div class=\"elementor-widget-container\">\n\t\t\t\t\t\t\t\t\t\t\t\t\t\t\t<img fetchpriority=\"high\" decoding=\"async\" width=\"491\" height=\"494\" src=\"https:\/\/yindamachinery.com\/wp-content\/uploads\/2022\/07\/IBC-bin.png\" class=\"attachment-large size-large wp-image-7392\" alt=\"contenedor ibc\" srcset=\"https:\/\/yindamachinery.com\/wp-content\/uploads\/2022\/07\/IBC-bin.png 491w, https:\/\/yindamachinery.com\/wp-content\/uploads\/2022\/07\/IBC-bin-150x150.png 150w, https:\/\/yindamachinery.com\/wp-content\/uploads\/2022\/07\/IBC-bin-12x12.png 12w\" sizes=\"(max-width: 491px) 100vw, 491px\" \/>\t\t\t\t\t\t\t\t\t\t\t\t\t\t\t<\/div>\n\t\t\t\t<\/div>\n\t\t\t\t\t<\/div>\n\t\t<\/div>\n\t\t\t\t<div class=\"elementor-column elementor-col-50 elementor-top-column elementor-element elementor-element-afa90c5\" data-id=\"afa90c5\" data-element_type=\"column\" data-e-type=\"column\">\n\t\t\t<div class=\"elementor-widget-wrap elementor-element-populated\">\n\t\t\t\t\t\t<div class=\"elementor-element elementor-element-13e9e563 elementor-widget elementor-widget-spacer\" data-id=\"13e9e563\" data-element_type=\"widget\" data-e-type=\"widget\" data-widget_type=\"spacer.default\">\n\t\t\t\t<div class=\"elementor-widget-container\">\n\t\t\t\t\t\t\t<div class=\"elementor-spacer\">\n\t\t\t<div class=\"elementor-spacer-inner\"><\/div>\n\t\t<\/div>\n\t\t\t\t\t\t<\/div>\n\t\t\t\t<\/div>\n\t\t\t\t<div class=\"elementor-element elementor-element-381cdadc elementor-widget elementor-widget-text-editor\" data-id=\"381cdadc\" data-element_type=\"widget\" data-e-type=\"widget\" data-widget_type=\"text-editor.default\">\n\t\t\t\t<div class=\"elementor-widget-container\">\n\t\t\t\t\t\t\t\t\t<h1 style=\"text-align: center;\">contenedor IBC<\/h1><p>Yinda es uno de los mejores fabricantes y proveedores de contenedores IBC en China. Si est\u00e1 buscando un contenedor IBC, puede respondernos.<\/p><p>El equipo de almacenamiento en el sistema mecanizado de manejo de materiales a granel desempe\u00f1a principalmente el papel de almacenamiento intermedio, almacenamiento intermedio del sistema y operaci\u00f3n equilibrada. El dispositivo de silo consta de silo, componentes de alimentaci\u00f3n y descarga.<\/p>\t\t\t\t\t\t\t\t<\/div>\n\t\t\t\t<\/div>\n\t\t\t\t<div class=\"elementor-element elementor-element-2d0e0d13 elementor-align-center elementor-widget elementor-widget-button\" data-id=\"2d0e0d13\" data-element_type=\"widget\" data-e-type=\"widget\" data-widget_type=\"button.default\">\n\t\t\t\t<div class=\"elementor-widget-container\">\n\t\t\t\t\t\t\t\t\t<div class=\"elementor-button-wrapper\">\n\t\t\t\t\t<a class=\"elementor-button elementor-button-link elementor-size-md\" href=\"https:\/\/yindamachinery.com\/es\/contactenos\/\">\n\t\t\t\t\t\t<span class=\"elementor-button-content-wrapper\">\n\t\t\t\t\t\t\t\t\t<span class=\"elementor-button-text\">\u00a1OBTENGA UNA COTIZACI\u00d3N AHORA!<\/span>\n\t\t\t\t\t<\/span>\n\t\t\t\t\t<\/a>\n\t\t\t\t<\/div>\n\t\t\t\t\t\t\t\t<\/div>\n\t\t\t\t<\/div>\n\t\t\t\t\t<\/div>\n\t\t<\/div>\n\t\t\t\t\t<\/div>\n\t\t<\/section>\n\t\t\t\t<section class=\"elementor-section elementor-top-section elementor-element elementor-element-59969299 elementor-section-boxed elementor-section-height-default elementor-section-height-default\" data-id=\"59969299\" data-element_type=\"section\" data-e-type=\"section\">\n\t\t\t\t\t\t<div class=\"elementor-container elementor-column-gap-default\">\n\t\t\t\t\t<div class=\"elementor-column elementor-col-50 elementor-top-column elementor-element elementor-element-1b554453\" data-id=\"1b554453\" data-element_type=\"column\" data-e-type=\"column\">\n\t\t\t<div class=\"elementor-widget-wrap elementor-element-populated\">\n\t\t\t\t\t\t<div class=\"elementor-element elementor-element-3fdcdb41 elementor-widget elementor-widget-text-editor\" data-id=\"3fdcdb41\" data-element_type=\"widget\" data-e-type=\"widget\" data-widget_type=\"text-editor.default\">\n\t\t\t\t<div class=\"elementor-widget-container\">\n\t\t\t\t\t\t\t\t\t<h2 style=\"text-align: center;\">Solicitud:<\/h2><ol><li>sistema de llenado de GRG<\/li><li>Sistema de granulaci\u00f3n<\/li><li>Sistema de mezcla de polvo<\/li><li>Productos biofarmac\u00e9uticos<\/li><li>Sistema de tableteado y envasado<\/li><\/ol><div><h2 style=\"text-align: center;\">Ventaja<\/h2><ol><li>Nuestro contenedor IBC, ya sea de 200 litros o de 2000 litros, no tiene espacios muertos para facilitar la limpieza y garantizar que los contenedores IBC no provoquen contaminaci\u00f3n cruzada.<\/li><li>Tanto las soldaduras internas como las externas se esmerilan y quedan al ras con la superficie de la placa.<\/li><li>Nuestras soldaduras de alta calidad completan la apariencia despu\u00e9s de esmerilar y pulir.<\/li><li>Para la industria farmac\u00e9utica, generalmente utilizamos nuestro sistema ligero de tapa estampada, que es f\u00e1cil de quitar y limpiar y pesa muy poco.<\/li><li>La sujeci\u00f3n se facilita gracias a un anillo de sujeci\u00f3n exc\u00e9ntrico integral con bloqueo de seguridad antimanipulaci\u00f3n.<\/li><li>El contenedor IBC est\u00e1 hecho de tubos completamente cerrados y se suministra con patas verticales redondas o tubos cuadrados y patas de pl\u00e1stico blancas empotradas, para que el piso no se da\u00f1e durante el manejo.<\/li><\/ol><\/div>\t\t\t\t\t\t\t\t<\/div>\n\t\t\t\t<\/div>\n\t\t\t\t\t<\/div>\n\t\t<\/div>\n\t\t\t\t<div class=\"elementor-column elementor-col-50 elementor-top-column elementor-element elementor-element-517beda9\" data-id=\"517beda9\" data-element_type=\"column\" data-e-type=\"column\">\n\t\t\t<div class=\"elementor-widget-wrap elementor-element-populated\">\n\t\t\t\t\t\t<div class=\"elementor-element elementor-element-5a70b628 elementor-widget elementor-widget-spacer\" data-id=\"5a70b628\" data-element_type=\"widget\" data-e-type=\"widget\" data-widget_type=\"spacer.default\">\n\t\t\t\t<div class=\"elementor-widget-container\">\n\t\t\t\t\t\t\t<div class=\"elementor-spacer\">\n\t\t\t<div class=\"elementor-spacer-inner\"><\/div>\n\t\t<\/div>\n\t\t\t\t\t\t<\/div>\n\t\t\t\t<\/div>\n\t\t\t\t<div class=\"elementor-element elementor-element-b623057 elementor-arrows-position-inside elementor-pagination-position-outside elementor-widget elementor-widget-image-carousel\" data-id=\"b623057\" data-element_type=\"widget\" data-e-type=\"widget\" data-settings=\"{&quot;slides_to_show&quot;:&quot;1&quot;,&quot;navigation&quot;:&quot;both&quot;,&quot;autoplay&quot;:&quot;yes&quot;,&quot;pause_on_hover&quot;:&quot;yes&quot;,&quot;pause_on_interaction&quot;:&quot;yes&quot;,&quot;autoplay_speed&quot;:5000,&quot;infinite&quot;:&quot;yes&quot;,&quot;effect&quot;:&quot;slide&quot;,&quot;speed&quot;:500}\" data-widget_type=\"image-carousel.default\">\n\t\t\t\t<div class=\"elementor-widget-container\">\n\t\t\t\t\t\t\t<div class=\"elementor-image-carousel-wrapper swiper\" role=\"region\" aria-roledescription=\"carousel\" aria-label=\"Carrusel de im\u00e1genes\" dir=\"ltr\" data-no-translation-aria-label=\"\">\n\t\t\t<div class=\"elementor-image-carousel swiper-wrapper\" aria-live=\"off\">\n\t\t\t\t\t\t\t\t<div class=\"swiper-slide\" role=\"group\" aria-roledescription=\"slide\" aria-label=\"1 de 3\" data-no-translation-aria-label=\"\"><figure class=\"swiper-slide-inner\"><img decoding=\"async\" class=\"swiper-slide-image\" src=\"https:\/\/yindamachinery.com\/wp-content\/uploads\/2022\/07\/IBC-bin-drawing.png\" alt=\"dibujo bin ibc\" \/><\/figure><\/div><div class=\"swiper-slide\" role=\"group\" aria-roledescription=\"slide\" aria-label=\"2 de 3\" data-no-translation-aria-label=\"\"><figure class=\"swiper-slide-inner\"><img decoding=\"async\" class=\"swiper-slide-image\" src=\"https:\/\/yindamachinery.com\/wp-content\/uploads\/2022\/07\/IBC-bin-photo.png\" alt=\"foto de contenedor ibc\" \/><\/figure><\/div><div class=\"swiper-slide\" role=\"group\" aria-roledescription=\"slide\" aria-label=\"3 de 3\" data-no-translation-aria-label=\"\"><figure class=\"swiper-slide-inner\"><img decoding=\"async\" class=\"swiper-slide-image\" src=\"https:\/\/yindamachinery.com\/wp-content\/uploads\/2022\/07\/IBC-bins.png\" alt=\"contenedores ibc\" \/><\/figure><\/div>\t\t\t<\/div>\n\t\t\t\t\t\t\t\t\t\t\t\t<div class=\"elementor-swiper-button elementor-swiper-button-prev\" role=\"button\" tabindex=\"0\">\n\t\t\t\t\t\t<i aria-hidden=\"true\" class=\"eicon-chevron-left\"><\/i>\t\t\t\t\t<\/div>\n\t\t\t\t\t<div class=\"elementor-swiper-button elementor-swiper-button-next\" role=\"button\" tabindex=\"0\">\n\t\t\t\t\t\t<i aria-hidden=\"true\" class=\"eicon-chevron-right\"><\/i>\t\t\t\t\t<\/div>\n\t\t\t\t\n\t\t\t\t\t\t\t\t\t<div class=\"swiper-pagination\"><\/div>\n\t\t\t\t\t\t\t\t\t<\/div>\n\t\t\t\t\t\t<\/div>\n\t\t\t\t<\/div>\n\t\t\t\t\t<\/div>\n\t\t<\/div>\n\t\t\t\t\t<\/div>\n\t\t<\/section>\n\t\t\t\t<section class=\"elementor-section elementor-top-section elementor-element elementor-element-2f48bef0 elementor-section-boxed elementor-section-height-default elementor-section-height-default\" data-id=\"2f48bef0\" data-element_type=\"section\" data-e-type=\"section\">\n\t\t\t\t\t\t<div class=\"elementor-container elementor-column-gap-default\">\n\t\t\t\t\t<div class=\"elementor-column elementor-col-100 elementor-top-column elementor-element elementor-element-2ca16219\" data-id=\"2ca16219\" data-element_type=\"column\" data-e-type=\"column\">\n\t\t\t<div class=\"elementor-widget-wrap elementor-element-populated\">\n\t\t\t\t\t\t<div class=\"elementor-element elementor-element-2bf3d29f elementor-widget elementor-widget-spacer\" data-id=\"2bf3d29f\" data-element_type=\"widget\" data-e-type=\"widget\" data-widget_type=\"spacer.default\">\n\t\t\t\t<div class=\"elementor-widget-container\">\n\t\t\t\t\t\t\t<div class=\"elementor-spacer\">\n\t\t\t<div class=\"elementor-spacer-inner\"><\/div>\n\t\t<\/div>\n\t\t\t\t\t\t<\/div>\n\t\t\t\t<\/div>\n\t\t\t\t<div class=\"elementor-element elementor-element-1ea5e1dd elementor-widget elementor-widget-text-editor\" data-id=\"1ea5e1dd\" data-element_type=\"widget\" data-e-type=\"widget\" data-widget_type=\"text-editor.default\">\n\t\t\t\t<div class=\"elementor-widget-container\">\n\t\t\t\t\t\t\t\t\t<h2 style=\"text-align: center;\">Datos t\u00e9cnicos:<\/h2><table><tbody><tr><td rowspan=\"2\" width=\"105\"><p>Modelo<\/p><\/td><td colspan=\"5\" width=\"533\"><p>Dimensiones de la estructura principal<\/p><\/td><td width=\"105\"><p>volumen<\/p><\/td><td width=\"106\"><p>espesor de pared<\/p><\/td><\/tr><tr><td width=\"119\"><p>H1<\/p><\/td><td width=\"103\"><p>H2<\/p><\/td><td width=\"103\"><p>W<\/p><\/td><td width=\"103\"><p>D<\/p><\/td><td width=\"103\"><p>DN<\/p><\/td><td width=\"105\"><p>L<\/p><\/td><td width=\"106\"><p>t<\/p><\/td><\/tr><tr><td width=\"105\"><p>YDIBC-200<\/p><\/td><td width=\"119\"><p>1097<\/p><\/td><td width=\"103\"><p>158<\/p><\/td><td width=\"103\"><p>594<\/p><\/td><td width=\"103\"><p>100<\/p><\/td><td width=\"103\"><p>150<\/p><\/td><td width=\"105\"><p>200<\/p><\/td><td width=\"106\"><p>2.5<\/p><\/td><\/tr><tr><td width=\"105\"><p>YDIBC-300<\/p><\/td><td width=\"119\"><p>1168<\/p><\/td><td width=\"103\"><p>204<\/p><\/td><td width=\"103\"><p>794<\/p><\/td><td width=\"103\"><p>125<\/p><\/td><td width=\"103\"><p>200<\/p><\/td><td width=\"105\"><p>300<\/p><\/td><td width=\"106\"><p>2.5<\/p><\/td><\/tr><tr><td width=\"105\"><p>YDIBC-400<\/p><\/td><td width=\"119\"><p>1290<\/p><\/td><td width=\"103\"><p>165<\/p><\/td><td width=\"103\"><p>794<\/p><\/td><td width=\"103\"><p>125<\/p><\/td><td width=\"103\"><p>200<\/p><\/td><td width=\"105\"><p>400<\/p><\/td><td width=\"106\"><p>2.5<\/p><\/td><\/tr><tr><td width=\"105\"><p>YDIBC-500<\/p><\/td><td width=\"119\"><p>1331<\/p><\/td><td width=\"103\"><p>229<\/p><\/td><td width=\"103\"><p>994<\/p><\/td><td width=\"103\"><p>125<\/p><\/td><td width=\"103\"><p>200<\/p><\/td><td width=\"105\"><p>500<\/p><\/td><td width=\"106\"><p>2.5<\/p><\/td><\/tr><tr><td width=\"105\"><p>YDIBC-600<\/p><\/td><td width=\"119\"><p>1366<\/p><\/td><td width=\"103\"><p>151<\/p><\/td><td width=\"103\"><p>994<\/p><\/td><td width=\"103\"><p>125<\/p><\/td><td width=\"103\"><p>200<\/p><\/td><td width=\"105\"><p>600<\/p><\/td><td width=\"106\"><p>2.5<\/p><\/td><\/tr><tr><td width=\"105\"><p>YDIBC-800<\/p><\/td><td width=\"119\"><p>1545<\/p><\/td><td width=\"103\"><p>118<\/p><\/td><td width=\"103\"><p>994<\/p><\/td><td width=\"103\"><p>125<\/p><\/td><td width=\"103\"><p>200<\/p><\/td><td width=\"105\"><p>800<\/p><\/td><td width=\"106\"><p>2.5<\/p><\/td><\/tr><tr><td width=\"105\"><p>YDIBC-1000<\/p><\/td><td width=\"119\"><p>1586<\/p><\/td><td width=\"103\"><p>165<\/p><\/td><td width=\"103\"><p>1194<\/p><\/td><td width=\"103\"><p>150<\/p><\/td><td width=\"103\"><p>250<\/p><\/td><td width=\"105\"><p>1000<\/p><\/td><td width=\"106\"><p>2.5<\/p><\/td><\/tr><tr><td width=\"105\"><p>YDIBC-1500<\/p><\/td><td width=\"119\"><p>1868<\/p><\/td><td width=\"103\"><p>99<\/p><\/td><td width=\"103\"><p>1194<\/p><\/td><td width=\"103\"><p>150<\/p><\/td><td width=\"103\"><p>250<\/p><\/td><td width=\"105\"><p>1500<\/p><\/td><td width=\"106\"><p>3<\/p><\/td><\/tr><tr><td width=\"105\"><p>YDIBC-2000<\/p><\/td><td width=\"119\"><p>2238<\/p><\/td><td width=\"103\"><p>113<\/p><\/td><td width=\"103\"><p>1194<\/p><\/td><td width=\"103\"><p>150<\/p><\/td><td width=\"103\"><p>250<\/p><\/td><td width=\"105\"><p>2000<\/p><\/td><td width=\"106\"><p>3<\/p><\/td><\/tr><\/tbody><\/table><h2 style=\"text-align: center;\">\u00a0<\/h2>\t\t\t\t\t\t\t\t<\/div>\n\t\t\t\t<\/div>\n\t\t\t\t\t<\/div>\n\t\t<\/div>\n\t\t\t\t\t<\/div>\n\t\t<\/section>\n\t\t\t\t<section class=\"elementor-section elementor-top-section elementor-element elementor-element-71a2a9b7 elementor-section-boxed elementor-section-height-default elementor-section-height-default\" data-id=\"71a2a9b7\" data-element_type=\"section\" data-e-type=\"section\">\n\t\t\t\t\t\t<div class=\"elementor-container elementor-column-gap-default\">\n\t\t\t\t\t<div class=\"elementor-column elementor-col-100 elementor-top-column elementor-element elementor-element-7ac11c47\" data-id=\"7ac11c47\" data-element_type=\"column\" data-e-type=\"column\">\n\t\t\t<div class=\"elementor-widget-wrap elementor-element-populated\">\n\t\t\t\t\t\t<div class=\"elementor-element elementor-element-22afb8b7 elementor-widget elementor-widget-spacer\" data-id=\"22afb8b7\" data-element_type=\"widget\" data-e-type=\"widget\" data-widget_type=\"spacer.default\">\n\t\t\t\t<div class=\"elementor-widget-container\">\n\t\t\t\t\t\t\t<div class=\"elementor-spacer\">\n\t\t\t<div class=\"elementor-spacer-inner\"><\/div>\n\t\t<\/div>\n\t\t\t\t\t\t<\/div>\n\t\t\t\t<\/div>\n\t\t\t\t<div class=\"elementor-element elementor-element-661b7729 elementor-widget elementor-widget-image\" data-id=\"661b7729\" data-element_type=\"widget\" data-e-type=\"widget\" data-widget_type=\"image.default\">\n\t\t\t\t<div class=\"elementor-widget-container\">\n\t\t\t\t\t\t\t\t\t\t\t\t\t\t\t<img decoding=\"async\" width=\"550\" height=\"370\" src=\"https:\/\/yindamachinery.com\/wp-content\/uploads\/2020\/11\/YD-Powder-Handling-Systems-certification.png\" class=\"attachment-large size-large wp-image-850\" alt=\"Certificaci\u00f3n de sistemas de manejo de polvo YD\" \/>\t\t\t\t\t\t\t\t\t\t\t\t\t\t\t<\/div>\n\t\t\t\t<\/div>\n\t\t\t\t\t<\/div>\n\t\t<\/div>\n\t\t\t\t\t<\/div>\n\t\t<\/section>\n\t\t\t\t<section class=\"elementor-section elementor-top-section elementor-element elementor-element-2395a683 elementor-section-boxed elementor-section-height-default elementor-section-height-default\" data-id=\"2395a683\" data-element_type=\"section\" data-e-type=\"section\">\n\t\t\t\t\t\t<div class=\"elementor-container elementor-column-gap-default\">\n\t\t\t\t\t<div class=\"elementor-column elementor-col-100 elementor-top-column elementor-element elementor-element-514e2457\" data-id=\"514e2457\" data-element_type=\"column\" data-e-type=\"column\">\n\t\t\t<div class=\"elementor-widget-wrap elementor-element-populated\">\n\t\t\t\t\t\t<div class=\"elementor-element elementor-element-5e86ec08 elementor-widget elementor-widget-text-editor\" data-id=\"5e86ec08\" data-element_type=\"widget\" data-e-type=\"widget\" data-widget_type=\"text-editor.default\">\n\t\t\t\t<div class=\"elementor-widget-container\">\n\t\t\t\t\t\t\t\t\t<h2 style=\"text-align: center;\">Piezas de repuesto importadas de Yinda de marcas de la industria global.<\/h2>\t\t\t\t\t\t\t\t<\/div>\n\t\t\t\t<\/div>\n\t\t\t\t\t<\/div>\n\t\t<\/div>\n\t\t\t\t\t<\/div>\n\t\t<\/section>\n\t\t\t\t<section class=\"elementor-section elementor-top-section elementor-element elementor-element-7265caf elementor-section-boxed elementor-section-height-default elementor-section-height-default\" data-id=\"7265caf\" data-element_type=\"section\" data-e-type=\"section\">\n\t\t\t\t\t\t<div class=\"elementor-container elementor-column-gap-default\">\n\t\t\t\t\t<div class=\"elementor-column elementor-col-33 elementor-top-column elementor-element elementor-element-3b538fb5\" data-id=\"3b538fb5\" data-element_type=\"column\" data-e-type=\"column\">\n\t\t\t<div class=\"elementor-widget-wrap elementor-element-populated\">\n\t\t\t\t\t\t<div class=\"elementor-element elementor-element-2d55a94a elementor-widget elementor-widget-image\" data-id=\"2d55a94a\" data-element_type=\"widget\" data-e-type=\"widget\" data-widget_type=\"image.default\">\n\t\t\t\t<div class=\"elementor-widget-container\">\n\t\t\t\t\t\t\t\t\t\t\t\t\t\t\t<img decoding=\"async\" width=\"370\" height=\"320\" src=\"https:\/\/yindamachinery.com\/wp-content\/uploads\/2021\/02\/yinda-machine-2.jpg\" class=\"attachment-large size-large wp-image-2727\" alt=\"m\u00e1quina yinda 2\" \/>\t\t\t\t\t\t\t\t\t\t\t\t\t\t\t<\/div>\n\t\t\t\t<\/div>\n\t\t\t\t\t<\/div>\n\t\t<\/div>\n\t\t\t\t<div class=\"elementor-column elementor-col-33 elementor-top-column elementor-element elementor-element-70bdbe44\" data-id=\"70bdbe44\" data-element_type=\"column\" data-e-type=\"column\">\n\t\t\t<div class=\"elementor-widget-wrap elementor-element-populated\">\n\t\t\t\t\t\t<div class=\"elementor-element elementor-element-125e515e elementor-widget elementor-widget-image\" data-id=\"125e515e\" data-element_type=\"widget\" data-e-type=\"widget\" data-widget_type=\"image.default\">\n\t\t\t\t<div class=\"elementor-widget-container\">\n\t\t\t\t\t\t\t\t\t\t\t\t\t\t\t<img loading=\"lazy\" decoding=\"async\" width=\"370\" height=\"320\" src=\"https:\/\/yindamachinery.com\/wp-content\/uploads\/2021\/02\/yinda-machine-1-e1761985343327.jpg\" class=\"attachment-large size-large wp-image-2725\" alt=\"m\u00e1quina yinda 1\" \/>\t\t\t\t\t\t\t\t\t\t\t\t\t\t\t<\/div>\n\t\t\t\t<\/div>\n\t\t\t\t\t<\/div>\n\t\t<\/div>\n\t\t\t\t<div class=\"elementor-column elementor-col-33 elementor-top-column elementor-element elementor-element-abe179c\" data-id=\"abe179c\" data-element_type=\"column\" data-e-type=\"column\">\n\t\t\t<div class=\"elementor-widget-wrap elementor-element-populated\">\n\t\t\t\t\t\t<div class=\"elementor-element elementor-element-5f681cc4 elementor-widget elementor-widget-image\" data-id=\"5f681cc4\" data-element_type=\"widget\" data-e-type=\"widget\" data-widget_type=\"image.default\">\n\t\t\t\t<div class=\"elementor-widget-container\">\n\t\t\t\t\t\t\t\t\t\t\t\t\t\t\t<img loading=\"lazy\" decoding=\"async\" width=\"370\" height=\"320\" src=\"https:\/\/yindamachinery.com\/wp-content\/uploads\/2021\/02\/yinda-machine-3.jpg\" class=\"attachment-large size-large wp-image-2726\" alt=\"m\u00e1quina yinda 3\" \/>\t\t\t\t\t\t\t\t\t\t\t\t\t\t\t<\/div>\n\t\t\t\t<\/div>\n\t\t\t\t\t<\/div>\n\t\t<\/div>\n\t\t\t\t\t<\/div>\n\t\t<\/section>\n\t\t\t\t<\/div>","protected":false},"excerpt":{"rendered":"<p>IBC bin Yinda is one of the best IBC bin manufacturer&amp;supplier in China. If you are looking for IBC bin, you can reply on us. The storage equipment in the mechanized system of bulk material handling, mainly plays the role of intermediate storage, system buffer and balanced operation. The silo device consists of silo, feeding [&hellip;]<\/p>\n","protected":false},"author":1,"featured_media":0,"parent":0,"menu_order":0,"comment_status":"closed","ping_status":"closed","template":"","meta":{"_acf_changed":false,"_seopress_robots_primary_cat":"","_seopress_titles_title":"IBC Bin Machine | Yinda Machinery","_seopress_titles_desc":"IBC bins are stainless steel, press-formed, polished, and safe. They are used for mixing, transfer, and automatic mixing, can be operated flexibly, and is safe and reliable.","_seopress_robots_index":"","site-sidebar-layout":"no-sidebar","site-content-layout":"page-builder","ast-site-content-layout":"default","site-content-style":"default","site-sidebar-style":"default","ast-global-header-display":"","ast-banner-title-visibility":"","ast-main-header-display":"","ast-hfb-above-header-display":"","ast-hfb-below-header-display":"","ast-hfb-mobile-header-display":"","site-post-title":"disabled","ast-breadcrumbs-content":"","ast-featured-img":"disabled","footer-sml-layout":"","ast-disable-related-posts":"","theme-transparent-header-meta":"default","adv-header-id-meta":"","stick-header-meta":"","header-above-stick-meta":"","header-main-stick-meta":"","header-below-stick-meta":"","astra-migrate-meta-layouts":"default","ast-page-background-enabled":"default","ast-page-background-meta":{"desktop":{"background-color":"","background-image":"","background-repeat":"repeat","background-position":"center center","background-size":"auto","background-attachment":"scroll","background-type":"","background-media":"","overlay-type":"","overlay-color":"","overlay-opacity":"","overlay-gradient":""},"tablet":{"background-color":"","background-image":"","background-repeat":"repeat","background-position":"center center","background-size":"auto","background-attachment":"scroll","background-type":"","background-media":"","overlay-type":"","overlay-color":"","overlay-opacity":"","overlay-gradient":""},"mobile":{"background-color":"","background-image":"","background-repeat":"repeat","background-position":"center center","background-size":"auto","background-attachment":"scroll","background-type":"","background-media":"","overlay-type":"","overlay-color":"","overlay-opacity":"","overlay-gradient":""}},"ast-content-background-meta":{"desktop":{"background-color":"var(--ast-global-color-5)","background-image":"","background-repeat":"repeat","background-position":"center center","background-size":"auto","background-attachment":"scroll","background-type":"","background-media":"","overlay-type":"","overlay-color":"","overlay-opacity":"","overlay-gradient":""},"tablet":{"background-color":"var(--ast-global-color-5)","background-image":"","background-repeat":"repeat","background-position":"center center","background-size":"auto","background-attachment":"scroll","background-type":"","background-media":"","overlay-type":"","overlay-color":"","overlay-opacity":"","overlay-gradient":""},"mobile":{"background-color":"var(--ast-global-color-5)","background-image":"","background-repeat":"repeat","background-position":"center center","background-size":"auto","background-attachment":"scroll","background-type":"","background-media":"","overlay-type":"","overlay-color":"","overlay-opacity":"","overlay-gradient":""}},"footnotes":""},"class_list":["post-7387","page","type-page","status-publish","hentry"],"acf":[],"_links":{"self":[{"href":"https:\/\/yindamachinery.com\/es\/wp-json\/wp\/v2\/pages\/7387","targetHints":{"allow":["GET"]}}],"collection":[{"href":"https:\/\/yindamachinery.com\/es\/wp-json\/wp\/v2\/pages"}],"about":[{"href":"https:\/\/yindamachinery.com\/es\/wp-json\/wp\/v2\/types\/page"}],"author":[{"embeddable":true,"href":"https:\/\/yindamachinery.com\/es\/wp-json\/wp\/v2\/users\/1"}],"replies":[{"embeddable":true,"href":"https:\/\/yindamachinery.com\/es\/wp-json\/wp\/v2\/comments?post=7387"}],"version-history":[{"count":1,"href":"https:\/\/yindamachinery.com\/es\/wp-json\/wp\/v2\/pages\/7387\/revisions"}],"predecessor-version":[{"id":8934,"href":"https:\/\/yindamachinery.com\/es\/wp-json\/wp\/v2\/pages\/7387\/revisions\/8934"}],"wp:attachment":[{"href":"https:\/\/yindamachinery.com\/es\/wp-json\/wp\/v2\/media?parent=7387"}],"curies":[{"name":"wp","href":"https:\/\/api.w.org\/{rel}","templated":true}]}}