{"id":7337,"date":"2022-06-20T13:17:14","date_gmt":"2022-06-20T13:17:14","guid":{"rendered":"https:\/\/yindamachinery.com\/?page_id=7337"},"modified":"2025-10-20T15:27:23","modified_gmt":"2025-10-20T15:27:23","slug":"granulador-oscilante","status":"publish","type":"page","link":"https:\/\/yindamachinery.com\/es\/granulador-oscilante\/","title":{"rendered":"Oscillating Granulator"},"content":{"rendered":"<p><img fetchpriority=\"high\" decoding=\"async\" src=\"https:\/\/yindamachinery.com\/wp-content\/uploads\/2022\/06\/oscillating-granulator.png\" sizes=\"(max-width: 280px) 100vw, 280px\" srcset=\"https:\/\/yindamachinery.com\/wp-content\/uploads\/2022\/06\/oscillating-granulator.png 280w, https:\/\/yindamachinery.com\/wp-content\/uploads\/2022\/06\/oscillating-granulator-10x12.png 10w\" alt=\"granulador oscilante\" width=\"280\" height=\"349\" \/><\/p>\n<h1 style=\"text-align: center;\">Granulador oscilante<\/h1>\n<p>Yinda es uno de los mejores fabricantes y proveedores de granuladores oscilantes en China. Si est\u00e1 buscando un granulador oscilante, puede respondernos.<\/p>\n<p>Un granulador oscilante es un tipo de granulador que utiliza un movimiento oscilante para triturar y moler materiales. El movimiento oscilante produce un alto grado de fuerza que ayuda a descomponer las part\u00edculas en un tama\u00f1o uniforme. El granulador se puede utilizar para una variedad de materiales, incluidos metales, pl\u00e1sticos e incluso productos alimenticios. El granulador oscilante es una herramienta vers\u00e1til que se puede utilizar en una amplia gama de industrias, desde la fabricaci\u00f3n hasta el procesamiento de alimentos.<\/p>\n<p><a href=\"https:\/\/yindamachinery.com\/es\/contactenos\/\"><br \/>\n\u00a1OBTENGA UNA COTIZACI\u00d3N AHORA!<br \/>\n<\/a><\/p>\n<h2 style=\"text-align: center;\">Solicitud:<\/h2>\n<p>Esta m\u00e1quina es ampliamente utilizada en las industrias farmac\u00e9utica, qu\u00edmica, alimenticia y otras industrias, para convertir materiales en polvo h\u00famedos en part\u00edculas, tambi\u00e9n puede triturar el material en trozos secos.<\/p>\n<p><img decoding=\"async\" src=\"https:\/\/yindamachinery.com\/wp-content\/uploads\/2022\/06\/oscillating-granulator-2.png\" sizes=\"(max-width: 953px) 100vw, 953px\" srcset=\"https:\/\/yindamachinery.com\/wp-content\/uploads\/2022\/06\/oscillating-granulator-2.png 953w, https:\/\/yindamachinery.com\/wp-content\/uploads\/2022\/06\/oscillating-granulator-2-768x426.png 768w, https:\/\/yindamachinery.com\/wp-content\/uploads\/2022\/06\/oscillating-granulator-2-18x10.png 18w\" alt=\"granulador oscilante 2\" width=\"953\" height=\"528\" \/><\/p>\n<h3 style=\"text-align: center;\">Detalles:<\/h3>\n<p>Por transmisi\u00f3n mec\u00e1nica, extruyendo el material desde una criba en gr\u00e1nulos o triturando y granulando.<\/p>\n<p>El granulador oscilante es un tipo popular de granulador, principalmente porque reduce el tama\u00f1o del material o forma el tama\u00f1o de part\u00edcula deseado a partir de material en polvo h\u00famedo, tambi\u00e9n es adecuado para triturar materiales grumosos secos, polvos sensibles y gr\u00e1nulos en las industrias farmac\u00e9utica, qu\u00edmica y alimentaria.<\/p>\n<p>El granulador oscilante tiene un rotor que oscila sobre un eje horizontal. La parte inferior del rotor est\u00e1 equipada con un tamiz que cumple con los requisitos de tama\u00f1o de polvo. Este tamiz se puede quitar y volver a montar f\u00e1cilmente y se puede ajustar la tensi\u00f3n. El material se carga a trav\u00e9s de la entrada y cae sobre las palas del rotor. A medida que se mueve de un lado a otro, el material es desmenuzado por un conjunto de rotores oscilantes. Los bordes afilados del rotor, el movimiento oscilante del rotor y la subsiguiente presi\u00f3n del material sobre la pantalla hacen que el material granular experimente una reducci\u00f3n de tama\u00f1o a medida que es empujado a trav\u00e9s de la pantalla. (Las pantallas se pueden personalizar).<\/p>\n<p>El sistema de accionamiento est\u00e1 completamente encerrado en el cuerpo para una alta seguridad. El granulador oscilante de la serie YDYK est\u00e1 hecho de acero inoxidable 304 de alta calidad, que es seguro e higi\u00e9nico y garantiza una calidad eficiente del producto terminado y cumple con los est\u00e1ndares GMP.<\/p>\n<h2 style=\"text-align: center;\">Ventaja:<\/h2>\n<ol>\n<li>El dise\u00f1o de la m\u00e1quina cumple con GMP para garantizar el cumplimiento de la producci\u00f3n segura de materiales<\/li>\n<li>Todas las partes en contacto con el producto son de acero inoxidable 304 o 316L, las partes sin contacto al menos SUS304<\/li>\n<li>Adecuado para materiales h\u00famedos y secos, granulaci\u00f3n uniforme<\/li>\n<li>Estructura simple, f\u00e1cil de operar y mover, y f\u00e1cil de limpiar, ahorrando mano de obra<\/li>\n<li>Granulaci\u00f3n en l\u00ednea, principio simple y f\u00e1cil de entender, f\u00e1cil de usar.<\/li>\n<li>Cero polvo, bajo costo de mantenimiento.<\/li>\n<\/ol>\n<h2 style=\"text-align: center;\">Datos t\u00e9cnicos:<\/h2>\n<table>\n<tbody>\n<tr>\n<td width=\"224\">Modelo<\/td>\n<td width=\"167\">YDYK-100<\/td>\n<td width=\"183\">YDYK-160<\/td>\n<td width=\"217\">YDYK-250<\/td>\n<td width=\"217\">YDYK-300<\/td>\n<\/tr>\n<tr>\n<td width=\"224\">Capacidad productiva (kg\/h)<\/td>\n<td width=\"167\">30-100<\/td>\n<td width=\"183\">100-300<\/td>\n<td width=\"217\">150-400<\/td>\n<td width=\"217\">200-600<\/td>\n<\/tr>\n<tr>\n<td width=\"224\">Potencia del motor (kW)<\/td>\n<td width=\"167\">1.1<\/td>\n<td width=\"183\">2.2<\/td>\n<td width=\"217\">4<\/td>\n<td width=\"217\">5.5<\/td>\n<\/tr>\n<tr>\n<td width=\"224\">Revoluci\u00f3n de rodillo (rpm)<\/td>\n<td width=\"167\">55<\/td>\n<td width=\"183\">55<\/td>\n<td width=\"217\">55<\/td>\n<td width=\"217\">55<\/td>\n<\/tr>\n<tr>\n<td width=\"224\">\u00c1ngulo de oscilaci\u00f3n (<sup>\u3002<\/sup>)<\/td>\n<td width=\"167\">360<\/td>\n<td width=\"183\">360<\/td>\n<td width=\"217\">360<\/td>\n<td width=\"217\">360<\/td>\n<\/tr>\n<tr>\n<td width=\"224\">Di\u00e1metro del rodillo (mm)<\/td>\n<td width=\"167\">\u03c6120<\/td>\n<td width=\"183\">\u03c6160<\/td>\n<td width=\"217\">\u03c6250<\/td>\n<td width=\"217\">\u03c6300<\/td>\n<\/tr>\n<tr>\n<td width=\"224\">Dimensiones totales (mm)<\/td>\n<td width=\"167\">700\u00d7400\u00d71050<\/td>\n<td width=\"183\">1000\u00d7800\u00d71300<\/td>\n<td width=\"217\">1200\u00d7950\u00d71400<\/td>\n<td width=\"217\">1300\u00d71050\u00d71500<\/td>\n<\/tr>\n<tr>\n<td width=\"224\">Peso (kilogramos)<\/td>\n<td width=\"167\">280<\/td>\n<td width=\"183\">380<\/td>\n<td width=\"217\">540<\/td>\n<td width=\"217\">890<\/td>\n<\/tr>\n<\/tbody>\n<\/table>\n<h2 style=\"text-align: center;\"><\/h2>\n<p><img decoding=\"async\" src=\"https:\/\/yindamachinery.com\/wp-content\/uploads\/2020\/11\/YD-Powder-Handling-Systems-certification.png\" alt=\"Certificaci\u00f3n de sistemas de manejo de polvo YD\" width=\"550\" height=\"370\" \/><\/p>\n<p><a href=\"https:\/\/yindamachinery.com\/es\/contactenos\/\"><br \/>\n\u00a1Obtenga una cotizaci\u00f3n ahora!<br \/>\n<\/a><\/p>\n<h2 style=\"text-align: center;\">Piezas de repuesto importadas de Yinda de marcas de la industria global.<\/h2>\n<p><img loading=\"lazy\" decoding=\"async\" src=\"https:\/\/yindamachinery.com\/wp-content\/uploads\/2021\/02\/yinda-machine-2.jpg\" alt=\"m\u00e1quina yinda 2\" width=\"370\" height=\"320\" \/><br \/>\n<img loading=\"lazy\" decoding=\"async\" src=\"https:\/\/yindamachinery.com\/wp-content\/uploads\/2021\/02\/yinda-machine-1.jpg\" alt=\"m\u00e1quina yinda 1\" width=\"370\" height=\"320\" \/><br \/>\n<img loading=\"lazy\" decoding=\"async\" src=\"https:\/\/yindamachinery.com\/wp-content\/uploads\/2021\/02\/yinda-machine-3.jpg\" alt=\"m\u00e1quina yinda 3\" width=\"370\" height=\"320\" \/><\/p>","protected":false},"excerpt":{"rendered":"<p>Oscillating granulator Yinda is one of the best oscillating granulator manufacturer&amp;supplier in China. If you are looking for oscillating granulator, you can reply on us. An oscillating granulator is a type of granulator that uses oscillating motion to crush and grind materials. The oscillating motion produces a high degree of force that helps to break [&hellip;]<\/p>\n","protected":false},"author":1,"featured_media":0,"parent":0,"menu_order":0,"comment_status":"closed","ping_status":"closed","template":"","meta":{"_acf_changed":false,"_seopress_robots_primary_cat":"","_seopress_titles_title":"Oscillating Granulator Machine | Yinda Machinery","_seopress_titles_desc":"Oscillating Granulator, a chemical device that converts larger particles into uniform granules, used in pharmaceutical, chemical and food industries.","_seopress_robots_index":"","site-sidebar-layout":"no-sidebar","site-content-layout":"page-builder","ast-site-content-layout":"full-width-container","site-content-style":"unboxed","site-sidebar-style":"unboxed","ast-global-header-display":"","ast-banner-title-visibility":"","ast-main-header-display":"","ast-hfb-above-header-display":"","ast-hfb-below-header-display":"","ast-hfb-mobile-header-display":"","site-post-title":"disabled","ast-breadcrumbs-content":"","ast-featured-img":"disabled","footer-sml-layout":"","ast-disable-related-posts":"","theme-transparent-header-meta":"default","adv-header-id-meta":"","stick-header-meta":"","header-above-stick-meta":"","header-main-stick-meta":"","header-below-stick-meta":"","astra-migrate-meta-layouts":"set","ast-page-background-enabled":"default","ast-page-background-meta":{"desktop":{"background-color":"","background-image":"","background-repeat":"repeat","background-position":"center center","background-size":"auto","background-attachment":"scroll","background-type":"","background-media":"","overlay-type":"","overlay-color":"","overlay-opacity":"","overlay-gradient":""},"tablet":{"background-color":"","background-image":"","background-repeat":"repeat","background-position":"center center","background-size":"auto","background-attachment":"scroll","background-type":"","background-media":"","overlay-type":"","overlay-color":"","overlay-opacity":"","overlay-gradient":""},"mobile":{"background-color":"","background-image":"","background-repeat":"repeat","background-position":"center center","background-size":"auto","background-attachment":"scroll","background-type":"","background-media":"","overlay-type":"","overlay-color":"","overlay-opacity":"","overlay-gradient":""}},"ast-content-background-meta":{"desktop":{"background-color":"var(--ast-global-color-5)","background-image":"","background-repeat":"repeat","background-position":"center center","background-size":"auto","background-attachment":"scroll","background-type":"","background-media":"","overlay-type":"","overlay-color":"","overlay-opacity":"","overlay-gradient":""},"tablet":{"background-color":"var(--ast-global-color-5)","background-image":"","background-repeat":"repeat","background-position":"center center","background-size":"auto","background-attachment":"scroll","background-type":"","background-media":"","overlay-type":"","overlay-color":"","overlay-opacity":"","overlay-gradient":""},"mobile":{"background-color":"var(--ast-global-color-5)","background-image":"","background-repeat":"repeat","background-position":"center center","background-size":"auto","background-attachment":"scroll","background-type":"","background-media":"","overlay-type":"","overlay-color":"","overlay-opacity":"","overlay-gradient":""}},"footnotes":""},"class_list":["post-7337","page","type-page","status-publish","hentry"],"acf":[],"_links":{"self":[{"href":"https:\/\/yindamachinery.com\/es\/wp-json\/wp\/v2\/pages\/7337","targetHints":{"allow":["GET"]}}],"collection":[{"href":"https:\/\/yindamachinery.com\/es\/wp-json\/wp\/v2\/pages"}],"about":[{"href":"https:\/\/yindamachinery.com\/es\/wp-json\/wp\/v2\/types\/page"}],"author":[{"embeddable":true,"href":"https:\/\/yindamachinery.com\/es\/wp-json\/wp\/v2\/users\/1"}],"replies":[{"embeddable":true,"href":"https:\/\/yindamachinery.com\/es\/wp-json\/wp\/v2\/comments?post=7337"}],"version-history":[{"count":8,"href":"https:\/\/yindamachinery.com\/es\/wp-json\/wp\/v2\/pages\/7337\/revisions"}],"predecessor-version":[{"id":8938,"href":"https:\/\/yindamachinery.com\/es\/wp-json\/wp\/v2\/pages\/7337\/revisions\/8938"}],"wp:attachment":[{"href":"https:\/\/yindamachinery.com\/es\/wp-json\/wp\/v2\/media?parent=7337"}],"curies":[{"name":"wp","href":"https:\/\/api.w.org\/{rel}","templated":true}]}}