{"id":7291,"date":"2022-06-13T11:52:38","date_gmt":"2022-06-13T11:52:38","guid":{"rendered":"https:\/\/yindamachinery.com\/?page_id=7291"},"modified":"2025-10-21T07:54:21","modified_gmt":"2025-10-21T07:54:21","slug":"trituradora-de-llantas","status":"publish","type":"page","link":"https:\/\/yindamachinery.com\/es\/trituradora-de-llantas\/","title":{"rendered":"Trituradora de neum\u00e1ticos"},"content":{"rendered":"<div data-elementor-type=\"wp-page\" data-elementor-id=\"7291\" class=\"elementor elementor-7291\">\n\t\t\t\t\t\t<section class=\"elementor-section elementor-top-section elementor-element elementor-element-3ac3202b elementor-section-boxed elementor-section-height-default elementor-section-height-default\" data-id=\"3ac3202b\" data-element_type=\"section\" data-e-type=\"section\">\n\t\t\t\t\t\t<div class=\"elementor-container elementor-column-gap-default\">\n\t\t\t\t\t<div class=\"elementor-column elementor-col-50 elementor-top-column elementor-element elementor-element-67affd16\" data-id=\"67affd16\" data-element_type=\"column\" data-e-type=\"column\">\n\t\t\t<div class=\"elementor-widget-wrap elementor-element-populated\">\n\t\t\t\t\t\t<div class=\"elementor-element elementor-element-355a9431 elementor-widget elementor-widget-image\" data-id=\"355a9431\" data-element_type=\"widget\" data-e-type=\"widget\" data-widget_type=\"image.default\">\n\t\t\t\t<div class=\"elementor-widget-container\">\n\t\t\t\t\t\t\t\t\t\t\t\t\t\t\t<img fetchpriority=\"high\" decoding=\"async\" width=\"1024\" height=\"1024\" src=\"https:\/\/yindamachinery.com\/wp-content\/uploads\/2022\/06\/tire-shredder.png\" class=\"attachment-large size-large wp-image-7295\" alt=\"trituradora de llantas\" srcset=\"https:\/\/yindamachinery.com\/wp-content\/uploads\/2022\/06\/tire-shredder.png 1024w, https:\/\/yindamachinery.com\/wp-content\/uploads\/2022\/06\/tire-shredder-150x150.png 150w, https:\/\/yindamachinery.com\/wp-content\/uploads\/2022\/06\/tire-shredder-768x768.png 768w, https:\/\/yindamachinery.com\/wp-content\/uploads\/2022\/06\/tire-shredder-12x12.png 12w\" sizes=\"(max-width: 1024px) 100vw, 1024px\" \/>\t\t\t\t\t\t\t\t\t\t\t\t\t\t\t<\/div>\n\t\t\t\t<\/div>\n\t\t\t\t\t<\/div>\n\t\t<\/div>\n\t\t\t\t<div class=\"elementor-column elementor-col-50 elementor-top-column elementor-element elementor-element-33629cc0\" data-id=\"33629cc0\" data-element_type=\"column\" data-e-type=\"column\">\n\t\t\t<div class=\"elementor-widget-wrap elementor-element-populated\">\n\t\t\t\t\t\t<div class=\"elementor-element elementor-element-545150e4 elementor-widget elementor-widget-spacer\" data-id=\"545150e4\" data-element_type=\"widget\" data-e-type=\"widget\" data-widget_type=\"spacer.default\">\n\t\t\t\t<div class=\"elementor-widget-container\">\n\t\t\t\t\t\t\t<div class=\"elementor-spacer\">\n\t\t\t<div class=\"elementor-spacer-inner\"><\/div>\n\t\t<\/div>\n\t\t\t\t\t\t<\/div>\n\t\t\t\t<\/div>\n\t\t\t\t<div class=\"elementor-element elementor-element-2e983145 elementor-widget elementor-widget-text-editor\" data-id=\"2e983145\" data-element_type=\"widget\" data-e-type=\"widget\" data-widget_type=\"text-editor.default\">\n\t\t\t\t<div class=\"elementor-widget-container\">\n\t\t\t\t\t\t\t\t\t<h1 style=\"text-align: center;\">Trituradora de neum\u00e1ticos<\/h1><p>Yinda es uno de los mejores fabricantes y proveedores de trituradoras de neum\u00e1ticos en China. Si est\u00e1 buscando una trituradora de neum\u00e1ticos, puede respondernos.<\/p><p>Una trituradora de llantas es una m\u00e1quina grande que est\u00e1 dise\u00f1ada para descomponer el material de las llantas en pedazos m\u00e1s peque\u00f1os. Las cuchillas de la trituradora cortan el material del neum\u00e1tico y lo descomponen en pedazos m\u00e1s peque\u00f1os. La trituradora de llantas puede manejar llantas de todos los tama\u00f1os, incluidas llantas de camiones y autom\u00f3viles. La trituradora de llantas se usa en una variedad de industrias, incluida la industria del reciclaje, donde ayuda a descomponer el material de las llantas para que pueda reciclarse y reutilizarse. La trituradora de llantas tambi\u00e9n se usa en la industria de la construcci\u00f3n, donde ayuda a descomponer el material de las llantas para que pueda usarse como relleno para carreteras y otros proyectos de construcci\u00f3n.<\/p>\t\t\t\t\t\t\t\t<\/div>\n\t\t\t\t<\/div>\n\t\t\t\t<div class=\"elementor-element elementor-element-8fafdba elementor-align-center elementor-widget elementor-widget-button\" data-id=\"8fafdba\" data-element_type=\"widget\" data-e-type=\"widget\" data-widget_type=\"button.default\">\n\t\t\t\t<div class=\"elementor-widget-container\">\n\t\t\t\t\t\t\t\t\t<div class=\"elementor-button-wrapper\">\n\t\t\t\t\t<a class=\"elementor-button elementor-button-link elementor-size-md\" href=\"https:\/\/yindamachinery.com\/es\/contactenos\/\">\n\t\t\t\t\t\t<span class=\"elementor-button-content-wrapper\">\n\t\t\t\t\t\t\t\t\t<span class=\"elementor-button-text\">\u00a1OBTENGA UNA COTIZACI\u00d3N AHORA!<\/span>\n\t\t\t\t\t<\/span>\n\t\t\t\t\t<\/a>\n\t\t\t\t<\/div>\n\t\t\t\t\t\t\t\t<\/div>\n\t\t\t\t<\/div>\n\t\t\t\t\t<\/div>\n\t\t<\/div>\n\t\t\t\t\t<\/div>\n\t\t<\/section>\n\t\t\t\t<section class=\"elementor-section elementor-top-section elementor-element elementor-element-75199160 elementor-section-boxed elementor-section-height-default elementor-section-height-default\" data-id=\"75199160\" data-element_type=\"section\" data-e-type=\"section\">\n\t\t\t\t\t\t<div class=\"elementor-container elementor-column-gap-default\">\n\t\t\t\t\t<div class=\"elementor-column elementor-col-50 elementor-top-column elementor-element elementor-element-b604614\" data-id=\"b604614\" data-element_type=\"column\" data-e-type=\"column\">\n\t\t\t<div class=\"elementor-widget-wrap elementor-element-populated\">\n\t\t\t\t\t\t<div class=\"elementor-element elementor-element-72f8d46a elementor-widget elementor-widget-spacer\" data-id=\"72f8d46a\" data-element_type=\"widget\" data-e-type=\"widget\" data-widget_type=\"spacer.default\">\n\t\t\t\t<div class=\"elementor-widget-container\">\n\t\t\t\t\t\t\t<div class=\"elementor-spacer\">\n\t\t\t<div class=\"elementor-spacer-inner\"><\/div>\n\t\t<\/div>\n\t\t\t\t\t\t<\/div>\n\t\t\t\t<\/div>\n\t\t\t\t<div class=\"elementor-element elementor-element-2e1dc3b elementor-widget elementor-widget-spacer\" data-id=\"2e1dc3b\" data-element_type=\"widget\" data-e-type=\"widget\" data-widget_type=\"spacer.default\">\n\t\t\t\t<div class=\"elementor-widget-container\">\n\t\t\t\t\t\t\t<div class=\"elementor-spacer\">\n\t\t\t<div class=\"elementor-spacer-inner\"><\/div>\n\t\t<\/div>\n\t\t\t\t\t\t<\/div>\n\t\t\t\t<\/div>\n\t\t\t\t<div class=\"elementor-element elementor-element-757f8556 elementor-widget elementor-widget-text-editor\" data-id=\"757f8556\" data-element_type=\"widget\" data-e-type=\"widget\" data-widget_type=\"text-editor.default\">\n\t\t\t\t<div class=\"elementor-widget-container\">\n\t\t\t\t\t\t\t\t\t<h1 style=\"text-align: center;\">Aplicaci\u00f3n de trituradora de neum\u00e1ticos:<\/h1><p>Paso 1: saque el cable de la llanta con un extractor de llantas<\/p><p>Paso 2: si el di\u00e1metro de la llanta es mayor a 800 mm, use un cortador de llantas para cortar la llanta en pedazos peque\u00f1os.<\/p><p>Paso 3: Coloque la llanta en una trituradora de llantas para hacer pedazos.<\/p>\t\t\t\t\t\t\t\t<\/div>\n\t\t\t\t<\/div>\n\t\t\t\t\t<\/div>\n\t\t<\/div>\n\t\t\t\t<div class=\"elementor-column elementor-col-50 elementor-top-column elementor-element elementor-element-152281b8\" data-id=\"152281b8\" data-element_type=\"column\" data-e-type=\"column\">\n\t\t\t<div class=\"elementor-widget-wrap elementor-element-populated\">\n\t\t\t\t\t\t<div class=\"elementor-element elementor-element-6a9a87e0 elementor-widget elementor-widget-spacer\" data-id=\"6a9a87e0\" data-element_type=\"widget\" data-e-type=\"widget\" data-widget_type=\"spacer.default\">\n\t\t\t\t<div class=\"elementor-widget-container\">\n\t\t\t\t\t\t\t<div class=\"elementor-spacer\">\n\t\t\t<div class=\"elementor-spacer-inner\"><\/div>\n\t\t<\/div>\n\t\t\t\t\t\t<\/div>\n\t\t\t\t<\/div>\n\t\t\t\t<div class=\"elementor-element elementor-element-7d5193ce elementor-widget elementor-widget-video\" data-id=\"7d5193ce\" data-element_type=\"widget\" data-e-type=\"widget\" data-settings=\"{&quot;youtube_url&quot;:&quot;https:\\\/\\\/www.youtube.com\\\/watch?v=yC1kHLGJ7ao&quot;,&quot;video_type&quot;:&quot;youtube&quot;,&quot;controls&quot;:&quot;yes&quot;}\" data-widget_type=\"video.default\">\n\t\t\t\t<div class=\"elementor-widget-container\">\n\t\t\t\t\t\t\t<div class=\"elementor-wrapper elementor-open-inline\">\n\t\t\t<div class=\"elementor-video\"><\/div>\t\t<\/div>\n\t\t\t\t\t\t<\/div>\n\t\t\t\t<\/div>\n\t\t\t\t\t<\/div>\n\t\t<\/div>\n\t\t\t\t\t<\/div>\n\t\t<\/section>\n\t\t\t\t<section class=\"elementor-section elementor-top-section elementor-element elementor-element-47ead2e elementor-section-boxed elementor-section-height-default elementor-section-height-default\" data-id=\"47ead2e\" data-element_type=\"section\" data-e-type=\"section\">\n\t\t\t\t\t\t<div class=\"elementor-container elementor-column-gap-default\">\n\t\t\t\t\t<div class=\"elementor-column elementor-col-100 elementor-top-column elementor-element elementor-element-243dd4ba\" data-id=\"243dd4ba\" data-element_type=\"column\" data-e-type=\"column\">\n\t\t\t<div class=\"elementor-widget-wrap elementor-element-populated\">\n\t\t\t\t\t\t<div class=\"elementor-element elementor-element-284d224f elementor-widget elementor-widget-spacer\" data-id=\"284d224f\" data-element_type=\"widget\" data-e-type=\"widget\" data-widget_type=\"spacer.default\">\n\t\t\t\t<div class=\"elementor-widget-container\">\n\t\t\t\t\t\t\t<div class=\"elementor-spacer\">\n\t\t\t<div class=\"elementor-spacer-inner\"><\/div>\n\t\t<\/div>\n\t\t\t\t\t\t<\/div>\n\t\t\t\t<\/div>\n\t\t\t\t<div class=\"elementor-element elementor-element-2407a148 elementor-widget elementor-widget-text-editor\" data-id=\"2407a148\" data-element_type=\"widget\" data-e-type=\"widget\" data-widget_type=\"text-editor.default\">\n\t\t\t\t<div class=\"elementor-widget-container\">\n\t\t\t\t\t\t\t\t\t<h1 style=\"text-align: center;\">Ventaja de la trituradora de neum\u00e1ticos:<\/h1><ol><li>La c\u00e1mara de trituraci\u00f3n adopta una estructura compacta tipo folio, f\u00e1cil de mantener.<\/li><li>El borde de la cuchilla trituradora est\u00e1 hecho de aleaci\u00f3n dura con tratamiento de dureza especial, resistente al desgaste, resistente, tecnolog\u00eda avanzada y alto rendimiento.<\/li><li>La m\u00e1quina adopta un reductor de engranajes planetarios de bajo ruido, estable y de alto par, f\u00e1cil y seguro de operar.<\/li><li>El tamiz rotatorio es una estructura de malla de acero con un \u00e1rea grande para filtrar fragmentos de neum\u00e1ticos calificados, que se pueden descargar r\u00e1pidamente.<\/li><li>Bajo consumo, alto rendimiento y tecnolog\u00eda avanzada.<\/li><\/ol>\t\t\t\t\t\t\t\t<\/div>\n\t\t\t\t<\/div>\n\t\t\t\t\t<\/div>\n\t\t<\/div>\n\t\t\t\t\t<\/div>\n\t\t<\/section>\n\t\t\t\t<section class=\"elementor-section elementor-top-section elementor-element elementor-element-52e0125f elementor-section-boxed elementor-section-height-default elementor-section-height-default\" data-id=\"52e0125f\" data-element_type=\"section\" data-e-type=\"section\">\n\t\t\t\t\t\t<div class=\"elementor-container elementor-column-gap-default\">\n\t\t\t\t\t<div class=\"elementor-column elementor-col-100 elementor-top-column elementor-element elementor-element-4f61597\" data-id=\"4f61597\" data-element_type=\"column\" data-e-type=\"column\">\n\t\t\t<div class=\"elementor-widget-wrap elementor-element-populated\">\n\t\t\t\t\t\t<div class=\"elementor-element elementor-element-58bc2ffe elementor-widget elementor-widget-spacer\" data-id=\"58bc2ffe\" data-element_type=\"widget\" data-e-type=\"widget\" data-widget_type=\"spacer.default\">\n\t\t\t\t<div class=\"elementor-widget-container\">\n\t\t\t\t\t\t\t<div class=\"elementor-spacer\">\n\t\t\t<div class=\"elementor-spacer-inner\"><\/div>\n\t\t<\/div>\n\t\t\t\t\t\t<\/div>\n\t\t\t\t<\/div>\n\t\t\t\t<div class=\"elementor-element elementor-element-66d3ca00 elementor-widget elementor-widget-text-editor\" data-id=\"66d3ca00\" data-element_type=\"widget\" data-e-type=\"widget\" data-widget_type=\"text-editor.default\">\n\t\t\t\t<div class=\"elementor-widget-container\">\n\t\t\t\t\t\t\t\t\t<h1 style=\"text-align: center;\">Trituradora de neum\u00e1ticos Datos t\u00e9cnicos:<\/h1><table><tbody><tr><td width=\"520\"><p>Modelo<\/p><\/td><td width=\"520\"><p>ZPS-800<\/p><\/td><td width=\"520\"><p>ZPS-1200<\/p><\/td><\/tr><tr><td width=\"520\"><p>Capacidad (T\/hora)<\/p><\/td><td width=\"520\"><p>0.8-2<\/p><\/td><td width=\"520\"><p>2-4<\/p><\/td><\/tr><tr><td width=\"520\"><p>Tama\u00f1o de entrada (mm)<\/p><\/td><td width=\"520\"><p>\u2266800<\/p><\/td><td width=\"520\"><p>\u22661200<\/p><\/td><\/tr><tr><td width=\"520\"><p>Tama\u00f1o de salida (mm)<\/p><\/td><td width=\"520\"><p>\u226650*50<\/p><\/td><td width=\"520\"><p>\u226660*60<\/p><\/td><\/tr><tr><td width=\"520\"><p>Motor principal (kw)<\/p><\/td><td width=\"520\"><p>17.5*2<\/p><\/td><td width=\"520\"><p>45*2<\/p><\/td><\/tr><tr><td width=\"520\"><p>Motor de descarga (kw)<\/p><\/td><td width=\"520\"><p>3<\/p><\/td><td width=\"520\"><p>4<\/p><\/td><\/tr><tr><td width=\"520\"><p>Velocidad del eje principal (r\/min)<\/p><\/td><td width=\"520\"><p>16<\/p><\/td><td width=\"520\"><p>13<\/p><\/td><\/tr><tr><td width=\"520\"><p>Dimensi\u00f3n (L*W*H) min<\/p><\/td><td width=\"520\"><p>3100*2500*2550<\/p><\/td><td width=\"520\"><p>4100*3100*3500<\/p><\/td><\/tr><tr><td width=\"520\"><p>Peso (T<\/p><\/td><td width=\"520\"><p>5<\/p><\/td><td width=\"520\"><p>18<\/p><\/td><\/tr><\/tbody><\/table><h2 style=\"text-align: center;\">\u00a0<\/h2>\t\t\t\t\t\t\t\t<\/div>\n\t\t\t\t<\/div>\n\t\t\t\t\t<\/div>\n\t\t<\/div>\n\t\t\t\t\t<\/div>\n\t\t<\/section>\n\t\t\t\t<section class=\"elementor-section elementor-top-section elementor-element elementor-element-3870c1a5 elementor-section-boxed elementor-section-height-default elementor-section-height-default\" data-id=\"3870c1a5\" data-element_type=\"section\" data-e-type=\"section\">\n\t\t\t\t\t\t<div class=\"elementor-container elementor-column-gap-default\">\n\t\t\t\t\t<div class=\"elementor-column elementor-col-100 elementor-top-column elementor-element elementor-element-368b1d1a\" data-id=\"368b1d1a\" data-element_type=\"column\" data-e-type=\"column\">\n\t\t\t<div class=\"elementor-widget-wrap elementor-element-populated\">\n\t\t\t\t\t\t<div class=\"elementor-element elementor-element-2028ea2d elementor-widget elementor-widget-spacer\" data-id=\"2028ea2d\" data-element_type=\"widget\" data-e-type=\"widget\" data-widget_type=\"spacer.default\">\n\t\t\t\t<div class=\"elementor-widget-container\">\n\t\t\t\t\t\t\t<div class=\"elementor-spacer\">\n\t\t\t<div class=\"elementor-spacer-inner\"><\/div>\n\t\t<\/div>\n\t\t\t\t\t\t<\/div>\n\t\t\t\t<\/div>\n\t\t\t\t<div class=\"elementor-element elementor-element-43d44760 elementor-widget elementor-widget-image\" data-id=\"43d44760\" data-element_type=\"widget\" data-e-type=\"widget\" data-widget_type=\"image.default\">\n\t\t\t\t<div class=\"elementor-widget-container\">\n\t\t\t\t\t\t\t\t\t\t\t\t\t\t\t<img decoding=\"async\" width=\"550\" height=\"370\" src=\"https:\/\/yindamachinery.com\/wp-content\/uploads\/2020\/11\/YD-Powder-Handling-Systems-certification.png\" class=\"attachment-large size-large wp-image-850\" alt=\"Certificaci\u00f3n de sistemas de manejo de polvo YD\" \/>\t\t\t\t\t\t\t\t\t\t\t\t\t\t\t<\/div>\n\t\t\t\t<\/div>\n\t\t\t\t\t<\/div>\n\t\t<\/div>\n\t\t\t\t\t<\/div>\n\t\t<\/section>\n\t\t\t\t<section class=\"elementor-section elementor-top-section elementor-element elementor-element-485ae858 elementor-section-boxed elementor-section-height-default elementor-section-height-default\" data-id=\"485ae858\" data-element_type=\"section\" data-e-type=\"section\">\n\t\t\t\t\t\t<div class=\"elementor-container elementor-column-gap-default\">\n\t\t\t\t\t<div class=\"elementor-column elementor-col-100 elementor-top-column elementor-element elementor-element-1b0661b0\" data-id=\"1b0661b0\" data-element_type=\"column\" data-e-type=\"column\">\n\t\t\t<div class=\"elementor-widget-wrap elementor-element-populated\">\n\t\t\t\t\t\t<div class=\"elementor-element elementor-element-44756afc elementor-align-center elementor-widget elementor-widget-button\" data-id=\"44756afc\" data-element_type=\"widget\" data-e-type=\"widget\" data-widget_type=\"button.default\">\n\t\t\t\t<div class=\"elementor-widget-container\">\n\t\t\t\t\t\t\t\t\t<div class=\"elementor-button-wrapper\">\n\t\t\t\t\t<a class=\"elementor-button elementor-button-link elementor-size-lg\" href=\"https:\/\/yindamachinery.com\/es\/contactenos\/\">\n\t\t\t\t\t\t<span class=\"elementor-button-content-wrapper\">\n\t\t\t\t\t\t\t\t\t<span class=\"elementor-button-text\">\u00a1Obtenga una cotizaci\u00f3n ahora!<\/span>\n\t\t\t\t\t<\/span>\n\t\t\t\t\t<\/a>\n\t\t\t\t<\/div>\n\t\t\t\t\t\t\t\t<\/div>\n\t\t\t\t<\/div>\n\t\t\t\t<div class=\"elementor-element elementor-element-303547ec elementor-widget elementor-widget-spacer\" data-id=\"303547ec\" data-element_type=\"widget\" data-e-type=\"widget\" data-widget_type=\"spacer.default\">\n\t\t\t\t<div class=\"elementor-widget-container\">\n\t\t\t\t\t\t\t<div class=\"elementor-spacer\">\n\t\t\t<div class=\"elementor-spacer-inner\"><\/div>\n\t\t<\/div>\n\t\t\t\t\t\t<\/div>\n\t\t\t\t<\/div>\n\t\t\t\t\t<\/div>\n\t\t<\/div>\n\t\t\t\t\t<\/div>\n\t\t<\/section>\n\t\t\t\t<section class=\"elementor-section elementor-top-section elementor-element elementor-element-33654a2e elementor-section-boxed elementor-section-height-default elementor-section-height-default\" data-id=\"33654a2e\" data-element_type=\"section\" data-e-type=\"section\">\n\t\t\t\t\t\t<div class=\"elementor-container elementor-column-gap-default\">\n\t\t\t\t\t<div class=\"elementor-column elementor-col-100 elementor-top-column elementor-element elementor-element-df1b2d9\" data-id=\"df1b2d9\" data-element_type=\"column\" data-e-type=\"column\">\n\t\t\t<div class=\"elementor-widget-wrap elementor-element-populated\">\n\t\t\t\t\t\t<div class=\"elementor-element elementor-element-1ef4eee3 elementor-widget elementor-widget-text-editor\" data-id=\"1ef4eee3\" data-element_type=\"widget\" data-e-type=\"widget\" data-widget_type=\"text-editor.default\">\n\t\t\t\t<div class=\"elementor-widget-container\">\n\t\t\t\t\t\t\t\t\t<h2 style=\"text-align: center;\">Piezas de repuesto importadas de Yinda de marcas de la industria global.<\/h2>\t\t\t\t\t\t\t\t<\/div>\n\t\t\t\t<\/div>\n\t\t\t\t\t<\/div>\n\t\t<\/div>\n\t\t\t\t\t<\/div>\n\t\t<\/section>\n\t\t\t\t<section class=\"elementor-section elementor-top-section elementor-element elementor-element-fa30e66 elementor-section-boxed elementor-section-height-default elementor-section-height-default\" data-id=\"fa30e66\" data-element_type=\"section\" data-e-type=\"section\">\n\t\t\t\t\t\t<div class=\"elementor-container elementor-column-gap-default\">\n\t\t\t\t\t<div class=\"elementor-column elementor-col-33 elementor-top-column elementor-element elementor-element-2844999d\" data-id=\"2844999d\" data-element_type=\"column\" data-e-type=\"column\">\n\t\t\t<div class=\"elementor-widget-wrap elementor-element-populated\">\n\t\t\t\t\t\t<div class=\"elementor-element elementor-element-1631292c elementor-widget elementor-widget-image\" data-id=\"1631292c\" data-element_type=\"widget\" data-e-type=\"widget\" data-widget_type=\"image.default\">\n\t\t\t\t<div class=\"elementor-widget-container\">\n\t\t\t\t\t\t\t\t\t\t\t\t\t\t\t<img decoding=\"async\" width=\"370\" height=\"320\" src=\"https:\/\/yindamachinery.com\/wp-content\/uploads\/2021\/02\/yinda-machine-2.jpg\" class=\"attachment-large size-large wp-image-2727\" alt=\"m\u00e1quina yinda 2\" \/>\t\t\t\t\t\t\t\t\t\t\t\t\t\t\t<\/div>\n\t\t\t\t<\/div>\n\t\t\t\t\t<\/div>\n\t\t<\/div>\n\t\t\t\t<div class=\"elementor-column elementor-col-33 elementor-top-column elementor-element elementor-element-5a373d33\" data-id=\"5a373d33\" data-element_type=\"column\" data-e-type=\"column\">\n\t\t\t<div class=\"elementor-widget-wrap elementor-element-populated\">\n\t\t\t\t\t\t<div class=\"elementor-element elementor-element-1be5f2ab elementor-widget elementor-widget-image\" data-id=\"1be5f2ab\" data-element_type=\"widget\" data-e-type=\"widget\" data-widget_type=\"image.default\">\n\t\t\t\t<div class=\"elementor-widget-container\">\n\t\t\t\t\t\t\t\t\t\t\t\t\t\t\t<img loading=\"lazy\" decoding=\"async\" width=\"370\" height=\"320\" src=\"https:\/\/yindamachinery.com\/wp-content\/uploads\/2021\/02\/yinda-machine-1-e1761985343327.jpg\" class=\"attachment-large size-large wp-image-2725\" alt=\"m\u00e1quina yinda 1\" \/>\t\t\t\t\t\t\t\t\t\t\t\t\t\t\t<\/div>\n\t\t\t\t<\/div>\n\t\t\t\t\t<\/div>\n\t\t<\/div>\n\t\t\t\t<div class=\"elementor-column elementor-col-33 elementor-top-column elementor-element elementor-element-231c861d\" data-id=\"231c861d\" data-element_type=\"column\" data-e-type=\"column\">\n\t\t\t<div class=\"elementor-widget-wrap elementor-element-populated\">\n\t\t\t\t\t\t<div class=\"elementor-element elementor-element-44574c42 elementor-widget elementor-widget-image\" data-id=\"44574c42\" data-element_type=\"widget\" data-e-type=\"widget\" data-widget_type=\"image.default\">\n\t\t\t\t<div class=\"elementor-widget-container\">\n\t\t\t\t\t\t\t\t\t\t\t\t\t\t\t<img loading=\"lazy\" decoding=\"async\" width=\"370\" height=\"320\" src=\"https:\/\/yindamachinery.com\/wp-content\/uploads\/2021\/02\/yinda-machine-3.jpg\" class=\"attachment-large size-large wp-image-2726\" alt=\"m\u00e1quina yinda 3\" \/>\t\t\t\t\t\t\t\t\t\t\t\t\t\t\t<\/div>\n\t\t\t\t<\/div>\n\t\t\t\t\t<\/div>\n\t\t<\/div>\n\t\t\t\t\t<\/div>\n\t\t<\/section>\n\t\t\t\t<\/div>","protected":false},"excerpt":{"rendered":"<p>Tire shredder Yinda is one of the best tire shredder manufacturer&amp;supplier in China. If you are looking for tire shredder, you can reply on us. A tire shredder is a large machine that is designed to break down tire material into smaller pieces. The shredder blades cut through the tire material, breaking it down into [&hellip;]<\/p>\n","protected":false},"author":1,"featured_media":0,"parent":0,"menu_order":0,"comment_status":"closed","ping_status":"closed","template":"","meta":{"_acf_changed":false,"_seopress_robots_primary_cat":"","_seopress_titles_title":"Tire Shredder for Tire Recycling | Yinda Machinery","_seopress_titles_desc":"Heavy-duty industrial grade high-efficiency tire shredder suitable for waste tire recycling rubber process over 30 tons per hour. Get a free quote!","_seopress_robots_index":"","site-sidebar-layout":"no-sidebar","site-content-layout":"page-builder","ast-site-content-layout":"default","site-content-style":"default","site-sidebar-style":"default","ast-global-header-display":"","ast-banner-title-visibility":"","ast-main-header-display":"","ast-hfb-above-header-display":"","ast-hfb-below-header-display":"","ast-hfb-mobile-header-display":"","site-post-title":"disabled","ast-breadcrumbs-content":"","ast-featured-img":"disabled","footer-sml-layout":"","ast-disable-related-posts":"","theme-transparent-header-meta":"default","adv-header-id-meta":"","stick-header-meta":"","header-above-stick-meta":"","header-main-stick-meta":"","header-below-stick-meta":"","astra-migrate-meta-layouts":"default","ast-page-background-enabled":"default","ast-page-background-meta":{"desktop":{"background-color":"","background-image":"","background-repeat":"repeat","background-position":"center center","background-size":"auto","background-attachment":"scroll","background-type":"","background-media":"","overlay-type":"","overlay-color":"","overlay-opacity":"","overlay-gradient":""},"tablet":{"background-color":"","background-image":"","background-repeat":"repeat","background-position":"center center","background-size":"auto","background-attachment":"scroll","background-type":"","background-media":"","overlay-type":"","overlay-color":"","overlay-opacity":"","overlay-gradient":""},"mobile":{"background-color":"","background-image":"","background-repeat":"repeat","background-position":"center center","background-size":"auto","background-attachment":"scroll","background-type":"","background-media":"","overlay-type":"","overlay-color":"","overlay-opacity":"","overlay-gradient":""}},"ast-content-background-meta":{"desktop":{"background-color":"var(--ast-global-color-5)","background-image":"","background-repeat":"repeat","background-position":"center center","background-size":"auto","background-attachment":"scroll","background-type":"","background-media":"","overlay-type":"","overlay-color":"","overlay-opacity":"","overlay-gradient":""},"tablet":{"background-color":"var(--ast-global-color-5)","background-image":"","background-repeat":"repeat","background-position":"center center","background-size":"auto","background-attachment":"scroll","background-type":"","background-media":"","overlay-type":"","overlay-color":"","overlay-opacity":"","overlay-gradient":""},"mobile":{"background-color":"var(--ast-global-color-5)","background-image":"","background-repeat":"repeat","background-position":"center center","background-size":"auto","background-attachment":"scroll","background-type":"","background-media":"","overlay-type":"","overlay-color":"","overlay-opacity":"","overlay-gradient":""}},"footnotes":""},"class_list":["post-7291","page","type-page","status-publish","hentry"],"acf":[],"_links":{"self":[{"href":"https:\/\/yindamachinery.com\/es\/wp-json\/wp\/v2\/pages\/7291","targetHints":{"allow":["GET"]}}],"collection":[{"href":"https:\/\/yindamachinery.com\/es\/wp-json\/wp\/v2\/pages"}],"about":[{"href":"https:\/\/yindamachinery.com\/es\/wp-json\/wp\/v2\/types\/page"}],"author":[{"embeddable":true,"href":"https:\/\/yindamachinery.com\/es\/wp-json\/wp\/v2\/users\/1"}],"replies":[{"embeddable":true,"href":"https:\/\/yindamachinery.com\/es\/wp-json\/wp\/v2\/comments?post=7291"}],"version-history":[{"count":1,"href":"https:\/\/yindamachinery.com\/es\/wp-json\/wp\/v2\/pages\/7291\/revisions"}],"predecessor-version":[{"id":8974,"href":"https:\/\/yindamachinery.com\/es\/wp-json\/wp\/v2\/pages\/7291\/revisions\/8974"}],"wp:attachment":[{"href":"https:\/\/yindamachinery.com\/es\/wp-json\/wp\/v2\/media?parent=7291"}],"curies":[{"name":"wp","href":"https:\/\/api.w.org\/{rel}","templated":true}]}}