{"id":7208,"date":"2022-06-01T15:58:37","date_gmt":"2022-06-01T15:58:37","guid":{"rendered":"https:\/\/yindamachinery.com\/?page_id=7208"},"modified":"2025-10-20T15:06:56","modified_gmt":"2025-10-20T15:06:56","slug":"solucion-mezcla-cinta-cemento-seco-pinturas","status":"publish","type":"page","link":"https:\/\/yindamachinery.com\/es\/solucion-mezcla-cinta-cemento-seco-pinturas\/","title":{"rendered":"Soluci\u00f3n de mezcla de cinta de pinturas de cemento seco"},"content":{"rendered":"<div data-elementor-type=\"wp-page\" data-elementor-id=\"7208\" class=\"elementor elementor-7208\">\n\t\t\t\t\t\t<section class=\"elementor-section elementor-top-section elementor-element elementor-element-7ba16d1 elementor-section-boxed elementor-section-height-default elementor-section-height-default\" data-id=\"7ba16d1\" data-element_type=\"section\" data-e-type=\"section\">\n\t\t\t\t\t\t<div class=\"elementor-container elementor-column-gap-default\">\n\t\t\t\t\t<div class=\"elementor-column elementor-col-66 elementor-top-column elementor-element elementor-element-0cdc6d4\" data-id=\"0cdc6d4\" data-element_type=\"column\" data-e-type=\"column\">\n\t\t\t<div class=\"elementor-widget-wrap elementor-element-populated\">\n\t\t\t\t\t\t<div class=\"elementor-element elementor-element-a6d8257 elementor-widget elementor-widget-text-editor\" data-id=\"a6d8257\" data-element_type=\"widget\" data-e-type=\"widget\" data-widget_type=\"text-editor.default\">\n\t\t\t\t<div class=\"elementor-widget-container\">\n\t\t\t\t\t\t\t\t\t<h1 style=\"text-align: center;\">Soluci\u00f3n de mezcla de cinta de pinturas de cemento seco<\/h1><p>Yinda Machinery ofrece una soluci\u00f3n integral para todo tipo de soluciones de procesamiento y manejo de polvo. Con una experiencia de m\u00e1s de 20 a\u00f1os en el campo del manejo de polvos, Yinda Machinery se destaca en el mercado nacional e internacional. Tenemos m\u00e1s de 283 clientes satisfechos que conf\u00edan en Yinda Machinery en todo el mundo.<\/p><p>Desde la fabricaci\u00f3n de cemento hasta el procesamiento de alimentos, Yinda Machinery tiene una soluci\u00f3n para todos los procesos de manejo de polvo.<\/p><h2>1-\u00a0<strong>Que hace <\/strong><strong>PISOS Y TECHADOS TORGINOL, SAS<\/strong><strong>\u00a0<\/strong><strong>\u00a0\u00bfhacer?<\/strong><\/h2><p><img fetchpriority=\"high\" decoding=\"async\" class=\"alignnone size-full wp-image-7212\" src=\"https:\/\/yindamachinery.com\/wp-content\/uploads\/2022\/06\/\u56fe\u7247-1.png\" alt=\"\u56fe\u7247 1\" width=\"231\" height=\"218\" srcset=\"https:\/\/yindamachinery.com\/wp-content\/uploads\/2022\/06\/\u56fe\u7247-1.png 231w, https:\/\/yindamachinery.com\/wp-content\/uploads\/2022\/06\/\u56fe\u7247-1-13x12.png 13w\" sizes=\"(max-width: 231px) 100vw, 231px\" \/><\/p><p>PISOS Y TECHADOS TORGINOL, SAS es una prestigiosa empresa dedicada a la fabricaci\u00f3n de Pinturas, Recubrimientos y Adhesivos. Con unas ventas anuales de m\u00e1s de $ 90,31 millones y 1.066 empleados.<\/p><p>PISOS Y TECHADOS TORGINOL, SAS se enorgullece de servir a sus clientes y consumidores con material de alta calidad. Nuestras altas ventas y la lista de empleados satisfechos hablan de la alta calidad del material que ofrecemos a nuestros clientes.<\/p><p><img decoding=\"async\" class=\"alignnone size-full wp-image-7211\" src=\"https:\/\/yindamachinery.com\/wp-content\/uploads\/2022\/06\/\u56fe\u7247-11.png\" alt=\"\u56fe\u7247 1(1)\" width=\"808\" height=\"448\" srcset=\"https:\/\/yindamachinery.com\/wp-content\/uploads\/2022\/06\/\u56fe\u7247-11.png 808w, https:\/\/yindamachinery.com\/wp-content\/uploads\/2022\/06\/\u56fe\u7247-11-768x426.png 768w, https:\/\/yindamachinery.com\/wp-content\/uploads\/2022\/06\/\u56fe\u7247-11-18x10.png 18w\" sizes=\"(max-width: 808px) 100vw, 808px\" \/><\/p><h2>2-\u00a0<strong>Servicio diferente que<\/strong><strong>\u00a0<\/strong><strong>PISOS Y TECHADOS TORGINOL, SAS<\/strong><strong>\u00a0hacer<\/strong><strong>?<\/strong><\/h2><p>PISOS Y TECHADOS TORGINOL, SAS ofrece una serie de servicios para sus clientes de la siguiente manera:<\/p><ol><li>Fabricaci\u00f3n de Pinturas de Cemento Seco<\/li><li>Fabricaci\u00f3n de pintura de alta calidad de todo tipo<\/li><\/ol><ul><li>Desarrollo de adhesivos para uso comercial e industrial<\/li><\/ul><ol><li>Preparaciones de Recubrimientos para aplicaciones de mercado<\/li><\/ol><p>La empresa ofrece m\u00faltiples servicios para la fabricaci\u00f3n de pinturas de alta calidad para la industria automotriz, de la construcci\u00f3n, acr\u00edlica, manufacturera y otras similares. Adem\u00e1s, los adhesivos y recubrimientos est\u00e1n disponibles para su aplicaci\u00f3n en \u00e1reas cr\u00edticas e industrias como la industria militar y armament\u00edstica.<\/p><h2>3-\u00a0<strong>Creaci\u00f3n de <\/strong><strong>PISOS Y TECHADOS TORGINOL, SAS<\/strong><strong>\u00a0producto<\/strong><\/h2><p>PISOS Y TECHADOS TORGINOL, SAS desarrolla pinturas de cemento seco utilizando la m\u00e1quina batidora de cinta de Yinda Machinery.<\/p><p><img decoding=\"async\" class=\"alignnone size-full wp-image-7216\" src=\"https:\/\/yindamachinery.com\/wp-content\/uploads\/2022\/06\/\u56fe\u7247-6.png\" alt=\"\u56fe\u7247 6\" width=\"800\" height=\"800\" srcset=\"https:\/\/yindamachinery.com\/wp-content\/uploads\/2022\/06\/\u56fe\u7247-6.png 800w, https:\/\/yindamachinery.com\/wp-content\/uploads\/2022\/06\/\u56fe\u7247-6-150x150.png 150w, https:\/\/yindamachinery.com\/wp-content\/uploads\/2022\/06\/\u56fe\u7247-6-768x768.png 768w, https:\/\/yindamachinery.com\/wp-content\/uploads\/2022\/06\/\u56fe\u7247-6-12x12.png 12w\" sizes=\"(max-width: 800px) 100vw, 800px\" \/> <img loading=\"lazy\" decoding=\"async\" class=\"alignnone size-full wp-image-7215\" src=\"https:\/\/yindamachinery.com\/wp-content\/uploads\/2022\/06\/\u56fe\u7247-5.png\" alt=\"\u56fe\u7247 5\" width=\"835\" height=\"1114\" srcset=\"https:\/\/yindamachinery.com\/wp-content\/uploads\/2022\/06\/\u56fe\u7247-5.png 835w, https:\/\/yindamachinery.com\/wp-content\/uploads\/2022\/06\/\u56fe\u7247-5-768x1025.png 768w, https:\/\/yindamachinery.com\/wp-content\/uploads\/2022\/06\/\u56fe\u7247-5-9x12.png 9w\" sizes=\"(max-width: 835px) 100vw, 835px\" \/> <img loading=\"lazy\" decoding=\"async\" class=\"alignnone size-full wp-image-7214\" src=\"https:\/\/yindamachinery.com\/wp-content\/uploads\/2022\/06\/\u56fe\u7247-4.png\" alt=\"\u56fe\u7247 4\" width=\"938\" height=\"1251\" srcset=\"https:\/\/yindamachinery.com\/wp-content\/uploads\/2022\/06\/\u56fe\u7247-4.png 938w, https:\/\/yindamachinery.com\/wp-content\/uploads\/2022\/06\/\u56fe\u7247-4-768x1024.png 768w, https:\/\/yindamachinery.com\/wp-content\/uploads\/2022\/06\/\u56fe\u7247-4-9x12.png 9w\" sizes=\"(max-width: 938px) 100vw, 938px\" \/> <img loading=\"lazy\" decoding=\"async\" class=\"alignnone size-full wp-image-7213\" src=\"https:\/\/yindamachinery.com\/wp-content\/uploads\/2022\/06\/\u56fe\u7247-3.png\" alt=\"\u56fe\u7247 3\" width=\"1512\" height=\"2016\" srcset=\"https:\/\/yindamachinery.com\/wp-content\/uploads\/2022\/06\/\u56fe\u7247-3.png 1512w, https:\/\/yindamachinery.com\/wp-content\/uploads\/2022\/06\/\u56fe\u7247-3-768x1024.png 768w, https:\/\/yindamachinery.com\/wp-content\/uploads\/2022\/06\/\u56fe\u7247-3-1152x1536.png 1152w, https:\/\/yindamachinery.com\/wp-content\/uploads\/2022\/06\/\u56fe\u7247-3-9x12.png 9w\" sizes=\"(max-width: 1512px) 100vw, 1512px\" \/><\/p><h2>4-\u00a0<strong>\u00bfA qu\u00e9 pa\u00edses prestan servicio?<\/strong><\/h2><p>\u00a0<\/p><p>Sudamerica<\/p><ul><li>Chile<\/li><li>Brasil<\/li><li>Argentina<\/li><li>M\u00e9xico<\/li><\/ul><p>Australia<\/p><ul><li>Nueva Zelanda<\/li><li>Australia<\/li><\/ul><p>Europa<\/p><ul><li>Dinamarca<\/li><li>Italia<\/li><li>Finlandia<\/li><\/ul><p>Asia<\/p><ul><li>China<\/li><li>India<\/li><li>Taiw\u00e1n<\/li><li>Tailandia<\/li><li>Indonesia<\/li><li>Singapur<\/li><li>Malasia<\/li><li>Om\u00e1n<\/li><li>Katar<\/li><li>Emiratos \u00c1rabes Unidos<\/li><li>Arabia Saudita<\/li><\/ul><p>\u00c1frica<\/p><ul><li>Kenia<\/li><li>Nigeria<\/li><li>Sud\u00e1frica<\/li><\/ul><h2>5-\u00a0<strong>\u00a0Equipos, M\u00e1quinas y Componentes <\/strong><strong>PISOS Y TECHADOS TORGINOL, SAS<\/strong><strong>.<\/strong><strong>\u00a0\u00bfusar?<\/strong><strong>\u00a0<\/strong><strong>(licuadora de cinta)<\/strong><\/h2><h2>6-\u00a0<strong>M\u00e1quinas de Fabricaci\u00f3n y Creaci\u00f3n de Materias Primas<\/strong><\/h2><p>La principal utilizaci\u00f3n de la m\u00e1quina en la industria de manejo de polvo en el campo de la fabricaci\u00f3n de pintura es la m\u00e1quina mezcladora de cinta. La m\u00e1quina mezcladora de cinta de Yinda Machinery tiene la capacidad de manejar pinturas de grado industrial y su materia prima.<\/p><h2>7- <strong>Acerca de nuestra empresa: \u00bfQui\u00e9n es la maquinaria yinda?<\/strong><\/h2><p>Yinda Machinery es una empresa de fabricaci\u00f3n de maquinaria de manipulaci\u00f3n de polvo de \u00faltima generaci\u00f3n. Yinda Machinery tiene m\u00e1s de 20 a\u00f1os de experiencia en la industria del manejo de polvo. Las m\u00e1quinas de manejo de polvo de Yinda Machinery van desde todo tipo de licuadoras hasta trituradoras. Nos ocupamos de todo tipo de maquinaria de manipulaci\u00f3n y procesamiento de polvo.<\/p><h2><strong>8-<\/strong><strong>Mejoramos a nuestros clientes<\/strong><strong>&#039; <\/strong><strong>Negocios<\/strong><\/h2><p>Yinda Machinery cree que su propio crecimiento est\u00e1 vinculado al crecimiento de sus clientes. Por lo tanto, estamos sirviendo a la industria proporcionando la m\u00e1s alta calidad en equipos de manejo y procesamiento de polvo. Adem\u00e1s, el apoyo de nuestro equipo altamente experimentado ayuda a nuestros clientes a obtener la confianza necesaria para emprender nuevas empresas con \u00e9xito.<\/p><p>Yinda Machinery se ocupar\u00e1 de sus clientes proporcionando la maquinaria de manejo de polvo, la maquinaria mezcladora de cinta y todos los dem\u00e1s equipos de primera l\u00ednea que ayudar\u00e1n a la empresa a crecer.<\/p><h2>9-\u00a0<strong>El mejor manejo de polvo <\/strong><strong>equipo<\/strong><strong>\u00a0en el mercado<\/strong><\/h2><p>\u00bfQu\u00e9 hace que los equipos de Yinda Machinery se destaquen del resto? Cero compromiso con la calidad. Yinda Machinery opera bajo el liderazgo din\u00e1mico de sus l\u00edderes j\u00f3venes, experimentados y entusiastas. Yinda Machinery tiene un proceso estricto para la finalizaci\u00f3n de la m\u00e1quina en el que se da alta preferencia a la calidad de la m\u00e1quina.<\/p><p>Yinda Machinery tambi\u00e9n se preocupa por brindar las tarifas m\u00e1s competitivas del mercado. Se entiende que la calidad y el precio son dos aspectos que ning\u00fan cliente tendr\u00e1 que hacer concesiones.<\/p><h2>10-\u00a0<strong>Yinda <\/strong><strong>METRO<\/strong><strong>achinery puede ser la soluci\u00f3n completa para sus necesidades de sistemas de manejo de polvo<\/strong><\/h2><p>Industria de pinturas, industria de recubrimientos, industria de adhesivos, lo que sea. Yinda Machienry tiene la soluci\u00f3n para el manejo de todo tipo de trabajos relacionados con el polvo. Desde el suministro de maquinaria sofisticada hasta la consulta sobre la selecci\u00f3n de materias primas y m\u00e1quinas, obtendr\u00e1 toda esta informaci\u00f3n bajo el mismo techo de Yinda Machinery. \u00a0<\/p>\t\t\t\t\t\t\t\t<\/div>\n\t\t\t\t<\/div>\n\t\t\t\t\t<\/div>\n\t\t<\/div>\n\t\t\t\t<div class=\"elementor-column elementor-col-33 elementor-top-column elementor-element elementor-element-ca3b197\" data-id=\"ca3b197\" data-element_type=\"column\" data-e-type=\"column\">\n\t\t\t<div class=\"elementor-widget-wrap elementor-element-populated\">\n\t\t\t\t\t\t<div class=\"elementor-element elementor-element-247287d elementor-widget elementor-widget-text-editor\" data-id=\"247287d\" data-element_type=\"widget\" data-e-type=\"widget\" data-widget_type=\"text-editor.default\">\n\t\t\t\t<div class=\"elementor-widget-container\">\n\t\t\t\t\t\t\t\t\t<p><\/p>\t\t\t\t\t\t\t\t<\/div>\n\t\t\t\t<\/div>\n\t\t\t\t<div class=\"elementor-element elementor-element-105c13d elementor-widget elementor-widget-sidebar\" data-id=\"105c13d\" data-element_type=\"widget\" data-e-type=\"widget\" data-widget_type=\"sidebar.default\">\n\t\t\t\t<div class=\"elementor-widget-container\">\n\t\t\t\t\t<aside id=\"search-2\" class=\"widget widget_search\"><form role=\"search\" method=\"get\" class=\"search-form\" action=\"https:\/\/yindamachinery.com\/es\/\" data-trp-original-action=\"https:\/\/yindamachinery.com\/es\/\">\n\t<label for=\"search-field\">\n\t\t<span class=\"screen-reader-text\">Buscar por:<\/span>\n\t\t<input type=\"search\" id=\"search-field\" class=\"search-field\"   placeholder=\"Buscar...\" value=\"\" name=\"s\" tabindex=\"-1\">\n\t\t\t<\/label>\n\t\t\t<input type=\"submit\" class=\"search-submit\" value=\"Buscar\">\n\t<input type=\"hidden\" name=\"trp-form-language\" value=\"es\"\/><\/form>\n<\/aside>\n\t\t<aside id=\"recent-posts-3\" class=\"widget widget_recent_entries\">\n\t\t<h2 class=\"widget-title\">nuevos productos<\/h2><nav aria-label=\"nuevos productos\">\n\t\t<ul>\n\t\t\t\t\t\t\t\t\t\t\t<li>\n\t\t\t\t\t<a href=\"https:\/\/yindamachinery.com\/es\/industrial-chemicals-grinding-plant-high-performance-powder-processing-by-yinda-machinery\/\">Industrial Chemicals Grinding Plant \u2013 High-Performance Powder Processing by Yinda Machinery<\/a>\n\t\t\t\t\t\t\t\t\t<\/li>\n\t\t\t\t\t\t\t\t\t\t\t<li>\n\t\t\t\t\t<a href=\"https:\/\/yindamachinery.com\/es\/vibrating-screen-machines-a-complete-guide-to-efficient-particle-separation-with-yinda-machinery\/\">Vibrating Screen Machines: A Complete Guide to Efficient Particle Separation with Yinda Machinery<\/a>\n\t\t\t\t\t\t\t\t\t<\/li>\n\t\t\t\t\t\t\t\t\t\t\t<li>\n\t\t\t\t\t<a href=\"https:\/\/yindamachinery.com\/es\/how-an-air-classifier-mill-ensures-ultrafine-and-uniform-particle-size-after-sulfur-grinding\/\">How an Air Classifier Mill Ensures Ultrafine and Uniform Particle Size After Sulfur Grinding<\/a>\n\t\t\t\t\t\t\t\t\t<\/li>\n\t\t\t\t\t\t\t\t\t\t\t<li>\n\t\t\t\t\t<a href=\"https:\/\/yindamachinery.com\/es\/carom-seeds-grinding-machine-for-small-and-large-capacity-production\/\">Carom Seeds Grinding Machine for Small and Large Capacity Production<\/a>\n\t\t\t\t\t\t\t\t\t<\/li>\n\t\t\t\t\t\t\t\t\t\t\t<li>\n\t\t\t\t\t<a href=\"https:\/\/yindamachinery.com\/es\/advanced-instant-tea-processing-equipment-pin-mill-with-pulse-dust-collection-system-solution-for-crystal-instant-tea\/\">Advanced Instant Tea Processing Equipment Pin Mill with Pulse Dust Collection System Solution for Crystal Instant Tea<\/a>\n\t\t\t\t\t\t\t\t\t<\/li>\n\t\t\t\t\t<\/ul>\n\n\t\t<\/nav><\/aside><aside id=\"categories-2\" class=\"widget widget_categories\"><h2 class=\"widget-title\">B\u00fasqueda r\u00e1pida<\/h2><nav aria-label=\"B\u00fasqueda r\u00e1pida\">\n\t\t\t<ul>\n\t\t\t\t\t<li class=\"cat-item cat-item-1\"><a href=\"https:\/\/yindamachinery.com\/es\/categoria\/blog\/\">Blog<\/a>\n<\/li>\n\t<li class=\"cat-item cat-item-12\"><a href=\"https:\/\/yindamachinery.com\/es\/categoria\/licuadora-de-doble-cono\/\">Licuadora de doble cono<\/a>\n<\/li>\n\t<li class=\"cat-item cat-item-10\"><a href=\"https:\/\/yindamachinery.com\/es\/categoria\/batidora-de-cinta\/\">Batidora de cintas<\/a>\n<\/li>\n\t\t\t<\/ul>\n\n\t\t\t<\/nav><\/aside><aside id=\"custom_html-8\" class=\"widget_text widget widget_custom_html\"><div class=\"textwidget custom-html-widget\"><div class=\"quickQuote divScroll\">\r\n<div class=\"quickQuoteTitle\">Env\u00ede su consulta hoy<\/div>\r\n<form name=\"form1\" method=\"post\" action=\"https:\/\/yindamachinery.wufoo.com\/forms\/z1w948rh0coebsw\/#public\">\r\n<input name=\"Field1\" type=\"text\" value=\"\" placeholder=\"Nombre*\" required \/>\r\n<input name=\"Field2\" type=\"email\" value=\"\" placeholder=\"Correo electr\u00f3nico*\" required \/>\r\n<input name=\"Field3\" type=\"text\" value=\"\" placeholder=\"Tel\u00e9fono\" \/>\r\n<textarea name=\"Field4\" placeholder=\"Mensaje*\" required><\/textarea>\r\n<div class=\"hidden\"><input name=\"Field5\" type=\"text\" value=\"http:\/\/yindamachinery.com\/es\/wp-json\/wp\/v2\/pages\/7208\"\/><\/div>\r\n<div class=\"hidden\"><input name=\"Field6\" type=\"text\" value=\"216.73.217.113, Columbus, United States\"\/><\/div>\r\n<div class=\"text-right\"><input name=\"saveForm\" type=\"submit\" value=\"Enviar\"\/><\/div>\r\n<div class=\"hidden\">\r\n<textarea name=\"comment\" id=\"comment\" rows=\"1\" cols=\"1\"><\/textarea>\r\n<input type=\"hidden\" id=\"idstamp\" name=\"idstamp\" value=\"Z76ScsiwY4S4aTigjiNXzc+TU2c4yz9sdD5K49qczUs=\" >\r\n<input type=\"hidden\" id=\"encryptedPassword\" name=\"encryptedPassword\" value=\"\" >\r\n<\/div>\r\n<\/form>\r\n<\/div><\/div><\/aside>\t\t\t\t<\/div>\n\t\t\t\t<\/div>\n\t\t\t\t\t<\/div>\n\t\t<\/div>\n\t\t\t\t\t<\/div>\n\t\t<\/section>\n\t\t\t\t<\/div>","protected":false},"excerpt":{"rendered":"<p>Dry Cement Paints ribbon mixing solution Yinda\u00a0Machinery offers a one stop solution for all types of powder handling and processing solutions. With an experience of over 20 years in the powder handling field, Yinda Machinery stands out in the domestic and international market. We have over 283 satisfied clients who trust Yinda Machinery around the [&hellip;]<\/p>\n","protected":false},"author":1,"featured_media":0,"parent":0,"menu_order":0,"comment_status":"closed","ping_status":"closed","template":"","meta":{"_acf_changed":false,"_seopress_robots_primary_cat":"","_seopress_titles_title":"Dry Cement Paints Ribbon Mixing Solution | Yinda Machinery","_seopress_titles_desc":"Dry Cement Paints Ribbon Mixing Solution is widely used in wide range of cement manufacturing to food processing industries. Contact us for quotation.","_seopress_robots_index":"","site-sidebar-layout":"no-sidebar","site-content-layout":"page-builder","ast-site-content-layout":"default","site-content-style":"default","site-sidebar-style":"default","ast-global-header-display":"","ast-banner-title-visibility":"","ast-main-header-display":"","ast-hfb-above-header-display":"","ast-hfb-below-header-display":"","ast-hfb-mobile-header-display":"","site-post-title":"disabled","ast-breadcrumbs-content":"","ast-featured-img":"disabled","footer-sml-layout":"","ast-disable-related-posts":"","theme-transparent-header-meta":"default","adv-header-id-meta":"","stick-header-meta":"","header-above-stick-meta":"","header-main-stick-meta":"","header-below-stick-meta":"","astra-migrate-meta-layouts":"default","ast-page-background-enabled":"default","ast-page-background-meta":{"desktop":{"background-color":"","background-image":"","background-repeat":"repeat","background-position":"center center","background-size":"auto","background-attachment":"scroll","background-type":"","background-media":"","overlay-type":"","overlay-color":"","overlay-opacity":"","overlay-gradient":""},"tablet":{"background-color":"","background-image":"","background-repeat":"repeat","background-position":"center center","background-size":"auto","background-attachment":"scroll","background-type":"","background-media":"","overlay-type":"","overlay-color":"","overlay-opacity":"","overlay-gradient":""},"mobile":{"background-color":"","background-image":"","background-repeat":"repeat","background-position":"center center","background-size":"auto","background-attachment":"scroll","background-type":"","background-media":"","overlay-type":"","overlay-color":"","overlay-opacity":"","overlay-gradient":""}},"ast-content-background-meta":{"desktop":{"background-color":"var(--ast-global-color-5)","background-image":"","background-repeat":"repeat","background-position":"center center","background-size":"auto","background-attachment":"scroll","background-type":"","background-media":"","overlay-type":"","overlay-color":"","overlay-opacity":"","overlay-gradient":""},"tablet":{"background-color":"var(--ast-global-color-5)","background-image":"","background-repeat":"repeat","background-position":"center center","background-size":"auto","background-attachment":"scroll","background-type":"","background-media":"","overlay-type":"","overlay-color":"","overlay-opacity":"","overlay-gradient":""},"mobile":{"background-color":"var(--ast-global-color-5)","background-image":"","background-repeat":"repeat","background-position":"center center","background-size":"auto","background-attachment":"scroll","background-type":"","background-media":"","overlay-type":"","overlay-color":"","overlay-opacity":"","overlay-gradient":""}},"footnotes":""},"class_list":["post-7208","page","type-page","status-publish","hentry"],"acf":[],"_links":{"self":[{"href":"https:\/\/yindamachinery.com\/es\/wp-json\/wp\/v2\/pages\/7208","targetHints":{"allow":["GET"]}}],"collection":[{"href":"https:\/\/yindamachinery.com\/es\/wp-json\/wp\/v2\/pages"}],"about":[{"href":"https:\/\/yindamachinery.com\/es\/wp-json\/wp\/v2\/types\/page"}],"author":[{"embeddable":true,"href":"https:\/\/yindamachinery.com\/es\/wp-json\/wp\/v2\/users\/1"}],"replies":[{"embeddable":true,"href":"https:\/\/yindamachinery.com\/es\/wp-json\/wp\/v2\/comments?post=7208"}],"version-history":[{"count":1,"href":"https:\/\/yindamachinery.com\/es\/wp-json\/wp\/v2\/pages\/7208\/revisions"}],"predecessor-version":[{"id":8896,"href":"https:\/\/yindamachinery.com\/es\/wp-json\/wp\/v2\/pages\/7208\/revisions\/8896"}],"wp:attachment":[{"href":"https:\/\/yindamachinery.com\/es\/wp-json\/wp\/v2\/media?parent=7208"}],"curies":[{"name":"wp","href":"https:\/\/api.w.org\/{rel}","templated":true}]}}