{"id":7087,"date":"2022-05-23T11:41:23","date_gmt":"2022-05-23T11:41:23","guid":{"rendered":"https:\/\/yindamachinery.com\/?page_id=7087"},"modified":"2022-05-23T11:49:16","modified_gmt":"2022-05-23T11:49:16","slug":"pharmdesign-case-study","status":"publish","type":"page","link":"https:\/\/yindamachinery.com\/es\/pharmdesign-case-study\/","title":{"rendered":"Estudio de caso de dise\u00f1o farmac\u00e9utico"},"content":{"rendered":"<div data-elementor-type=\"wp-page\" data-elementor-id=\"7087\" class=\"elementor elementor-7087\">\n\t\t\t\t\t\t<section class=\"elementor-section elementor-top-section elementor-element elementor-element-19d5c99 elementor-section-boxed elementor-section-height-default elementor-section-height-default\" data-id=\"19d5c99\" data-element_type=\"section\" data-e-type=\"section\">\n\t\t\t\t\t\t<div class=\"elementor-container elementor-column-gap-default\">\n\t\t\t\t\t<div class=\"elementor-column elementor-col-66 elementor-top-column elementor-element elementor-element-f3d0e46\" data-id=\"f3d0e46\" data-element_type=\"column\" data-e-type=\"column\">\n\t\t\t<div class=\"elementor-widget-wrap elementor-element-populated\">\n\t\t\t\t\t\t<div class=\"elementor-element elementor-element-9640f6c elementor-widget elementor-widget-text-editor\" data-id=\"9640f6c\" data-element_type=\"widget\" data-e-type=\"widget\" data-widget_type=\"text-editor.default\">\n\t\t\t\t<div class=\"elementor-widget-container\">\n\t\t\t\t\t\t\t\t\t<h1 style=\"text-align: center;\">Estudio de caso de dise\u00f1o farmac\u00e9utico<\/h1><h2><strong><b>Estudio de caso de dise\u00f1o farmac\u00e9utico: Yinda<\/b><\/strong><strong><b>\u00a0Maquinaria<\/b><\/strong><strong><b>\u00a0como una soluci\u00f3n de procesamiento de manejo de polvo<\/b><\/strong><\/h2><p>Yinda Machinery es una empresa de vanguardia que ofrece todo tipo de soluciones de manejo de polvo para sus clientes. Yinda Machinery afirma con orgullo que cuenta con la confianza de m\u00e1s de 489 fabricantes de procesos de part\u00edculas y polvo en todo el mundo. Con m\u00e1s de 20 a\u00f1os de experiencia en el negocio de manipulaci\u00f3n de polvo, Yinda Machinery es la empresa a la que debe referirse cuando se trata de maquinaria de manipulaci\u00f3n de polvo.<\/p><p>Su objetivo es proporcionar todas las soluciones de manejo de polvo bajo un mismo techo. Es una ventanilla \u00fanica para los clientes que buscan servicios y soluciones relacionadas con el manejo de polvo. \u00a0<\/p><h2><strong><b>\u00bfQu\u00e9 hace Blutox Pharm?<\/b><\/strong><strong><b>\u00a0<\/b><\/strong><strong><b>Dise\u00f1o hacer?<\/b><\/strong><\/h2><p><img decoding=\"async\" class=\"alignnone size-full wp-image-7090\" src=\"https:\/\/yindamachinery.com\/wp-content\/uploads\/2022\/05\/\u56fe\u7247-1.png\" alt=\"\u56fe\u7247 1\" width=\"348\" height=\"142\" srcset=\"https:\/\/yindamachinery.com\/wp-content\/uploads\/2022\/05\/\u56fe\u7247-1.png 348w, https:\/\/yindamachinery.com\/wp-content\/uploads\/2022\/05\/\u56fe\u7247-1-18x7.png 18w\" sizes=\"(max-width: 348px) 100vw, 348px\" \/><\/p><p>Fuente: Blutox Pharm Design (https:\/\/pharmdesign.ru\/)<\/p><p>Blutox Pharm Design es una empresa de ingenier\u00eda farmac\u00e9utica de vanguardia que crea instalaciones de alta tecnolog\u00eda desde cero para ofrecer tecnolog\u00eda farmac\u00e9utica, m\u00e9dica y biot\u00e9cnica de alta calidad para la industria m\u00e9dica. \u00a0<\/p><p>La empresa se ha ganado una gran reputaci\u00f3n en la Industria debido a su compromiso con la calidad, la puntualidad y la competitividad. Adem\u00e1s, la empresa proporciona toda la documentaci\u00f3n necesaria que se requiere para que los proyectos pasen los requisitos de los organismos reguladores locales. \u00a0<\/p><p><img fetchpriority=\"high\" decoding=\"async\" class=\"alignnone wp-image-7091\" src=\"https:\/\/yindamachinery.com\/wp-content\/uploads\/2022\/05\/\u56fe\u7247-2.png\" alt=\"\u56fe\u7247 2\" width=\"348\" height=\"232\" srcset=\"https:\/\/yindamachinery.com\/wp-content\/uploads\/2022\/05\/\u56fe\u7247-2.png 2100w, https:\/\/yindamachinery.com\/wp-content\/uploads\/2022\/05\/\u56fe\u7247-2-768x512.png 768w, https:\/\/yindamachinery.com\/wp-content\/uploads\/2022\/05\/\u56fe\u7247-2-1536x1024.png 1536w, https:\/\/yindamachinery.com\/wp-content\/uploads\/2022\/05\/\u56fe\u7247-2-2048x1365.png 2048w, https:\/\/yindamachinery.com\/wp-content\/uploads\/2022\/05\/\u56fe\u7247-2-18x12.png 18w\" sizes=\"(max-width: 348px) 100vw, 348px\" \/><\/p><p>Fuente: Blutox Pharm Design (https:\/\/pharmdesign.ru\/)<\/p><h2><strong><b>Servicios ofrecidos por<\/b><\/strong><strong><b>\u00a0Farmacia Blutox<\/b><\/strong><strong><b>\u00a0<\/b><\/strong><strong><b>Dise\u00f1o<\/b><\/strong><strong><b>:<\/b><\/strong><\/h2><p>Blutox Pharm Design ofrece los siguientes servicios a sus clientes:<\/p><ul><li>Dise\u00f1ar y construir edificios para la industria farmac\u00e9utica<\/li><li>Preparar toda la documentaci\u00f3n de ingenier\u00eda necesaria<\/li><li>Proporcionar soluciones de dise\u00f1o listas para usar para la industria farmac\u00e9utica<\/li><li>Producci\u00f3n de medicamentos contra el c\u00e1ncer y medicamentos hormonales.<\/li><li>Producci\u00f3n de JSC \u201cBiocad\u201d<\/li><\/ul><p>Blutox Pharm Design tiene la capacidad de ofrecer soluciones llave en mano y desarrollar compa\u00f1\u00edas farmac\u00e9uticas desde cero hasta la puesta en marcha y la producci\u00f3n de medicamentos.<\/p><h2><strong><b>Desarrollo <\/b><\/strong><strong><b>de <\/b><\/strong><strong><b>Dise\u00f1o Farmac\u00e9utico <\/b><\/strong><strong><b>producto<\/b><\/strong><\/h2><p>Pharm Design se dedica al desarrollo de edificios, dise\u00f1os y documentaci\u00f3n de \u00faltima generaci\u00f3n para la industria farmac\u00e9utica. Con el fin de alcanzar un alto nivel de excelencia, la empresa despliega la \u00faltima tecnolog\u00eda en maquinaria y dise\u00f1o.<\/p><p>Pharm Design produce lo siguiente:<\/p><ul><li>Documentaci\u00f3n del proyecto<\/li><li>gesti\u00f3n de RR.GG.<\/li><li>Habitaciones limpias<\/li><li>Documentaci\u00f3n t\u00e9cnica<\/li><\/ul><p>Adem\u00e1s de lo anterior, Pharm Design est\u00e1 listo para trabajar de cerca con sus clientes y comprender los productos reales requeridos por el cliente. La empresa tambi\u00e9n ofrece asesoramiento para que la industria farmac\u00e9utica cumpla con todas las normas y reglamentos pertinentes necesarios para iniciar la fabricaci\u00f3n de medicamentos. \u00a0<\/p><p><img decoding=\"async\" class=\"alignnone wp-image-7092\" src=\"https:\/\/yindamachinery.com\/wp-content\/uploads\/2022\/05\/\u56fe\u7247-4.png\" alt=\"\u56fe\u7247 4\" width=\"348\" height=\"182\" srcset=\"https:\/\/yindamachinery.com\/wp-content\/uploads\/2022\/05\/\u56fe\u7247-4.png 958w, https:\/\/yindamachinery.com\/wp-content\/uploads\/2022\/05\/\u56fe\u7247-4-768x401.png 768w, https:\/\/yindamachinery.com\/wp-content\/uploads\/2022\/05\/\u56fe\u7247-4-18x9.png 18w\" sizes=\"(max-width: 348px) 100vw, 348px\" \/><\/p><h2><strong><b>\u00bfA qu\u00e9 pa\u00edses prestan servicio?<\/b><\/strong><\/h2><p>Nuestro negocio se extiende por diferentes continentes y pa\u00edses. La siguiente es una lista de pa\u00edses donde operamos:<\/p><p>Europa<\/p><ul><li>Dinamarca<\/li><li>Italia<\/li><li>Finlandia<\/li><li>Rusia<\/li><\/ul><p>Asia<\/p><ul><li>China<\/li><li>India<\/li><li>Taiw\u00e1n<\/li><li>Tailandia<\/li><li>Emiratos \u00c1rabes Unidos<\/li><li>Arabia Saudita<\/li><li>Katar<\/li><li>Om\u00e1n<\/li><li>Malasia<\/li><li>Singapur<\/li><\/ul><p>\u00c1frica<\/p><ul><li>Sud\u00e1frica<\/li><li>Nigeria<\/li><li>Kenia<\/li><\/ul><p>Australia<\/p><ul><li>Nueva Zelanda<\/li><li>Australia<\/li><\/ul><p>Sudamerica<\/p><ul><li>Chile<\/li><li>Brasil<\/li><\/ul><h2><strong><b>Equipos, M\u00e1quinas y Componentes <\/b><\/strong><strong><b>\u00a0Farmacia Blutox<\/b><\/strong><strong><b>\u00a0<\/b><\/strong><strong><b>Dise\u00f1o <\/b><\/strong><strong><b>\u00a0Usos<\/b><\/strong><\/h2><p>Blutox Pharm Design utiliza tecnolog\u00eda de punta para sus m\u00e1quinas y fabricaci\u00f3n. Para el desarrollo del dise\u00f1o de edificios se utiliza Building Design Suite de Autodesk. El equipo profesional que trabaja con Pharm Design garantiza que las m\u00e1quinas proporcionadas sean de primera l\u00ednea y beneficien a la empresa.<\/p><p>Pharm Designs trabaja en estrecha colaboraci\u00f3n con los principales proveedores y fabricantes de m\u00e1quinas en la regi\u00f3n y en todo el mundo. En este sentido, Pharm Design trabaja en estrecha colaboraci\u00f3n con Yinda Machinery, que es un nombre reconocido en la industria del manejo de polvos.<\/p><p>La maquinaria provista por Yinda Machinery forma la columna vertebral del segmento de manejo de polvo de Pharm Design.<\/p><h2><strong><b>M\u00e1quinas de Fabricaci\u00f3n y Creaci\u00f3n de Materias Primas<\/b><\/strong><\/h2><p>La materia prima y su alta calidad es la clave para mantener cualquier negocio farmac\u00e9utico en la cima. Yinda Machinery ha permitido a la empresa mantenerse por delante de su competencia y crear no solo un dominio regional del mercado, sino tambi\u00e9n hacerse un nombre en el mercado internacional.<\/p><p>Las m\u00e1quinas de materia prima son fabricadas, reparadas y mantenidas por Yinda Machinery. Adem\u00e1s, Yinda Machinery proporciona consultor\u00eda con respecto al manejo del polvo y su maquinaria. Por lo tanto, la materia prima utilizada en toda la cadena de suministro de Pharm Design es de alta calidad y garantiza un producto final de alta calidad. \u00a0\u00a0<\/p><h2><strong><b>Acerca de Nuestra Empresa-Quien es <\/b><\/strong><strong><b>Maquinaria Yinda<\/b><\/strong><strong><b>?<\/b><\/strong><\/h2><p>Yinda Machinery es una de las principales empresas de fabricaci\u00f3n de m\u00e1quinas de manipulaci\u00f3n de polvo en China. Con m\u00e1s de 20 a\u00f1os de experiencia en la industria, Yinda Machinery es un nombre en la regi\u00f3n en maquinaria de manejo de polvo. Yinda Machinery brinda apoyo t\u00e9cnico, financiero y legal con respecto al manejo de polvo para sus clientes.<\/p><p>Yinda Machinery ofrece los siguientes servicios:<\/p><ul><li>Instalaci\u00f3n, puesta en marcha y formaci\u00f3n in situ<\/li><li>Disponibilidad de repuestos y reparaci\u00f3n.<\/li><li>Mantenimiento preventivo<\/li><li>Servicios de renovaci\u00f3n y mejora<\/li><\/ul><p>Esta es una ventanilla \u00fanica para todas sus necesidades de manejo de polvo.<\/p><h2><strong><b>Mejoramos los negocios de nuestros clientes<\/b><\/strong><\/h2><p>Creemos en la sinergia. El crecimiento de nuestros clientes est\u00e1 directamente ligado al nuestro propio crecimiento. Nuestra m\u00e1xima prioridad es proporcionar materiales y servicios de calidad a nuestros clientes. Su negocio ha crecido mucho debido al apoyo oportuno y efectivo de Yinda Machinery.<\/p><p>Adem\u00e1s, el equipo de expertos de Yinda Machinery realiza una investigaci\u00f3n exhaustiva de los procesos de nuestros clientes y brinda soluciones personalizadas para maximizar el beneficio de los clientes.<\/p><h2><strong><b>El mejor <\/b><\/strong><strong><b>manejo de polvo <\/b><\/strong><strong><b>equipos en el mercado<\/b><\/strong><\/h2><p>El equipo de Yinda Machinery est\u00e1 cuidadosamente seleccionado y est\u00e1 formado por profesionales completos que tienen una gran experiencia en el manejo de maquinaria de polvo durante a\u00f1os. Adem\u00e1s, contamos con un equipo de investigaci\u00f3n din\u00e1mico que se dedica las 24 horas del d\u00eda a generar nuevas ideas y utilizar nuevas tecnolog\u00edas para mejorar las m\u00e1quinas.<\/p><p>Adem\u00e1s, creemos en trabajar de cerca con nuestros clientes. Por lo tanto, podemos mantenernos en la misma p\u00e1gina y velocidad que nuestros clientes quieren de nosotros. Esto asegura que siempre estemos ah\u00ed para nuestros clientes cuando nos necesitan.<\/p><h2><strong><b>Maquinaria Yinda<\/b><\/strong><strong><b>\u00a0Puede ser la soluci\u00f3n completa para su <\/b><\/strong><strong><b>sistemas de manejo de polvo <\/b><\/strong><strong><b>Necesidades<\/b><\/strong><\/h2><p>En resumen, Yinda Machinery es la ventanilla \u00fanica para todos los negocios de manejo de polvo. Puede solicitar una consulta y tambi\u00e9n puede adquirir maquinaria de nosotros. Estaremos en la cima de nuestro juego en todos los aspectos.<\/p><p>Adem\u00e1s, somos accesibles. Yinda Machinery cree que cuanto m\u00e1s cerca est\u00e9n de sus clientes, mejor se desempe\u00f1ar\u00e1n. Como tal, los medios para comunicarse con Yinda Machinery son f\u00e1ciles y siempre est\u00e1n disponibles. S\u00ed. Yinda Machinery opera las 24 horas del d\u00eda, los 7 d\u00edas de la semana para brindar soporte a sus clientes.<\/p><p>Por lo tanto, siempre se beneficiar\u00e1 al trabajar con Yinda Machinery.<\/p><p>\u00bfEntonces, Qu\u00e9 esperas? Puede comunicarse con nosotros a trav\u00e9s de los diversos m\u00e9todos enumerados <a href=\"https:\/\/yindamachinery.com\/es\/contactenos\/\"><u>aqu\u00ed<\/u><\/a>.<\/p><p>\u00a0<\/p>\t\t\t\t\t\t\t\t<\/div>\n\t\t\t\t<\/div>\n\t\t\t\t\t<\/div>\n\t\t<\/div>\n\t\t\t\t<div class=\"elementor-column elementor-col-33 elementor-top-column elementor-element elementor-element-eb78c00\" data-id=\"eb78c00\" data-element_type=\"column\" data-e-type=\"column\">\n\t\t\t<div class=\"elementor-widget-wrap elementor-element-populated\">\n\t\t\t\t\t\t<div class=\"elementor-element elementor-element-b7b75e5 elementor-widget elementor-widget-text-editor\" data-id=\"b7b75e5\" data-element_type=\"widget\" data-e-type=\"widget\" data-widget_type=\"text-editor.default\">\n\t\t\t\t<div class=\"elementor-widget-container\">\n\t\t\t\t\t\t\t\t\t<p><\/p>\t\t\t\t\t\t\t\t<\/div>\n\t\t\t\t<\/div>\n\t\t\t\t<div class=\"elementor-element elementor-element-e608128 elementor-widget elementor-widget-sidebar\" data-id=\"e608128\" data-element_type=\"widget\" data-e-type=\"widget\" data-widget_type=\"sidebar.default\">\n\t\t\t\t<div class=\"elementor-widget-container\">\n\t\t\t\t\t<aside id=\"search-2\" class=\"widget widget_search\"><form role=\"search\" method=\"get\" class=\"search-form\" action=\"https:\/\/yindamachinery.com\/es\/\" data-trp-original-action=\"https:\/\/yindamachinery.com\/es\/\">\n\t<label for=\"search-field\">\n\t\t<span class=\"screen-reader-text\">Buscar por:<\/span>\n\t\t<input type=\"search\" id=\"search-field\" class=\"search-field\"   placeholder=\"Buscar...\" value=\"\" name=\"s\" tabindex=\"-1\">\n\t\t\t<\/label>\n\t\t\t<input type=\"submit\" class=\"search-submit\" value=\"Buscar\">\n\t<input type=\"hidden\" name=\"trp-form-language\" value=\"es\"\/><\/form>\n<\/aside>\n\t\t<aside id=\"recent-posts-3\" class=\"widget widget_recent_entries\">\n\t\t<h2 class=\"widget-title\">nuevos productos<\/h2><nav aria-label=\"nuevos productos\">\n\t\t<ul>\n\t\t\t\t\t\t\t\t\t\t\t<li>\n\t\t\t\t\t<a href=\"https:\/\/yindamachinery.com\/es\/from-small-scale-to-testing-to-industrial-grinding-solutions\/\">From Small Scale to Testing to Industrial Grinding Solutions<\/a>\n\t\t\t\t\t\t\t\t\t<\/li>\n\t\t\t\t\t\t\t\t\t\t\t<li>\n\t\t\t\t\t<a href=\"https:\/\/yindamachinery.com\/es\/how-to-process-neem-bark-with-the-right-grinding-solution\/\">How to Process Neem Bark with the Right Grinding Solution<\/a>\n\t\t\t\t\t\t\t\t\t<\/li>\n\t\t\t\t\t\t\t\t\t\t\t<li>\n\t\t\t\t\t<a href=\"https:\/\/yindamachinery.com\/es\/yellow-split-peas-grinding-machine-for-powder-processing\/\">Yellow Split Peas Grinding Machine for Powder Processing<\/a>\n\t\t\t\t\t\t\t\t\t<\/li>\n\t\t\t\t\t\t\t\t\t\t\t<li>\n\t\t\t\t\t<a href=\"https:\/\/yindamachinery.com\/es\/grain-processing-equipment-a-complete-guide-for-modern-milling-operations\/\">Grain Processing Equipment: A Complete Guide for Modern Milling Operations<\/a>\n\t\t\t\t\t\t\t\t\t<\/li>\n\t\t\t\t\t\t\t\t\t\t\t<li>\n\t\t\t\t\t<a href=\"https:\/\/yindamachinery.com\/es\/ribbon-blender-vs-v-blender-quick-comparison-selection-guide\/\">Ribbon Blender vs V Blender: Quick Comparison &#038; Selection Guide<\/a>\n\t\t\t\t\t\t\t\t\t<\/li>\n\t\t\t\t\t<\/ul>\n\n\t\t<\/nav><\/aside><aside id=\"categories-2\" class=\"widget widget_categories\"><h2 class=\"widget-title\">B\u00fasqueda r\u00e1pida<\/h2><nav aria-label=\"B\u00fasqueda r\u00e1pida\">\n\t\t\t<ul>\n\t\t\t\t\t<li class=\"cat-item cat-item-1\"><a href=\"https:\/\/yindamachinery.com\/es\/categoria\/blog\/\">Blog<\/a>\n<\/li>\n\t<li class=\"cat-item cat-item-12\"><a href=\"https:\/\/yindamachinery.com\/es\/categoria\/licuadora-de-doble-cono\/\">Licuadora de doble cono<\/a>\n<\/li>\n\t<li class=\"cat-item cat-item-10\"><a href=\"https:\/\/yindamachinery.com\/es\/categoria\/batidora-de-cinta\/\">Batidora de cintas<\/a>\n<\/li>\n\t\t\t<\/ul>\n\n\t\t\t<\/nav><\/aside><aside id=\"custom_html-8\" class=\"widget_text widget widget_custom_html\"><div class=\"textwidget custom-html-widget\"><div class=\"quickQuote divScroll\">\r\n<div class=\"quickQuoteTitle\">Env\u00ede su consulta hoy<\/div>\r\n<form name=\"form1\" method=\"post\" action=\"https:\/\/yindamachinery.wufoo.com\/forms\/z1w948rh0coebsw\/#public\">\r\n<input name=\"Field1\" type=\"text\" value=\"\" placeholder=\"Nombre*\" required \/>\r\n<input name=\"Field2\" type=\"email\" value=\"\" placeholder=\"Correo electr\u00f3nico*\" required \/>\r\n<input name=\"Field3\" type=\"text\" value=\"\" placeholder=\"Tel\u00e9fono\" \/>\r\n<textarea name=\"Field4\" placeholder=\"Mensaje*\" required><\/textarea>\r\n<div class=\"hidden\"><input name=\"Field5\" type=\"text\" value=\"http:\/\/yindamachinery.com\/es\/wp-json\/wp\/v2\/pages\/7087\"\/><\/div>\r\n<div class=\"hidden\"><input name=\"Field6\" type=\"text\" value=\"216.73.216.183, Columbus, United States\"\/><\/div>\r\n<div class=\"text-right\"><input name=\"saveForm\" type=\"submit\" value=\"Enviar\"\/><\/div>\r\n<div class=\"hidden\">\r\n<textarea name=\"comment\" id=\"comment\" rows=\"1\" cols=\"1\"><\/textarea>\r\n<input type=\"hidden\" id=\"idstamp\" name=\"idstamp\" value=\"Z76ScsiwY4S4aTigjiNXzc+TU2c4yz9sdD5K49qczUs=\" >\r\n<input type=\"hidden\" id=\"encryptedPassword\" name=\"encryptedPassword\" value=\"\" >\r\n<\/div>\r\n<\/form>\r\n<\/div><\/div><\/aside>\t\t\t\t<\/div>\n\t\t\t\t<\/div>\n\t\t\t\t\t<\/div>\n\t\t<\/div>\n\t\t\t\t\t<\/div>\n\t\t<\/section>\n\t\t\t\t<\/div>","protected":false},"excerpt":{"rendered":"<p>Pharmdesign Case Study Pharmdesign Case Study: Yinda\u00a0Machinery\u00a0as a powder handling processing solution Yinda Machinery is a state of the art company that offers all sorts of powder handling solutions for its clients. Yinda Machinery proudly claims that it is trusted by over 489\u00a0particles and powder process manufacturers around the world. With over 20 years of [&hellip;]<\/p>\n","protected":false},"author":1,"featured_media":0,"parent":0,"menu_order":0,"comment_status":"closed","ping_status":"closed","template":"","meta":{"_acf_changed":false,"_seopress_robots_primary_cat":"","_seopress_titles_title":"","_seopress_titles_desc":"","_seopress_robots_index":"","_seopress_analysis_target_kw":"","site-sidebar-layout":"no-sidebar","site-content-layout":"page-builder","ast-site-content-layout":"default","site-content-style":"default","site-sidebar-style":"default","ast-global-header-display":"","ast-banner-title-visibility":"","ast-main-header-display":"","ast-hfb-above-header-display":"","ast-hfb-below-header-display":"","ast-hfb-mobile-header-display":"","site-post-title":"disabled","ast-breadcrumbs-content":"","ast-featured-img":"disabled","footer-sml-layout":"","ast-disable-related-posts":"","theme-transparent-header-meta":"default","adv-header-id-meta":"","stick-header-meta":"","header-above-stick-meta":"","header-main-stick-meta":"","header-below-stick-meta":"","astra-migrate-meta-layouts":"default","ast-page-background-enabled":"default","ast-page-background-meta":{"desktop":{"background-color":"","background-image":"","background-repeat":"repeat","background-position":"center center","background-size":"auto","background-attachment":"scroll","background-type":"","background-media":"","overlay-type":"","overlay-color":"","overlay-opacity":"","overlay-gradient":""},"tablet":{"background-color":"","background-image":"","background-repeat":"repeat","background-position":"center center","background-size":"auto","background-attachment":"scroll","background-type":"","background-media":"","overlay-type":"","overlay-color":"","overlay-opacity":"","overlay-gradient":""},"mobile":{"background-color":"","background-image":"","background-repeat":"repeat","background-position":"center center","background-size":"auto","background-attachment":"scroll","background-type":"","background-media":"","overlay-type":"","overlay-color":"","overlay-opacity":"","overlay-gradient":""}},"ast-content-background-meta":{"desktop":{"background-color":"var(--ast-global-color-5)","background-image":"","background-repeat":"repeat","background-position":"center center","background-size":"auto","background-attachment":"scroll","background-type":"","background-media":"","overlay-type":"","overlay-color":"","overlay-opacity":"","overlay-gradient":""},"tablet":{"background-color":"var(--ast-global-color-5)","background-image":"","background-repeat":"repeat","background-position":"center center","background-size":"auto","background-attachment":"scroll","background-type":"","background-media":"","overlay-type":"","overlay-color":"","overlay-opacity":"","overlay-gradient":""},"mobile":{"background-color":"var(--ast-global-color-5)","background-image":"","background-repeat":"repeat","background-position":"center center","background-size":"auto","background-attachment":"scroll","background-type":"","background-media":"","overlay-type":"","overlay-color":"","overlay-opacity":"","overlay-gradient":""}},"footnotes":""},"class_list":["post-7087","page","type-page","status-publish","hentry"],"acf":[],"_links":{"self":[{"href":"https:\/\/yindamachinery.com\/es\/wp-json\/wp\/v2\/pages\/7087","targetHints":{"allow":["GET"]}}],"collection":[{"href":"https:\/\/yindamachinery.com\/es\/wp-json\/wp\/v2\/pages"}],"about":[{"href":"https:\/\/yindamachinery.com\/es\/wp-json\/wp\/v2\/types\/page"}],"author":[{"embeddable":true,"href":"https:\/\/yindamachinery.com\/es\/wp-json\/wp\/v2\/users\/1"}],"replies":[{"embeddable":true,"href":"https:\/\/yindamachinery.com\/es\/wp-json\/wp\/v2\/comments?post=7087"}],"version-history":[{"count":0,"href":"https:\/\/yindamachinery.com\/es\/wp-json\/wp\/v2\/pages\/7087\/revisions"}],"wp:attachment":[{"href":"https:\/\/yindamachinery.com\/es\/wp-json\/wp\/v2\/media?parent=7087"}],"curies":[{"name":"wp","href":"https:\/\/api.w.org\/{rel}","templated":true}]}}