{"id":4492,"date":"2021-07-04T13:14:33","date_gmt":"2021-07-04T13:14:33","guid":{"rendered":"https:\/\/yindamachinery.com\/?page_id=4492"},"modified":"2025-10-22T07:05:25","modified_gmt":"2025-10-22T07:05:25","slug":"pulverizador-de-molino-de-pines","status":"publish","type":"page","link":"https:\/\/yindamachinery.com\/es\/pulverizador-de-molino-de-pines\/","title":{"rendered":"Pulverizador de molino de pines"},"content":{"rendered":"<p>Si usted es parte de una industria de procesamiento como farmac\u00e9utica, qu\u00edmica, mineral, etc., entonces los pulverizadores de molino de p\u00faas son herramientas ideales para su negocio. Puede comprar, operar y mantener f\u00e1cilmente estas m\u00e1quinas sin tener que preocuparse por capacitar a su personal de manera extensa sobre el uso de estas m\u00e1quinas.<\/p>\n<p>Adem\u00e1s, los pulverizadores pin mill no ocupan mucho espacio, por lo que puedes colocarlos en cualquier rinc\u00f3n de tu espacio de trabajo. Sin embargo, existen ciertas desventajas de usar los pulverizadores de molino de p\u00faas que discutiremos m\u00e1s adelante en este art\u00edculo.<\/p>\n<p>Otro aspecto importante a tener en cuenta es que los molinos de pasadores tambi\u00e9n se pueden personalizar. En caso de que se ponga en contacto con el fabricante y le informe cu\u00e1les son sus requisitos exactos, podr\u00e1 sacar el m\u00e1ximo partido de las fresas de p\u00faas. Discutiremos este aspecto en detalle m\u00e1s adelante en el art\u00edculo.<\/p>\n<p>Para comprender los requisitos espec\u00edficos de su aplicaci\u00f3n, env\u00ede amablemente la consulta indicando el nombre de la materia prima, la capacidad de producci\u00f3n, los requisitos de finura y las caracter\u00edsticas de la materia prima.<\/p>","protected":false},"excerpt":{"rendered":"<p>If you are part of a processing industry like pharmaceutical, chemical, mineral, etc. then the pin mill pulverizers are ideal tools for your business. You can easily buy, operate and maintain these machines without having to worry about training your staff extensively over the use of these machines. Furthermore, the pin mill pulverizers do not [&hellip;]<\/p>\n","protected":false},"author":1,"featured_media":0,"parent":0,"menu_order":3,"comment_status":"closed","ping_status":"closed","template":"product-category.php","meta":{"_acf_changed":false,"_seopress_robots_primary_cat":"","_seopress_titles_title":"Pin Mill Pulverizer Machine | Yinda Machinery","_seopress_titles_desc":"Yinda Pin Mill pulverizer machine can grind powder at 20-120mesh. Suitable for chemical, pharmaceutical, food, mineral, and cosmetic applications.","_seopress_robots_index":"","site-sidebar-layout":"no-sidebar","site-content-layout":"page-builder","ast-site-content-layout":"default","site-content-style":"default","site-sidebar-style":"default","ast-global-header-display":"","ast-banner-title-visibility":"","ast-main-header-display":"","ast-hfb-above-header-display":"","ast-hfb-below-header-display":"","ast-hfb-mobile-header-display":"","site-post-title":"","ast-breadcrumbs-content":"","ast-featured-img":"","footer-sml-layout":"","ast-disable-related-posts":"","theme-transparent-header-meta":"default","adv-header-id-meta":"","stick-header-meta":"","header-above-stick-meta":"","header-main-stick-meta":"","header-below-stick-meta":"","astra-migrate-meta-layouts":"default","ast-page-background-enabled":"default","ast-page-background-meta":{"desktop":{"background-color":"","background-image":"","background-repeat":"repeat","background-position":"center center","background-size":"auto","background-attachment":"scroll","background-type":"","background-media":"","overlay-type":"","overlay-color":"","overlay-opacity":"","overlay-gradient":""},"tablet":{"background-color":"","background-image":"","background-repeat":"repeat","background-position":"center center","background-size":"auto","background-attachment":"scroll","background-type":"","background-media":"","overlay-type":"","overlay-color":"","overlay-opacity":"","overlay-gradient":""},"mobile":{"background-color":"","background-image":"","background-repeat":"repeat","background-position":"center center","background-size":"auto","background-attachment":"scroll","background-type":"","background-media":"","overlay-type":"","overlay-color":"","overlay-opacity":"","overlay-gradient":""}},"ast-content-background-meta":{"desktop":{"background-color":"var(--ast-global-color-5)","background-image":"","background-repeat":"repeat","background-position":"center center","background-size":"auto","background-attachment":"scroll","background-type":"","background-media":"","overlay-type":"","overlay-color":"","overlay-opacity":"","overlay-gradient":""},"tablet":{"background-color":"var(--ast-global-color-5)","background-image":"","background-repeat":"repeat","background-position":"center center","background-size":"auto","background-attachment":"scroll","background-type":"","background-media":"","overlay-type":"","overlay-color":"","overlay-opacity":"","overlay-gradient":""},"mobile":{"background-color":"var(--ast-global-color-5)","background-image":"","background-repeat":"repeat","background-position":"center center","background-size":"auto","background-attachment":"scroll","background-type":"","background-media":"","overlay-type":"","overlay-color":"","overlay-opacity":"","overlay-gradient":""}},"footnotes":""},"class_list":["post-4492","page","type-page","status-publish","hentry"],"acf":[],"_links":{"self":[{"href":"https:\/\/yindamachinery.com\/es\/wp-json\/wp\/v2\/pages\/4492","targetHints":{"allow":["GET"]}}],"collection":[{"href":"https:\/\/yindamachinery.com\/es\/wp-json\/wp\/v2\/pages"}],"about":[{"href":"https:\/\/yindamachinery.com\/es\/wp-json\/wp\/v2\/types\/page"}],"author":[{"embeddable":true,"href":"https:\/\/yindamachinery.com\/es\/wp-json\/wp\/v2\/users\/1"}],"replies":[{"embeddable":true,"href":"https:\/\/yindamachinery.com\/es\/wp-json\/wp\/v2\/comments?post=4492"}],"version-history":[{"count":1,"href":"https:\/\/yindamachinery.com\/es\/wp-json\/wp\/v2\/pages\/4492\/revisions"}],"predecessor-version":[{"id":9054,"href":"https:\/\/yindamachinery.com\/es\/wp-json\/wp\/v2\/pages\/4492\/revisions\/9054"}],"wp:attachment":[{"href":"https:\/\/yindamachinery.com\/es\/wp-json\/wp\/v2\/media?parent=4492"}],"curies":[{"name":"wp","href":"https:\/\/api.w.org\/{rel}","templated":true}]}}