{"id":1060,"date":"2020-11-11T08:09:36","date_gmt":"2020-11-11T08:09:36","guid":{"rendered":"https:\/\/www.yindaindustry.com\/?page_id=1060"},"modified":"2025-10-22T07:07:27","modified_gmt":"2025-10-22T07:07:27","slug":"equipo-de-manejo-de-polvo","status":"publish","type":"page","link":"https:\/\/yindamachinery.com\/es\/equipo-de-manejo-de-polvo\/","title":{"rendered":"Equipos de manejo de polvo"},"content":{"rendered":"<p>\u901a\u8fc7\u63d0\u4f9b\u9ad8\u8d28\u91cf\u3001\u9ad8\u529f\u80fd\u7684\u673a\u68b0\uff0c\u6700\u5927\u9650\u5ea6\u5730\u63d0\u9ad8\u5ba2\u6237\u7684\u76c8\u5229\u80fd\u529b\u548c\u751f\u4ea7\u529b\u3002<\/p>\n<p>A trav\u00e9s de nuestro enfoque en soluciones totales de polvo a lo largo de los a\u00f1os, nuestro equipo ha adquirido una amplia y profunda experiencia en producci\u00f3n y una mayor comprensi\u00f3n del procesamiento de polvo y part\u00edculas que nos complace compartir con nuestros clientes.<br \/>\nNuestra gama de servicios incluye<br \/>\n*<br \/>\nInstalaci\u00f3n y puesta en marcha in situ<br \/>\n* Instalaci\u00f3n y puesta en marcha in situ<br \/>\nCapacitaci\u00f3n<br \/>\n* Capacitaci\u00f3n<br \/>\nRepuestos y mantenimiento<br \/>\n* Mantenimiento preventivo<br \/>\nMantenimiento preventivo<br \/>\n* Mantenimiento preventivo<br \/>\nMejoras y reformas<\/p>\n<p>Traducido con www.DeepL.com\/Translator (versi\u00f3n gratuita) Capacitaci\u00f3n y evaluaci\u00f3n operativa<\/p>\n<p>Para comprender los requisitos espec\u00edficos de su aplicaci\u00f3n, env\u00ede amablemente la consulta indicando el nombre de la materia prima, la capacidad de producci\u00f3n, los requisitos de finura y las caracter\u00edsticas de la materia prima.<\/p>","protected":false},"excerpt":{"rendered":"<p>\u901a\u8fc7\u63d0\u4f9b\u9ad8\u8d28\u91cf\u3001\u9ad8\u529f\u80fd\u7684\u673a\u68b0\uff0c\u6700\u5927\u9650\u5ea6\u5730\u63d0\u9ad8\u5ba2\u6237\u7684\u76c8\u5229\u80fd\u529b\u548c\u751f\u4ea7\u529b\u3002 Through our focus on total powder solutions over the years, our team has gained extensive and in-depth production experience and a greater understanding of powder and particle processing that we are happy to share with our customers. Our range of services includes * On-site installation and commissioning * On-site installation and commissioning Training * [&hellip;]<\/p>\n","protected":false},"author":1,"featured_media":0,"parent":0,"menu_order":3,"comment_status":"closed","ping_status":"closed","template":"product-category.php","meta":{"_acf_changed":false,"_seopress_robots_primary_cat":"","_seopress_titles_title":"Powder Handling Equipment & Systems | Yinda Machinery","_seopress_titles_desc":"Yinda Machinery engaged in a wide range of powder handling equipments such like mill,pulverizer, grinder, mixer, vibration sifter, and one-stop production line. Get a quote!","_seopress_robots_index":"","site-sidebar-layout":"no-sidebar","site-content-layout":"page-builder","ast-site-content-layout":"full-width-container","site-content-style":"unboxed","site-sidebar-style":"unboxed","ast-global-header-display":"","ast-banner-title-visibility":"","ast-main-header-display":"","ast-hfb-above-header-display":"","ast-hfb-below-header-display":"","ast-hfb-mobile-header-display":"","site-post-title":"","ast-breadcrumbs-content":"","ast-featured-img":"","footer-sml-layout":"","ast-disable-related-posts":"","theme-transparent-header-meta":"default","adv-header-id-meta":"","stick-header-meta":"","header-above-stick-meta":"","header-main-stick-meta":"","header-below-stick-meta":"","astra-migrate-meta-layouts":"set","ast-page-background-enabled":"default","ast-page-background-meta":{"desktop":{"background-color":"","background-image":"","background-repeat":"repeat","background-position":"center center","background-size":"auto","background-attachment":"scroll","background-type":"","background-media":"","overlay-type":"","overlay-color":"","overlay-opacity":"","overlay-gradient":""},"tablet":{"background-color":"","background-image":"","background-repeat":"repeat","background-position":"center center","background-size":"auto","background-attachment":"scroll","background-type":"","background-media":"","overlay-type":"","overlay-color":"","overlay-opacity":"","overlay-gradient":""},"mobile":{"background-color":"","background-image":"","background-repeat":"repeat","background-position":"center center","background-size":"auto","background-attachment":"scroll","background-type":"","background-media":"","overlay-type":"","overlay-color":"","overlay-opacity":"","overlay-gradient":""}},"ast-content-background-meta":{"desktop":{"background-color":"var(--ast-global-color-5)","background-image":"","background-repeat":"repeat","background-position":"center center","background-size":"auto","background-attachment":"scroll","background-type":"","background-media":"","overlay-type":"","overlay-color":"","overlay-opacity":"","overlay-gradient":""},"tablet":{"background-color":"var(--ast-global-color-5)","background-image":"","background-repeat":"repeat","background-position":"center center","background-size":"auto","background-attachment":"scroll","background-type":"","background-media":"","overlay-type":"","overlay-color":"","overlay-opacity":"","overlay-gradient":""},"mobile":{"background-color":"var(--ast-global-color-5)","background-image":"","background-repeat":"repeat","background-position":"center center","background-size":"auto","background-attachment":"scroll","background-type":"","background-media":"","overlay-type":"","overlay-color":"","overlay-opacity":"","overlay-gradient":""}},"footnotes":""},"class_list":["post-1060","page","type-page","status-publish","hentry"],"acf":[],"_links":{"self":[{"href":"https:\/\/yindamachinery.com\/es\/wp-json\/wp\/v2\/pages\/1060","targetHints":{"allow":["GET"]}}],"collection":[{"href":"https:\/\/yindamachinery.com\/es\/wp-json\/wp\/v2\/pages"}],"about":[{"href":"https:\/\/yindamachinery.com\/es\/wp-json\/wp\/v2\/types\/page"}],"author":[{"embeddable":true,"href":"https:\/\/yindamachinery.com\/es\/wp-json\/wp\/v2\/users\/1"}],"replies":[{"embeddable":true,"href":"https:\/\/yindamachinery.com\/es\/wp-json\/wp\/v2\/comments?post=1060"}],"version-history":[{"count":3,"href":"https:\/\/yindamachinery.com\/es\/wp-json\/wp\/v2\/pages\/1060\/revisions"}],"predecessor-version":[{"id":8284,"href":"https:\/\/yindamachinery.com\/es\/wp-json\/wp\/v2\/pages\/1060\/revisions\/8284"}],"wp:attachment":[{"href":"https:\/\/yindamachinery.com\/es\/wp-json\/wp\/v2\/media?parent=1060"}],"curies":[{"name":"wp","href":"https:\/\/api.w.org\/{rel}","templated":true}]}}